{"id":6853,"date":"2026-01-15T15:29:17","date_gmt":"2026-01-15T12:29:17","guid":{"rendered":"https:\/\/wristbandfactory.eu\/?post_type=product&#038;p=6853"},"modified":"2026-04-01T21:52:34","modified_gmt":"2026-04-01T18:52:34","slug":"custom-printed-eco-friendly-yoga-mats-cork-microfiber-coconut","status":"publish","type":"product","link":"https:\/\/displayproducts.eu\/sv\/p\/custom-printed-eco-friendly-yoga-mats-cork-microfiber-coconut\/","title":{"rendered":"Yogamattor med tryck (kork och mikrofiber)"},"content":{"rendered":"<p data-path-to-node=\"6\">F\u00f6rvandla din studio eller ditt f\u00f6retags wellness-program med v\u00e5rt premiumutbud av <b data-path-to-node=\"6\" data-index-in-node=\"109\">Anpassade tryckta milj\u00f6v\u00e4nliga yogamattor<\/b>. Dessa mattor \u00e4r utformade f\u00f6r professionellt bruk och exklusiv merchandising och kombinerar h\u00e5llbarhet med \u00f6verl\u00e4gsen prestanda. Till skillnad fr\u00e5n vanliga PVC-mattor anv\u00e4nder v\u00e5r kollektion en bas av naturgummi f\u00f6r o\u00f6vertr\u00e4ffad stabilitet och erbjuder tre distinkta ytmaterial f\u00f6r att matcha dina specifika varum\u00e4rkes- och funktionsbehov.<\/p>\n<p data-path-to-node=\"7\">Oavsett om du beh\u00f6ver en svettabsorberande yta f\u00f6r hot yoga eller en greppv\u00e4nlig textur f\u00f6r precisionspositioner, erbjuder v\u00e5ra anpassningsbara mattor den perfekta duken f\u00f6r ditt varum\u00e4rke.<\/p>\n<h2 data-path-to-node=\"8\">Materialalternativ<\/h2>\n<ul data-path-to-node=\"9\">\n<li>\n<p data-path-to-node=\"9,0,0\"><b data-path-to-node=\"9,0,0\" data-index-in-node=\"0\">Alternativ A: Mockaliknande mikrofiber:<\/b> En mjuk, sammetslen yta som blir greppv\u00e4nligare n\u00e4r du svettas. Perfekt f\u00f6r hot yoga och detaljerade fotoutskrifter i fullf\u00e4rg.<\/p>\n<\/li>\n<li>\n<p data-path-to-node=\"9,1,0\"><b data-path-to-node=\"9,1,0\" data-index-in-node=\"0\">Alternativ B: 100% Naturkork:<\/b> Antimikrobiell och milj\u00f6v\u00e4nlig. Ger ett naturligt, ekologiskt utseende med utm\u00e4rkt torrt grepp.<\/p>\n<\/li>\n<li>\n<p data-path-to-node=\"9,2,0\"><b data-path-to-node=\"9,2,0\" data-index-in-node=\"0\">Alternativ C: Kokos PU-fiber:<\/b> Det ultimata prestandavalet. En blandning av PU och minst 10% kokosfiber ger \u00f6verl\u00e4gset grepp och en unik texturerad estetik.<\/p>\n<\/li>\n<\/ul>\n<h2 data-path-to-node=\"10\">Specifikationer<\/h2>\n<ul data-path-to-node=\"11\">\n<li>\n<p data-path-to-node=\"11,0,0\"><b data-path-to-node=\"11,0,0\" data-index-in-node=\"0\">Basmaterial:<\/b> Naturgummi (alla modeller)<\/p>\n<\/li>\n<li>\n<p data-path-to-node=\"11,1,0\"><b data-path-to-node=\"11,1,0\" data-index-in-node=\"0\">Utskrift:<\/b> Fullf\u00e4rgs-CMYK (Obs: \u00b115% f\u00e4rgavvikelser kan f\u00f6rekomma p\u00e5 grund av materialabsorption)<\/p>\n<\/li>\n<li>\n<p data-path-to-node=\"11,2,0\"><b data-path-to-node=\"11,2,0\" data-index-in-node=\"0\">Minsta best\u00e4llning:<\/b> 12 stycken (Best\u00e4ll multiplar av 6)<\/p>\n<\/li>\n<li>\n<p data-path-to-node=\"11,3,0\"><b data-path-to-node=\"11,3,0\" data-index-in-node=\"0\">Modell 1 (mikrofiber):<\/b> 183x68 cm | Tjocklek: 0,15 cm eller 0,4 cm | Vikt: ~1,5 kg \u2013 3,0 kg<\/p>\n<\/li>\n<li>\n<p data-path-to-node=\"11,4,0\"><b data-path-to-node=\"11,4,0\" data-index-in-node=\"0\">Modell 2 (Kork):<\/b> 183x61 cm | Tjocklek: 0,2 cm eller 0,4 cm | Vikt: ~1,4 kg \u2013 2,8 kg<\/p>\n<\/li>\n<li>\n<p data-path-to-node=\"11,5,0\"><b data-path-to-node=\"11,5,0\" data-index-in-node=\"0\">Modell 3 (kokosn\u00f6t PU):<\/b> 183x68 cm | Tjocklek: 0,2 cm eller 0,45 cm | Vikt: ~1,5 kg \u2013 3,0 kg | 100% Latex-\/PVC-fri<\/p>\n<\/li>\n<\/ul>\n<h2 data-path-to-node=\"12\">Anv\u00e4ndningsfall<\/h2>\n<ul data-path-to-node=\"13\">\n<li>\n<p data-path-to-node=\"13,0,0\"><b data-path-to-node=\"13,0,0\" data-index-in-node=\"0\">Yogastudior och gym:<\/b> M\u00e4rkesutrustning f\u00f6r klasser eller detaljhandelsf\u00f6rs\u00e4ljning till medlemmar.<\/p>\n<\/li>\n<li>\n<p data-path-to-node=\"13,1,0\"><b data-path-to-node=\"13,1,0\" data-index-in-node=\"0\">F\u00f6retagsv\u00e4lbefinnande:<\/b> Premiumg\u00e5vor f\u00f6r anst\u00e4llda som fr\u00e4mjar h\u00e4lsa och balans mellan arbete och privatliv.<\/p>\n<\/li>\n<li>\n<p data-path-to-node=\"13,2,0\"><b data-path-to-node=\"13,2,0\" data-index-in-node=\"0\">Retreater och spa:<\/b> Exklusiva varor f\u00f6r lyxiga wellness-retreats.<\/p>\n<\/li>\n<li>\n<p data-path-to-node=\"13,3,0\"><b data-path-to-node=\"13,3,0\" data-index-in-node=\"0\">Influencer-merchandise:<\/b> H\u00f6gkvalitativa specialanpassade produkter f\u00f6r fitnessinfluencers och coacher.<\/p>\n<\/li>\n<\/ul>","protected":false},"excerpt":{"rendered":"<ul>\n<li>\n<p data-path-to-node=\"5,0,0\"><b data-path-to-node=\"5,0,0\" data-index-in-node=\"0\">Premium milj\u00f6v\u00e4nliga material:<\/b> V\u00e4lj mellan mjuk mockamikrofiber, naturlig antimikrobiell kork eller greppv\u00e4nliga kokos-PU-blandningar \u2013 alla med en halkfri botten av naturgummi.<\/p>\n<\/li>\n<li>\n<p data-path-to-node=\"5,1,0\"><b data-path-to-node=\"5,1,0\" data-index-in-node=\"0\">Varum\u00e4rkesbyggande i fullf\u00e4rg:<\/b> CMYK-utskrift fr\u00e5n kant till kant m\u00f6jligg\u00f6r fotorealistiska designer, anpassade m\u00f6nster eller dj\u00e4rva f\u00f6retagslogotyper.<\/p>\n<\/li>\n<li>\n<p data-path-to-node=\"5,2,0\"><b data-path-to-node=\"5,2,0\" data-index-in-node=\"0\">Kommersiell h\u00e5llbarhet:<\/b> Robust konstruktion designad f\u00f6r gym, yogastudios och exklusiva f\u00f6retagspresenter inom wellness.<\/p>\n<\/li>\n<li>\n<p data-path-to-node=\"5,3,0\"><b data-path-to-node=\"5,3,0\" data-index-in-node=\"0\">Halkfri stabilitet:<\/b> Botten av naturgummi s\u00e4kerst\u00e4ller att mattan sitter stadigt p\u00e5 plats under intensiva tr\u00e4ningspass.<\/p>\n<\/li>\n<\/ul>","protected":false},"featured_media":6854,"comment_status":"closed","ping_status":"closed","template":"","meta":[],"product_brand":[],"product_cat":[118],"product_tag":[],"class_list":{"0":"post-6853","1":"product","2":"type-product","3":"status-publish","4":"has-post-thumbnail","6":"product_cat-sports-fitness","8":"first","9":"instock","10":"shipping-taxable","11":"purchasable","12":"product-type-simple"},"_links":{"self":[{"href":"https:\/\/displayproducts.eu\/sv\/wp-json\/wp\/v2\/product\/6853","targetHints":{"allow":["GET"]}}],"collection":[{"href":"https:\/\/displayproducts.eu\/sv\/wp-json\/wp\/v2\/product"}],"about":[{"href":"https:\/\/displayproducts.eu\/sv\/wp-json\/wp\/v2\/types\/product"}],"replies":[{"embeddable":true,"href":"https:\/\/displayproducts.eu\/sv\/wp-json\/wp\/v2\/comments?post=6853"}],"wp:featuredmedia":[{"embeddable":true,"href":"https:\/\/displayproducts.eu\/sv\/wp-json\/wp\/v2\/media\/6854"}],"wp:attachment":[{"href":"https:\/\/displayproducts.eu\/sv\/wp-json\/wp\/v2\/media?parent=6853"}],"wp:term":[{"taxonomy":"product_brand","embeddable":true,"href":"https:\/\/displayproducts.eu\/sv\/wp-json\/wp\/v2\/product_brand?post=6853"},{"taxonomy":"product_cat","embeddable":true,"href":"https:\/\/displayproducts.eu\/sv\/wp-json\/wp\/v2\/product_cat?post=6853"},{"taxonomy":"product_tag","embeddable":true,"href":"https:\/\/displayproducts.eu\/sv\/wp-json\/wp\/v2\/product_tag?post=6853"}],"curies":[{"name":"wp","href":"https:\/\/api.w.org\/{rel}","templated":true}]}}