{"id":6851,"date":"2026-01-15T15:18:22","date_gmt":"2026-01-15T12:18:22","guid":{"rendered":"https:\/\/wristbandfactory.eu\/?post_type=product&#038;p=6851"},"modified":"2026-04-01T21:52:03","modified_gmt":"2026-04-01T18:52:03","slug":"custom-printed-cotton-tea-towels-250gsm-45x70cm","status":"publish","type":"product","link":"https:\/\/displayproducts.eu\/sv\/p\/custom-printed-cotton-tea-towels-250gsm-45x70cm\/","title":{"rendered":"Bomullsk\u00f6kshanddukar med tryck (250gsm)"},"content":{"rendered":"<p data-path-to-node=\"8\">F\u00f6rh\u00f6j din varum\u00e4rkesn\u00e4rvaro i hj\u00e4rtat av hemmet eller hotellmilj\u00f6n med v\u00e5ra <b data-path-to-node=\"8\" data-index-in-node=\"110\">Anpassade tryckta bomullshanddukar<\/b>. Till skillnad fr\u00e5n vanliga reklamtextilier \u00e4r dessa handdukar tillverkade av h\u00f6gkvalitativ 250 g\/m\u00b2 bomull, vilket ger en rej\u00e4l och exklusiv k\u00e4nsla som speglar ditt f\u00f6retag v\u00e4l. Oavsett om de anv\u00e4nds i ett v\u00e4lbes\u00f6kt professionellt k\u00f6k eller som en snygg f\u00f6retagspresent, kombinerar de vardaglig nytta med effektiv varum\u00e4rkesexponering.<\/p>\n<p data-path-to-node=\"9\">Dessa k\u00f6kshanddukar \u00e4r utformade f\u00f6r B2B-kunder som letar efter varor som anv\u00e4nds, inte sl\u00e4ngs. Den skarpa screentryckprocessen m\u00f6jligg\u00f6r tydliga logotyper eller konstn\u00e4rliga m\u00f6nster, vilket g\u00f6r dem utm\u00e4rkta f\u00f6r museibutiker, butiker och evenemangspresenter.<\/p>\n<h2 data-path-to-node=\"10\">Viktiga funktioner<\/h2>\n<ul data-path-to-node=\"11\">\n<li>\n<p data-path-to-node=\"11,0,0\"><b data-path-to-node=\"11,0,0\" data-index-in-node=\"0\">H\u00f6gdensitetstyg:<\/b> Med sina 250 g\/m\u00b2 \u00e4r denna bomull tjockare och mer h\u00e5llbar \u00e4n vanliga reklamdukar, vilket garanterar l\u00e5ng h\u00e5llbarhet.<\/p>\n<\/li>\n<li>\n<p data-path-to-node=\"11,1,0\"><b data-path-to-node=\"11,1,0\" data-index-in-node=\"0\">Skarp screentryck:<\/b> Vi kan trycka din specifika design med upp till 3 Pantone-matchade f\u00e4rger, vilket s\u00e4kerst\u00e4ller att din varum\u00e4rkesidentitet bevaras.<\/p>\n<\/li>\n<li>\n<p data-path-to-node=\"11,2,0\"><b data-path-to-node=\"11,2,0\" data-index-in-node=\"0\">Funktionell storlek:<\/b> Storleken 45x70 cm \u00e4r branschstandarden f\u00f6r k\u00f6ksredskap och erbjuder gott om yta f\u00f6r torkning och visning.<\/p>\n<\/li>\n<li>\n<p data-path-to-node=\"11,3,0\"><b data-path-to-node=\"11,3,0\" data-index-in-node=\"0\">Maskintv\u00e4ttbar:<\/b> Utformad f\u00f6r att t\u00e5la regelbunden tv\u00e4tt samtidigt som tygets integritet bibeh\u00e5lls (rekommenderas tv\u00e4tt vid l\u00e5ga temperaturer f\u00f6r att bevara tryckets livsl\u00e4ngd).<\/p>\n<\/li>\n<\/ul>\n<h2 data-path-to-node=\"12\">Specifikationer<\/h2>\n<ul data-path-to-node=\"13\">\n<li>\n<p data-path-to-node=\"13,0,0\"><b data-path-to-node=\"13,0,0\" data-index-in-node=\"0\">Material:<\/b> 100% Bomull<\/p>\n<\/li>\n<li>\n<p data-path-to-node=\"13,1,0\"><b data-path-to-node=\"13,1,0\" data-index-in-node=\"0\">Vikt:<\/b> 250 gsm (gram per kvadratmeter)<\/p>\n<\/li>\n<li>\n<p data-path-to-node=\"13,2,0\"><b data-path-to-node=\"13,2,0\" data-index-in-node=\"0\">M\u00e5tt:<\/b> 45 cm x 70 cm<\/p>\n<\/li>\n<li>\n<p data-path-to-node=\"13,3,0\"><b data-path-to-node=\"13,3,0\" data-index-in-node=\"0\">Utskriftsmetod:<\/b> Screentryck (upp till 3 f\u00e4rger)<\/p>\n<\/li>\n<li>\n<p data-path-to-node=\"13,4,0\"><b data-path-to-node=\"13,4,0\" data-index-in-node=\"0\">H\u00e4ng\u00f6gla:<\/b> Integrerad f\u00f6r bekv\u00e4mlighet<\/p>\n<\/li>\n<li>\n<p data-path-to-node=\"13,5,0\"><b data-path-to-node=\"13,5,0\" data-index-in-node=\"0\">Produktionsvarians:<\/b> Observera att vi f\u00f6rbeh\u00e5ller oss r\u00e4tten att leverera och fakturera +\/- 5% av den best\u00e4llda kvantiteten p\u00e5 grund av produktionsbatchning.<\/p>\n<\/li>\n<\/ul>\n<h2 data-path-to-node=\"14\">Anv\u00e4ndningsfall<\/h2>\n<ul data-path-to-node=\"15\">\n<li>\n<p data-path-to-node=\"15,0,0\"><b data-path-to-node=\"15,0,0\" data-index-in-node=\"0\">Varum\u00e4rkesbyggande inom hotell- och restaurangbranschen:<\/b> Uniformtillbeh\u00f6r f\u00f6r servit\u00f6rer, barpersonal och kockar p\u00e5 hotell och restauranger.<\/p>\n<\/li>\n<li>\n<p data-path-to-node=\"15,1,0\"><b data-path-to-node=\"15,1,0\" data-index-in-node=\"0\">F\u00f6retagsg\u00e5vor:<\/b> Ett praktiskt och milj\u00f6v\u00e4nligt tillskott till julklappskorgar eller PR-paket med heminredning.<\/p>\n<\/li>\n<li>\n<p data-path-to-node=\"15,2,0\"><b data-path-to-node=\"15,2,0\" data-index-in-node=\"0\">Detaljhandelsvaror:<\/b> H\u00f6gmarginaliga \u00e5terf\u00f6rs\u00e4ljningsartiklar f\u00f6r konstn\u00e4rer, souvenirbutiker och livsstilsvarum\u00e4rken.<\/p>\n<\/li>\n<li>\n<p data-path-to-node=\"15,3,0\"><b data-path-to-node=\"15,3,0\" data-index-in-node=\"0\">Evenemangst\u00e4vlingar:<\/b> Minnesv\u00e4rda utdelningsmaterial fr\u00e5n m\u00e4ssor f\u00f6r evenemang inom livsmedels- och dryckesbranschen.<\/p>\n<\/li>\n<\/ul>","protected":false},"excerpt":{"rendered":"<ul>\n<li>\n<p data-path-to-node=\"7,0,0\"><b data-path-to-node=\"7,0,0\" data-index-in-node=\"0\">Premium kraftig bomull:<\/b> Tillverkad av slitstarkt 250gsm bomullstyg f\u00f6r utm\u00e4rkt absorptionsf\u00f6rm\u00e5ga och en h\u00f6gkvalitativ k\u00e4nsla.<\/p>\n<\/li>\n<li>\n<p data-path-to-node=\"7,1,0\"><b data-path-to-node=\"7,1,0\" data-index-in-node=\"0\">Stort varum\u00e4rkesomr\u00e5de:<\/b> Gener\u00f6sa m\u00e5tt p\u00e5 45x70 cm ger maximal synlighet f\u00f6r din logotyp eller ditt specialdesignade konstverk.<\/p>\n<\/li>\n<li>\n<p data-path-to-node=\"7,2,0\"><b data-path-to-node=\"7,2,0\" data-index-in-node=\"0\">M\u00e5ngsidig anpassning:<\/b> St\u00f6der screentryck i upp till 3 distinkta f\u00e4rger (inklusive vit) f\u00f6r skarpa och h\u00e5llbara m\u00f6nster.<\/p>\n<\/li>\n<li>\n<p data-path-to-node=\"7,3,0\"><b data-path-to-node=\"7,3,0\" data-index-in-node=\"0\">Idealisk f\u00f6r hotell och restaurangbranschen:<\/b> Perfekt f\u00f6r restauranger, f\u00f6retagspresenter, varukollektioner och heminredningskampanjer.<\/p>\n<\/li>\n<\/ul>","protected":false},"featured_media":6852,"comment_status":"closed","ping_status":"closed","template":"","meta":[],"product_brand":[],"product_cat":[122],"product_tag":[],"class_list":{"0":"post-6851","1":"product","2":"type-product","3":"status-publish","4":"has-post-thumbnail","6":"product_cat-promotional-accessories","8":"first","9":"instock","10":"shipping-taxable","11":"purchasable","12":"product-type-simple"},"_links":{"self":[{"href":"https:\/\/displayproducts.eu\/sv\/wp-json\/wp\/v2\/product\/6851","targetHints":{"allow":["GET"]}}],"collection":[{"href":"https:\/\/displayproducts.eu\/sv\/wp-json\/wp\/v2\/product"}],"about":[{"href":"https:\/\/displayproducts.eu\/sv\/wp-json\/wp\/v2\/types\/product"}],"replies":[{"embeddable":true,"href":"https:\/\/displayproducts.eu\/sv\/wp-json\/wp\/v2\/comments?post=6851"}],"wp:featuredmedia":[{"embeddable":true,"href":"https:\/\/displayproducts.eu\/sv\/wp-json\/wp\/v2\/media\/6852"}],"wp:attachment":[{"href":"https:\/\/displayproducts.eu\/sv\/wp-json\/wp\/v2\/media?parent=6851"}],"wp:term":[{"taxonomy":"product_brand","embeddable":true,"href":"https:\/\/displayproducts.eu\/sv\/wp-json\/wp\/v2\/product_brand?post=6851"},{"taxonomy":"product_cat","embeddable":true,"href":"https:\/\/displayproducts.eu\/sv\/wp-json\/wp\/v2\/product_cat?post=6851"},{"taxonomy":"product_tag","embeddable":true,"href":"https:\/\/displayproducts.eu\/sv\/wp-json\/wp\/v2\/product_tag?post=6851"}],"curies":[{"name":"wp","href":"https:\/\/api.w.org\/{rel}","templated":true}]}}