{"id":6846,"date":"2026-01-15T13:19:07","date_gmt":"2026-01-15T10:19:07","guid":{"rendered":"https:\/\/wristbandfactory.eu\/?post_type=product&#038;p=6846"},"modified":"2026-04-01T21:52:34","modified_gmt":"2026-04-01T18:52:34","slug":"custom-printed-polyester-ski-bibs-race-vests","status":"publish","type":"product","link":"https:\/\/displayproducts.eu\/sv\/p\/custom-printed-polyester-ski-bibs-race-vests\/","title":{"rendered":"Nummerlappar och t\u00e4vlingsv\u00e4star med tryck"},"content":{"rendered":"<p data-path-to-node=\"9\">F\u00f6rh\u00f6j det professionella utseendet p\u00e5 ditt vintersportevenemang, maratonlopp eller skidskola med v\u00e5ra specialtryckta polyesterskidbyxor. Dessa t\u00e4vlingsv\u00e4star \u00e4r speciellt utformade f\u00f6r aktiv anv\u00e4ndning och fungerar som den prim\u00e4ra identifieringen f\u00f6r t\u00e4vlande samtidigt som de erbjuder utm\u00e4rkt synlighet f\u00f6r sponsorer.<\/p>\n<p data-path-to-node=\"10\">Till skillnad fr\u00e5n vanliga klisterm\u00e4rken eller pappersnummer som kan g\u00e5 s\u00f6nder eller lossna i v\u00e5tt v\u00e4der, \u00e4r v\u00e5ra polyesterhaklappar byggda f\u00f6r att motst\u00e5 sn\u00f6, vind och r\u00f6relser. Storleken 33x50 cm \u00e4r universellt utformad f\u00f6r att passa vuxna och juniorer, och glider enkelt \u00f6ver skrymmande vinterkl\u00e4der eller l\u00e4tta sportkl\u00e4der.<\/p>\n<p data-path-to-node=\"11\"><b data-path-to-node=\"11\" data-index-in-node=\"0\">Viktiga funktioner<\/b><\/p>\n<ul data-path-to-node=\"12\">\n<li>\n<p data-path-to-node=\"12,0,0\"><b data-path-to-node=\"12,0,0\" data-index-in-node=\"0\">Sekventiell numrering:<\/b> F\u00f6rotryckta t\u00e4vlingsorganisationen. Vi erbjuder variabel datautskrift (VDP), vilket g\u00f6r att varje nummerlapp kan ha ett unikt startnummer, deltagarnamn eller QR-kod integrerat direkt i designen.<\/p>\n<\/li>\n<li>\n<p data-path-to-node=\"12,1,0\"><b data-path-to-node=\"12,1,0\" data-index-in-node=\"0\">Varum\u00e4rkesbyggande med h\u00f6g synlighet:<\/b> Med hj\u00e4lp av avancerad f\u00e4rgsublimeringstryck blir dina logotyper och sponsorgrafik en del av tyget. Detta s\u00e4kerst\u00e4ller att f\u00e4rgerna f\u00f6rblir livfulla och inte spricker eller flagnar, inte ens i minusgrader.<\/p>\n<\/li>\n<li>\n<p data-path-to-node=\"12,2,0\"><b data-path-to-node=\"12,2,0\" data-index-in-node=\"0\">Komfort och r\u00f6rlighet:<\/b> Den \u00f6ppna designen med elastiska anslutningsband s\u00e4kerst\u00e4ller obegr\u00e4nsad r\u00f6relsefrihet f\u00f6r skid\u00e5kare och l\u00f6pare samtidigt som den h\u00e5ller byxorna s\u00e4kert p\u00e5 plats.<\/p>\n<\/li>\n<li>\n<p data-path-to-node=\"12,3,0\"><b data-path-to-node=\"12,3,0\" data-index-in-node=\"0\">\u00c5teranv\u00e4ndbar och tv\u00e4ttbar:<\/b> Dessa v\u00e4star \u00e4r tillverkade av 100% polyester och kan samlas in, tv\u00e4ttas och \u00e5teranv\u00e4ndas f\u00f6r flerdagarsevenemang eller \u00e5terkommande s\u00e4songer, vilket ger utm\u00e4rkt avkastning p\u00e5 investeringen.<\/p>\n<\/li>\n<\/ul>\n<p data-path-to-node=\"13\"><b data-path-to-node=\"13\" data-index-in-node=\"0\">Specifikationer<\/b><\/p>\n<ul data-path-to-node=\"14\">\n<li>\n<p data-path-to-node=\"14,0,0\"><b data-path-to-node=\"14,0,0\" data-index-in-node=\"0\">Material:<\/b> 100% Slitstark polyester<\/p>\n<\/li>\n<li>\n<p data-path-to-node=\"14,1,0\"><b data-path-to-node=\"14,1,0\" data-index-in-node=\"0\">M\u00e5tt:<\/b> 33 cm (bredd) x 50 cm (h\u00f6jd)<\/p>\n<\/li>\n<li>\n<p data-path-to-node=\"14,2,0\"><b data-path-to-node=\"14,2,0\" data-index-in-node=\"0\">Fasts\u00e4ttning:<\/b> Elastiska sidoremmar f\u00f6r flexibel passform<\/p>\n<\/li>\n<li>\n<p data-path-to-node=\"14,3,0\"><b data-path-to-node=\"14,3,0\" data-index-in-node=\"0\">Utskriftsmetod:<\/b> Fullf\u00e4rgssublimering eller v\u00e4rme\u00f6verf\u00f6ring<\/p>\n<\/li>\n<li>\n<p data-path-to-node=\"14,4,0\"><b data-path-to-node=\"14,4,0\" data-index-in-node=\"0\">Anpassning:<\/b> Logotyper, bakgrunder, individuella nummer (001-999+)<\/p>\n<\/li>\n<\/ul>\n<p data-path-to-node=\"15\"><b data-path-to-node=\"15\" data-index-in-node=\"0\">Anv\u00e4ndningsfall<\/b><\/p>\n<ul data-path-to-node=\"16\">\n<li>\n<p data-path-to-node=\"16,0,0\"><b data-path-to-node=\"16,0,0\" data-index-in-node=\"0\">Skid- och snowboardskolor:<\/b> Identifiera instrukt\u00f6rer och elever tydligt i backarna.<\/p>\n<\/li>\n<li>\n<p data-path-to-node=\"16,1,0\"><b data-path-to-node=\"16,1,0\" data-index-in-node=\"0\">T\u00e4vlingst\u00e4vlingar:<\/b> Viktigt f\u00f6r skidskytte, maraton och triathlon som kr\u00e4ver tydlig numrering av deltagaren.<\/p>\n<\/li>\n<li>\n<p data-path-to-node=\"16,2,0\"><b data-path-to-node=\"16,2,0\" data-index-in-node=\"0\">F\u00f6retagsevenemang:<\/b> Teambuilding\u00f6vningar och f\u00f6retagsidrottsdagar.<\/p>\n<\/li>\n<li>\n<p data-path-to-node=\"16,3,0\"><b data-path-to-node=\"16,3,0\" data-index-in-node=\"0\">Evenemangspersonal:<\/b> Identifiering med h\u00f6g synlig effekt f\u00f6r banansvariga, s\u00e4kerhetspersonal och medicinska team.<\/p>\n<\/li>\n<\/ul>\n<p data-path-to-node=\"17\">","protected":false},"excerpt":{"rendered":"<ul data-path-to-node=\"8\">\n<li>\n<p data-path-to-node=\"8,0,0\"><b data-path-to-node=\"8,0,0\" data-index-in-node=\"0\">Universell passform:<\/b> M\u00e5tt 33x50 cm med elastiska sidoremmar, utformade f\u00f6r att passa bekv\u00e4mt \u00f6ver skidjackor eller sportkl\u00e4der.<\/p>\n<\/li>\n<li>\n<p data-path-to-node=\"8,1,0\"><b data-path-to-node=\"8,1,0\" data-index-in-node=\"0\">Variabel datautskrift:<\/b> Vi kan trycka unika l\u00f6pnummer eller namn p\u00e5 varje nummerlapp tillsammans med ert evenemangslogotyp.<\/p>\n<\/li>\n<li>\n<p data-path-to-node=\"8,2,0\"><b data-path-to-node=\"8,2,0\" data-index-in-node=\"0\">Slitstark polyester:<\/b> L\u00e4tt, v\u00e4derbest\u00e4ndigt tyg perfekt f\u00f6r vintersport och utomhust\u00e4vlingar.<\/p>\n<\/li>\n<li>\n<p data-path-to-node=\"8,3,0\"><b data-path-to-node=\"8,3,0\" data-index-in-node=\"0\">Fullst\u00e4ndig anpassning:<\/b> Kant-till-kant sublimeringsutskrift f\u00f6r livfulla och h\u00e5llbara f\u00f6retagslogotyper.<\/p>\n<\/li>\n<\/ul>","protected":false},"featured_media":6847,"comment_status":"closed","ping_status":"closed","template":"","meta":[],"product_brand":[],"product_cat":[68,118],"product_tag":[],"class_list":{"0":"post-6846","1":"product","2":"type-product","3":"status-publish","4":"has-post-thumbnail","6":"product_cat-event-supplies","7":"product_cat-sports-fitness","9":"first","10":"instock","11":"shipping-taxable","12":"purchasable","13":"product-type-simple"},"_links":{"self":[{"href":"https:\/\/displayproducts.eu\/sv\/wp-json\/wp\/v2\/product\/6846","targetHints":{"allow":["GET"]}}],"collection":[{"href":"https:\/\/displayproducts.eu\/sv\/wp-json\/wp\/v2\/product"}],"about":[{"href":"https:\/\/displayproducts.eu\/sv\/wp-json\/wp\/v2\/types\/product"}],"replies":[{"embeddable":true,"href":"https:\/\/displayproducts.eu\/sv\/wp-json\/wp\/v2\/comments?post=6846"}],"wp:featuredmedia":[{"embeddable":true,"href":"https:\/\/displayproducts.eu\/sv\/wp-json\/wp\/v2\/media\/6847"}],"wp:attachment":[{"href":"https:\/\/displayproducts.eu\/sv\/wp-json\/wp\/v2\/media?parent=6846"}],"wp:term":[{"taxonomy":"product_brand","embeddable":true,"href":"https:\/\/displayproducts.eu\/sv\/wp-json\/wp\/v2\/product_brand?post=6846"},{"taxonomy":"product_cat","embeddable":true,"href":"https:\/\/displayproducts.eu\/sv\/wp-json\/wp\/v2\/product_cat?post=6846"},{"taxonomy":"product_tag","embeddable":true,"href":"https:\/\/displayproducts.eu\/sv\/wp-json\/wp\/v2\/product_tag?post=6846"}],"curies":[{"name":"wp","href":"https:\/\/api.w.org\/{rel}","templated":true}]}}