{"id":6842,"date":"2026-01-13T11:51:23","date_gmt":"2026-01-13T08:51:23","guid":{"rendered":"https:\/\/wristbandfactory.eu\/?post_type=product&#038;p=6842"},"modified":"2026-04-01T21:52:03","modified_gmt":"2026-04-01T18:52:03","slug":"numbered-fabric-wristbands","status":"publish","type":"product","link":"https:\/\/displayproducts.eu\/sv\/p\/numbered-fabric-wristbands\/","title":{"rendered":"Numrerade tygarmband"},"content":{"rendered":"<p data-path-to-node=\"10\">Ta kontroll \u00f6ver ditt evenemangs s\u00e4kerhet och logistik med v\u00e5ra specialdesignade tygarmband med sekventiell numrering. Medan vanliga armband med m\u00e4rkeslogotyp erbjuder visuell identifiering, ger numrerade armband en viktig funktion f\u00f6r professionella evenemangsarrang\u00f6rer. Oavsett om du arrangerar en festival, en f\u00f6retagskonferens eller en plats med begr\u00e4nsad \u00e5tkomst, kommer en unik identifierare p\u00e5 varje handled att effektivisera din verksamhet.<\/p>\n<p data-path-to-node=\"11\">Dessa armband \u00e4r viktiga f\u00f6r evenemang som kr\u00e4ver strikta kapacitetsbegr\u00e4nsningar eller unik sp\u00e5rning av g\u00e4stdata. Numreringen kan tryckas direkt p\u00e5 tyget eller laseretsas p\u00e5 skjutl\u00e5set, vilket s\u00e4kerst\u00e4ller att det f\u00f6rblir l\u00e4sbart under hela evenemanget. Denna funktion f\u00f6rvandlar effektivt ett standardtillbeh\u00f6r till ett funktionellt verktyg f\u00f6r publikhantering och dataavst\u00e4mning.<\/p>\n<h2 data-path-to-node=\"12\">Viktiga funktioner<\/h2>\n<ul data-path-to-node=\"13\">\n<li>\n<p data-path-to-node=\"13,0,0\"><b data-path-to-node=\"13,0,0\" data-index-in-node=\"0\">Alternativ f\u00f6r sekventiell numrering:<\/b> V\u00e4lj mellan tryckta siffror p\u00e5 bandytan eller lasergravering p\u00e5 plast-\/metallf\u00f6rslutningen.<\/p>\n<\/li>\n<li>\n<p data-path-to-node=\"13,1,0\"><b data-path-to-node=\"13,1,0\" data-index-in-node=\"0\">H\u00f6guppl\u00f6st varum\u00e4rkesbyggande:<\/b> Finns i b\u00e5de f\u00e4rgsublimering (fotorealistisk finish) och v\u00e4vd (klassisk festivallook).<\/p>\n<\/li>\n<li>\n<p data-path-to-node=\"13,2,0\"><b data-path-to-node=\"13,2,0\" data-index-in-node=\"0\">H\u00e5llbara material:<\/b> Tillverkad av h\u00f6gkvalitativ polyester som \u00e4r bekv\u00e4m f\u00f6r anv\u00e4ndning i flera dagar och motst\u00e5ndskraftig mot vatten och rivskador.<\/p>\n<\/li>\n<li>\n<p data-path-to-node=\"13,3,0\"><b data-path-to-node=\"13,3,0\" data-index-in-node=\"0\">Anpassad serie:<\/b> Vi kan hantera specifika nummerintervall (t.ex. 0001\u20131000) eller alfanumeriska koder som matchar ert \u00e4rendesystem.<\/p>\n<\/li>\n<\/ul>\n<h2 data-path-to-node=\"14\">Specifikationer<\/h2>\n<ul data-path-to-node=\"15\">\n<li>\n<p data-path-to-node=\"15,0,0\"><b data-path-to-node=\"15,0,0\" data-index-in-node=\"0\">Material:<\/b> 100% Polyester (satin- eller v\u00e4vd finish).<\/p>\n<\/li>\n<li>\n<p data-path-to-node=\"15,1,0\"><b data-path-to-node=\"15,1,0\" data-index-in-node=\"0\">Standardstorlek:<\/b> 15 mm x 350 mm eller 20 mm x 350 mm (en storlek passar alla).<\/p>\n<\/li>\n<li>\n<p data-path-to-node=\"15,2,0\"><b data-path-to-node=\"15,2,0\" data-index-in-node=\"0\">Numreringsteknik:<\/b> Bl\u00e4ckinjektion eller laseretsning.<\/p>\n<\/li>\n<li>\n<p data-path-to-node=\"15,3,0\"><b data-path-to-node=\"15,3,0\" data-index-in-node=\"0\">L\u00e5salternativ:<\/b> Env\u00e4gsl\u00e5s i plast (s\u00e4kert) eller \u00e5teranv\u00e4ndbar p\u00e4rla (kampanj).<\/p>\n<\/li>\n<li>\n<p data-path-to-node=\"15,4,0\"><b data-path-to-node=\"15,4,0\" data-index-in-node=\"0\">Minsta best\u00e4llning:<\/b> 100 enheter.<\/p>\n<\/li>\n<\/ul>\n<h2 data-path-to-node=\"16\">Anv\u00e4ndningsfall<\/h2>\n<ul data-path-to-node=\"17\">\n<li>\n<p data-path-to-node=\"17,0,0\"><b data-path-to-node=\"17,0,0\" data-index-in-node=\"0\">Festivaler och konserter:<\/b> Sp\u00e5ra dagliga bes\u00f6kssiffror och matcha armband med s\u00e5lda biljettnummer.<\/p>\n<\/li>\n<li>\n<p data-path-to-node=\"17,1,0\"><b data-path-to-node=\"17,1,0\" data-index-in-node=\"0\">Garderob och bagage:<\/b> Anv\u00e4nd armbandsnumret som en s\u00e4ker anm\u00e4lningsetikett f\u00f6r incheckade varor.<\/p>\n<\/li>\n<li>\n<p data-path-to-node=\"17,2,0\"><b data-path-to-node=\"17,2,0\" data-index-in-node=\"0\">Lotterier och t\u00e4vlingar:<\/b> Anv\u00e4nd det unika ID:t f\u00f6r slumpm\u00e4ssiga prisdragningar direkt fr\u00e5n scenen.<\/p>\n<\/li>\n<li>\n<p data-path-to-node=\"17,3,0\"><b data-path-to-node=\"17,3,0\" data-index-in-node=\"0\">VIP-\u00e5tkomstkontroll:<\/b> Verifiera specifika g\u00e4ster mot en huvudg\u00e4stlista med hj\u00e4lp av deras unika nummer.<\/p>\n<\/li>\n<\/ul>","protected":false},"excerpt":{"rendered":"<ul>\n<li>\n<p data-path-to-node=\"8,0,0\"><b data-path-to-node=\"8,0,0\" data-index-in-node=\"0\">F\u00f6rb\u00e4ttrad s\u00e4kerhet och sp\u00e5rning:<\/b> Unik sekventiell numrering m\u00f6jligg\u00f6r exakt \u00f6vervakning av personalantal och enkel identifiering av g\u00e4ster.<\/p>\n<\/li>\n<li>\n<p data-path-to-node=\"8,1,0\"><b data-path-to-node=\"8,1,0\" data-index-in-node=\"0\">Biljettmatchning:<\/b> Perfekt f\u00f6r att koppla specifika armband till biljettnummer, kl\u00e4der i garderoben eller VIP-lotteribiljetter.<\/p>\n<\/li>\n<li>\n<p data-path-to-node=\"8,2,0\"><b data-path-to-node=\"8,2,0\" data-index-in-node=\"0\">Premiumanpassning:<\/b> Sublimeringstryck i fullf\u00e4rg eller v\u00e4vda m\u00f6nster kombinerat med tydligt synlig, h\u00e5llbar numrering.<\/p>\n<\/li>\n<li>\n<p data-path-to-node=\"8,3,0\"><b data-path-to-node=\"8,3,0\" data-index-in-node=\"0\">S\u00e4kerhetsl\u00e5sning:<\/b> Utrustad med s\u00e4kra skjutl\u00e5s f\u00f6r att f\u00f6rhindra obeh\u00f6rig \u00f6verf\u00f6ring eller \u00e5teranv\u00e4ndning under flerdagarsevenemang.<\/p>\n<\/li>\n<\/ul>","protected":false},"featured_media":6844,"comment_status":"closed","ping_status":"closed","template":"","meta":[],"product_brand":[],"product_cat":[47],"product_tag":[],"class_list":{"0":"post-6842","1":"product","2":"type-product","3":"status-publish","4":"has-post-thumbnail","6":"product_cat-fabric-wristbands","8":"first","9":"instock","10":"shipping-taxable","11":"purchasable","12":"product-type-simple"},"_links":{"self":[{"href":"https:\/\/displayproducts.eu\/sv\/wp-json\/wp\/v2\/product\/6842","targetHints":{"allow":["GET"]}}],"collection":[{"href":"https:\/\/displayproducts.eu\/sv\/wp-json\/wp\/v2\/product"}],"about":[{"href":"https:\/\/displayproducts.eu\/sv\/wp-json\/wp\/v2\/types\/product"}],"replies":[{"embeddable":true,"href":"https:\/\/displayproducts.eu\/sv\/wp-json\/wp\/v2\/comments?post=6842"}],"wp:featuredmedia":[{"embeddable":true,"href":"https:\/\/displayproducts.eu\/sv\/wp-json\/wp\/v2\/media\/6844"}],"wp:attachment":[{"href":"https:\/\/displayproducts.eu\/sv\/wp-json\/wp\/v2\/media?parent=6842"}],"wp:term":[{"taxonomy":"product_brand","embeddable":true,"href":"https:\/\/displayproducts.eu\/sv\/wp-json\/wp\/v2\/product_brand?post=6842"},{"taxonomy":"product_cat","embeddable":true,"href":"https:\/\/displayproducts.eu\/sv\/wp-json\/wp\/v2\/product_cat?post=6842"},{"taxonomy":"product_tag","embeddable":true,"href":"https:\/\/displayproducts.eu\/sv\/wp-json\/wp\/v2\/product_tag?post=6842"}],"curies":[{"name":"wp","href":"https:\/\/api.w.org\/{rel}","templated":true}]}}