{"id":6841,"date":"2026-01-13T11:36:59","date_gmt":"2026-01-13T08:36:59","guid":{"rendered":"https:\/\/wristbandfactory.eu\/?post_type=product&#038;p=6841"},"modified":"2026-04-01T21:52:34","modified_gmt":"2026-04-01T18:52:34","slug":"custom-hard-pvc-tags-for-wristbands-qr-barcode-rfid-ready","status":"publish","type":"product","link":"https:\/\/displayproducts.eu\/sv\/p\/custom-hard-pvc-tags-for-wristbands-qr-barcode-rfid-ready\/","title":{"rendered":"H\u00e5rda PVC-brickor f\u00f6r tygarmband"},"content":{"rendered":"<p data-path-to-node=\"10\">F\u00f6rvandla vanliga evenemangsarmband till intelligenta verktyg f\u00f6r \u00e5tkomstkontroll med v\u00e5ra specialanpassade h\u00e5rda PVC-taggar. Dessa styva skjutreglage \u00e4r utformade f\u00f6r att tr\u00e4s direkt p\u00e5 tygarmband, vilket ger en plan, h\u00e5llbar yta som \u00e4r speciellt optimerad f\u00f6r skannbar data. Till skillnad fr\u00e5n mjuka tygytor d\u00e4r QR-koder kan f\u00f6rvr\u00e4ngas, s\u00e4kerst\u00e4ller h\u00e5rda PVC-taggar skanningsbarhet f\u00f6r kontantl\u00f6sa betalningar, biljettf\u00f6rs\u00e4ljning och integration med sociala medier.<\/p>\n<h3 data-path-to-node=\"11\">Viktiga funktioner<\/h3>\n<ul data-path-to-node=\"12\">\n<li>\n<p data-path-to-node=\"12,0,0\"><b data-path-to-node=\"12,0,0\" data-index-in-node=\"0\">Variabel datautskrift:<\/b> Vi kan skriva ut unika QR-koder, streckkoder eller sekventiella serienummer p\u00e5 varje enskild tagg, vilket m\u00f6jligg\u00f6r individuell g\u00e4stsp\u00e5rning och s\u00e4ker \u00e5tkomstkontroll.<\/p>\n<\/li>\n<li>\n<p data-path-to-node=\"12,1,0\"><b data-path-to-node=\"12,1,0\" data-index-in-node=\"0\">Premiumkonstruktion:<\/b> Tillverkade av h\u00f6gkvalitativ h\u00e5rd PVC, motst\u00e5r dessa etiketter b\u00f6jning, vatten och UV-exponering, vilket g\u00f6r dem \u00f6verl\u00e4gsna laminerade pappersalternativ.<\/p>\n<\/li>\n<li>\n<p data-path-to-node=\"12,2,0\"><b data-path-to-node=\"12,2,0\" data-index-in-node=\"0\">Livfull varum\u00e4rkesbyggande:<\/b> Den sl\u00e4ta vita ytan fungerar som en perfekt duk f\u00f6r skarpa logotyper i fullf\u00e4rg och sponsorvarum\u00e4rken som sticker ut mot tygremmen.<\/p>\n<\/li>\n<li>\n<p data-path-to-node=\"12,3,0\"><b data-path-to-node=\"12,3,0\" data-index-in-node=\"0\">RFID\/NFC-kapacitet:<\/b> Finns med inbyggda RFID- eller NFC-chip p\u00e5 beg\u00e4ran f\u00f6r kontaktl\u00f6sa entr\u00e9er och kontantl\u00f6sa betalningssystem.<\/p>\n<\/li>\n<\/ul>\n<h3 data-path-to-node=\"13\">Specifikationer<\/h3>\n<ul data-path-to-node=\"14\">\n<li>\n<p data-path-to-node=\"14,0,0\"><b data-path-to-node=\"14,0,0\" data-index-in-node=\"0\">Material:<\/b> Stel h\u00e5rd PVC (polyvinylklorid)<\/p>\n<\/li>\n<li>\n<p data-path-to-node=\"14,1,0\"><b data-path-to-node=\"14,1,0\" data-index-in-node=\"0\">M\u00e5tt:<\/b> Standardstorlekar tillg\u00e4ngliga (t.ex. 26x33 mm, 30x40 mm) eller anpassade former.<\/p>\n<\/li>\n<li>\n<p data-path-to-node=\"14,2,0\"><b data-path-to-node=\"14,2,0\" data-index-in-node=\"0\">Kompatibilitet:<\/b> Sp\u00e5r avsedda f\u00f6r v\u00e4vda eller satinarmband med en bredd p\u00e5 15 mm eller 20 mm.<\/p>\n<\/li>\n<li>\n<p data-path-to-node=\"14,3,0\"><b data-path-to-node=\"14,3,0\" data-index-in-node=\"0\">Utskriftsmetod:<\/b> UV-digitaltryck eller offsettryck f\u00f6r fotografisk kvalitet.<\/p>\n<\/li>\n<li>\n<p data-path-to-node=\"14,4,0\"><b data-path-to-node=\"14,4,0\" data-index-in-node=\"0\">Avsluta:<\/b> Glansig eller matt laminering finns tillg\u00e4nglig.<\/p>\n<\/li>\n<\/ul>\n<h3 data-path-to-node=\"15\">B2B-anv\u00e4ndningsfall<\/h3>\n<ul data-path-to-node=\"16\">\n<li>\n<p data-path-to-node=\"16,0,0\"><b data-path-to-node=\"16,0,0\" data-index-in-node=\"0\">Musikfestivaler:<\/b> Anv\u00e4nd QR-koder f\u00f6r kontantl\u00f6sa p\u00e5fyllningar och skanning av inmatningsrutor.<\/p>\n<\/li>\n<li>\n<p data-path-to-node=\"16,1,0\"><b data-path-to-node=\"16,1,0\" data-index-in-node=\"0\">VIP-\u00e5tkomst:<\/b> Distinkta etiketter f\u00f6r att identifiera speciella g\u00e4ster eller personal bakom scenen.<\/p>\n<\/li>\n<li>\n<p data-path-to-node=\"16,2,0\"><b data-path-to-node=\"16,2,0\" data-index-in-node=\"0\">Garderobshantering:<\/b> Numrerade etiketter f\u00e4sta p\u00e5 armbanden f\u00f6r s\u00e4ker h\u00e4mtning av f\u00f6rem\u00e5l.<\/p>\n<\/li>\n<li>\n<p data-path-to-node=\"16,3,0\"><b data-path-to-node=\"16,3,0\" data-index-in-node=\"0\">Hotell och resorter:<\/b> H\u00e5llbara rumsnycklar eller handduksbytespoletter f\u00e4sta p\u00e5 g\u00e4stens handleder.<\/p>\n<\/li>\n<\/ul>","protected":false},"excerpt":{"rendered":"<ul>\n<li>\n<p data-path-to-node=\"9,0,0\"><b data-path-to-node=\"9,0,0\" data-index-in-node=\"0\">Smart ID-l\u00f6sning:<\/b> Perfekt f\u00f6r att integrera QR-koder, streckkoder och UID-nummer p\u00e5 tygarmband.<\/p>\n<\/li>\n<li>\n<p data-path-to-node=\"9,1,0\"><b data-path-to-node=\"9,1,0\" data-index-in-node=\"0\">Slitstarkt material:<\/b> Tillverkad av styv, vattenavvisande PVC som t\u00e5l flera dagars evenemang och tuffa f\u00f6rh\u00e5llanden.<\/p>\n<\/li>\n<li>\n<p data-path-to-node=\"9,2,0\"><b data-path-to-node=\"9,2,0\" data-index-in-node=\"0\">Fullst\u00e4ndig anpassning:<\/b> H\u00f6guppl\u00f6st UV- eller offsettryck m\u00f6jligg\u00f6r livfulla logotyper och komplex datascannning.<\/p>\n<\/li>\n<li>\n<p data-path-to-node=\"9,3,0\"><b data-path-to-node=\"9,3,0\" data-index-in-node=\"0\">Universell passform:<\/b> Utformade med dubbla sp\u00e5r f\u00f6r att s\u00f6ml\u00f6st passa vanliga 15 mm och 20 mm tygarmband.<\/p>\n<\/li>\n<\/ul>","protected":false},"featured_media":6840,"comment_status":"closed","ping_status":"closed","template":"","meta":[],"product_brand":[],"product_cat":[66,124],"product_tag":[],"class_list":{"0":"post-6841","1":"product","2":"type-product","3":"status-publish","4":"has-post-thumbnail","6":"product_cat-wristbands","7":"product_cat-id-solutions","9":"first","10":"instock","11":"shipping-taxable","12":"product-type-simple"},"_links":{"self":[{"href":"https:\/\/displayproducts.eu\/sv\/wp-json\/wp\/v2\/product\/6841","targetHints":{"allow":["GET"]}}],"collection":[{"href":"https:\/\/displayproducts.eu\/sv\/wp-json\/wp\/v2\/product"}],"about":[{"href":"https:\/\/displayproducts.eu\/sv\/wp-json\/wp\/v2\/types\/product"}],"replies":[{"embeddable":true,"href":"https:\/\/displayproducts.eu\/sv\/wp-json\/wp\/v2\/comments?post=6841"}],"wp:featuredmedia":[{"embeddable":true,"href":"https:\/\/displayproducts.eu\/sv\/wp-json\/wp\/v2\/media\/6840"}],"wp:attachment":[{"href":"https:\/\/displayproducts.eu\/sv\/wp-json\/wp\/v2\/media?parent=6841"}],"wp:term":[{"taxonomy":"product_brand","embeddable":true,"href":"https:\/\/displayproducts.eu\/sv\/wp-json\/wp\/v2\/product_brand?post=6841"},{"taxonomy":"product_cat","embeddable":true,"href":"https:\/\/displayproducts.eu\/sv\/wp-json\/wp\/v2\/product_cat?post=6841"},{"taxonomy":"product_tag","embeddable":true,"href":"https:\/\/displayproducts.eu\/sv\/wp-json\/wp\/v2\/product_tag?post=6841"}],"curies":[{"name":"wp","href":"https:\/\/api.w.org\/{rel}","templated":true}]}}