{"id":6838,"date":"2026-01-13T10:28:34","date_gmt":"2026-01-13T07:28:34","guid":{"rendered":"https:\/\/wristbandfactory.eu\/?post_type=product&#038;p=6838"},"modified":"2026-04-01T21:52:03","modified_gmt":"2026-04-01T18:52:03","slug":"custom-printed-velvet-gift-bags-premium-drawstring-pouches","status":"publish","type":"product","link":"https:\/\/displayproducts.eu\/sv\/p\/custom-printed-velvet-gift-bags-premium-drawstring-pouches\/","title":{"rendered":"Sammetsp\u00e5sar med tryck"},"content":{"rendered":"<p data-path-to-node=\"9\">Skapa en of\u00f6rgl\u00f6mlig uppackningsupplevelse med v\u00e5r <b data-path-to-node=\"9\" data-index-in-node=\"78\">Anpassade tryckta presentp\u00e5sar i sammet<\/b>. Dessa mjuka p\u00e5sar \u00e4r utformade f\u00f6r lyxbutiker, smyckesm\u00e4rken och f\u00f6retagsevenemangsplanerare och erbjuder ett sofistikerat s\u00e4tt att f\u00f6rpacka sm\u00e5 f\u00f6rem\u00e5l. Till skillnad fr\u00e5n vanliga plast- eller pappersf\u00f6rpackningar kommunicerar sammet h\u00e5llbarhet, elegans och h\u00f6gt v\u00e4rde.<\/p>\n<p data-path-to-node=\"10\">Oavsett om du beh\u00f6ver en liten p\u00e5se f\u00f6r ringar eller en st\u00f6rre v\u00e4ska f\u00f6r kosmetika och tekniska prylar, erbjuder vi fullst\u00e4ndig flexibilitet i storleksval och tillverkning.<\/p>\n<h2 data-path-to-node=\"11\">Viktiga varum\u00e4rkesfunktioner<\/h2>\n<p data-path-to-node=\"12\">Vi erbjuder tre olika varum\u00e4rkesmetoder som matchar din logotyps stil:<\/p>\n<ul data-path-to-node=\"13\">\n<li>\n<p data-path-to-node=\"13,0,0\"><b data-path-to-node=\"13,0,0\" data-index-in-node=\"0\">Silkscreentryck:<\/b> Perfekt f\u00f6r dj\u00e4rva, otryckta f\u00e4rger och tydlig varum\u00e4rkesprofilering.<\/p>\n<\/li>\n<li>\n<p data-path-to-node=\"13,1,0\"><b data-path-to-node=\"13,1,0\" data-index-in-node=\"0\">Varmpr\u00e4gling (folie):<\/b> Perfekt f\u00f6r lyxm\u00e4rken. L\u00e4gg till en gl\u00e4nsande guld- eller silverfolie som f\u00e5ngar ljuset mot den m\u00f6rka sammetsstrukturen.<\/p>\n<\/li>\n<li>\n<p data-path-to-node=\"13,2,0\"><b data-path-to-node=\"13,2,0\" data-index-in-node=\"0\">Pr\u00e4gling\/pr\u00e4gling:<\/b> Skapa en subtil, taktil 3D-effekt d\u00e4r logotypen pressas in i tyget f\u00f6r en exklusiv och diskret look.<\/p>\n<\/li>\n<\/ul>\n<h2 data-path-to-node=\"14\">Specifikationer<\/h2>\n<ul data-path-to-node=\"15\">\n<li>\n<p data-path-to-node=\"15,0,0\"><b data-path-to-node=\"15,0,0\" data-index-in-node=\"0\">Material:<\/b> Premium mjukt sammet\/velourtyg.<\/p>\n<\/li>\n<li>\n<p data-path-to-node=\"15,1,0\"><b data-path-to-node=\"15,1,0\" data-index-in-node=\"0\">St\u00e4ngningsstilar:<\/b> Enkelsidig dragsko eller dubbelsidig dragsko (dras i b\u00e5da \u00e4ndar).<\/p>\n<\/li>\n<li>\n<p data-path-to-node=\"15,2,0\"><b data-path-to-node=\"15,2,0\" data-index-in-node=\"0\">Str\u00e4ngmaterial:<\/b> Satinband, PP-sn\u00f6re, bomullsrep eller matchande sammetsremsa.<\/p>\n<\/li>\n<li>\n<p data-path-to-node=\"15,3,0\"><b data-path-to-node=\"15,3,0\" data-index-in-node=\"0\">F\u00e4rger:<\/b> Brett utbud av standard sammetsf\u00e4rger (svart, marinbl\u00e5, r\u00f6d, gr\u00e5, gr\u00f6n, etc.).<\/p>\n<\/li>\n<li>\n<p data-path-to-node=\"15,4,0\"><b data-path-to-node=\"15,4,0\" data-index-in-node=\"0\">Storlekar:<\/b> Helt anpassningsbar (t.ex. 5x7cm, 8x10cm, 10x15cm, 15x20cm och st\u00f6rre).<\/p>\n<\/li>\n<li>\n<p data-path-to-node=\"15,5,0\"><b data-path-to-node=\"15,5,0\" data-index-in-node=\"0\">Minsta best\u00e4llning:<\/b> Tillg\u00e4ngliga grossistkvantiteter.<\/p>\n<\/li>\n<\/ul>\n<h2 data-path-to-node=\"16\">Vanliga anv\u00e4ndningsfall<\/h2>\n<ul data-path-to-node=\"17\">\n<li>\n<p data-path-to-node=\"17,0,0\"><b data-path-to-node=\"17,0,0\" data-index-in-node=\"0\">Smyckesf\u00f6rpackning:<\/b> Ringar, armbindlar, \u00f6rh\u00e4ngen och klockor.<\/p>\n<\/li>\n<li>\n<p data-path-to-node=\"17,1,0\"><b data-path-to-node=\"17,1,0\" data-index-in-node=\"0\">F\u00f6retagsg\u00e5vor:<\/b> Premiumf\u00f6rpackning f\u00f6r USB-minnen, medaljer eller mynt.<\/p>\n<\/li>\n<li>\n<p data-path-to-node=\"17,2,0\"><b data-path-to-node=\"17,2,0\" data-index-in-node=\"0\">Evenemangsf\u00f6rm\u00e5ner:<\/b> Br\u00f6llop, galor och reklamutlottningar.<\/p>\n<\/li>\n<li>\n<p data-path-to-node=\"17,3,0\"><b data-path-to-node=\"17,3,0\" data-index-in-node=\"0\">Kosmetika:<\/b> Lyxiga p\u00e5sar f\u00f6r sk\u00f6nhetsprodukter och parfymer.<\/p>\n<\/li>\n<\/ul>","protected":false},"excerpt":{"rendered":"<ul data-path-to-node=\"8\">\n<li>\n<p data-path-to-node=\"8,0,0\"><b data-path-to-node=\"8,0,0\" data-index-in-node=\"0\">Premium mjuk textur:<\/b> H\u00f6gkvalitativt sammetstyg som ger en lyxig touch till vilken produkt eller present som helst.<\/p>\n<\/li>\n<li>\n<p data-path-to-node=\"8,1,0\"><b data-path-to-node=\"8,1,0\" data-index-in-node=\"0\">M\u00e5ngsidig anpassning:<\/b> V\u00e4lj mellan silkscreentryck, metallisk varmst\u00e4mpling (guld\/silver) eller elegant pr\u00e4gling.<\/p>\n<\/li>\n<li>\n<p data-path-to-node=\"8,2,0\"><b data-path-to-node=\"8,2,0\" data-index-in-node=\"0\">Flexibel design:<\/b> Finns med enkel eller dubbel dragskof\u00f6rslutning i olika band- eller sn\u00f6rematerial.<\/p>\n<\/li>\n<li>\n<p data-path-to-node=\"8,3,0\"><b data-path-to-node=\"8,3,0\" data-index-in-node=\"0\">M\u00e5ttbest\u00e4lld:<\/b> Anpassade storlekar finns tillg\u00e4ngliga f\u00f6r att perfekt passa smycken, kosmetika, tekniska tillbeh\u00f6r eller presenter till evenemang.<\/p>\n<\/li>\n<\/ul>","protected":false},"featured_media":6839,"comment_status":"closed","ping_status":"closed","template":"","meta":[],"product_brand":[],"product_cat":[131],"product_tag":[],"class_list":{"0":"post-6838","1":"product","2":"type-product","3":"status-publish","4":"has-post-thumbnail","6":"product_cat-custom-bags-totes","8":"first","9":"instock","10":"shipping-taxable","11":"purchasable","12":"product-type-simple"},"_links":{"self":[{"href":"https:\/\/displayproducts.eu\/sv\/wp-json\/wp\/v2\/product\/6838","targetHints":{"allow":["GET"]}}],"collection":[{"href":"https:\/\/displayproducts.eu\/sv\/wp-json\/wp\/v2\/product"}],"about":[{"href":"https:\/\/displayproducts.eu\/sv\/wp-json\/wp\/v2\/types\/product"}],"replies":[{"embeddable":true,"href":"https:\/\/displayproducts.eu\/sv\/wp-json\/wp\/v2\/comments?post=6838"}],"wp:featuredmedia":[{"embeddable":true,"href":"https:\/\/displayproducts.eu\/sv\/wp-json\/wp\/v2\/media\/6839"}],"wp:attachment":[{"href":"https:\/\/displayproducts.eu\/sv\/wp-json\/wp\/v2\/media?parent=6838"}],"wp:term":[{"taxonomy":"product_brand","embeddable":true,"href":"https:\/\/displayproducts.eu\/sv\/wp-json\/wp\/v2\/product_brand?post=6838"},{"taxonomy":"product_cat","embeddable":true,"href":"https:\/\/displayproducts.eu\/sv\/wp-json\/wp\/v2\/product_cat?post=6838"},{"taxonomy":"product_tag","embeddable":true,"href":"https:\/\/displayproducts.eu\/sv\/wp-json\/wp\/v2\/product_tag?post=6838"}],"curies":[{"name":"wp","href":"https:\/\/api.w.org\/{rel}","templated":true}]}}