{"id":6678,"date":"2026-01-09T22:38:59","date_gmt":"2026-01-09T19:38:59","guid":{"rendered":"https:\/\/wristbandfactory.eu\/?post_type=product&#038;p=6678"},"modified":"2026-04-01T21:52:34","modified_gmt":"2026-04-01T18:52:34","slug":"metal-opera-glasses-with-handle-bulk-theatre-binoculars-3x-4x","status":"publish","type":"product","link":"https:\/\/displayproducts.eu\/sv\/p\/metal-opera-glasses-with-handle-bulk-theatre-binoculars-3x-4x\/","title":{"rendered":"Teaterkikare i metall med handtag"},"content":{"rendered":"<p data-path-to-node=\"9\">F\u00f6rb\u00e4ttra den kulturella upplevelsen f\u00f6r dina kunder med v\u00e5r <b data-path-to-node=\"9\" data-index-in-node=\"94\">Operaglas\u00f6gon i metall av h\u00f6gsta kvalitet<\/b>. Denna teaterkikare \u00e4r utformad f\u00f6r sofistikering och sk\u00e4rpa och \u00e4r det ultimata tillbeh\u00f6ret f\u00f6r operahus, teatrar och konsertsalar. Till skillnad fr\u00e5n plastalternativ har dessa kikare en h\u00e5llbar helmetallkonstruktion med guldfinish, vilket g\u00f6r dem till ett h\u00f6gt upplevt v\u00e4rde som passar f\u00f6r \u00e5terf\u00f6rs\u00e4ljning i detaljhandeln eller som exklusiva f\u00f6retagspresenter.<\/p>\n<p data-path-to-node=\"10\">Det integrerade vikbara handtaget ger en touch av vintagecharm samtidigt som det ger praktisk komfort under l\u00e5nga f\u00f6rest\u00e4llningar. Oavsett om du fyller p\u00e5 i en museibutik eller letar efter en unik minnesg\u00e5va till en gala, erbjuder dessa operaglas den perfekta blandningen av stil och funktion.<\/p>\n<h2 data-path-to-node=\"11\">Viktiga funktioner<\/h2>\n<ul data-path-to-node=\"12\">\n<li>\n<p data-path-to-node=\"12,0,0\"><b data-path-to-node=\"12,0,0\" data-index-in-node=\"0\">Tv\u00e5 optiska varianter:<\/b> V\u00e4lj mellan <b data-path-to-node=\"12,0,0\" data-index-in-node=\"37\">3x f\u00f6rstoring<\/b> (bredare synf\u00e4lt, 122 m\/1000 m) f\u00f6r att f\u00e5nga hela scenen, eller <b data-path-to-node=\"12,0,0\" data-index-in-node=\"122\">4x f\u00f6rstoring<\/b> (105m\/1000m) f\u00f6r fokusering p\u00e5 ansiktsuttryck och fina detaljer.<\/p>\n<\/li>\n<li>\n<p data-path-to-node=\"12,1,0\"><b data-path-to-node=\"12,1,0\" data-index-in-node=\"0\">Ergonomisk design:<\/b> Har ett mittfokusprisma och ett f\u00e4llbart\/teleskopiskt handtag (105\u2013165 mm) f\u00f6r enkel justering och bekv\u00e4mt grepp.<\/p>\n<\/li>\n<li>\n<p data-path-to-node=\"12,2,0\"><b data-path-to-node=\"12,2,0\" data-index-in-node=\"0\">Premiumversion:<\/b> Med en vikt p\u00e5 175 g och ett kompakt format (100 \u00d7 54 mm) garanterar det robusta metallh\u00f6ljet l\u00e5ng livsl\u00e4ngd och en f\u00f6rstklassig k\u00e4nsla i handen.<\/p>\n<\/li>\n<li>\n<p data-path-to-node=\"12,3,0\"><b data-path-to-node=\"12,3,0\" data-index-in-node=\"0\">Klar f\u00f6r presentation:<\/b> Varje enhet levereras med en elegant f\u00f6rvaringsl\u00e5da, vilket f\u00f6rotrycktar f\u00f6rpackningsprocessen f\u00f6r presenter eller presenter i butik.<\/p>\n<\/li>\n<\/ul>\n<h2 data-path-to-node=\"13\">Specifikationer<\/h2>\n<ul data-path-to-node=\"14\">\n<li>\n<p data-path-to-node=\"14,0,0\"><b data-path-to-node=\"14,0,0\" data-index-in-node=\"0\">Material:<\/b> Helmetalllegering med guldfinish<\/p>\n<\/li>\n<li>\n<p data-path-to-node=\"14,1,0\"><b data-path-to-node=\"14,1,0\" data-index-in-node=\"0\">Hantera:<\/b> Teleskopisk\/Hopf\u00e4llbar (105 mm till 165 mm)<\/p>\n<\/li>\n<li>\n<p data-path-to-node=\"14,2,0\"><b data-path-to-node=\"14,2,0\" data-index-in-node=\"0\">Vikt:<\/b> 175 g<\/p>\n<\/li>\n<li>\n<p data-path-to-node=\"14,3,0\"><b data-path-to-node=\"14,3,0\" data-index-in-node=\"0\">M\u00e5tt:<\/b> 100 \u00d7 54 mm<\/p>\n<\/li>\n<li>\n<p data-path-to-node=\"14,4,0\"><b data-path-to-node=\"14,4,0\" data-index-in-node=\"0\">Prismatyp:<\/b> Centrumfokus<\/p>\n<\/li>\n<li>\n<p data-path-to-node=\"14,5,0\"><b data-path-to-node=\"14,5,0\" data-index-in-node=\"0\">3x Modellspecifikationer:<\/b><\/p>\n<ul data-path-to-node=\"14,5,1\">\n<li>\n<p data-path-to-node=\"14,5,1,0,0\">Utg\u00e5ngspupill: 8 mm<\/p>\n<\/li>\n<li>\n<p data-path-to-node=\"14,5,1,1,0\">Synf\u00e4lt: 122 m \/ 1000 m<\/p>\n<\/li>\n<li>\n<p data-path-to-node=\"14,5,1,2,0\">Ljusstyrkaindex: 69<\/p>\n<\/li>\n<\/ul>\n<\/li>\n<li>\n<p data-path-to-node=\"14,6,0\"><b data-path-to-node=\"14,6,0\" data-index-in-node=\"0\">4x Modellspecifikationer:<\/b><\/p>\n<ul data-path-to-node=\"14,6,1\">\n<li>\n<p data-path-to-node=\"14,6,1,0,0\">Utg\u00e5ngspupill: 6,5 mm<\/p>\n<\/li>\n<li>\n<p data-path-to-node=\"14,6,1,1,0\">Synf\u00e4lt: 105 m \/ 1000 m<\/p>\n<\/li>\n<li>\n<p data-path-to-node=\"14,6,1,2,0\">Ljusstyrkaindex: 39<\/p>\n<\/li>\n<\/ul>\n<\/li>\n<li>\n<p data-path-to-node=\"14,7,0\"><b data-path-to-node=\"14,7,0\" data-index-in-node=\"0\">Leveranstid:<\/b> Cirka 37 dagar (Tillverkad p\u00e5 best\u00e4llning\/Importerad)<\/p>\n<\/li>\n<\/ul>\n<h2 data-path-to-node=\"15\">Anv\u00e4ndningsfall<\/h2>\n<ul data-path-to-node=\"16\">\n<li>\n<p data-path-to-node=\"16,0,0\"><b data-path-to-node=\"16,0,0\" data-index-in-node=\"0\">Teater- och operabutiker:<\/b> En handelsvara med h\u00f6g marginal f\u00f6r bes\u00f6kare som vill f\u00f6rb\u00e4ttra sin tittarupplevelse.<\/p>\n<\/li>\n<li>\n<p data-path-to-node=\"16,1,0\"><b data-path-to-node=\"16,1,0\" data-index-in-node=\"0\">F\u00f6retagsg\u00e5vor:<\/b> En uts\u00f6kt g\u00e5va f\u00f6r partners inom konst- och kultursektorn.<\/p>\n<\/li>\n<li>\n<p data-path-to-node=\"16,2,0\"><b data-path-to-node=\"16,2,0\" data-index-in-node=\"0\">VIP-evenemangsfaciliteter:<\/b> F\u00f6rse biljettinnehavare i toppklass med varum\u00e4rkesbaserade eller exklusiva visningsverktyg.<\/p>\n<\/li>\n<\/ul>","protected":false},"excerpt":{"rendered":"<ul data-path-to-node=\"8\">\n<li>\n<p data-path-to-node=\"8,0,0\"><b data-path-to-node=\"8,0,0\" data-index-in-node=\"0\">Klassisk elegans:<\/b> Helmetallkropp med lyxig guldfinish och vikbart handtag f\u00f6r sofistikerad tittarupplevelse.<\/p>\n<\/li>\n<li>\n<p data-path-to-node=\"8,1,0\"><b data-path-to-node=\"8,1,0\" data-index-in-node=\"0\">\u00d6verl\u00e4gsen optik:<\/b> Finns med 3x (vidvinkel) eller 4x (detaljfokus) f\u00f6rstoring med h\u00f6gt ljusstyrkeindex.<\/p>\n<\/li>\n<li>\n<p data-path-to-node=\"8,2,0\"><b data-path-to-node=\"8,2,0\" data-index-in-node=\"0\">B2B-klar:<\/b> Perfekt f\u00f6r teaterbutiker, presenter till VIP-evenemang och exklusiva f\u00f6retagsutm\u00e4rkelser.<\/p>\n<\/li>\n<li>\n<p data-path-to-node=\"8,3,0\"><b data-path-to-node=\"8,3,0\" data-index-in-node=\"0\">Komplett set:<\/b> Inkluderar ett h\u00e5llbart f\u00f6rvaringsfodral f\u00f6r skydd och presentation.<\/p>\n<\/li>\n<\/ul>","protected":false},"featured_media":6679,"comment_status":"closed","ping_status":"closed","template":"","meta":[],"product_brand":[],"product_cat":[121],"product_tag":[],"class_list":{"0":"post-6678","1":"product","2":"type-product","3":"status-publish","4":"has-post-thumbnail","6":"product_cat-promotional-merchandise","8":"first","9":"instock","10":"shipping-taxable","11":"purchasable","12":"product-type-simple"},"_links":{"self":[{"href":"https:\/\/displayproducts.eu\/sv\/wp-json\/wp\/v2\/product\/6678","targetHints":{"allow":["GET"]}}],"collection":[{"href":"https:\/\/displayproducts.eu\/sv\/wp-json\/wp\/v2\/product"}],"about":[{"href":"https:\/\/displayproducts.eu\/sv\/wp-json\/wp\/v2\/types\/product"}],"replies":[{"embeddable":true,"href":"https:\/\/displayproducts.eu\/sv\/wp-json\/wp\/v2\/comments?post=6678"}],"wp:featuredmedia":[{"embeddable":true,"href":"https:\/\/displayproducts.eu\/sv\/wp-json\/wp\/v2\/media\/6679"}],"wp:attachment":[{"href":"https:\/\/displayproducts.eu\/sv\/wp-json\/wp\/v2\/media?parent=6678"}],"wp:term":[{"taxonomy":"product_brand","embeddable":true,"href":"https:\/\/displayproducts.eu\/sv\/wp-json\/wp\/v2\/product_brand?post=6678"},{"taxonomy":"product_cat","embeddable":true,"href":"https:\/\/displayproducts.eu\/sv\/wp-json\/wp\/v2\/product_cat?post=6678"},{"taxonomy":"product_tag","embeddable":true,"href":"https:\/\/displayproducts.eu\/sv\/wp-json\/wp\/v2\/product_tag?post=6678"}],"curies":[{"name":"wp","href":"https:\/\/api.w.org\/{rel}","templated":true}]}}