{"id":6671,"date":"2026-01-09T18:39:46","date_gmt":"2026-01-09T15:39:46","guid":{"rendered":"https:\/\/wristbandfactory.eu\/?post_type=product&#038;p=6671"},"modified":"2026-04-01T21:52:34","modified_gmt":"2026-04-01T18:52:34","slug":"custom-foil-holographic-event-wristbands","status":"publish","type":"product","link":"https:\/\/displayproducts.eu\/sv\/p\/custom-foil-holographic-event-wristbands\/","title":{"rendered":"Pappersarmband med folietryck"},"content":{"rendered":"<p data-path-to-node=\"9\">F\u00f6rh\u00f6j ditt evenemangs varum\u00e4rke med v\u00e5ra specialdesignade folie- och holografiska armband. Tillverkade av h\u00f6gkvalitativt YUPO-syntetpapper erbjuder dessa armband ett premiumalternativ till standard Tyvek, med en mj\u00f6lkvit yta som s\u00e4kerst\u00e4ller att f\u00e4rgerna ser livfulla ut och i linje med designen.<\/p>\n<p data-path-to-node=\"10\">Dessa armband \u00e4r designade f\u00f6r h\u00f6gprofilerade evenemang, klubbar och festivaler och m\u00f6jligg\u00f6r lyxiga metalldetaljer \u2013 inklusive guld, silver och glasfolie \u2013 eller helt holografiska ytor. Den sl\u00e4ta texturen i kombination med h\u00f6guppl\u00f6st CMYK-offsettryck g\u00f6r dem idealiska f\u00f6r intrikata designer och VIP-identifiering. Trots sitt eleganta utseende \u00e4r de robusta och t\u00e5liga f\u00f6r att motst\u00e5 vatten, svett och aktiva milj\u00f6er.<\/p>\n<h2 data-path-to-node=\"11\">Viktiga funktioner<\/h2>\n<ul data-path-to-node=\"12\">\n<li>\n<p data-path-to-node=\"12,0,0\"><b data-path-to-node=\"12,0,0\" data-index-in-node=\"0\">Lyxiga ytbehandlingar:<\/b> Finns med varmst\u00e4mplade guldfolie, silverfolie, &quot;glasfolie&quot; och holografiska \u00f6verl\u00e4gg f\u00f6r maximal synlighet.<\/p>\n<\/li>\n<li>\n<p data-path-to-node=\"12,1,0\"><b data-path-to-node=\"12,1,0\" data-index-in-node=\"0\">Materialkvalitet:<\/b> YUPO syntetisk massa ger en j\u00e4mnare yta \u00e4n Tyvek, vilket m\u00f6jligg\u00f6r skarpare tryckdetaljer och ljusare f\u00e4rger.<\/p>\n<\/li>\n<li>\n<p data-path-to-node=\"12,2,0\"><b data-path-to-node=\"12,2,0\" data-index-in-node=\"0\">S\u00e4kerhetss\u00e4ker design:<\/b> Den starka sj\u00e4lvh\u00e4ftande f\u00f6rslutningen har stansade s\u00e4kerhetsstrimlor som g\u00e5r s\u00f6nder om man f\u00f6rs\u00f6ker ta bort dem, vilket s\u00e4kerst\u00e4ller att bandet inte kan \u00e5teranv\u00e4ndas.<\/p>\n<\/li>\n<li>\n<p data-path-to-node=\"12,3,0\"><b data-path-to-node=\"12,3,0\" data-index-in-node=\"0\">Smart dataklar:<\/b> Helt kompatibel med variabel datautskrift, inklusive sekventiell numrering, streckkoder och QR-koder f\u00f6r digital integration.<\/p>\n<\/li>\n<\/ul>\n<h2 data-path-to-node=\"13\">Specifikationer<\/h2>\n<ul data-path-to-node=\"14\">\n<li>\n<p data-path-to-node=\"14,0,0\"><b data-path-to-node=\"14,0,0\" data-index-in-node=\"0\">Material:<\/b> YUPO (Blandad massa \/ Syntetiskt papper) \u2013 Vattent\u00e4t och rivbest\u00e4ndig.<\/p>\n<\/li>\n<li>\n<p data-path-to-node=\"14,1,0\"><b data-path-to-node=\"14,1,0\" data-index-in-node=\"0\">Standardm\u00e5tt:<\/b><\/p>\n<ul data-path-to-node=\"14,1,1\">\n<li>\n<p data-path-to-node=\"14,1,1,0,0\">20 mm x 250 mm<\/p>\n<\/li>\n<li>\n<p data-path-to-node=\"14,1,1,1,0\">25 mm x 250 mm<\/p>\n<\/li>\n<li>\n<p data-path-to-node=\"14,1,1,2,0\"><i data-path-to-node=\"14,1,1,2,0\" data-index-in-node=\"0\">Anpassade storlekar finns tillg\u00e4ngliga p\u00e5 beg\u00e4ran.<\/i><\/p>\n<\/li>\n<\/ul>\n<\/li>\n<li>\n<p data-path-to-node=\"14,2,0\"><b data-path-to-node=\"14,2,0\" data-index-in-node=\"0\">Utskriftsmetod:<\/b> CMYK-offsettryck i fullf\u00e4rg + foliepr\u00e4gling.<\/p>\n<\/li>\n<li>\n<p data-path-to-node=\"14,3,0\"><b data-path-to-node=\"14,3,0\" data-index-in-node=\"0\">Foliealternativ:<\/b> Guld, silver, glasfolie, hologram.<\/p>\n<\/li>\n<li>\n<p data-path-to-node=\"14,4,0\"><b data-path-to-node=\"14,4,0\" data-index-in-node=\"0\">Ursprung:<\/b> Sydkorea (ANYWRISTBAND \/ Modell TS25).<\/p>\n<\/li>\n<\/ul>\n<h2 data-path-to-node=\"15\">Anv\u00e4ndningsfall<\/h2>\n<ul data-path-to-node=\"16\">\n<li>\n<p data-path-to-node=\"16,0,0\"><b data-path-to-node=\"16,0,0\" data-index-in-node=\"0\">VIP-\u00e5tkomstkontroll:<\/b> Perfekt f\u00f6r att s\u00e4rskilja VIP-g\u00e4ster p\u00e5 konserter, festivaler och nattklubbar tack vare den reflekterande metallfinishen.<\/p>\n<\/li>\n<li>\n<p data-path-to-node=\"16,1,0\"><b data-path-to-node=\"16,1,0\" data-index-in-node=\"0\">F\u00f6retagsevenemang:<\/b> Avancerat varum\u00e4rkesbyggande f\u00f6r galor och konferenser d\u00e4r visuell presentation \u00e4r avg\u00f6rande.<\/p>\n<\/li>\n<li>\n<p data-path-to-node=\"16,2,0\"><b data-path-to-node=\"16,2,0\" data-index-in-node=\"0\">S\u00e4kra platser:<\/b> Idealisk f\u00f6r n\u00f6jesparker och omr\u00e5den med begr\u00e4nsat tilltr\u00e4de som kr\u00e4ver tillf\u00f6rlitlig identifiering med streckkodsintegration.<\/p>\n<\/li>\n<\/ul>\n<p data-path-to-node=\"17\">","protected":false},"excerpt":{"rendered":"<ul>\n<li>\n<p data-path-to-node=\"7,0,0\"><b data-path-to-node=\"7,0,0\" data-index-in-node=\"0\">Premium visuell effekt:<\/b> Har fantastiska metallic accenter (guld, silver, glasfolie) eller holografiska effekter p\u00e5 en sl\u00e4t, mj\u00f6lkvit YUPO-yta.<\/p>\n<\/li>\n<li>\n<p data-path-to-node=\"7,1,0\"><b data-path-to-node=\"7,1,0\" data-index-in-node=\"0\">\u00d6verl\u00e4gsen h\u00e5llbarhet:<\/b> Tillverkad av rivbest\u00e4ndigt, 100% vattent\u00e4tt syntetiskt papper som \u00f6vertr\u00e4ffar vanliga pappersband.<\/p>\n<\/li>\n<li>\n<p data-path-to-node=\"7,2,0\"><b data-path-to-node=\"7,2,0\" data-index-in-node=\"0\">H\u00f6g s\u00e4kerhet:<\/b> Utrustad med en manipuleringss\u00e4ker sj\u00e4lvh\u00e4ftande f\u00f6rslutning och formulerade s\u00e4kerhetssk\u00e4rningar f\u00f6r att f\u00f6rhindra \u00f6verf\u00f6ring.<\/p>\n<\/li>\n<li>\n<p data-path-to-node=\"7,3,0\"><b data-path-to-node=\"7,3,0\" data-index-in-node=\"0\">Fullst\u00e4ndig anpassning:<\/b> St\u00f6der f\u00e4rgglatt CMYK-offsettryck, streckkoder, QR-koder och variabel numrering f\u00f6r \u00e5tkomstkontroll.<\/p>\n<\/li>\n<\/ul>","protected":false},"featured_media":6677,"comment_status":"closed","ping_status":"closed","template":"","meta":[],"product_brand":[],"product_cat":[41],"product_tag":[],"class_list":{"0":"post-6671","1":"product","2":"type-product","3":"status-publish","4":"has-post-thumbnail","6":"product_cat-tyvek","8":"first","9":"instock","10":"shipping-taxable","11":"product-type-simple"},"_links":{"self":[{"href":"https:\/\/displayproducts.eu\/sv\/wp-json\/wp\/v2\/product\/6671","targetHints":{"allow":["GET"]}}],"collection":[{"href":"https:\/\/displayproducts.eu\/sv\/wp-json\/wp\/v2\/product"}],"about":[{"href":"https:\/\/displayproducts.eu\/sv\/wp-json\/wp\/v2\/types\/product"}],"replies":[{"embeddable":true,"href":"https:\/\/displayproducts.eu\/sv\/wp-json\/wp\/v2\/comments?post=6671"}],"wp:featuredmedia":[{"embeddable":true,"href":"https:\/\/displayproducts.eu\/sv\/wp-json\/wp\/v2\/media\/6677"}],"wp:attachment":[{"href":"https:\/\/displayproducts.eu\/sv\/wp-json\/wp\/v2\/media?parent=6671"}],"wp:term":[{"taxonomy":"product_brand","embeddable":true,"href":"https:\/\/displayproducts.eu\/sv\/wp-json\/wp\/v2\/product_brand?post=6671"},{"taxonomy":"product_cat","embeddable":true,"href":"https:\/\/displayproducts.eu\/sv\/wp-json\/wp\/v2\/product_cat?post=6671"},{"taxonomy":"product_tag","embeddable":true,"href":"https:\/\/displayproducts.eu\/sv\/wp-json\/wp\/v2\/product_tag?post=6671"}],"curies":[{"name":"wp","href":"https:\/\/api.w.org\/{rel}","templated":true}]}}