{"id":6618,"date":"2026-01-09T15:51:34","date_gmt":"2026-01-09T12:51:34","guid":{"rendered":"https:\/\/wristbandfactory.eu\/?post_type=product&#038;p=6618"},"modified":"2026-04-01T21:52:34","modified_gmt":"2026-04-01T18:52:34","slug":"custom-natural-cork-wristbands","status":"publish","type":"product","link":"https:\/\/displayproducts.eu\/sv\/p\/custom-natural-cork-wristbands\/","title":{"rendered":"Armband i naturkork"},"content":{"rendered":"<p data-path-to-node=\"10\">G\u00f6r ett dj\u00e4rvt uttalande om h\u00e5llbarhet med v\u00e5r <b data-path-to-node=\"10\" data-index-in-node=\"77\">Armband i naturkork<\/b>. Detta material, som utvinns fr\u00e5n barken fr\u00e5n korkekar utan att skada sj\u00e4lva tr\u00e4det, \u00e4r en av de mest milj\u00f6v\u00e4nliga resurserna som finns. Dessa armband \u00e4r det perfekta valet f\u00f6r milj\u00f6konferenser, naturresorter och festivaler som vill eliminera plastavfall samtidigt som de erbjuder g\u00e4sterna ett premiumtillbeh\u00f6r.<\/p>\n<p data-path-to-node=\"11\">Till skillnad fr\u00e5n syntetiska material har varje korkarmband ett unikt naturligt \u00e5dringsm\u00f6nster. Materialet \u00e4r mjukt mot huden, l\u00e4tt och f\u00f6rv\u00e5nansv\u00e4rt h\u00e5llbart \u2013 det avvisar vatten och svett p\u00e5 ett naturligt s\u00e4tt. F\u00f6r den ultimata milj\u00f6v\u00e4nliga looken rekommenderar vi <b data-path-to-node=\"11\" data-index-in-node=\"239\">Lasergravering<\/b> din logotyp, vilket skapar en m\u00f6rk, skarp kontrast mot den gyllene korkbakgrunden utan att anv\u00e4nda n\u00e5gra kemiska tryckf\u00e4rger.<\/p>\n<h2 data-path-to-node=\"12\">Viktiga funktioner<\/h2>\n<ul data-path-to-node=\"13\">\n<li>\n<p data-path-to-node=\"13,0,0\"><b data-path-to-node=\"13,0,0\" data-index-in-node=\"0\">F\u00f6rnybar resurs:<\/b> Kork sk\u00f6rdas h\u00e5llbart; tr\u00e4det regenererar sin bark, vilket g\u00f6r detta till en skuldfri produkt.<\/p>\n<\/li>\n<li>\n<p data-path-to-node=\"13,1,0\"><b data-path-to-node=\"13,1,0\" data-index-in-node=\"0\">Premiumvarum\u00e4rke:<\/b> V\u00e4lj mellan skarpt svart screentryck eller sofistikerad lasergravyr f\u00f6r en taktil k\u00e4nsla.<\/p>\n<\/li>\n<li>\n<p data-path-to-node=\"13,2,0\"><b data-path-to-node=\"13,2,0\" data-index-in-node=\"0\">S\u00e4ker l\u00e5sning:<\/b> Finns med en h\u00e5llbar <b data-path-to-node=\"13,2,0\" data-index-in-node=\"45\">Tr\u00e4skjutreglage<\/b> eller bambusp\u00e4rla f\u00f6r att komplettera den plastfria profilen 100% (standardplastl\u00e5s finns ocks\u00e5 tillg\u00e4ngliga).<\/p>\n<\/li>\n<li>\n<p data-path-to-node=\"13,3,0\"><b data-path-to-node=\"13,3,0\" data-index-in-node=\"0\">Hypoallergenisk:<\/b> Perfekt f\u00f6r g\u00e4ster med k\u00e4nslig hud, eftersom kork motst\u00e5r damm och bakterier.<\/p>\n<\/li>\n<\/ul>\n<h2 data-path-to-node=\"14\">Specifikationer<\/h2>\n<ul data-path-to-node=\"15\">\n<li>\n<p data-path-to-node=\"15,0,0\"><b data-path-to-node=\"15,0,0\" data-index-in-node=\"0\">Material:<\/b> Naturligt korklager (f\u00f6rst\u00e4rkt baksida)<\/p>\n<\/li>\n<li>\n<p data-path-to-node=\"15,1,0\"><b data-path-to-node=\"15,1,0\" data-index-in-node=\"0\">Varum\u00e4rkesmetod:<\/b> Lasergravering (rekommenderas) eller screentryck<\/p>\n<\/li>\n<li>\n<p data-path-to-node=\"15,2,0\"><b data-path-to-node=\"15,2,0\" data-index-in-node=\"0\">Storlek:<\/b> 350 mm x 15 mm (justerbar)<\/p>\n<\/li>\n<li>\n<p data-path-to-node=\"15,3,0\"><b data-path-to-node=\"15,3,0\" data-index-in-node=\"0\">Vattent\u00e4t:<\/b> Ja (Naturligt vattenbest\u00e4ndig)<\/p>\n<\/li>\n<li>\n<p data-path-to-node=\"15,4,0\"><b data-path-to-node=\"15,4,0\" data-index-in-node=\"0\">L\u00e5salternativ:<\/b> Tr\u00e4p\u00e4rla, bambu-slider eller \u00e5tervunnen plast<\/p>\n<\/li>\n<li>\n<p data-path-to-node=\"15,5,0\"><b data-path-to-node=\"15,5,0\" data-index-in-node=\"0\">Minsta kvantitet:<\/b> 100 enheter<\/p>\n<\/li>\n<\/ul>\n<h2 data-path-to-node=\"16\">Anv\u00e4ndningsfall<\/h2>\n<ul data-path-to-node=\"17\">\n<li>\n<p data-path-to-node=\"17,0,0\"><b data-path-to-node=\"17,0,0\" data-index-in-node=\"0\">H\u00e5llbarhetskonferenser:<\/b> Den perfekta meriteringen f\u00f6r evenemang med fokus p\u00e5 klimat och milj\u00f6.<\/p>\n<\/li>\n<li>\n<p data-path-to-node=\"17,1,0\"><b data-path-to-node=\"17,1,0\" data-index-in-node=\"0\">Ekoresorter och glamping:<\/b> Matchar den naturliga estetiken hos lyxiga utomhusboenden.<\/p>\n<\/li>\n<li>\n<p data-path-to-node=\"17,2,0\"><b data-path-to-node=\"17,2,0\" data-index-in-node=\"0\">Vinfestivaler:<\/b> En tematisk koppling till vinkorkar g\u00f6r detta till ett roligt och relevant varum\u00e4rkesverktyg.<\/p>\n<\/li>\n<li>\n<p data-path-to-node=\"17,3,0\"><b data-path-to-node=\"17,3,0\" data-index-in-node=\"0\">V\u00e4lg\u00f6renhetsgalor:<\/b> En sofistikerad, diskret look f\u00f6r exklusiva insamlingsevenemang.<\/p>\n<\/li>\n<\/ul>","protected":false},"excerpt":{"rendered":"<ul>\n<li>\n<p data-path-to-node=\"9,0,0\"><b data-path-to-node=\"9,0,0\" data-index-in-node=\"0\">100% Naturlig estetik:<\/b> Tillverkad av \u00e4kta korkmaterial, vilket ger en unik, organisk tr\u00e4liknande textur.<\/p>\n<\/li>\n<li>\n<p data-path-to-node=\"9,1,0\"><b data-path-to-node=\"9,1,0\" data-index-in-node=\"0\">Milj\u00f6v\u00e4nligt val:<\/b> Ett f\u00f6rnybart, biologiskt nedbrytbart alternativ till plast, perfekt f\u00f6r &quot;gr\u00f6na&quot; evenemang.<\/p>\n<\/li>\n<li>\n<p data-path-to-node=\"9,2,0\"><b data-path-to-node=\"9,2,0\" data-index-in-node=\"0\">Lasergravering:<\/b> Br\u00e4nnm\u00e4rket br\u00e4nns direkt in i korken f\u00f6r en permanent och h\u00f6gkvalitativ finish (bl\u00e4cktryck finns \u00e4ven tillg\u00e4ngligt).<\/p>\n<\/li>\n<li>\n<p data-path-to-node=\"9,3,0\"><b data-path-to-node=\"9,3,0\" data-index-in-node=\"0\">Naturligt h\u00e5llbar:<\/b> Kork \u00e4r naturligt vattenavvisande, allergiv\u00e4nligt och bekv\u00e4mt f\u00f6r l\u00e5ngvarigt bruk.<\/p>\n<\/li>\n<\/ul>","protected":false},"featured_media":6620,"comment_status":"closed","ping_status":"closed","template":"","meta":[],"product_brand":[],"product_cat":[133,47],"product_tag":[],"class_list":{"0":"post-6618","1":"product","2":"type-product","3":"status-publish","4":"has-post-thumbnail","6":"product_cat-eco-friendly-wristbands","7":"product_cat-fabric-wristbands","9":"first","10":"instock","11":"shipping-taxable","12":"purchasable","13":"product-type-simple"},"_links":{"self":[{"href":"https:\/\/displayproducts.eu\/sv\/wp-json\/wp\/v2\/product\/6618","targetHints":{"allow":["GET"]}}],"collection":[{"href":"https:\/\/displayproducts.eu\/sv\/wp-json\/wp\/v2\/product"}],"about":[{"href":"https:\/\/displayproducts.eu\/sv\/wp-json\/wp\/v2\/types\/product"}],"replies":[{"embeddable":true,"href":"https:\/\/displayproducts.eu\/sv\/wp-json\/wp\/v2\/comments?post=6618"}],"wp:featuredmedia":[{"embeddable":true,"href":"https:\/\/displayproducts.eu\/sv\/wp-json\/wp\/v2\/media\/6620"}],"wp:attachment":[{"href":"https:\/\/displayproducts.eu\/sv\/wp-json\/wp\/v2\/media?parent=6618"}],"wp:term":[{"taxonomy":"product_brand","embeddable":true,"href":"https:\/\/displayproducts.eu\/sv\/wp-json\/wp\/v2\/product_brand?post=6618"},{"taxonomy":"product_cat","embeddable":true,"href":"https:\/\/displayproducts.eu\/sv\/wp-json\/wp\/v2\/product_cat?post=6618"},{"taxonomy":"product_tag","embeddable":true,"href":"https:\/\/displayproducts.eu\/sv\/wp-json\/wp\/v2\/product_tag?post=6618"}],"curies":[{"name":"wp","href":"https:\/\/api.w.org\/{rel}","templated":true}]}}