{"id":6615,"date":"2026-01-09T15:29:35","date_gmt":"2026-01-09T12:29:35","guid":{"rendered":"https:\/\/wristbandfactory.eu\/?post_type=product&#038;p=6615"},"modified":"2026-04-01T21:52:34","modified_gmt":"2026-04-01T18:52:34","slug":"custom-full-color-vinyl-wristbands","status":"publish","type":"product","link":"https:\/\/displayproducts.eu\/sv\/p\/custom-full-color-vinyl-wristbands\/","title":{"rendered":"Plastarmband med fullf\u00e4rgstryck"},"content":{"rendered":"<p data-path-to-node=\"10\">F\u00f6rb\u00e4ttra ditt evenemangs varum\u00e4rke med v\u00e5r <b data-path-to-node=\"10\" data-index-in-node=\"62\">Plastarmband med fullf\u00e4rgstryck<\/b>. Medan vanliga armband \u00e4r begr\u00e4nsade till otryckta otryckta logotyper, anv\u00e4nder dessa premiumarmband avancerade <b data-path-to-node=\"10\" data-index-in-node=\"200\">CMYK digital tryckteknik<\/b> f\u00f6r att reproducera fotografiska bilder, mjuka f\u00e4rg\u00f6verg\u00e5ngar och mycket detaljerad grafik direkt p\u00e5 armbandets yta.<\/p>\n<p data-path-to-node=\"11\">Utformad f\u00f6r h\u00f6gprofilerade evenemang, festivaler och resorter, <b data-path-to-node=\"11\" data-index-in-node=\"62\">Bred ansikte (L-formad)<\/b> Strukturen maximerar det utskrivbara omr\u00e5det, vilket g\u00f6r det till det perfekta valet f\u00f6r att visa upp sponsorlogotyper eller komplexa konstverk. Trots den f\u00f6rstklassiga finishen har dessa armband de branschledande s\u00e4kerhetsfunktionerna du f\u00f6rv\u00e4ntar dig, inklusive ett manipulationss\u00e4kert l\u00e5s och vattent\u00e4t tri-laminatkonstruktion som t\u00e5l simning, duschar och l\u00e5ngvarigt slitage.<\/p>\n<h2 data-path-to-node=\"12\">Viktiga funktioner<\/h2>\n<ul data-path-to-node=\"13\">\n<li>\n<p data-path-to-node=\"13,0,0\"><b data-path-to-node=\"13,0,0\" data-index-in-node=\"0\">Utskrift i fotokvalitet:<\/b> \u00c5terge valfri design, inklusive foton och \u00f6vertoningar, med skarpa detaljer i h\u00f6g uppl\u00f6sning.<\/p>\n<\/li>\n<li>\n<p data-path-to-node=\"13,1,0\"><b data-path-to-node=\"13,1,0\" data-index-in-node=\"0\">S\u00e4kerhetsl\u00e5sning:<\/b> Det permanenta plastkn\u00e4ppet m\u00e5ste f\u00f6rst\u00f6ras f\u00f6r att kunna ta bort bandet, vilket garanterar absolut s\u00e4kerhet.<\/p>\n<\/li>\n<li>\n<p data-path-to-node=\"13,2,0\"><b data-path-to-node=\"13,2,0\" data-index-in-node=\"0\">Vattent\u00e4t och rivbest\u00e4ndig:<\/b> Perfekt f\u00f6r anv\u00e4ndning i flera dagar i v\u00e5ta milj\u00f6er som vattenparker och badorter.<\/p>\n<\/li>\n<li>\n<p data-path-to-node=\"13,3,0\"><b data-path-to-node=\"13,3,0\" data-index-in-node=\"0\">Klar f\u00f6r variabeldata:<\/b> Kan skrivas ut med unika QR-koder, streckkoder eller serienummer f\u00f6r integrerad \u00e5tkomstkontroll.<\/p>\n<\/li>\n<\/ul>\n<h2 data-path-to-node=\"14\">Specifikationer<\/h2>\n<ul data-path-to-node=\"15\">\n<li>\n<p data-path-to-node=\"15,0,0\"><b data-path-to-node=\"15,0,0\" data-index-in-node=\"0\">Material:<\/b> 3-lagers tri-laminat vinyl<\/p>\n<\/li>\n<li>\n<p data-path-to-node=\"15,1,0\"><b data-path-to-node=\"15,1,0\" data-index-in-node=\"0\">Utskriftsmetod:<\/b> CMYK digitaltryck (fullf\u00e4rg)<\/p>\n<\/li>\n<li>\n<p data-path-to-node=\"15,2,0\"><b data-path-to-node=\"15,2,0\" data-index-in-node=\"0\">Modell:<\/b> Bred front \/ L-formad<\/p>\n<\/li>\n<li>\n<p data-path-to-node=\"15,3,0\"><b data-path-to-node=\"15,3,0\" data-index-in-node=\"0\">St\u00e4ngning:<\/b> Eng\u00e5ngs plastkn\u00e4ppning<\/p>\n<\/li>\n<li>\n<p data-path-to-node=\"15,4,0\"><b data-path-to-node=\"15,4,0\" data-index-in-node=\"0\">Vattent\u00e4t:<\/b> Ja (100%)<\/p>\n<\/li>\n<li>\n<p data-path-to-node=\"15,5,0\"><b data-path-to-node=\"15,5,0\" data-index-in-node=\"0\">Produktionstid:<\/b> 5\u201310 arbetsdagar<\/p>\n<\/li>\n<li>\n<p data-path-to-node=\"15,6,0\"><b data-path-to-node=\"15,6,0\" data-index-in-node=\"0\">Minsta kvantitet:<\/b> 100 enheter<\/p>\n<\/li>\n<\/ul>\n<h2 data-path-to-node=\"16\">Anv\u00e4ndningsfall<\/h2>\n<ul data-path-to-node=\"17\">\n<li>\n<p data-path-to-node=\"17,0,0\"><b data-path-to-node=\"17,0,0\" data-index-in-node=\"0\">Musikfestivaler:<\/b> Komplexa, sv\u00e5rkopierade designer fungerar som s\u00e4kra inloggningsuppgifter f\u00f6r flerdagarsinmatning.<\/p>\n<\/li>\n<li>\n<p data-path-to-node=\"17,1,0\"><b data-path-to-node=\"17,1,0\" data-index-in-node=\"0\">VIP &amp; Bakom scenen:<\/b> Premiumf\u00e4rgad design skiljer VIP-g\u00e4ster fr\u00e5n vanliga g\u00e4ster.<\/p>\n<\/li>\n<li>\n<p data-path-to-node=\"17,2,0\"><b data-path-to-node=\"17,2,0\" data-index-in-node=\"0\">Sponsorskap:<\/b> Stor yta m\u00f6jligg\u00f6r tydlig och f\u00e4rgglad visning av sponsorlogotyper.<\/p>\n<\/li>\n<li>\n<p data-path-to-node=\"17,3,0\"><b data-path-to-node=\"17,3,0\" data-index-in-node=\"0\">Hotell och resorter:<\/b> Tillr\u00e4ckligt h\u00e5llbar f\u00f6r att g\u00e4ster ska kunna identifiera sig en hel vecka med en exklusiv estetik.<\/p>\n<\/li>\n<\/ul>","protected":false},"excerpt":{"rendered":"<ul>\n<li>\n<p data-path-to-node=\"9,0,0\"><b data-path-to-node=\"9,0,0\" data-index-in-node=\"0\">Obegr\u00e4nsade f\u00e4rger:<\/b> CMYK-digitaltryck m\u00f6jligg\u00f6r foton, \u00f6vertoningar och invecklade designer utan f\u00e4rgbegr\u00e4nsningar.<\/p>\n<\/li>\n<li>\n<p data-path-to-node=\"9,1,0\"><b data-path-to-node=\"9,1,0\" data-index-in-node=\"0\">Maximalt varum\u00e4rkesutrymme:<\/b> \u201cDesignen \u201dWide Face\u201d ger en stor arbetsyta f\u00f6r sponsorlogotyper och evenemangsgrafik.<\/p>\n<\/li>\n<li>\n<p data-path-to-node=\"9,2,0\"><b data-path-to-node=\"9,2,0\" data-index-in-node=\"0\">H\u00f6g s\u00e4kerhet:<\/b> Eng\u00e5ngsf\u00f6rslutning av plast med tryckknappar f\u00f6rhindrar \u00f6verf\u00f6ring och \u00e5teranv\u00e4ndning mellan g\u00e4ster.<\/p>\n<\/li>\n<li>\n<p data-path-to-node=\"9,3,0\"><b data-path-to-node=\"9,3,0\" data-index-in-node=\"0\">Premium h\u00e5llbarhet:<\/b> 3-lagers vinylkonstruktion s\u00e4kerst\u00e4ller att armbandet f\u00f6rblir intakt och livfullt i 7+ dagar.<\/p>\n<\/li>\n<\/ul>","protected":false},"featured_media":6616,"comment_status":"closed","ping_status":"closed","template":"","meta":[],"product_brand":[],"product_cat":[51],"product_tag":[],"class_list":{"0":"post-6615","1":"product","2":"type-product","3":"status-publish","4":"has-post-thumbnail","6":"product_cat-vinyl","8":"first","9":"instock","10":"shipping-taxable","11":"purchasable","12":"product-type-simple"},"_links":{"self":[{"href":"https:\/\/displayproducts.eu\/sv\/wp-json\/wp\/v2\/product\/6615","targetHints":{"allow":["GET"]}}],"collection":[{"href":"https:\/\/displayproducts.eu\/sv\/wp-json\/wp\/v2\/product"}],"about":[{"href":"https:\/\/displayproducts.eu\/sv\/wp-json\/wp\/v2\/types\/product"}],"replies":[{"embeddable":true,"href":"https:\/\/displayproducts.eu\/sv\/wp-json\/wp\/v2\/comments?post=6615"}],"wp:featuredmedia":[{"embeddable":true,"href":"https:\/\/displayproducts.eu\/sv\/wp-json\/wp\/v2\/media\/6616"}],"wp:attachment":[{"href":"https:\/\/displayproducts.eu\/sv\/wp-json\/wp\/v2\/media?parent=6615"}],"wp:term":[{"taxonomy":"product_brand","embeddable":true,"href":"https:\/\/displayproducts.eu\/sv\/wp-json\/wp\/v2\/product_brand?post=6615"},{"taxonomy":"product_cat","embeddable":true,"href":"https:\/\/displayproducts.eu\/sv\/wp-json\/wp\/v2\/product_cat?post=6615"},{"taxonomy":"product_tag","embeddable":true,"href":"https:\/\/displayproducts.eu\/sv\/wp-json\/wp\/v2\/product_tag?post=6615"}],"curies":[{"name":"wp","href":"https:\/\/api.w.org\/{rel}","templated":true}]}}