{"id":6609,"date":"2026-01-06T13:25:58","date_gmt":"2026-01-06T10:25:58","guid":{"rendered":"https:\/\/wristbandfactory.eu\/?post_type=product&#038;p=6609"},"modified":"2026-04-01T21:52:03","modified_gmt":"2026-04-01T18:52:03","slug":"custom-full-color-microfiber-suede-towels","status":"publish","type":"product","link":"https:\/\/displayproducts.eu\/sv\/p\/custom-full-color-microfiber-suede-towels\/","title":{"rendered":"Mikrofiberhanddukar med tryck"},"content":{"rendered":"<p data-path-to-node=\"9\">F\u00f6rh\u00f6j ditt varum\u00e4rkes n\u00e4rvaro p\u00e5 gymmet, stranden eller sportevenemang med v\u00e5ra f\u00f6rstklassiga specialdesignade mikrofiberhanddukar i mocka. Till skillnad fr\u00e5n traditionella handdukar ger mikrofibern med mockafinish en sl\u00e4t, \u00f6glefri yta som m\u00f6jligg\u00f6r otroligt skarpa och livfulla f\u00e4rgtryck, vilket g\u00f6r att din logotyp eller ditt konstverk sticker ut med fotografisk sk\u00e4rpa.<\/p>\n<h2 data-path-to-node=\"10\">Viktiga funktioner<\/h2>\n<ul data-path-to-node=\"11\">\n<li>\n<p data-path-to-node=\"11,0,0\"><b data-path-to-node=\"11,0,0\" data-index-in-node=\"0\">Livfull sublimering:<\/b> Vi anv\u00e4nder avancerat v\u00e4rme\u00f6verf\u00f6ringstryck f\u00f6r att s\u00e4kerst\u00e4lla att dina f\u00e4rger f\u00f6rblir ljusa \u00e4ven efter flera tv\u00e4ttar.<\/p>\n<\/li>\n<li>\n<p data-path-to-node=\"11,1,0\"><b data-path-to-node=\"11,1,0\" data-index-in-node=\"0\">Mockafinish:<\/b> Den mjuka, borstade texturen k\u00e4nns lyxig mot huden samtidigt som den f\u00f6rblir mycket funktionell och sandt\u00e5lig.<\/p>\n<\/li>\n<li>\n<p data-path-to-node=\"11,2,0\"><b data-path-to-node=\"11,2,0\" data-index-in-node=\"0\">Milj\u00f6v\u00e4nliga bl\u00e4ck:<\/b> V\u00e5r tryckprocess anv\u00e4nder s\u00e4kra, h\u00e5llbara bl\u00e4ck som \u00e4r l\u00e4mpliga f\u00f6r dagligt bruk.<\/p>\n<\/li>\n<li>\n<p data-path-to-node=\"11,3,0\"><b data-path-to-node=\"11,3,0\" data-index-in-node=\"0\">M\u00e5ngsidig storlek:<\/b> V\u00e4lj mellan handdukar (50x70 cm) och stora strandhanddukar (80x160 cm).<\/p>\n<\/li>\n<\/ul>\n<h2 data-path-to-node=\"12\">Specifikationer<\/h2>\n<ul data-path-to-node=\"13\">\n<li>\n<p data-path-to-node=\"13,0,0\"><b data-path-to-node=\"13,0,0\" data-index-in-node=\"0\">Material:<\/b> 100% mikrofibermocka (blandning av polyester\/polyamid).<\/p>\n<\/li>\n<li>\n<p data-path-to-node=\"13,1,0\"><b data-path-to-node=\"13,1,0\" data-index-in-node=\"0\">Standardstorlekar:<\/b> 50x70 cm, 50x100 cm, 70x140 cm, 80x160 cm.<\/p>\n<\/li>\n<li>\n<p data-path-to-node=\"13,2,0\"><b data-path-to-node=\"13,2,0\" data-index-in-node=\"0\">Anpassning:<\/b> Digitaltryck \u00f6ver hela ytan (ensidigt eller dubbelsidigt).<\/p>\n<\/li>\n<li>\n<p data-path-to-node=\"13,3,0\"><b data-path-to-node=\"13,3,0\" data-index-in-node=\"0\">Skr\u00e4ddarsydda alternativ:<\/b> Anpassade storlekar och former finns tillg\u00e4ngliga p\u00e5 beg\u00e4ran.<\/p>\n<\/li>\n<li>\n<p data-path-to-node=\"13,4,0\"><b data-path-to-node=\"13,4,0\" data-index-in-node=\"0\">Vikt:<\/b> L\u00e4tt och hopf\u00e4llbar f\u00f6r enkel transport.<\/p>\n<\/li>\n<\/ul>\n<h2 data-path-to-node=\"14\">Anv\u00e4ndningsfall<\/h2>\n<ul data-path-to-node=\"15\">\n<li>\n<p data-path-to-node=\"15,0,0\"><b data-path-to-node=\"15,0,0\" data-index-in-node=\"0\">F\u00f6retagsidentitet:<\/b> Lyxiga presenter till anst\u00e4llda och partners.<\/p>\n<\/li>\n<li>\n<p data-path-to-node=\"15,1,0\"><b data-path-to-node=\"15,1,0\" data-index-in-node=\"0\">Sport och tr\u00e4ning:<\/b> M\u00e4rkesutrustning f\u00f6r CrossFit-boxar, simklubbar och yogastudios.<\/p>\n<\/li>\n<li>\n<p data-path-to-node=\"15,2,0\"><b data-path-to-node=\"15,2,0\" data-index-in-node=\"0\">Eventmarknadsf\u00f6ring:<\/b> Minnesv\u00e4rda souvenirer f\u00f6r festivaler och utomhust\u00e4vlingar.<\/p>\n<\/li>\n<li>\n<p data-path-to-node=\"15,3,0\"><b data-path-to-node=\"15,3,0\" data-index-in-node=\"0\">Turism och g\u00e4stfrihet:<\/b> Specialdesignade strandhanddukar f\u00f6r hotell, spa och resorts.<\/p>\n<\/li>\n<\/ul>\n<p data-path-to-node=\"16\">","protected":false},"excerpt":{"rendered":"<p data-path-to-node=\"7\">V\u00e5ra specialdesignade handdukar i mikrofibermocka erbjuder en f\u00f6rstklassig, mjuk yta f\u00f6r h\u00f6guppl\u00f6st varum\u00e4rkesbyggande i fullf\u00e4rg. Perfekt f\u00f6r sportklubbar, f\u00f6retagspresenter och evenemang.<\/p>\n<ul data-path-to-node=\"8\">\n<li>\n<p data-path-to-node=\"8,0,0\"><b data-path-to-node=\"8,0,0\" data-index-in-node=\"0\">Varum\u00e4rkesbyggande av fotokvalitet:<\/b> Sublimeringstryck i fullf\u00e4rg fr\u00e5n kant till kant.<\/p>\n<\/li>\n<li>\n<p data-path-to-node=\"8,1,0\"><b data-path-to-node=\"8,1,0\" data-index-in-node=\"0\">Snabbtorkande teknik:<\/b> H\u00f6gpresterande mikrofibermockamaterial som torkar betydligt snabbare \u00e4n bomull.<\/p>\n<\/li>\n<li>\n<p data-path-to-node=\"8,2,0\"><b data-path-to-node=\"8,2,0\" data-index-in-node=\"0\">Helt anpassningsbar:<\/b> Finns i fyra standardstorlekar eller skr\u00e4ddarsydda dimensioner f\u00f6r att passa ditt varum\u00e4rkes behov.<\/p>\n<\/li>\n<li>\n<p data-path-to-node=\"8,3,0\"><b data-path-to-node=\"8,3,0\" data-index-in-node=\"0\">Kompakt och l\u00e4tt:<\/b> Perfekt f\u00f6r resor, gym eller reklamutflykter.<\/p>\n<\/li>\n<\/ul>","protected":false},"featured_media":6610,"comment_status":"closed","ping_status":"closed","template":"","meta":[],"product_brand":[],"product_cat":[129,118],"product_tag":[],"class_list":{"0":"post-6609","1":"product","2":"type-product","3":"status-publish","4":"has-post-thumbnail","6":"product_cat-leisure-lifestyle","7":"product_cat-sports-fitness","9":"first","10":"instock","11":"shipping-taxable","12":"purchasable","13":"product-type-simple"},"_links":{"self":[{"href":"https:\/\/displayproducts.eu\/sv\/wp-json\/wp\/v2\/product\/6609","targetHints":{"allow":["GET"]}}],"collection":[{"href":"https:\/\/displayproducts.eu\/sv\/wp-json\/wp\/v2\/product"}],"about":[{"href":"https:\/\/displayproducts.eu\/sv\/wp-json\/wp\/v2\/types\/product"}],"replies":[{"embeddable":true,"href":"https:\/\/displayproducts.eu\/sv\/wp-json\/wp\/v2\/comments?post=6609"}],"wp:featuredmedia":[{"embeddable":true,"href":"https:\/\/displayproducts.eu\/sv\/wp-json\/wp\/v2\/media\/6610"}],"wp:attachment":[{"href":"https:\/\/displayproducts.eu\/sv\/wp-json\/wp\/v2\/media?parent=6609"}],"wp:term":[{"taxonomy":"product_brand","embeddable":true,"href":"https:\/\/displayproducts.eu\/sv\/wp-json\/wp\/v2\/product_brand?post=6609"},{"taxonomy":"product_cat","embeddable":true,"href":"https:\/\/displayproducts.eu\/sv\/wp-json\/wp\/v2\/product_cat?post=6609"},{"taxonomy":"product_tag","embeddable":true,"href":"https:\/\/displayproducts.eu\/sv\/wp-json\/wp\/v2\/product_tag?post=6609"}],"curies":[{"name":"wp","href":"https:\/\/api.w.org\/{rel}","templated":true}]}}