{"id":6607,"date":"2026-01-06T12:55:23","date_gmt":"2026-01-06T09:55:23","guid":{"rendered":"https:\/\/wristbandfactory.eu\/?post_type=product&#038;p=6607"},"modified":"2026-04-01T21:52:34","modified_gmt":"2026-04-01T18:52:34","slug":"custom-round-cord-lanyards-with-printable-badge-slider","status":"publish","type":"product","link":"https:\/\/displayproducts.eu\/sv\/p\/custom-round-cord-lanyards-with-printable-badge-slider\/","title":{"rendered":"Runda nyckelband med logotyph\u00e5llare"},"content":{"rendered":"<p data-path-to-node=\"8\">V\u00e5ra specialdesignade runda sn\u00f6rband med utskrivbara skjutreglar erbjuder ett modernt, minimalistiskt alternativ till traditionella platta bandnyckelband. Mittpunkten i denna design \u00e4r den runda plastf\u00e4stningen, som kan anpassas helt med din f\u00f6retagslogotyp. Denna skjutreglage f\u00f6rst\u00e4rker inte bara din varum\u00e4rkesidentitet i \u00f6gonh\u00f6jd utan ger ocks\u00e5 ett stabilt f\u00f6rankringsst\u00e4ll f\u00f6r identifieringsskyltar, vilket s\u00e4kerst\u00e4ller att de f\u00f6rblir v\u00e4nda fram\u00e5t under hela ditt evenemang.<\/p>\n<h2 data-path-to-node=\"9\">Viktiga funktioner<\/h2>\n<ul data-path-to-node=\"10\">\n<li>\n<p data-path-to-node=\"10,0,0\"><b data-path-to-node=\"10,0,0\" data-index-in-node=\"0\">Utskrivbar plastkontakt:<\/b> Den slitstarka plastskjutaren \u00e4r optimerad f\u00f6r l\u00e5ngvarig logotypapplikation som inte bleknar.<\/p>\n<\/li>\n<li>\n<p data-path-to-node=\"10,1,0\"><b data-path-to-node=\"10,1,0\" data-index-in-node=\"0\">Premium sladdstruktur:<\/b> H\u00f6gdensitetsv\u00e4vd sladd som beh\u00e5ller sin form och sitt professionella utseende.<\/p>\n<\/li>\n<li>\n<p data-path-to-node=\"10,2,0\"><b data-path-to-node=\"10,2,0\" data-index-in-node=\"0\">Optimerad f\u00f6r m\u00e4rken:<\/b> Den integrerade \u00f6glan \u00e4r perfekt dimensionerad f\u00f6r vanliga namnkl\u00e4mmor och korth\u00e5llare.<\/p>\n<\/li>\n<li>\n<p data-path-to-node=\"10,3,0\"><b data-path-to-node=\"10,3,0\" data-index-in-node=\"0\">M\u00e5ngsidig anpassning:<\/b> Finns i ett brett utbud av sladdf\u00e4rger f\u00f6r att perfekt matcha din f\u00f6retagsidentitet.<\/p>\n<\/li>\n<\/ul>\n<h2 data-path-to-node=\"11\">Specifikationer<\/h2>\n<ul data-path-to-node=\"12\">\n<li>\n<p data-path-to-node=\"12,0,0\"><b data-path-to-node=\"12,0,0\" data-index-in-node=\"0\">Sladddiameter:<\/b> 5 mm eller 6 mm h\u00f6gh\u00e5llfast polyestersn\u00f6re.<\/p>\n<\/li>\n<li>\n<p data-path-to-node=\"12,1,0\"><b data-path-to-node=\"12,1,0\" data-index-in-node=\"0\">Material f\u00f6r glidreglage:<\/b> F\u00f6rst\u00e4rkt ABS-plast med sl\u00e4t yta f\u00f6r tryck.<\/p>\n<\/li>\n<li>\n<p data-path-to-node=\"12,2,0\"><b data-path-to-node=\"12,2,0\" data-index-in-node=\"0\">Sliderm\u00e5tt:<\/b> Cirkul\u00e4rt varum\u00e4rkesomr\u00e5de med en diameter p\u00e5 25 mm till 30 mm.<\/p>\n<\/li>\n<li>\n<p data-path-to-node=\"12,3,0\"><b data-path-to-node=\"12,3,0\" data-index-in-node=\"0\">Typ av bilaga:<\/b> Integrerad sladd\u00f6gla f\u00f6r namnskyltsh\u00e5llare.<\/p>\n<\/li>\n<\/ul>\n<h2 data-path-to-node=\"13\">Anv\u00e4ndningsfall<\/h2>\n<ul data-path-to-node=\"14\">\n<li>\n<p data-path-to-node=\"14,0,0\"><b data-path-to-node=\"14,0,0\" data-index-in-node=\"0\">Toppm\u00f6ten p\u00e5 h\u00f6g niv\u00e5:<\/b> Perfekt f\u00f6r prestigefyllda evenemang som Davos eller internationella forum d\u00e4r varum\u00e4rkesbyggandet beh\u00f6ver vara subtilt men \u00e4nd\u00e5 professionellt.<\/p>\n<\/li>\n<li>\n<p data-path-to-node=\"14,1,0\"><b data-path-to-node=\"14,1,0\" data-index-in-node=\"0\">F\u00f6retagsidentifiering:<\/b> En idealisk vardagsl\u00f6sning f\u00f6r anst\u00e4llda som beh\u00f6ver synliga ID-kort.<\/p>\n<\/li>\n<li>\n<p data-path-to-node=\"14,2,0\"><b data-path-to-node=\"14,2,0\" data-index-in-node=\"0\">Utst\u00e4llarens varum\u00e4rke:<\/b> Ge din m\u00e4sspersonal ett exklusivt utseende som sticker ut fr\u00e5n vanliga platta nyckelband.<\/p>\n<\/li>\n<\/ul>","protected":false},"excerpt":{"rendered":"<p data-path-to-node=\"6\">Professionell rund sn\u00f6rlina med specialutskrivbar rund skjutdosa. Denna f\u00e4ste fungerar som en synlig blickf\u00e5ngare f\u00f6r varum\u00e4rket samtidigt som den s\u00e4kert h\u00e5ller ID-brickor och evenemangspass.<\/p>\n<ul data-path-to-node=\"7\">\n<li>\n<p data-path-to-node=\"7,0,0\"><b data-path-to-node=\"7,0,0\" data-index-in-node=\"0\">Varum\u00e4rkesbyggande med h\u00f6g effekt:<\/b> Den centrala plastskjutaren ger en plan och stabil yta f\u00f6r h\u00f6guppl\u00f6st logotyptryck.<\/p>\n<\/li>\n<li>\n<p data-path-to-node=\"7,1,0\"><b data-path-to-node=\"7,1,0\" data-index-in-node=\"0\">Ergonomisk design:<\/b> Bekv\u00e4m rund sn\u00f6rkonstruktion minskar nackirritation under l\u00e5nga f\u00f6retagsevenemang.<\/p>\n<\/li>\n<li>\n<p data-path-to-node=\"7,2,0\"><b data-path-to-node=\"7,2,0\" data-index-in-node=\"0\">Integrerad ID-l\u00f6sning:<\/b> Speciellt utformad f\u00f6r att fungera med plastkorth\u00e5llare och n\u00e4rhetskort utan extra h\u00e5rdvara.<\/p>\n<\/li>\n<\/ul>","protected":false},"featured_media":6608,"comment_status":"closed","ping_status":"closed","template":"","meta":[],"product_brand":[],"product_cat":[125,105],"product_tag":[],"class_list":{"0":"post-6607","1":"product","2":"type-product","3":"status-publish","4":"has-post-thumbnail","6":"product_cat-cord-lanyards","7":"product_cat-badge-holder-lanyards","9":"first","10":"instock","11":"shipping-taxable","12":"purchasable","13":"product-type-simple"},"_links":{"self":[{"href":"https:\/\/displayproducts.eu\/sv\/wp-json\/wp\/v2\/product\/6607","targetHints":{"allow":["GET"]}}],"collection":[{"href":"https:\/\/displayproducts.eu\/sv\/wp-json\/wp\/v2\/product"}],"about":[{"href":"https:\/\/displayproducts.eu\/sv\/wp-json\/wp\/v2\/types\/product"}],"replies":[{"embeddable":true,"href":"https:\/\/displayproducts.eu\/sv\/wp-json\/wp\/v2\/comments?post=6607"}],"wp:featuredmedia":[{"embeddable":true,"href":"https:\/\/displayproducts.eu\/sv\/wp-json\/wp\/v2\/media\/6608"}],"wp:attachment":[{"href":"https:\/\/displayproducts.eu\/sv\/wp-json\/wp\/v2\/media?parent=6607"}],"wp:term":[{"taxonomy":"product_brand","embeddable":true,"href":"https:\/\/displayproducts.eu\/sv\/wp-json\/wp\/v2\/product_brand?post=6607"},{"taxonomy":"product_cat","embeddable":true,"href":"https:\/\/displayproducts.eu\/sv\/wp-json\/wp\/v2\/product_cat?post=6607"},{"taxonomy":"product_tag","embeddable":true,"href":"https:\/\/displayproducts.eu\/sv\/wp-json\/wp\/v2\/product_tag?post=6607"}],"curies":[{"name":"wp","href":"https:\/\/api.w.org\/{rel}","templated":true}]}}