{"id":6604,"date":"2026-01-06T01:05:42","date_gmt":"2026-01-05T22:05:42","guid":{"rendered":"https:\/\/wristbandfactory.eu\/?post_type=product&#038;p=6604"},"modified":"2026-04-01T21:52:03","modified_gmt":"2026-04-01T18:52:03","slug":"custom-rpet-sublimation-yoyo-keyring","status":"publish","type":"product","link":"https:\/\/displayproducts.eu\/sv\/p\/custom-rpet-sublimation-yoyo-keyring\/","title":{"rendered":"Jojo-nyckelring med tryck RPET"},"content":{"rendered":"<p data-path-to-node=\"10\">Den anpassade nyckelringen Subiner YoYo RPET \u00e4r det ultimata multifunktionella tillbeh\u00f6ret f\u00f6r moderna f\u00f6retag. Denna inf\u00e4llbara nyckelring \u00e4r utformad f\u00f6r anst\u00e4llda som beh\u00f6ver snabb \u00e5tkomst till ID-kort, nycklar eller s\u00e4kerhetsbrickor och erbjuder en s\u00f6ml\u00f6s anv\u00e4ndarupplevelse samtidigt som den tydligt visar ditt varum\u00e4rke i fullf\u00e4rg.<\/p>\n<h2 data-path-to-node=\"11\">Viktiga funktioner<\/h2>\n<p data-path-to-node=\"12\">Varje del av Subiner YoYo \u00e4r konstruerad f\u00f6r h\u00e5llbarhet och synlighet. Remmen i \u00e5tervunnen polyester ger en mjuk men stark bas f\u00f6r sublimeringstryck med h\u00f6g uppl\u00f6sning. Till skillnad fr\u00e5n vanlig screentryck penetrerar sublimering fibrerna, vilket s\u00e4kerst\u00e4ller att din logotyp inte bleknar, spricker eller lossnar \u00e4ven vid intensiv daglig anv\u00e4ndning. Den integrerade teleskopmekanismen \u00e4r testad f\u00f6r h\u00e5llbarhet och ger ett smidigt drag varje g\u00e5ng.<\/p>\n<h2 data-path-to-node=\"13\">Specifikationer<\/h2>\n<ul data-path-to-node=\"14\">\n<li>\n<p data-path-to-node=\"14,0,0\"><b data-path-to-node=\"14,0,0\" data-index-in-node=\"0\">Material:<\/b> \u00c5tervunnen RPET-polyester (rem och etikett), aluminium (karbinhake), metall (nyckelring).<\/p>\n<\/li>\n<li>\n<p data-path-to-node=\"14,1,0\"><b data-path-to-node=\"14,1,0\" data-index-in-node=\"0\">Utskrift:<\/b> Dubbelsidig sublimering i fullf\u00e4rg.<\/p>\n<\/li>\n<li>\n<p data-path-to-node=\"14,2,0\"><b data-path-to-node=\"14,2,0\" data-index-in-node=\"0\">Bilagor:<\/b> Teleskopisk namnskyltsh\u00e5llare, karbinhake och delad ring.<\/p>\n<\/li>\n<li>\n<p data-path-to-node=\"14,3,0\"><b data-path-to-node=\"14,3,0\" data-index-in-node=\"0\">H\u00e5llbarhet:<\/b> Inkluderar en intern RPET-etikett f\u00f6r att verifiera milj\u00f6v\u00e4nlig materialanv\u00e4ndning.<\/p>\n<\/li>\n<li>\n<p data-path-to-node=\"14,4,0\"><b data-path-to-node=\"14,4,0\" data-index-in-node=\"0\">Minsta orderkvantitet:<\/b> 100 stycken.<\/p>\n<\/li>\n<\/ul>\n<h2 data-path-to-node=\"15\">Anv\u00e4ndningsfall<\/h2>\n<p data-path-to-node=\"16\">Dessa YoYo-nyckelringar \u00e4r idealiska f\u00f6r f\u00f6retagsmilj\u00f6er d\u00e4r ID-kort skannas ofta. De fungerar utm\u00e4rkt som reklamg\u00e5vor p\u00e5 m\u00e4ssor, s\u00e4kra f\u00e4sten f\u00f6r evenemangspersonal eller som en del av ett h\u00e5llbart v\u00e4lkomstpaket f\u00f6r nyanst\u00e4llda. Karbinhaken g\u00f6r det enkelt att f\u00e4sta dem p\u00e5 b\u00e4ltesh\u00e4llor, ryggs\u00e4ckar eller nyckelband, vilket g\u00f6r dem till en favorit f\u00f6r aktiva professionella milj\u00f6er.<\/p>","protected":false},"excerpt":{"rendered":"<p data-path-to-node=\"8\">Denna milj\u00f6medvetna teleskopnyckelring kombinerar funktionalitet med livfull varum\u00e4rkesprofil. Tillverkad av \u00e5tervunnen PET, har den en utdragbar snodd och en s\u00e4ker karbinhake f\u00f6r daglig professionell anv\u00e4ndning.<\/p>\n<ul data-path-to-node=\"9\">\n<li>\n<p data-path-to-node=\"9,0,0\"><b data-path-to-node=\"9,0,0\" data-index-in-node=\"0\">Milj\u00f6v\u00e4nlig varum\u00e4rkesprofilering:<\/b> Tillverkad av h\u00f6gkvalitativ \u00e5tervunnen RPET-polyester f\u00f6r att st\u00f6dja f\u00f6retagets h\u00e5llbarhetsm\u00e5l.<\/p>\n<\/li>\n<li>\n<p data-path-to-node=\"9,1,0\"><b data-path-to-node=\"9,1,0\" data-index-in-node=\"0\">Anpassning i fullf\u00e4rg:<\/b> Dubbelsidig sublimeringsutskrift m\u00f6jligg\u00f6r komplexa fotografiska designer fr\u00e5n kant till kant.<\/p>\n<\/li>\n<li>\n<p data-path-to-node=\"9,2,0\"><b data-path-to-node=\"9,2,0\" data-index-in-node=\"0\">M\u00e5ngsidig 3-i-1-design:<\/b> Har en teleskopisk namnskyltsh\u00e5llare, en robust karbinhake i aluminium och en metallnyckelring.<\/p>\n<\/li>\n<li>\n<p data-path-to-node=\"9,3,0\"><b data-path-to-node=\"9,3,0\" data-index-in-node=\"0\">L\u00e5ga B2B-minimum:<\/b> Professionell specialtillverkning fr\u00e5n endast 100 stycken.<\/p>\n<\/li>\n<\/ul>","protected":false},"featured_media":6606,"comment_status":"closed","ping_status":"closed","template":"","meta":[],"product_brand":[],"product_cat":[105,94],"product_tag":[],"class_list":{"0":"post-6604","1":"product","2":"type-product","3":"status-publish","4":"has-post-thumbnail","6":"product_cat-badge-holder-lanyards","7":"product_cat-keychains","9":"first","10":"instock","11":"shipping-taxable","12":"purchasable","13":"product-type-simple"},"_links":{"self":[{"href":"https:\/\/displayproducts.eu\/sv\/wp-json\/wp\/v2\/product\/6604","targetHints":{"allow":["GET"]}}],"collection":[{"href":"https:\/\/displayproducts.eu\/sv\/wp-json\/wp\/v2\/product"}],"about":[{"href":"https:\/\/displayproducts.eu\/sv\/wp-json\/wp\/v2\/types\/product"}],"replies":[{"embeddable":true,"href":"https:\/\/displayproducts.eu\/sv\/wp-json\/wp\/v2\/comments?post=6604"}],"wp:featuredmedia":[{"embeddable":true,"href":"https:\/\/displayproducts.eu\/sv\/wp-json\/wp\/v2\/media\/6606"}],"wp:attachment":[{"href":"https:\/\/displayproducts.eu\/sv\/wp-json\/wp\/v2\/media?parent=6604"}],"wp:term":[{"taxonomy":"product_brand","embeddable":true,"href":"https:\/\/displayproducts.eu\/sv\/wp-json\/wp\/v2\/product_brand?post=6604"},{"taxonomy":"product_cat","embeddable":true,"href":"https:\/\/displayproducts.eu\/sv\/wp-json\/wp\/v2\/product_cat?post=6604"},{"taxonomy":"product_tag","embeddable":true,"href":"https:\/\/displayproducts.eu\/sv\/wp-json\/wp\/v2\/product_tag?post=6604"}],"curies":[{"name":"wp","href":"https:\/\/api.w.org\/{rel}","templated":true}]}}