{"id":6599,"date":"2026-01-06T00:43:04","date_gmt":"2026-01-05T21:43:04","guid":{"rendered":"https:\/\/wristbandfactory.eu\/?post_type=product&#038;p=6599"},"modified":"2026-04-01T21:52:34","modified_gmt":"2026-04-01T18:52:34","slug":"premium-fabric-wristbands-with-gold-thread","status":"publish","type":"product","link":"https:\/\/displayproducts.eu\/sv\/p\/premium-fabric-wristbands-with-gold-thread\/","title":{"rendered":"Tygarmband med guldtr\u00e5d"},"content":{"rendered":"<p data-path-to-node=\"8\">V\u00e5ra Premium Gold Thread Tygarmband \u00e4r toppen av evenemangsidentifiering. Genom att blanda traditionella h\u00f6gkvalitativa polyesterfibrer med metallisk lurextr\u00e5d skapar vi ett armband som inte bara identifierar en g\u00e4st \u2013 det f\u00f6rb\u00e4ttrar hela evenemangsupplevelsen. Dessa armband \u00e4r utformade f\u00f6r arrang\u00f6rer som v\u00e4grar kompromissa med s\u00e4kerhet eller stil.<\/p>\n<h2 data-path-to-node=\"9\">Viktiga funktioner<\/h2>\n<ul data-path-to-node=\"10\">\n<li>\n<p data-path-to-node=\"10,0,0\"><b data-path-to-node=\"10,0,0\" data-index-in-node=\"0\">Metallisk lurexv\u00e4vning:<\/b> Autentisk guldf\u00e4rgad tr\u00e5d v\u00e4vd direkt i tyget f\u00f6r en permanent, glittrig finish.<\/p>\n<\/li>\n<li>\n<p data-path-to-node=\"10,1,0\"><b data-path-to-node=\"10,1,0\" data-index-in-node=\"0\">S\u00e4kerhetss\u00e4kra st\u00e4ngningar:<\/b> V\u00e4lj mellan env\u00e4gs plastskenor, metallringar eller milj\u00f6v\u00e4nliga bambul\u00e5s.<\/p>\n<\/li>\n<li>\n<p data-path-to-node=\"10,2,0\"><b data-path-to-node=\"10,2,0\" data-index-in-node=\"0\">Komfortpassformad design:<\/b> Mjuka kanter s\u00e4kerst\u00e4ller att armbandet f\u00f6rblir bekv\u00e4mt \u00e4ven under l\u00e5nga evenemang som varar flera dagar.<\/p>\n<\/li>\n<li>\n<p data-path-to-node=\"10,3,0\"><b data-path-to-node=\"10,3,0\" data-index-in-node=\"0\">Vatten- och rivbest\u00e4ndig:<\/b> Byggd f\u00f6r att klara regn, svett och h\u00e5rd aktivitet utan att f\u00f6rlora f\u00e4rg eller strukturell integritet.<\/p>\n<\/li>\n<\/ul>\n<h2 data-path-to-node=\"11\">Specifikationer<\/h2>\n<ul data-path-to-node=\"12\">\n<li>\n<p data-path-to-node=\"12,0,0\"><b data-path-to-node=\"12,0,0\" data-index-in-node=\"0\">Material:<\/b> H\u00f6gkvalitativ polyester + metallisk guldlurex.<\/p>\n<\/li>\n<li>\n<p data-path-to-node=\"12,1,0\"><b data-path-to-node=\"12,1,0\" data-index-in-node=\"0\">M\u00e5tt:<\/b> Standard 15 mm x 350 mm (anpassade bredder finns tillg\u00e4ngliga p\u00e5 beg\u00e4ran).<\/p>\n<\/li>\n<li>\n<p data-path-to-node=\"12,2,0\"><b data-path-to-node=\"12,2,0\" data-index-in-node=\"0\">Utskrift:<\/b> Upp till 8 v\u00e4vda f\u00e4rger inklusive metallbasen.<\/p>\n<\/li>\n<li>\n<p data-path-to-node=\"12,3,0\"><b data-path-to-node=\"12,3,0\" data-index-in-node=\"0\">L\u00e5sningsalternativ:<\/b> Eng\u00e5ngsskjutl\u00e5s (plast\/metall) eller \u00e5teranv\u00e4ndbar p\u00e4rla.<\/p>\n<\/li>\n<li>\n<p data-path-to-node=\"12,4,0\"><b data-path-to-node=\"12,4,0\" data-index-in-node=\"0\">Minsta orderkvantitet:<\/b> 100 enheter.<\/p>\n<\/li>\n<\/ul>\n<h2 data-path-to-node=\"13\">Anv\u00e4ndningsfall<\/h2>\n<ul data-path-to-node=\"14\">\n<li>\n<p data-path-to-node=\"14,0,0\"><b data-path-to-node=\"14,0,0\" data-index-in-node=\"0\">Musikfestivaler:<\/b> Identifiera VIP-, backstage- eller artistomr\u00e5den med en synlig premiummark\u00f6r.<\/p>\n<\/li>\n<li>\n<p data-path-to-node=\"14,1,0\"><b data-path-to-node=\"14,1,0\" data-index-in-node=\"0\">F\u00f6retagsgalafester:<\/b> Ett sofistikerat alternativ till vanliga plast- eller pappersarmband f\u00f6r smokingtillst\u00e4llningar.<\/p>\n<\/li>\n<li>\n<p data-path-to-node=\"14,2,0\"><b data-path-to-node=\"14,2,0\" data-index-in-node=\"0\">Lyxhotell och resorter:<\/b> Att s\u00e4rskilja g\u00e4ster p\u00e5 &quot;All Inclusive&quot; eller &quot;Club Level&quot; med stil.<\/p>\n<\/li>\n<li>\n<p data-path-to-node=\"14,3,0\"><b data-path-to-node=\"14,3,0\" data-index-in-node=\"0\">Minnesevenemang:<\/b> Jubileumsfiranden d\u00e4r armbandet fungerar som ett v\u00e4rdefullt minne.<\/p>\n<\/li>\n<\/ul>\n<p data-path-to-node=\"15\">","protected":false},"excerpt":{"rendered":"<ul>\n<li>\n<p data-path-to-node=\"7,0,0\"><b data-path-to-node=\"7,0,0\" data-index-in-node=\"0\">Premium VIP-estetik:<\/b> V\u00e4vd metallisk guldtr\u00e5d ger ett exklusivt och h\u00f6gklassigt utseende som sticker ut VIP-g\u00e4ster.<\/p>\n<\/li>\n<li>\n<p data-path-to-node=\"7,1,0\"><b data-path-to-node=\"7,1,0\" data-index-in-node=\"0\">Ultimat s\u00e4kerhet:<\/b> Har en icke-\u00f6verf\u00f6rbar l\u00e5smekanism f\u00f6r att f\u00f6rhindra obeh\u00f6rig delning och \u00e5tkomst.<\/p>\n<\/li>\n<li>\n<p data-path-to-node=\"7,2,0\"><b data-path-to-node=\"7,2,0\" data-index-in-node=\"0\">L\u00e5ngvarigt varum\u00e4rke:<\/b> Tillverkad av h\u00f6gkvalitativ polyester som t\u00e5l flerdagars festivaler och fungerar som souvenir.<\/p>\n<\/li>\n<li>\n<p data-path-to-node=\"7,3,0\"><b data-path-to-node=\"7,3,0\" data-index-in-node=\"0\">Fullst\u00e4ndig anpassning:<\/b> Fullf\u00e4rgsv\u00e4vning g\u00f6r att intrikata logotyper kan integreras med de glittrande guldaccenterna.<\/p>\n<\/li>\n<\/ul>","protected":false},"featured_media":6603,"comment_status":"closed","ping_status":"closed","template":"","meta":[],"product_brand":[],"product_cat":[47],"product_tag":[],"class_list":{"0":"post-6599","1":"product","2":"type-product","3":"status-publish","4":"has-post-thumbnail","6":"product_cat-fabric-wristbands","8":"first","9":"instock","10":"shipping-taxable","11":"purchasable","12":"product-type-simple"},"_links":{"self":[{"href":"https:\/\/displayproducts.eu\/sv\/wp-json\/wp\/v2\/product\/6599","targetHints":{"allow":["GET"]}}],"collection":[{"href":"https:\/\/displayproducts.eu\/sv\/wp-json\/wp\/v2\/product"}],"about":[{"href":"https:\/\/displayproducts.eu\/sv\/wp-json\/wp\/v2\/types\/product"}],"replies":[{"embeddable":true,"href":"https:\/\/displayproducts.eu\/sv\/wp-json\/wp\/v2\/comments?post=6599"}],"wp:featuredmedia":[{"embeddable":true,"href":"https:\/\/displayproducts.eu\/sv\/wp-json\/wp\/v2\/media\/6603"}],"wp:attachment":[{"href":"https:\/\/displayproducts.eu\/sv\/wp-json\/wp\/v2\/media?parent=6599"}],"wp:term":[{"taxonomy":"product_brand","embeddable":true,"href":"https:\/\/displayproducts.eu\/sv\/wp-json\/wp\/v2\/product_brand?post=6599"},{"taxonomy":"product_cat","embeddable":true,"href":"https:\/\/displayproducts.eu\/sv\/wp-json\/wp\/v2\/product_cat?post=6599"},{"taxonomy":"product_tag","embeddable":true,"href":"https:\/\/displayproducts.eu\/sv\/wp-json\/wp\/v2\/product_tag?post=6599"}],"curies":[{"name":"wp","href":"https:\/\/api.w.org\/{rel}","templated":true}]}}