{"id":6514,"date":"2026-01-03T00:15:17","date_gmt":"2026-01-02T21:15:17","guid":{"rendered":"https:\/\/wristbandfactory.eu\/?post_type=product&#038;p=6514"},"modified":"2026-04-01T21:52:34","modified_gmt":"2026-04-01T18:52:34","slug":"event-watch-led-wristband-with-custom-logo","status":"publish","type":"product","link":"https:\/\/displayproducts.eu\/sv\/p\/event-watch-led-wristband-with-custom-logo\/","title":{"rendered":"LED-armband i klockmodell med tryck"},"content":{"rendered":"<p data-path-to-node=\"10\">Lyft ditt f\u00f6retags varum\u00e4rke med LED-armbandet \u201cEvent Watch\u201d. Denna modell \u00e4r designad med ett framtr\u00e4dande h\u00f6lje som efterliknar en modern klocka och \u00e4r specifikt konstruerad f\u00f6r maximal varum\u00e4rkessynlighet. LED-modulens platta, \u00f6verdimensionerade yta s\u00e4kerst\u00e4ller att \u00e4ven detaljerade logotyper \u00e5terges tydligt och f\u00f6rblir i centrum f\u00f6r uppm\u00e4rksamheten i hela lokalen. Tillverkad av slagt\u00e5lig ABS och medicinsk silikon, erbjuder denna 30 g tunga b\u00e4rbara enhet en rej\u00e4l och exklusiv k\u00e4nsla som g\u00e4sterna kommer att uppskatta som en h\u00f6gteknologisk souvenir.<\/p>\n<h2 data-path-to-node=\"11\">Viktiga funktioner<\/h2>\n<ul data-path-to-node=\"12\">\n<li>\n<p data-path-to-node=\"12,0,0\"><b data-path-to-node=\"12,0,0\" data-index-in-node=\"0\">Premium klockliknande estetik:<\/b> Den v\u00e4lbekanta klockdesignen g\u00f6r den till det mest professionella valet f\u00f6r exklusiva galor och f\u00f6retagskonferenser.<\/p>\n<\/li>\n<li>\n<p data-path-to-node=\"12,1,0\"><b data-path-to-node=\"12,1,0\" data-index-in-node=\"0\">Professionell RF-integration:<\/b> Synkroniserar s\u00f6ml\u00f6st med din ljusbordslampa f\u00f6r att pulsera och blinka i perfekt samklang med evenemangets scenprogrammering.<\/p>\n<\/li>\n<li>\n<p data-path-to-node=\"12,2,0\"><b data-path-to-node=\"12,2,0\" data-index-in-node=\"0\">H\u00e5llbar och \u00e5teranv\u00e4ndbar:<\/b> De h\u00f6gkvalitativa materialen och det utbytbara batterisystemet g\u00f6r dessa armband l\u00e4mpliga f\u00f6r anv\u00e4ndning under flera dagar eller f\u00f6r turer i rad.<\/p>\n<\/li>\n<li>\n<p data-path-to-node=\"12,3,0\"><b data-path-to-node=\"12,3,0\" data-index-in-node=\"0\">H\u00f6gintensiva lysdioder:<\/b> Har ett kraftfullt ljusfl\u00f6de som kan visa 15 distinkta f\u00e4rger f\u00f6r att perfekt matcha ditt varum\u00e4rkes specifika f\u00e4rgpalett.<\/p>\n<\/li>\n<\/ul>\n<h2 data-path-to-node=\"13\">Specifikationer<\/h2>\n<ul data-path-to-node=\"14\">\n<li>\n<p data-path-to-node=\"14,0,0\"><b data-path-to-node=\"14,0,0\" data-index-in-node=\"0\">Material:<\/b> F\u00f6rst\u00e4rkt ABS-h\u00f6lje och premium silikonrem<\/p>\n<\/li>\n<li>\n<p data-path-to-node=\"14,1,0\"><b data-path-to-node=\"14,1,0\" data-index-in-node=\"0\">Vikt:<\/b> 30 g<\/p>\n<\/li>\n<li>\n<p data-path-to-node=\"14,2,0\"><b data-path-to-node=\"14,2,0\" data-index-in-node=\"0\">Enhetsstorlek:<\/b> 6,7 x 7,5 cm<\/p>\n<\/li>\n<li>\n<p data-path-to-node=\"14,3,0\"><b data-path-to-node=\"14,3,0\" data-index-in-node=\"0\">Kommunikation:<\/b> RF 433MHz \/ Fj\u00e4rrkontroll \/ DMX512<\/p>\n<\/li>\n<li>\n<p data-path-to-node=\"14,4,0\"><b data-path-to-node=\"14,4,0\" data-index-in-node=\"0\">Batteri:<\/b> 2x CR2032 (utbytbara)<\/p>\n<\/li>\n<li>\n<p data-path-to-node=\"14,5,0\"><b data-path-to-node=\"14,5,0\" data-index-in-node=\"0\">Arbetstid:<\/b> Upp till 12 timmar<\/p>\n<\/li>\n<li>\n<p data-path-to-node=\"14,6,0\"><b data-path-to-node=\"14,6,0\" data-index-in-node=\"0\">LED-f\u00e4rger:<\/b> 15 flerf\u00e4rgsl\u00e4gen<\/p>\n<\/li>\n<\/ul>\n<h2 data-path-to-node=\"15\">Anv\u00e4ndningsfall<\/h2>\n<ul data-path-to-node=\"16\">\n<li>\n<p data-path-to-node=\"16,0,0\"><b data-path-to-node=\"16,0,0\" data-index-in-node=\"0\">F\u00f6retagsgalaevenemang:<\/b> En professionell b\u00e4rbar enhet som fungerar b\u00e5de som ett interaktivt tillbeh\u00f6r och en v\u00e4rdefull g\u00e5va med varum\u00e4rkesprofil.<\/p>\n<\/li>\n<li>\n<p data-path-to-node=\"16,1,0\"><b data-path-to-node=\"16,1,0\" data-index-in-node=\"0\">Storskaliga konferenser:<\/b> Att f\u00f6rvandla hela publiken till en synkroniserad ljusduk under huvudtal och presentationer.<\/p>\n<\/li>\n<li>\n<p data-path-to-node=\"16,2,0\"><b data-path-to-node=\"16,2,0\" data-index-in-node=\"0\">VIP-sponsorvarum\u00e4rke:<\/b> Anv\u00e4nda den \u00f6verdimensionerade fronten f\u00f6r att visa upp huvudevenemangets sponsorer under exklusiva kv\u00e4llssammankomster.<\/p>\n<\/li>\n<li>\n<p data-path-to-node=\"16,3,0\"><b data-path-to-node=\"16,3,0\" data-index-in-node=\"0\">Produktlanseringar:<\/b> Central ljusstyrning lyfter fram varum\u00e4rkesidentiteter f\u00f6r tusentals deltagare samtidigt.<\/p>\n<\/li>\n<\/ul>\n<p data-path-to-node=\"17\">","protected":false},"excerpt":{"rendered":"<ul>\n<li>\n<p data-path-to-node=\"9,0,0\"><b data-path-to-node=\"9,0,0\" data-index-in-node=\"0\">Modern klockdesign:<\/b> Har ett framtr\u00e4dande rektangul\u00e4rt h\u00f6lje p\u00e5 ett bekv\u00e4mt silikonarmband som imiterar utseendet hos en professionell smartklocka.<\/p>\n<\/li>\n<li>\n<p data-path-to-node=\"9,1,0\"><b data-path-to-node=\"9,1,0\" data-index-in-node=\"0\">Maximerad varum\u00e4rkesyta:<\/b> Den \u00f6verdimensionerade platta &quot;urtavlan&quot; ger den st\u00f6rsta tryckytan i v\u00e5r katalog f\u00f6r slagkraftiga anpassade logotyper.<\/p>\n<\/li>\n<li>\n<p data-path-to-node=\"9,2,0\"><b data-path-to-node=\"9,2,0\" data-index-in-node=\"0\">L\u00e5ngvarig kraft:<\/b> Utrustad med 2x CR2032 utbytbara batterier, vilket ger en p\u00e5litlig 12-timmars ljusshow f\u00f6r l\u00e4ngre evenemang.<\/p>\n<\/li>\n<li>\n<p data-path-to-node=\"9,3,0\"><b data-path-to-node=\"9,3,0\" data-index-in-node=\"0\">Fullst\u00e4ndig synkroniserad kontroll:<\/b> Reagerar direkt p\u00e5 centrala RF- och DMX512-kontroller f\u00f6r att hantera 15 livfulla LED-f\u00e4rger samtidigt.<\/p>\n<\/li>\n<\/ul>","protected":false},"featured_media":6515,"comment_status":"closed","ping_status":"closed","template":"","meta":[],"product_brand":[],"product_cat":[80],"product_tag":[],"class_list":{"0":"post-6514","1":"product","2":"type-product","3":"status-publish","4":"has-post-thumbnail","6":"product_cat-led-wristbands","8":"first","9":"instock","10":"shipping-taxable","11":"purchasable","12":"product-type-simple"},"_links":{"self":[{"href":"https:\/\/displayproducts.eu\/sv\/wp-json\/wp\/v2\/product\/6514","targetHints":{"allow":["GET"]}}],"collection":[{"href":"https:\/\/displayproducts.eu\/sv\/wp-json\/wp\/v2\/product"}],"about":[{"href":"https:\/\/displayproducts.eu\/sv\/wp-json\/wp\/v2\/types\/product"}],"replies":[{"embeddable":true,"href":"https:\/\/displayproducts.eu\/sv\/wp-json\/wp\/v2\/comments?post=6514"}],"wp:featuredmedia":[{"embeddable":true,"href":"https:\/\/displayproducts.eu\/sv\/wp-json\/wp\/v2\/media\/6515"}],"wp:attachment":[{"href":"https:\/\/displayproducts.eu\/sv\/wp-json\/wp\/v2\/media?parent=6514"}],"wp:term":[{"taxonomy":"product_brand","embeddable":true,"href":"https:\/\/displayproducts.eu\/sv\/wp-json\/wp\/v2\/product_brand?post=6514"},{"taxonomy":"product_cat","embeddable":true,"href":"https:\/\/displayproducts.eu\/sv\/wp-json\/wp\/v2\/product_cat?post=6514"},{"taxonomy":"product_tag","embeddable":true,"href":"https:\/\/displayproducts.eu\/sv\/wp-json\/wp\/v2\/product_tag?post=6514"}],"curies":[{"name":"wp","href":"https:\/\/api.w.org\/{rel}","templated":true}]}}