{"id":6513,"date":"2026-01-02T23:41:25","date_gmt":"2026-01-02T20:41:25","guid":{"rendered":"https:\/\/wristbandfactory.eu\/?post_type=product&#038;p=6513"},"modified":"2026-04-01T21:52:34","modified_gmt":"2026-04-01T18:52:34","slug":"nylon-cord-remote-controlled-led-wristbands-with-custom-logo","status":"publish","type":"product","link":"https:\/\/displayproducts.eu\/sv\/p\/nylon-cord-remote-controlled-led-wristbands-with-custom-logo\/","title":{"rendered":"LED-armband med nylonsn\u00f6re och tryck"},"content":{"rendered":"<p data-path-to-node=\"9\">F\u00f6rh\u00f6j ditt evenemangs visuella effekt med LED-armbandet \u201cNylon Cord\u201d. Denna modell erbjuder en unik, avslappnad festivalestetik samtidigt som den levererar fj\u00e4rrstyrd belysningsteknik av professionell kvalitet. Den justerbara nylonsn\u00f6ret s\u00e4kerst\u00e4ller en s\u00e4ker och bekv\u00e4m passform f\u00f6r alla deltagare, vilket g\u00f6r det till ett popul\u00e4rt val f\u00f6r storskaliga utomhusfestivaler, nattliga runs och musikevenemang d\u00e4r en l\u00e4ttviktig b\u00e4rbar enhet f\u00f6redras framf\u00f6r traditionell silikon.<\/p>\n<h2 data-path-to-node=\"10\">Viktiga funktioner<\/h2>\n<ul data-path-to-node=\"11\">\n<li>\n<p data-path-to-node=\"11,0,0\"><b data-path-to-node=\"11,0,0\" data-index-in-node=\"0\">15 dynamiska LED-f\u00e4rger:<\/b> V\u00e4xla mellan 15 livfulla flerf\u00e4rgsl\u00e4gen f\u00f6r att matcha ditt evenemangs tema eller musikaliska signaler i realtid.<\/p>\n<\/li>\n<li>\n<p data-path-to-node=\"11,1,0\"><b data-path-to-node=\"11,1,0\" data-index-in-node=\"0\">S\u00e4ker fasts\u00e4ttning:<\/b> Den knutna nylonsn\u00f6resdesignen \u00e4r h\u00e5llbar och enkel f\u00f6r g\u00e4sterna att justera, vilket ger en l\u00f6sning som passar alla.<\/p>\n<\/li>\n<li>\n<p data-path-to-node=\"11,2,0\"><b data-path-to-node=\"11,2,0\" data-index-in-node=\"0\">Effektiv energihantering:<\/b> Genom att anv\u00e4nda ett dragfliksystem ist\u00e4llet f\u00f6r en manuell brytare kan du distribuera armbanden dagar i f\u00f6rv\u00e4g utan risk f\u00f6r att batteriet laddas ur.<\/p>\n<\/li>\n<li>\n<p data-path-to-node=\"11,3,0\"><b data-path-to-node=\"11,3,0\" data-index-in-node=\"0\">Professionell B2B-varum\u00e4rkesbyggande:<\/b> LED-h\u00f6ljets plana yta \u00e4r optimerad f\u00f6r h\u00f6gkvalitativt tampongtryck av din f\u00f6retagslogotyp.<\/p>\n<\/li>\n<\/ul>\n<h2 data-path-to-node=\"12\">Specifikationer<\/h2>\n<ul data-path-to-node=\"13\">\n<li>\n<p data-path-to-node=\"13,0,0\"><b data-path-to-node=\"13,0,0\" data-index-in-node=\"0\">Material:<\/b> ABS-h\u00f6lje med h\u00f6gh\u00e5llfast nylonlina.<\/p>\n<\/li>\n<li>\n<p data-path-to-node=\"13,1,0\"><b data-path-to-node=\"13,1,0\" data-index-in-node=\"0\">Vikt:<\/b> 20 g.<\/p>\n<\/li>\n<li>\n<p data-path-to-node=\"13,2,0\"><b data-path-to-node=\"13,2,0\" data-index-in-node=\"0\">Enhetsstorlek:<\/b> 6,7 x 7,5 cm.<\/p>\n<\/li>\n<li>\n<p data-path-to-node=\"13,3,0\"><b data-path-to-node=\"13,3,0\" data-index-in-node=\"0\">LED-l\u00e4gen:<\/b> 15 flerf\u00e4rgsalternativ.<\/p>\n<\/li>\n<li>\n<p data-path-to-node=\"13,4,0\"><b data-path-to-node=\"13,4,0\" data-index-in-node=\"0\">Kommunikation:<\/b> RF 433MHz \/ Fj\u00e4rrkontroll.<\/p>\n<\/li>\n<li>\n<p data-path-to-node=\"13,5,0\"><b data-path-to-node=\"13,5,0\" data-index-in-node=\"0\">Batteri:<\/b> 2x CR2032 (utbytbara).<\/p>\n<\/li>\n<li>\n<p data-path-to-node=\"13,6,0\"><b data-path-to-node=\"13,6,0\" data-index-in-node=\"0\">Arbetstid:<\/b> 12 timmar.<\/p>\n<\/li>\n<\/ul>\n<h2 data-path-to-node=\"14\">Anv\u00e4ndningsfall<\/h2>\n<ul data-path-to-node=\"15\">\n<li>\n<p data-path-to-node=\"15,0,0\"><b data-path-to-node=\"15,0,0\" data-index-in-node=\"0\">Musikfestivaler:<\/b> Matchar den klassiska v\u00e4vda band-estetiken men adderar en synkroniserad h\u00f6gteknologisk ljusshow.<\/p>\n<\/li>\n<li>\n<p data-path-to-node=\"15,1,0\"><b data-path-to-node=\"15,1,0\" data-index-in-node=\"0\">V\u00e4lg\u00f6renhetskv\u00e4llar:<\/b> Ett ultral\u00e4tt tillbeh\u00f6r som \u00f6kar synligheten och sammanh\u00e5llningen bland deltagarna.<\/p>\n<\/li>\n<li>\n<p data-path-to-node=\"15,2,0\"><b data-path-to-node=\"15,2,0\" data-index-in-node=\"0\">Strandfester och sommarevenemang:<\/b> Den andningsbara nylonsn\u00f6ret \u00e4r bekv\u00e4mt i varmt v\u00e4der och energiska milj\u00f6er.<\/p>\n<\/li>\n<li>\n<p data-path-to-node=\"15,3,0\"><b data-path-to-node=\"15,3,0\" data-index-in-node=\"0\">Sponsoraktiveringar:<\/b> En kostnadseffektiv, varum\u00e4rkesbaserad b\u00e4rbar enhet som skapar en minnesv\u00e4rd &quot;wow&quot;-faktor f\u00f6r stora folkmassor.<\/p>\n<\/li>\n<\/ul>\n<p data-path-to-node=\"16\">","protected":false},"excerpt":{"rendered":"<ul>\n<li>\n<p data-path-to-node=\"8,0,0\"><b data-path-to-node=\"8,0,0\" data-index-in-node=\"0\">Ultral\u00e4tt komfort:<\/b> Minimalistisk design med mjuk nylonsn\u00f6re och kompakt ABS-h\u00f6lje som bara v\u00e4ger 20 g.<\/p>\n<\/li>\n<li>\n<p data-path-to-node=\"8,1,0\"><b data-path-to-node=\"8,1,0\" data-index-in-node=\"0\">Synkroniserad fj\u00e4rrkontroll:<\/b> Helt kompatibel med centrala styrenheter f\u00f6r att hantera 15 olika LED-f\u00e4rger samtidigt i hela lokalen.<\/p>\n<\/li>\n<li>\n<p data-path-to-node=\"8,2,0\"><b data-path-to-node=\"8,2,0\" data-index-in-node=\"0\">F\u00f6rl\u00e4ngd batteritid:<\/b> Utrustad med 2x CR2032 utbytbara batterier som ger 12 timmars aktiv ljusshowprestanda.<\/p>\n<\/li>\n<li>\n<p data-path-to-node=\"8,3,0\"><b data-path-to-node=\"8,3,0\" data-index-in-node=\"0\">Dragflikskydd:<\/b> Batteriskyddsfliken s\u00e4kerst\u00e4ller att enheterna f\u00f6rblir p\u00e5 str\u00f6m \u00e4nda fram till exakt det \u00f6gonblick d\u00e5 ditt evenemang ska \u00e4ga rum.<\/p>\n<\/li>\n<\/ul>","protected":false},"featured_media":5983,"comment_status":"closed","ping_status":"closed","template":"","meta":[],"product_brand":[],"product_cat":[80],"product_tag":[],"class_list":{"0":"post-6513","1":"product","2":"type-product","3":"status-publish","4":"has-post-thumbnail","6":"product_cat-led-wristbands","8":"first","9":"instock","10":"shipping-taxable","11":"product-type-simple"},"_links":{"self":[{"href":"https:\/\/displayproducts.eu\/sv\/wp-json\/wp\/v2\/product\/6513","targetHints":{"allow":["GET"]}}],"collection":[{"href":"https:\/\/displayproducts.eu\/sv\/wp-json\/wp\/v2\/product"}],"about":[{"href":"https:\/\/displayproducts.eu\/sv\/wp-json\/wp\/v2\/types\/product"}],"replies":[{"embeddable":true,"href":"https:\/\/displayproducts.eu\/sv\/wp-json\/wp\/v2\/comments?post=6513"}],"wp:featuredmedia":[{"embeddable":true,"href":"https:\/\/displayproducts.eu\/sv\/wp-json\/wp\/v2\/media\/5983"}],"wp:attachment":[{"href":"https:\/\/displayproducts.eu\/sv\/wp-json\/wp\/v2\/media?parent=6513"}],"wp:term":[{"taxonomy":"product_brand","embeddable":true,"href":"https:\/\/displayproducts.eu\/sv\/wp-json\/wp\/v2\/product_brand?post=6513"},{"taxonomy":"product_cat","embeddable":true,"href":"https:\/\/displayproducts.eu\/sv\/wp-json\/wp\/v2\/product_cat?post=6513"},{"taxonomy":"product_tag","embeddable":true,"href":"https:\/\/displayproducts.eu\/sv\/wp-json\/wp\/v2\/product_tag?post=6513"}],"curies":[{"name":"wp","href":"https:\/\/api.w.org\/{rel}","templated":true}]}}