{"id":6248,"date":"2025-12-20T19:03:55","date_gmt":"2025-12-20T16:03:55","guid":{"rendered":"https:\/\/wristbandfactory.eu\/?post_type=product&#038;p=6248"},"modified":"2026-04-01T21:52:03","modified_gmt":"2026-04-01T18:52:03","slug":"custom-printed-nail-files-made-in-europe-full-color-uv-print","status":"publish","type":"product","link":"https:\/\/displayproducts.eu\/sv\/p\/custom-printed-nail-files-made-in-europe-full-color-uv-print\/","title":{"rendered":"Nagelfilar med tryck"},"content":{"rendered":"<p data-path-to-node=\"10\">F\u00f6rh\u00f6j ditt utbud av sk\u00f6nhetsprodukter eller f\u00f6retagspresenter med v\u00e5ra <b data-path-to-node=\"10\" data-index-in-node=\"88\">Anpassade tryckta nagelfilar<\/b>, stolt <b data-path-to-node=\"10\" data-index-in-node=\"123\">Tillverkad i Europa<\/b>. Till skillnad fr\u00e5n generiska reklamartiklar \u00e4r dessa h\u00f6gkvalitativa nagelbitar utformade f\u00f6r verklighetstrogen funktionalitet, vilket g\u00f6r dem till ett v\u00e4rdefullt tillbeh\u00f6r f\u00f6r professionella salonger, spa och resekit.<\/p>\n<p data-path-to-node=\"11\">Vi anv\u00e4nder den senaste tekniken <b data-path-to-node=\"11\" data-index-in-node=\"20\">UV-digitaltryck<\/b> f\u00f6r att t\u00e4cka filen med din anpassade design, logotyp eller m\u00f6nster. Denna teknik m\u00f6jligg\u00f6r fotorealistiska detaljer och livfulla f\u00e4rger med hj\u00e4lp av s\u00e4kra, giftfria bl\u00e4ck som t\u00e5l daglig anv\u00e4ndning. Oavsett om du \u00e4r en hotellkedja som letar efter f\u00f6rstklassiga rumsbekv\u00e4mligheter eller ett sk\u00f6nhetsm\u00e4rke som s\u00f6ker varor, erbjuder dessa filer en perfekt blandning av stil och anv\u00e4ndbarhet.<\/p>\n<h2 data-path-to-node=\"12\">Viktiga funktioner<\/h2>\n<ul data-path-to-node=\"13\">\n<li>\n<p data-path-to-node=\"13,0,0\"><b data-path-to-node=\"13,0,0\" data-index-in-node=\"0\">Livfull anpassning:<\/b> Helytans UV-tryck f\u00f6rvandlar ett enkelt verktyg till en modeaccessoar. Perfekt f\u00f6r invecklade logotyper eller helm\u00f6nsterdesigner.<\/p>\n<\/li>\n<li>\n<p data-path-to-node=\"13,1,0\"><b data-path-to-node=\"13,1,0\" data-index-in-node=\"0\">S\u00e4kerhet f\u00f6rst:<\/b> Vi anv\u00e4nder endast giftfria, s\u00e4kra tryckf\u00e4rger, vilket g\u00f6r dessa l\u00e4mpliga f\u00f6r bred distribution och frekvent hudkontakt.<\/p>\n<\/li>\n<li>\n<p data-path-to-node=\"13,2,0\"><b data-path-to-node=\"13,2,0\" data-index-in-node=\"0\">H\u00e5llbar konstruktion:<\/b> Byggd f\u00f6r att h\u00e5lla med h\u00f6gkvalitativt slippapper som effektivt formar naturliga och f\u00f6rl\u00e4ngda naglar utan att flagna.<\/p>\n<\/li>\n<li>\n<p data-path-to-node=\"13,3,0\"><b data-path-to-node=\"13,3,0\" data-index-in-node=\"0\">Marknadsf\u00f6ringsp\u00e5verkan:<\/b> En mycket funktionell produkt som stannar i kundens handv\u00e4ska eller badrum och ger upprepad varum\u00e4rkesexponering.<\/p>\n<\/li>\n<\/ul>\n<h2 data-path-to-node=\"14\">Specifikationer<\/h2>\n<ul data-path-to-node=\"15\">\n<li>\n<p data-path-to-node=\"15,0,0\"><b data-path-to-node=\"15,0,0\" data-index-in-node=\"0\">Ursprung:<\/b> Tillverkad i Europa.<\/p>\n<\/li>\n<li>\n<p data-path-to-node=\"15,1,0\"><b data-path-to-node=\"15,1,0\" data-index-in-node=\"0\">Utskriftsmetod:<\/b> UV-digitalt tryck i fullf\u00e4rg.<\/p>\n<\/li>\n<li>\n<p data-path-to-node=\"15,2,0\"><b data-path-to-node=\"15,2,0\" data-index-in-node=\"0\">Material:<\/b> K\u00e4rna av h\u00f6gkvalitativt slippapper.<\/p>\n<\/li>\n<li>\n<p data-path-to-node=\"15,3,0\"><b data-path-to-node=\"15,3,0\" data-index-in-node=\"0\">Tillg\u00e4ngliga storlekar:<\/b><\/p>\n<ul data-path-to-node=\"15,3,1\">\n<li>\n<p data-path-to-node=\"15,3,1,0,0\"><b data-path-to-node=\"15,3,1,0,0\" data-index-in-node=\"0\">Professionell (18 cm \u00d7 1,85 cm):<\/b> Standarden f\u00f6r salonger och manikyr i hemmet. L\u00e5ng yta f\u00f6r mjuka penseldrag.<\/p>\n<\/li>\n<li>\n<p data-path-to-node=\"15,3,1,1,0\"><b data-path-to-node=\"15,3,1,1,0\" data-index-in-node=\"0\">Universell (12 cm \u00d7 1,6 cm):<\/b> En perfekt balans mellan komfort och portabilitet.<\/p>\n<\/li>\n<li>\n<p data-path-to-node=\"15,3,1,2,0\"><b data-path-to-node=\"15,3,1,2,0\" data-index-in-node=\"0\">F\u00e4rdv\u00e4g (8,7 cm \u00d7 1,6 cm):<\/b> Kompakt storlek, perfekt f\u00f6r kosmetiska v\u00e4skor, resekit och snabba l\u00f6sningar n\u00e4r du \u00e4r p\u00e5 spr\u00e5ng.<\/p>\n<\/li>\n<\/ul>\n<\/li>\n<\/ul>\n<h2 data-path-to-node=\"16\">Anv\u00e4ndningsfall<\/h2>\n<ul data-path-to-node=\"17\">\n<li>\n<p data-path-to-node=\"17,0,0\"><b data-path-to-node=\"17,0,0\" data-index-in-node=\"0\">Sk\u00f6nhetssalonger och spa:<\/b> M\u00e4rkesverktyg f\u00f6r tekniker eller detaljhandelsartiklar f\u00f6r kunder att ta med hem.<\/p>\n<\/li>\n<li>\n<p data-path-to-node=\"17,1,0\"><b data-path-to-node=\"17,1,0\" data-index-in-node=\"0\">Hotellbekv\u00e4mligheter:<\/b> Ett omt\u00e4nksamt till\u00e4gg till badrumsm\u00f6bler p\u00e5 lyxhotell och resorts.<\/p>\n<\/li>\n<li>\n<p data-path-to-node=\"17,2,0\"><b data-path-to-node=\"17,2,0\" data-index-in-node=\"0\">F\u00f6retagsg\u00e5vor:<\/b> En kompakt, billig men \u00e4nd\u00e5 anv\u00e4ndbar present f\u00f6r kvinnokonferenser, modeevenemang eller h\u00e4lsokampanjer.<\/p>\n<\/li>\n<\/ul>","protected":false},"excerpt":{"rendered":"<ul>\n<li>\n<p data-path-to-node=\"9,0,0\"><b data-path-to-node=\"9,0,0\" data-index-in-node=\"0\">Europeisk produktion:<\/b> Stolt tillverkad i Europa, vilket garanterar \u00f6verl\u00e4gsen hantverksskicklighet, s\u00e4kerhet och h\u00e5llbarhet j\u00e4mf\u00f6rt med standardimport.<\/p>\n<\/li>\n<li>\n<p data-path-to-node=\"9,1,0\"><b data-path-to-node=\"9,1,0\" data-index-in-node=\"0\">Varum\u00e4rkesbyggande i fullf\u00e4rg:<\/b> Anv\u00e4nder avancerad UV-tryckteknik med giftfria bl\u00e4ck f\u00f6r att skapa livfulla, rept\u00e5liga logotyper och m\u00f6nster.<\/p>\n<\/li>\n<li>\n<p data-path-to-node=\"9,2,0\"><b data-path-to-node=\"9,2,0\" data-index-in-node=\"0\">Tre m\u00e5ngsidiga storlekar:<\/b> Finns i Large (Professional), Medium (Universal) och Small (Rese) f\u00f6r att passa alla m\u00e5lgrupper.<\/p>\n<\/li>\n<li>\n<p data-path-to-node=\"9,3,0\"><b data-path-to-node=\"9,3,0\" data-index-in-node=\"0\">Professionell kvalitet:<\/b> L\u00e4mplig f\u00f6r b\u00e5de naturliga och konstgjorda naglar och erbjuder effektiv filning med h\u00f6gkvalitativa slipmedel.<\/p>\n<\/li>\n<\/ul>","protected":false},"featured_media":6249,"comment_status":"closed","ping_status":"closed","template":"","meta":[],"product_brand":[],"product_cat":[132],"product_tag":[],"class_list":{"0":"post-6248","1":"product","2":"type-product","3":"status-publish","4":"has-post-thumbnail","6":"product_cat-hotel-spa-amenities","8":"first","9":"instock","10":"shipping-taxable","11":"product-type-simple"},"_links":{"self":[{"href":"https:\/\/displayproducts.eu\/sv\/wp-json\/wp\/v2\/product\/6248","targetHints":{"allow":["GET"]}}],"collection":[{"href":"https:\/\/displayproducts.eu\/sv\/wp-json\/wp\/v2\/product"}],"about":[{"href":"https:\/\/displayproducts.eu\/sv\/wp-json\/wp\/v2\/types\/product"}],"replies":[{"embeddable":true,"href":"https:\/\/displayproducts.eu\/sv\/wp-json\/wp\/v2\/comments?post=6248"}],"wp:featuredmedia":[{"embeddable":true,"href":"https:\/\/displayproducts.eu\/sv\/wp-json\/wp\/v2\/media\/6249"}],"wp:attachment":[{"href":"https:\/\/displayproducts.eu\/sv\/wp-json\/wp\/v2\/media?parent=6248"}],"wp:term":[{"taxonomy":"product_brand","embeddable":true,"href":"https:\/\/displayproducts.eu\/sv\/wp-json\/wp\/v2\/product_brand?post=6248"},{"taxonomy":"product_cat","embeddable":true,"href":"https:\/\/displayproducts.eu\/sv\/wp-json\/wp\/v2\/product_cat?post=6248"},{"taxonomy":"product_tag","embeddable":true,"href":"https:\/\/displayproducts.eu\/sv\/wp-json\/wp\/v2\/product_tag?post=6248"}],"curies":[{"name":"wp","href":"https:\/\/api.w.org\/{rel}","templated":true}]}}