{"id":6245,"date":"2025-12-20T18:56:31","date_gmt":"2025-12-20T15:56:31","guid":{"rendered":"https:\/\/wristbandfactory.eu\/?post_type=product&#038;p=6245"},"modified":"2026-04-01T21:52:03","modified_gmt":"2026-04-01T18:52:03","slug":"bio-based-reusable-coffee-cups","status":"publish","type":"product","link":"https:\/\/displayproducts.eu\/sv\/p\/bio-based-reusable-coffee-cups\/","title":{"rendered":"\u00c5teranv\u00e4ndbara muggar med tryck (Bio)"},"content":{"rendered":"<p data-path-to-node=\"10\">G\u00f6r ett h\u00e5llbart uttalande med v\u00e5r <b data-path-to-node=\"10\" data-index-in-node=\"63\">Anpassade biobaserade \u00e5teranv\u00e4ndbara kaffekoppar<\/b>. Denna 200 ml-beh\u00e5llare \u00e4r utformad som det perfekta milj\u00f6v\u00e4nliga alternativet till eng\u00e5ngspappersmuggar och kombinerar tysk ingenj\u00f6rskonst med f\u00f6rnybara material. Den \u00e4r en idealisk reklamprodukt f\u00f6r milj\u00f6medvetna kontor, kaf\u00e9er och f\u00f6retagsevenemang.<\/p>\n<p data-path-to-node=\"11\">Koppen \u00e4r tillverkad av h\u00f6gkvalitativt material <b data-path-to-node=\"11\" data-index-in-node=\"37\">biobaserade plaster fr\u00e5n f\u00f6rnybara k\u00e4llor<\/b>, vilket s\u00e4kerst\u00e4ller ett l\u00e4gre koldioxidavtryck utan att kompromissa med h\u00e5llbarheten. Dess praktiska design inkluderar ett s\u00e4kert lock som h\u00e5ller dryckerna varma l\u00e4ngre och samtidigt f\u00f6rhindrar spill under pendlingen.<\/p>\n<h2 data-path-to-node=\"12\">Viktiga funktioner<\/h2>\n<ul data-path-to-node=\"13\">\n<li>\n<p data-path-to-node=\"13,0,0\"><b data-path-to-node=\"13,0,0\" data-index-in-node=\"0\">F\u00f6rnybar sammans\u00e4ttning:<\/b> Tillverkad av biobaserade polymerer, vilket erbjuder ett ansvarsfullt alternativ till fossilbaserade plaster.<\/p>\n<\/li>\n<li>\n<p data-path-to-node=\"13,1,0\"><b data-path-to-node=\"13,1,0\" data-index-in-node=\"0\">Kontorsv\u00e4nligt:<\/b> Utformad f\u00f6r att passa perfekt under vanliga kaffemaskiners pipar, vilket g\u00f6r den till det ultimata tillbeh\u00f6ret f\u00f6r att ta med dig allt fr\u00e5n skrivbord till m\u00f6te.<\/p>\n<\/li>\n<li>\n<p data-path-to-node=\"13,2,0\"><b data-path-to-node=\"13,2,0\" data-index-in-node=\"0\">Hygien och s\u00e4kerhet:<\/b> Helt BPA-fritt och livsmedelss\u00e4kert. Materialet \u00e4r robust och helt \u00e5tervinningsbart i slutet av sin livscykel.<\/p>\n<\/li>\n<li>\n<p data-path-to-node=\"13,3,0\"><b data-path-to-node=\"13,3,0\" data-index-in-node=\"0\">M\u00e5ngsidig varum\u00e4rkesbyggande:<\/b> Anpassa med screentryck, tampongtryck eller premiumlasergravyr f\u00f6r att visa upp din logotyp permanent.<\/p>\n<\/li>\n<\/ul>\n<h2 data-path-to-node=\"14\">Specifikationer<\/h2>\n<ul data-path-to-node=\"15\">\n<li>\n<p data-path-to-node=\"15,0,0\"><b data-path-to-node=\"15,0,0\" data-index-in-node=\"0\">Kapacitet:<\/b> 200 ml.<\/p>\n<\/li>\n<li>\n<p data-path-to-node=\"15,1,0\"><b data-path-to-node=\"15,1,0\" data-index-in-node=\"0\">Material:<\/b> Biobaserad plast (f\u00f6rnybara k\u00e4llor).<\/p>\n<\/li>\n<li>\n<p data-path-to-node=\"15,2,0\"><b data-path-to-node=\"15,2,0\" data-index-in-node=\"0\">Ursprung:<\/b> Tillverkad i Tyskland.<\/p>\n<\/li>\n<li>\n<p data-path-to-node=\"15,3,0\"><b data-path-to-node=\"15,3,0\" data-index-in-node=\"0\">Egenskaper:<\/b> BPA-fri, 100% \u00e5tervinningsbar, diskmaskinss\u00e4ker.<\/p>\n<\/li>\n<li>\n<p data-path-to-node=\"15,4,0\"><b data-path-to-node=\"15,4,0\" data-index-in-node=\"0\">Lock:<\/b> Ing\u00e5r (biobaserad, v\u00e4rmelagrande).<\/p>\n<\/li>\n<li>\n<p data-path-to-node=\"15,5,0\"><b data-path-to-node=\"15,5,0\" data-index-in-node=\"0\">Varum\u00e4rkesalternativ:<\/b> Screentryck, tampongtryck, lasergravyr.<\/p>\n<\/li>\n<\/ul>\n<h2 data-path-to-node=\"16\">Anv\u00e4ndningsfall<\/h2>\n<ul data-path-to-node=\"17\">\n<li>\n<p data-path-to-node=\"17,0,0\"><b data-path-to-node=\"17,0,0\" data-index-in-node=\"0\">Kontorsh\u00e5llbarhet:<\/b> Byt ut eng\u00e5ngsmuggar i pentryt p\u00e5 kontoret f\u00f6r att minska avfall och kostnader.<\/p>\n<\/li>\n<li>\n<p data-path-to-node=\"17,1,0\"><b data-path-to-node=\"17,1,0\" data-index-in-node=\"0\">F\u00f6retagsg\u00e5vor:<\/b> En praktisk och h\u00f6gkvalitativ present till anst\u00e4llda och kunder som \u00e4r i linje med CSR-m\u00e5l.<\/p>\n<\/li>\n<li>\n<p data-path-to-node=\"17,2,0\"><b data-path-to-node=\"17,2,0\" data-index-in-node=\"0\">Cafeterior och evenemang:<\/b> H\u00e5llbar serveringsl\u00f6sning f\u00f6r konferenser och matsalar som kr\u00e4ver stapelbara, tv\u00e4ttbara dryckesk\u00e4rl.<\/p>\n<\/li>\n<\/ul>","protected":false},"excerpt":{"rendered":"<ul>\n<li>\n<p data-path-to-node=\"9,0,0\"><b data-path-to-node=\"9,0,0\" data-index-in-node=\"0\">Ekoinnovation:<\/b> Tillverkad i Tyskland av f\u00f6rnybara biobaserade material, vilket st\u00f6der en gr\u00f6nare livsstil.<\/p>\n<\/li>\n<li>\n<p data-path-to-node=\"9,1,0\"><b data-path-to-node=\"9,1,0\" data-index-in-node=\"0\">Perfekt storlek f\u00f6r att ta med:<\/b> 200 ml kapacitet passar under de flesta vanliga kaffemaskiner; perfekt f\u00f6r kontor och hemmabruk.<\/p>\n<\/li>\n<li>\n<p data-path-to-node=\"9,2,0\"><b data-path-to-node=\"9,2,0\" data-index-in-node=\"0\">Smart design:<\/b> Har ett v\u00e4rmelagrande, l\u00e4ckagereducerande biolock och en stapelbar form f\u00f6r enkel f\u00f6rvaring.<\/p>\n<\/li>\n<li>\n<p data-path-to-node=\"9,3,0\"><b data-path-to-node=\"9,3,0\" data-index-in-node=\"0\">S\u00e4ker och h\u00e5llbar:<\/b> BPA-fri, 100% \u00e5tervinningsbar och diskmaskinss\u00e4ker (handdisk rekommenderas f\u00f6r tryckta logotyper).<\/p>\n<\/li>\n<\/ul>","protected":false},"featured_media":6246,"comment_status":"closed","ping_status":"closed","template":"","meta":[],"product_brand":[],"product_cat":[111],"product_tag":[],"class_list":{"0":"post-6245","1":"product","2":"type-product","3":"status-publish","4":"has-post-thumbnail","6":"product_cat-reusable-event-cups","8":"first","9":"instock","10":"shipping-taxable","11":"purchasable","12":"product-type-simple"},"_links":{"self":[{"href":"https:\/\/displayproducts.eu\/sv\/wp-json\/wp\/v2\/product\/6245","targetHints":{"allow":["GET"]}}],"collection":[{"href":"https:\/\/displayproducts.eu\/sv\/wp-json\/wp\/v2\/product"}],"about":[{"href":"https:\/\/displayproducts.eu\/sv\/wp-json\/wp\/v2\/types\/product"}],"replies":[{"embeddable":true,"href":"https:\/\/displayproducts.eu\/sv\/wp-json\/wp\/v2\/comments?post=6245"}],"wp:featuredmedia":[{"embeddable":true,"href":"https:\/\/displayproducts.eu\/sv\/wp-json\/wp\/v2\/media\/6246"}],"wp:attachment":[{"href":"https:\/\/displayproducts.eu\/sv\/wp-json\/wp\/v2\/media?parent=6245"}],"wp:term":[{"taxonomy":"product_brand","embeddable":true,"href":"https:\/\/displayproducts.eu\/sv\/wp-json\/wp\/v2\/product_brand?post=6245"},{"taxonomy":"product_cat","embeddable":true,"href":"https:\/\/displayproducts.eu\/sv\/wp-json\/wp\/v2\/product_cat?post=6245"},{"taxonomy":"product_tag","embeddable":true,"href":"https:\/\/displayproducts.eu\/sv\/wp-json\/wp\/v2\/product_tag?post=6245"}],"curies":[{"name":"wp","href":"https:\/\/api.w.org\/{rel}","templated":true}]}}