{"id":6242,"date":"2025-12-20T18:48:57","date_gmt":"2025-12-20T15:48:57","guid":{"rendered":"https:\/\/wristbandfactory.eu\/?post_type=product&#038;p=6242"},"modified":"2026-04-01T21:52:34","modified_gmt":"2026-04-01T18:52:34","slug":"custom-made-hooded-wearable-blankets-bespoke-design","status":"publish","type":"product","link":"https:\/\/displayproducts.eu\/sv\/p\/custom-made-hooded-wearable-blankets-bespoke-design\/","title":{"rendered":"Specialdesignade huvfiltar (Wearable Blankets)"},"content":{"rendered":"<p data-path-to-node=\"10\">Skapa en verkligt unik f\u00f6retagspresent eller detaljhandelsprodukt med v\u00e5r <b data-path-to-node=\"10\" data-index-in-node=\"89\">Skr\u00e4ddarsydda filtar med huva<\/b>. Den h\u00e4r tj\u00e4nsten l\u00e5ter dig g\u00e5 bortom begr\u00e4nsningarna f\u00f6r standardvaror i lager. Vi erbjuder en komplett <b data-path-to-node=\"10\" data-index-in-node=\"226\">\u201cTillverkningsl\u00f6sningen \u201dCut &amp; Sew\u201d<\/b>, vilket ger dig full kontroll \u00f6ver utseendet, k\u00e4nslan och funktionerna hos slutprodukten.<\/p>\n<p data-path-to-node=\"11\">Oavsett om du vill ha en j\u00e4ttestor \u00f6verdimensionerad hoodie f\u00f6r en vinterkampanj, en l\u00e4tt poncho f\u00f6r sommarfestivaler eller en lyxig sherpafodrad filt f\u00f6r VIP-presenter, s\u00e5 bygger vi den efter dina specifikationer. Din design trycks p\u00e5 tygrullarna innan de sk\u00e4rs, vilket garanterar en s\u00f6ml\u00f6s look. <b data-path-to-node=\"11\" data-index-in-node=\"274\">360-graders varum\u00e4rkesupplevelse<\/b> utan otryckta marginaler.<\/p>\n<h2 data-path-to-node=\"12\">Viktiga funktioner<\/h2>\n<ul data-path-to-node=\"13\">\n<li>\n<p data-path-to-node=\"13,0,0\"><b data-path-to-node=\"13,0,0\" data-index-in-node=\"0\">Obegr\u00e4nsad designfrihet:<\/b> V\u00e5rt fullytstryck med f\u00e4rgsublimering inneb\u00e4r att ditt konstverk t\u00e4cker varje centimeter av tyget. Perfekt f\u00f6r komplexa m\u00f6nster, varum\u00e4rkesmaskotar eller fotografiska designer.<\/p>\n<\/li>\n<li>\n<p data-path-to-node=\"13,1,0\"><b data-path-to-node=\"13,1,0\" data-index-in-node=\"0\">Materialval:<\/b><\/p>\n<ul data-path-to-node=\"13,1,1\">\n<li>\n<p data-path-to-node=\"13,1,1,0,0\"><i data-path-to-node=\"13,1,1,0,0\" data-index-in-node=\"0\">Yttre lager:<\/i> Sl\u00e4t flanellfleece (perfekt f\u00f6r tryck) eller velour.<\/p>\n<\/li>\n<li>\n<p data-path-to-node=\"13,1,1,1,0\"><i data-path-to-node=\"13,1,1,1,0\" data-index-in-node=\"0\">Innerfoder:<\/i> Tjock vit sherpa (klassisk v\u00e4rme), gr\u00e5 sherpa eller mikrofleece (l\u00e4ttare).<\/p>\n<\/li>\n<li>\n<p data-path-to-node=\"13,1,1,2,0\"><i data-path-to-node=\"13,1,1,2,0\" data-index-in-node=\"0\">Eko-alternativ:<\/i> Finns i 100% GRS-certifierad \u00e5tervunnen polyester p\u00e5 beg\u00e4ran.<\/p>\n<\/li>\n<\/ul>\n<\/li>\n<li>\n<p data-path-to-node=\"13,2,0\"><b data-path-to-node=\"13,2,0\" data-index-in-node=\"0\">Anpassad storlek:<\/b> Vi kan tillverka i dimensioner f\u00f6r barn, vuxna i standardstorlek och vuxna i \u00f6verdimension (gigantiska).<\/p>\n<\/li>\n<li>\n<p data-path-to-node=\"13,3,0\"><b data-path-to-node=\"13,3,0\" data-index-in-node=\"0\">Klar f\u00f6r privat etikett:<\/b> Vi kan sy in era egna m\u00e4rkesetiketter i halsen, sk\u00f6tseletiketter och till och med anpassa dragkedjedragare eller knappar.<\/p>\n<\/li>\n<\/ul>\n<h2 data-path-to-node=\"14\">Specifikationer<\/h2>\n<ul data-path-to-node=\"15\">\n<li>\n<p data-path-to-node=\"15,0,0\"><b data-path-to-node=\"15,0,0\" data-index-in-node=\"0\">Produktionstyp:<\/b> Best\u00e4llningsvara (OEM\/ODM).<\/p>\n<\/li>\n<li>\n<p data-path-to-node=\"15,1,0\"><b data-path-to-node=\"15,1,0\" data-index-in-node=\"0\">Standard tygvikt:<\/b> 200 gsm flanell + 230 gsm sherpa (anpassningsbar).<\/p>\n<\/li>\n<li>\n<p data-path-to-node=\"15,2,0\"><b data-path-to-node=\"15,2,0\" data-index-in-node=\"0\">Utskriftsmetod:<\/b> Fullf\u00e4rgssublimering (CMYK).<\/p>\n<\/li>\n<li>\n<p data-path-to-node=\"15,3,0\"><b data-path-to-node=\"15,3,0\" data-index-in-node=\"0\">Standardstorlek:<\/b> 100 x 80 cm (b\u00e4rbar hoodie-modell) \u2013 <i data-path-to-node=\"15,3,0\" data-index-in-node=\"53\">Anpassade storlekar tillg\u00e4ngliga.<\/i><\/p>\n<\/li>\n<li>\n<p data-path-to-node=\"15,4,0\"><b data-path-to-node=\"15,4,0\" data-index-in-node=\"0\">Drag:<\/b> Huva, k\u00e4nguruficka, elastiska muddar.<\/p>\n<\/li>\n<li>\n<p data-path-to-node=\"15,5,0\"><b data-path-to-node=\"15,5,0\" data-index-in-node=\"0\">F\u00f6rpackning:<\/b> Vakuumf\u00f6rpackade f\u00f6r effektiv frakt eller specialdesignade presentaskar.<\/p>\n<\/li>\n<\/ul>","protected":false},"excerpt":{"rendered":"<ul>\n<li>\n<p data-path-to-node=\"9,0,0\"><b data-path-to-node=\"9,0,0\" data-index-in-node=\"0\">100% Helt anpassningsbar:<\/b> Till skillnad fr\u00e5n lagervaror tillverkas denna produkt fr\u00e5n grunden, vilket m\u00f6jligg\u00f6r kant-till-kant-tryck och anpassad Pantone-matchning.<\/p>\n<\/li>\n<li>\n<p data-path-to-node=\"9,1,0\"><b data-path-to-node=\"9,1,0\" data-index-in-node=\"0\">Premiummaterialalternativ:<\/b> V\u00e4lj mellan fluffigt sherpafoder, mjuk microfleece eller milj\u00f6v\u00e4nliga kombinationer av \u00e5tervunnen GRS-polyester.<\/p>\n<\/li>\n<li>\n<p data-path-to-node=\"9,2,0\"><b data-path-to-node=\"9,2,0\" data-index-in-node=\"0\">Helhetsintryck:<\/b> Anv\u00e4nd hela filtens yta \u2013 framsida, baksida, huva och \u00e4rmar \u2013 f\u00f6r ett livfullt, fotorealistiskt sublimeringstryck.<\/p>\n<\/li>\n<li>\n<p data-path-to-node=\"9,3,0\"><b data-path-to-node=\"9,3,0\" data-index-in-node=\"0\">Skr\u00e4ddarsydda funktioner:<\/b> Anpassa detaljer som fickform, manschettf\u00e4rger och l\u00e4gg till privata etiketter eller broderade m\u00e4rkeslappar.<\/p>\n<\/li>\n<\/ul>","protected":false},"featured_media":6244,"comment_status":"closed","ping_status":"closed","template":"","meta":[],"product_brand":[],"product_cat":[129],"product_tag":[],"class_list":{"0":"post-6242","1":"product","2":"type-product","3":"status-publish","4":"has-post-thumbnail","6":"product_cat-leisure-lifestyle","8":"first","9":"instock","10":"shipping-taxable","11":"product-type-simple"},"_links":{"self":[{"href":"https:\/\/displayproducts.eu\/sv\/wp-json\/wp\/v2\/product\/6242","targetHints":{"allow":["GET"]}}],"collection":[{"href":"https:\/\/displayproducts.eu\/sv\/wp-json\/wp\/v2\/product"}],"about":[{"href":"https:\/\/displayproducts.eu\/sv\/wp-json\/wp\/v2\/types\/product"}],"replies":[{"embeddable":true,"href":"https:\/\/displayproducts.eu\/sv\/wp-json\/wp\/v2\/comments?post=6242"}],"wp:featuredmedia":[{"embeddable":true,"href":"https:\/\/displayproducts.eu\/sv\/wp-json\/wp\/v2\/media\/6244"}],"wp:attachment":[{"href":"https:\/\/displayproducts.eu\/sv\/wp-json\/wp\/v2\/media?parent=6242"}],"wp:term":[{"taxonomy":"product_brand","embeddable":true,"href":"https:\/\/displayproducts.eu\/sv\/wp-json\/wp\/v2\/product_brand?post=6242"},{"taxonomy":"product_cat","embeddable":true,"href":"https:\/\/displayproducts.eu\/sv\/wp-json\/wp\/v2\/product_cat?post=6242"},{"taxonomy":"product_tag","embeddable":true,"href":"https:\/\/displayproducts.eu\/sv\/wp-json\/wp\/v2\/product_tag?post=6242"}],"curies":[{"name":"wp","href":"https:\/\/api.w.org\/{rel}","templated":true}]}}