{"id":6239,"date":"2025-12-20T18:40:33","date_gmt":"2025-12-20T15:40:33","guid":{"rendered":"https:\/\/wristbandfactory.eu\/?post_type=product&#038;p=6239"},"modified":"2026-04-01T21:52:34","modified_gmt":"2026-04-01T18:52:34","slug":"custom-laser-engraved-portable-ashtrays-zinc-alloy-with-carabiner","status":"publish","type":"product","link":"https:\/\/displayproducts.eu\/sv\/p\/custom-laser-engraved-portable-ashtrays-zinc-alloy-with-carabiner\/","title":{"rendered":"Fickaskkoppar med gravyr (Zinklegering)"},"content":{"rendered":"<p data-path-to-node=\"10\">Kombinera stil, funktionalitet och milj\u00f6ansvar med v\u00e5r <b data-path-to-node=\"10\" data-index-in-node=\"97\">Anpassade lasergraverade b\u00e4rbara askfat<\/b>. Detta tillbeh\u00f6r \u00e4r utformat f\u00f6r den moderna yrkespersonen och erbjuder ett diskret och elegant s\u00e4tt att hantera aska och cigarettfimpar n\u00e4r du \u00e4r p\u00e5 spr\u00e5ng. Oavsett om det \u00e4r f\u00f6r en aff\u00e4rschef, en friluftsentusiast eller som en omt\u00e4nksam f\u00f6retagsg\u00e5va, \u00e4r detta askfat i zinklegering ett kvalitetsuttalande.<\/p>\n<p data-path-to-node=\"11\">Den eleganta <b data-path-to-node=\"11\" data-index-in-node=\"10\">Konstruktion av zinklegering<\/b> ger inte bara en modern, gl\u00e4nsande silverestetik utan s\u00e4kerst\u00e4ller ocks\u00e5 h\u00e5llbarhet. Den \u00e4r motst\u00e5ndskraftig mot rost och slitage och beh\u00e5ller sitt polerade utseende \u00f6ver tid. Den kompakta rektangul\u00e4ra designen har en s\u00e4ker st\u00e4ngningsmekanism som f\u00e5ngar upp lukter och aska inuti, vilket g\u00f6r den s\u00e4ker att b\u00e4ra i fickan eller v\u00e4skan.<\/p>\n<h2 data-path-to-node=\"12\">Viktiga funktioner<\/h2>\n<ul data-path-to-node=\"13\">\n<li>\n<p data-path-to-node=\"13,0,0\"><b data-path-to-node=\"13,0,0\" data-index-in-node=\"0\">Byggd f\u00f6r att h\u00e5lla:<\/b> Zinklegering \u00e4r betydligt mer h\u00e5llbar \u00e4n alternativ av plast eller aluminium, vilket ger produkten en tillfredsst\u00e4llande vikt och premiumk\u00e4nsla.<\/p>\n<\/li>\n<li>\n<p data-path-to-node=\"13,1,0\"><b data-path-to-node=\"13,1,0\" data-index-in-node=\"0\">Laserprecision:<\/b> Vi anv\u00e4nder lasergravyr f\u00f6r att etsa din logotyp p\u00e5 metallytan. Denna teknik skapar ett skarpt, permanent m\u00e4rke som inte gnuggas bort som tryckt bl\u00e4ck.<\/p>\n<\/li>\n<li>\n<p data-path-to-node=\"13,2,0\"><b data-path-to-node=\"13,2,0\" data-index-in-node=\"0\">B\u00e4rbar bekv\u00e4mlighet:<\/b> Utrustad med karbinhake (krok) som g\u00f6r det enkelt att f\u00e4sta den i b\u00e4ltesh\u00e4llor, ryggs\u00e4ckar eller nyckelringar.<\/p>\n<\/li>\n<li>\n<p data-path-to-node=\"13,3,0\"><b data-path-to-node=\"13,3,0\" data-index-in-node=\"0\">Hygien och s\u00e4kerhet:<\/b> Det t\u00e4tslutande locket f\u00f6rhindrar aska fr\u00e5n att spillas och h\u00e5ller lukter tillbaka, vilket h\u00e5ller fickor och v\u00e4skor rena.<\/p>\n<\/li>\n<\/ul>\n<h2 data-path-to-node=\"14\">Specifikationer<\/h2>\n<ul data-path-to-node=\"15\">\n<li>\n<p data-path-to-node=\"15,0,0\"><b data-path-to-node=\"15,0,0\" data-index-in-node=\"0\">Material:<\/b> H\u00f6gkvalitativ zinklegering.<\/p>\n<\/li>\n<li>\n<p data-path-to-node=\"15,1,0\"><b data-path-to-node=\"15,1,0\" data-index-in-node=\"0\">Avsluta:<\/b> Blank silver \/ polerad.<\/p>\n<\/li>\n<li>\n<p data-path-to-node=\"15,2,0\"><b data-path-to-node=\"15,2,0\" data-index-in-node=\"0\">M\u00e5tt:<\/b> 85 \u00d7 32 \u00d7 17 mm.<\/p>\n<\/li>\n<li>\n<p data-path-to-node=\"15,3,0\"><b data-path-to-node=\"15,3,0\" data-index-in-node=\"0\">Varum\u00e4rkesmetod:<\/b> Lasergravering (en sida).<\/p>\n<\/li>\n<li>\n<p data-path-to-node=\"15,4,0\"><b data-path-to-node=\"15,4,0\" data-index-in-node=\"0\">F\u00f6rpackning:<\/b> Levereras i en skyddande p\u00e5se\/p\u00e5se, redo att ge bort.<\/p>\n<\/li>\n<li>\n<p data-path-to-node=\"15,5,0\"><b data-path-to-node=\"15,5,0\" data-index-in-node=\"0\">Drag:<\/b> Integrerat karbinhakekl\u00e4mma.<\/p>\n<\/li>\n<\/ul>\n<h2 data-path-to-node=\"16\">Anv\u00e4ndningsfall<\/h2>\n<ul data-path-to-node=\"17\">\n<li>\n<p data-path-to-node=\"17,0,0\"><b data-path-to-node=\"17,0,0\" data-index-in-node=\"0\">F\u00f6retagsg\u00e5vor:<\/b> En sofistikerad present till kunder och partners som uppskattar praktiska och exklusiva accessoarer.<\/p>\n<\/li>\n<li>\n<p data-path-to-node=\"17,1,0\"><b data-path-to-node=\"17,1,0\" data-index-in-node=\"0\">Utomhusevenemang:<\/b> Viktigt f\u00f6r festivaler, golfturneringar och utomhusanl\u00e4ggningar f\u00f6r att h\u00e5lla omr\u00e5det skr\u00e4pfritt.<\/p>\n<\/li>\n<li>\n<p data-path-to-node=\"17,2,0\"><b data-path-to-node=\"17,2,0\" data-index-in-node=\"0\">G\u00e4stfrihet:<\/b> Erbjud b\u00e4rbara askkoppar med m\u00e4rkesprofil till hotellg\u00e4ster eller restaurangg\u00e4ster i r\u00f6komr\u00e5den.<\/p>\n<\/li>\n<\/ul>\n<p data-path-to-node=\"18\">","protected":false},"excerpt":{"rendered":"<ul>\n<li>\n<p data-path-to-node=\"9,0,0\"><b data-path-to-node=\"9,0,0\" data-index-in-node=\"0\">Premiummaterial:<\/b> Tillverkad av h\u00f6gkvalitativ zinklegering med en gl\u00e4nsande silverfinish, vilket ger rost- och slitstyrka.<\/p>\n<\/li>\n<li>\n<p data-path-to-node=\"9,1,0\"><b data-path-to-node=\"9,1,0\" data-index-in-node=\"0\">Kompakt och b\u00e4rbar:<\/b> Med m\u00e5tten 85 \u00d7 32 \u00d7 17 mm f\u00e5r den enkelt plats i fickor eller v\u00e4skor, eller f\u00e4sts p\u00e5 utrustningen med karbinhaken.<\/p>\n<\/li>\n<li>\n<p data-path-to-node=\"9,2,0\"><b data-path-to-node=\"9,2,0\" data-index-in-node=\"0\">Sofistikerad varum\u00e4rkesbyggande:<\/b> Din logotyp lasergraveras p\u00e5 sidan f\u00f6r ett permanent, diskret och professionellt utseende.<\/p>\n<\/li>\n<li>\n<p data-path-to-node=\"9,3,0\"><b data-path-to-node=\"9,3,0\" data-index-in-node=\"0\">Milj\u00f6v\u00e4nlig l\u00f6sning:<\/b> Uppmuntrar till ansvarsfull hantering av cigarettavfall, perfekt f\u00f6r utomhusevenemang och gr\u00f6na initiativ.<\/p>\n<\/li>\n<\/ul>","protected":false},"featured_media":6240,"comment_status":"closed","ping_status":"closed","template":"","meta":[],"product_brand":[],"product_cat":[68,121],"product_tag":[],"class_list":{"0":"post-6239","1":"product","2":"type-product","3":"status-publish","4":"has-post-thumbnail","6":"product_cat-event-supplies","7":"product_cat-promotional-merchandise","9":"first","10":"instock","11":"shipping-taxable","12":"purchasable","13":"product-type-simple"},"_links":{"self":[{"href":"https:\/\/displayproducts.eu\/sv\/wp-json\/wp\/v2\/product\/6239","targetHints":{"allow":["GET"]}}],"collection":[{"href":"https:\/\/displayproducts.eu\/sv\/wp-json\/wp\/v2\/product"}],"about":[{"href":"https:\/\/displayproducts.eu\/sv\/wp-json\/wp\/v2\/types\/product"}],"replies":[{"embeddable":true,"href":"https:\/\/displayproducts.eu\/sv\/wp-json\/wp\/v2\/comments?post=6239"}],"wp:featuredmedia":[{"embeddable":true,"href":"https:\/\/displayproducts.eu\/sv\/wp-json\/wp\/v2\/media\/6240"}],"wp:attachment":[{"href":"https:\/\/displayproducts.eu\/sv\/wp-json\/wp\/v2\/media?parent=6239"}],"wp:term":[{"taxonomy":"product_brand","embeddable":true,"href":"https:\/\/displayproducts.eu\/sv\/wp-json\/wp\/v2\/product_brand?post=6239"},{"taxonomy":"product_cat","embeddable":true,"href":"https:\/\/displayproducts.eu\/sv\/wp-json\/wp\/v2\/product_cat?post=6239"},{"taxonomy":"product_tag","embeddable":true,"href":"https:\/\/displayproducts.eu\/sv\/wp-json\/wp\/v2\/product_tag?post=6239"}],"curies":[{"name":"wp","href":"https:\/\/api.w.org\/{rel}","templated":true}]}}