{"id":6237,"date":"2025-12-20T18:34:37","date_gmt":"2025-12-20T15:34:37","guid":{"rendered":"https:\/\/wristbandfactory.eu\/?post_type=product&#038;p=6237"},"modified":"2026-04-01T21:52:03","modified_gmt":"2026-04-01T18:52:03","slug":"velvet-presentation-boxes-for-badges-jewelry-custom-printable","status":"publish","type":"product","link":"https:\/\/displayproducts.eu\/sv\/p\/velvet-presentation-boxes-for-badges-jewelry-custom-printable\/","title":{"rendered":"Sammetsaskar f\u00f6r pins och smycken"},"content":{"rendered":"<p data-path-to-node=\"10\">F\u00f6rvandla ett enkelt reklamf\u00f6rem\u00e5l till ett v\u00e4rdefullt minne med v\u00e5r <b data-path-to-node=\"10\" data-index-in-node=\"96\">Presentationsl\u00e5dor i sammet<\/b>. Dessa askar \u00e4r utformade f\u00f6r \u00e5terf\u00f6rs\u00e4ljare, juvelerarbutiker och arrang\u00f6rer av f\u00f6retagsevenemang och ger det ultimata skyddet och presentationen f\u00f6r m\u00e4rken, kavajn\u00e5lar och sm\u00e5 accessoarer.<\/p>\n<p data-path-to-node=\"11\">Till skillnad fr\u00e5n vanliga plast- eller pappersf\u00f6rpackningar kommunicerar den rika texturen hos sammet omedelbart lyx och prestige. Oavsett om du delar ut ett servicepris, s\u00e4ljer exklusiva manschettknappar eller delar ut minnesn\u00e5lar, garanterar v\u00e5rt utbud av storlekar och f\u00e4rger en perfekt passform f\u00f6r just ditt f\u00f6rem\u00e5l.<\/p>\n<h2 data-path-to-node=\"12\">Viktiga funktioner<\/h2>\n<ul data-path-to-node=\"13\">\n<li>\n<p data-path-to-node=\"13,0,0\"><b data-path-to-node=\"13,0,0\" data-index-in-node=\"0\">Lyxig estetik:<\/b> Det klassiska sammetsutsidan (finns i r\u00f6tt, bl\u00e5tt, gr\u00f6nt, svart och vinr\u00f6tt) ers\u00e4tter eng\u00e5ngsf\u00f6rpackningar med ett \u00e5teranv\u00e4ndbart, skyltv\u00e4nligt fodral.<\/p>\n<\/li>\n<li>\n<p data-path-to-node=\"13,1,0\"><b data-path-to-node=\"13,1,0\" data-index-in-node=\"0\">Skr\u00e4ddarsytt skydd:<\/b> Varje l\u00e5da har en insats avsedd f\u00f6r specifika f\u00f6rem\u00e5l \u2013 fr\u00e5n <b data-path-to-node=\"13,1,0\" data-index-in-node=\"87\">piercingkuddar<\/b> f\u00f6r \u00f6rh\u00e4ngen och n\u00e5lar till <b data-path-to-node=\"13,1,0\" data-index-in-node=\"131\">gyllene krokar<\/b> f\u00f6r att h\u00e4nga medaljer.<\/p>\n<\/li>\n<li>\n<p data-path-to-node=\"13,2,0\"><b data-path-to-node=\"13,2,0\" data-index-in-node=\"0\">Redo f\u00f6r detaljhandel och evenemang:<\/b> Perfekt f\u00f6r merchandising i smyckesdisplayer eller f\u00f6r att dela ut formella priser vid ceremonier.<\/p>\n<\/li>\n<li>\n<p data-path-to-node=\"13,3,0\"><b data-path-to-node=\"13,3,0\" data-index-in-node=\"0\">Anpassning:<\/b> Vi kan applicera specialtryck p\u00e5 locket p\u00e5 utvalda modeller, vilket f\u00f6rvandlar f\u00f6rpackningen till ett marknadsf\u00f6ringsverktyg f\u00f6r varum\u00e4rket.<\/p>\n<\/li>\n<\/ul>\n<h2 data-path-to-node=\"14\">Specifikationer<\/h2>\n<table data-path-to-node=\"15\">\n<thead>\n<tr>\n<td><strong>Modelltyp<\/strong><\/td>\n<td><strong>M\u00e5tt<\/strong><\/td>\n<td><strong>Tillg\u00e4ngliga f\u00e4rger<\/strong><\/td>\n<td><strong>Inv\u00e4ndig foder<\/strong><\/td>\n<\/tr>\n<\/thead>\n<tbody>\n<tr>\n<td><span data-path-to-node=\"15,1,0,0\"><b data-path-to-node=\"15,1,0,0\" data-index-in-node=\"0\">Standardbricka<\/b><\/span><\/td>\n<td><span data-path-to-node=\"15,1,1,0\">54 \u00d7 57 \u00d7 34 mm<\/span><\/td>\n<td><span data-path-to-node=\"15,1,2,0\">R\u00f6d, Marinbl\u00e5, Gr\u00f6n, Svart<\/span><\/td>\n<td><span data-path-to-node=\"15,1,3,0\">Sammetsdyna + Gyllene krok<\/span><\/td>\n<\/tr>\n<tr>\n<td><span data-path-to-node=\"15,2,0,0\"><b data-path-to-node=\"15,2,0,0\" data-index-in-node=\"0\">Liten skyltl\u00e5da<\/b><\/span><\/td>\n<td><span data-path-to-node=\"15,2,1,0\">45 \u00d7 51 \u00d7 24 mm<\/span><\/td>\n<td><span data-path-to-node=\"15,2,2,0\">R\u00f6d, Marinbl\u00e5<\/span><\/td>\n<td><span data-path-to-node=\"15,2,3,0\">Kartongpiercingplatta<\/span><\/td>\n<\/tr>\n<tr>\n<td><span data-path-to-node=\"15,3,0,0\"><b data-path-to-node=\"15,3,0,0\" data-index-in-node=\"0\">Mellanstor skyltl\u00e5da<\/b><\/span><\/td>\n<td><span data-path-to-node=\"15,3,1,0\">60 \u00d7 75 \u00d7 31 mm<\/span><\/td>\n<td><span data-path-to-node=\"15,3,2,0\">R\u00f6d, Gr\u00f6n, Marinbl\u00e5, Vinr\u00f6d<\/span><\/td>\n<td><span data-path-to-node=\"15,3,3,0\">Sammetspiercingplatta<\/span><\/td>\n<\/tr>\n<tr>\n<td><span data-path-to-node=\"15,4,0,0\"><b data-path-to-node=\"15,4,0,0\" data-index-in-node=\"0\">Rund smyckeskrin<\/b><\/span><\/td>\n<td><span data-path-to-node=\"15,4,1,0\">57 \u00d7 51 \u00d7 39 mm<\/span><\/td>\n<td><span data-path-to-node=\"15,4,2,0\">R\u00f6d, Marinbl\u00e5, Gr\u00f6n, Svart<\/span><\/td>\n<td><span data-path-to-node=\"15,4,3,0\">Sammetsdyna med slits<\/span><\/td>\n<\/tr>\n<tr>\n<td><span data-path-to-node=\"15,5,0,0\"><b data-path-to-node=\"15,5,0,0\" data-index-in-node=\"0\">Slipskl\u00e4mma Ask<\/b><\/span><\/td>\n<td><span data-path-to-node=\"15,5,1,0\">89 \u00d7 41 \u00d7 29 mm<\/span><\/td>\n<td><span data-path-to-node=\"15,5,2,0\">R\u00f6d, Gr\u00f6n, Marinbl\u00e5<\/span><\/td>\n<td><span data-path-to-node=\"15,5,3,0\">Sammetsdyna med slits<\/span><\/td>\n<\/tr>\n<tr>\n<td><span data-path-to-node=\"15,6,0,0\"><b data-path-to-node=\"15,6,0,0\" data-index-in-node=\"0\">Transparent lockl\u00e5da<\/b><\/span><\/td>\n<td><span data-path-to-node=\"15,6,1,0\">74 \u00d7 50 \u00d7 38 mm<\/span><\/td>\n<td><span data-path-to-node=\"15,6,2,0\">R\u00f6d<\/span><\/td>\n<td><span data-path-to-node=\"15,6,3,0\">Sammetsdyna med slits<\/span><\/td>\n<\/tr>\n<\/tbody>\n<\/table>\n<h2 data-path-to-node=\"16\">Anv\u00e4ndningsfall<\/h2>\n<ul data-path-to-node=\"17\">\n<li>\n<p data-path-to-node=\"17,0,0\"><b data-path-to-node=\"17,0,0\" data-index-in-node=\"0\">F\u00f6retagsutm\u00e4rkelser:<\/b> Standarden f\u00f6r att dela ut n\u00e5lar eller f\u00f6rtj\u00e4nstm\u00e4rken f\u00f6r &quot;Anst\u00e4llnings\u00e5r&quot; till anst\u00e4llda.<\/p>\n<\/li>\n<li>\n<p data-path-to-node=\"17,1,0\"><b data-path-to-node=\"17,1,0\" data-index-in-node=\"0\">Smyckesbutik:<\/b> F\u00f6rb\u00e4ttra uppackningsupplevelsen f\u00f6r ringar, \u00f6rh\u00e4ngen och slipsn\u00e5lar.<\/p>\n<\/li>\n<li>\n<p data-path-to-node=\"17,2,0\"><b data-path-to-node=\"17,2,0\" data-index-in-node=\"0\">Milit\u00e4r och regering:<\/b> Formella presentationsfodral f\u00f6r officiella insignier och medaljer.<\/p>\n<\/li>\n<\/ul>","protected":false},"excerpt":{"rendered":"<ul>\n<li>\n<p data-path-to-node=\"9,0,0\"><b data-path-to-node=\"9,0,0\" data-index-in-node=\"0\">Premium sammetsfinish:<\/b> Mjukt yttre som h\u00f6jer det upplevda v\u00e4rdet av alla utm\u00e4rkelser, n\u00e5lar eller smycken.<\/p>\n<\/li>\n<li>\n<p data-path-to-node=\"9,1,0\"><b data-path-to-node=\"9,1,0\" data-index-in-node=\"0\">S\u00e4kra insatser:<\/b> Har specialfoder inklusive h\u00e5ltagningsdynor f\u00f6r n\u00e5lar och gyllene krokar f\u00f6r medaljer.<\/p>\n<\/li>\n<li>\n<p data-path-to-node=\"9,2,0\"><b data-path-to-node=\"9,2,0\" data-index-in-node=\"0\">M\u00e5ngsidigt utbud:<\/b> Specifika modeller finns tillg\u00e4ngliga f\u00f6r kavajn\u00e5lar, slipskl\u00e4mmor, manschettknappar och ringar.<\/p>\n<\/li>\n<li>\n<p data-path-to-node=\"9,3,0\"><b data-path-to-node=\"9,3,0\" data-index-in-node=\"0\">Anpassad varum\u00e4rkesbyggande:<\/b> Utvalda modeller erbjuder m\u00f6jligheten att trycka din logotyp direkt p\u00e5 locket f\u00f6r en komplett f\u00f6retagsidentitet.<\/p>\n<\/li>\n<\/ul>","protected":false},"featured_media":6238,"comment_status":"closed","ping_status":"closed","template":"","meta":[],"product_brand":[],"product_cat":[79,121],"product_tag":[],"class_list":{"0":"post-6237","1":"product","2":"type-product","3":"status-publish","4":"has-post-thumbnail","6":"product_cat-awards","7":"product_cat-promotional-merchandise","9":"first","10":"instock","11":"shipping-taxable","12":"purchasable","13":"product-type-simple"},"_links":{"self":[{"href":"https:\/\/displayproducts.eu\/sv\/wp-json\/wp\/v2\/product\/6237","targetHints":{"allow":["GET"]}}],"collection":[{"href":"https:\/\/displayproducts.eu\/sv\/wp-json\/wp\/v2\/product"}],"about":[{"href":"https:\/\/displayproducts.eu\/sv\/wp-json\/wp\/v2\/types\/product"}],"replies":[{"embeddable":true,"href":"https:\/\/displayproducts.eu\/sv\/wp-json\/wp\/v2\/comments?post=6237"}],"wp:featuredmedia":[{"embeddable":true,"href":"https:\/\/displayproducts.eu\/sv\/wp-json\/wp\/v2\/media\/6238"}],"wp:attachment":[{"href":"https:\/\/displayproducts.eu\/sv\/wp-json\/wp\/v2\/media?parent=6237"}],"wp:term":[{"taxonomy":"product_brand","embeddable":true,"href":"https:\/\/displayproducts.eu\/sv\/wp-json\/wp\/v2\/product_brand?post=6237"},{"taxonomy":"product_cat","embeddable":true,"href":"https:\/\/displayproducts.eu\/sv\/wp-json\/wp\/v2\/product_cat?post=6237"},{"taxonomy":"product_tag","embeddable":true,"href":"https:\/\/displayproducts.eu\/sv\/wp-json\/wp\/v2\/product_tag?post=6237"}],"curies":[{"name":"wp","href":"https:\/\/api.w.org\/{rel}","templated":true}]}}