{"id":6234,"date":"2025-12-20T18:28:29","date_gmt":"2025-12-20T15:28:29","guid":{"rendered":"https:\/\/wristbandfactory.eu\/?post_type=product&#038;p=6234"},"modified":"2026-04-01T21:52:34","modified_gmt":"2026-04-01T18:52:34","slug":"custom-3d-printed-cookie-cutters-gingerbread-molds-logo-shape","status":"publish","type":"product","link":"https:\/\/displayproducts.eu\/sv\/p\/custom-3d-printed-cookie-cutters-gingerbread-molds-logo-shape\/","title":{"rendered":"Pepparkaksformar med egen logotyp (3D)"},"content":{"rendered":"<p data-path-to-node=\"10\">F\u00e5 en smak av ditt varum\u00e4rke till varje kunds k\u00f6k med v\u00e5r <b data-path-to-node=\"10\" data-index-in-node=\"88\">Anpassade 3D-tryckta kakformar<\/b>. Oavsett om det g\u00e4ller pepparkakor, m\u00f6rdegskakor eller sockerkakor, f\u00f6rvandlar dessa specialdesignade formar bakningen till en varum\u00e4rkesupplevelse. Till skillnad fr\u00e5n vanliga metallsk\u00e4rare l\u00e5ter v\u00e5r 3D-utskriftsteknik oss skapa <b data-path-to-node=\"10\" data-index-in-node=\"332\">vilken t\u00e4nkbar form som helst<\/b>\u2014fr\u00e5n din exakta f\u00f6retagslogotyp till en specifik produktsilhuett.<\/p>\n<p data-path-to-node=\"11\">Dessa sk\u00e4rverktyg \u00e4r tillverkade med hj\u00e4lp av h\u00f6guppl\u00f6st 3D-utskriftsteknik och \u00e4r robusta och exakta. Vi l\u00e4gger s\u00e4rskild vikt vid sk\u00e4reggen och s\u00e4kerst\u00e4ller att den \u00e4r tillr\u00e4ckligt vass f\u00f6r att sk\u00e4ra igenom deg rent samtidigt som den bibeh\u00e5ller ett s\u00e4kert och bekv\u00e4mt grepp om den \u00f6vre kanten. Finns i festliga f\u00e4rger som r\u00f6tt, gr\u00f6nt och bl\u00e5tt f\u00f6r att matcha julst\u00e4mningen eller din f\u00f6retagsidentitet.<\/p>\n<h2 data-path-to-node=\"12\">Viktiga funktioner<\/h2>\n<ul data-path-to-node=\"13\">\n<li>\n<p data-path-to-node=\"13,0,0\"><b data-path-to-node=\"13,0,0\" data-index-in-node=\"0\">Varum\u00e4rkestrogen design:<\/b> Det finns inga &quot;standardformer&quot; h\u00e4r. Varje sk\u00e4rverktyg \u00e4r specifikt utformat f\u00f6r att matcha din logotyp eller ditt kampanjtema.<\/p>\n<\/li>\n<li>\n<p data-path-to-node=\"13,1,0\"><b data-path-to-node=\"13,1,0\" data-index-in-node=\"0\">Biobaserat material:<\/b> Tillverkad av <b data-path-to-node=\"13,1,0\" data-index-in-node=\"30\">Livsmedelss\u00e4ker PLA<\/b> (Polymj\u00f6lksyra), en bioplast som utvinns ur majsst\u00e4rkelse eller sockerr\u00f6r, vilket g\u00f6r den till ett milj\u00f6v\u00e4nligt val.<\/p>\n<\/li>\n<li>\n<p data-path-to-node=\"13,2,0\"><b data-path-to-node=\"13,2,0\" data-index-in-node=\"0\">Optimerad geometri:<\/b> Har en f\u00f6rst\u00e4rkt kant f\u00f6r h\u00e5llbarhet och en avsmalnande sk\u00e4regg f\u00f6r enkel deglossning.<\/p>\n<\/li>\n<li>\n<p data-path-to-node=\"13,3,0\"><b data-path-to-node=\"13,3,0\" data-index-in-node=\"0\">Livfulla f\u00e4rger:<\/b> Finns i en m\u00e4ngd olika f\u00e4rger f\u00f6r att g\u00f6ra sj\u00e4lva verktyget visuellt tilltalande som present.<\/p>\n<\/li>\n<\/ul>\n<h2 data-path-to-node=\"14\">Specifikationer<\/h2>\n<ul data-path-to-node=\"15\">\n<li>\n<p data-path-to-node=\"15,0,0\"><b data-path-to-node=\"15,0,0\" data-index-in-node=\"0\">Material:<\/b> Livsmedelss\u00e4ker PLA-plast (biologiskt nedbrytbar).<\/p>\n<\/li>\n<li>\n<p data-path-to-node=\"15,1,0\"><b data-path-to-node=\"15,1,0\" data-index-in-node=\"0\">Produktionsmetod:<\/b> H\u00f6guppl\u00f6st FDM 3D-utskrift (70\u2013200 mikron).<\/p>\n<\/li>\n<li>\n<p data-path-to-node=\"15,2,0\"><b data-path-to-node=\"15,2,0\" data-index-in-node=\"0\">Standarddjup:<\/b> 1,27 cm (0,5 tum) \u2013 Perfekt f\u00f6r vanlig kavlad deg. <i data-path-to-node=\"15,2,0\" data-index-in-node=\"72\">Anpassade djup tillg\u00e4ngliga.<\/i><\/p>\n<\/li>\n<li>\n<p data-path-to-node=\"15,3,0\"><b data-path-to-node=\"15,3,0\" data-index-in-node=\"0\">Storlek:<\/b> Anpassad (skalbar till design). <i data-path-to-node=\"15,3,0\" data-index-in-node=\"33\">Referensbilder anv\u00e4nder ett rutn\u00e4t p\u00e5 2,54 cm.<\/i><\/p>\n<\/li>\n<li>\n<p data-path-to-node=\"15,4,0\"><b data-path-to-node=\"15,4,0\" data-index-in-node=\"0\">Sk\u00f6tselr\u00e5d:<\/b> <b data-path-to-node=\"15,4,0\" data-index-in-node=\"19\">Endast handtv\u00e4tt<\/b> med ljummet vatten. Ej diskmaskinss\u00e4ker (h\u00f6g v\u00e4rme kan vrida PLA). Undvik l\u00e5ngvarig exponering f\u00f6r direkt solljus.<\/p>\n<\/li>\n<\/ul>\n<h2 data-path-to-node=\"16\">Anv\u00e4ndningsfall<\/h2>\n<ul data-path-to-node=\"17\">\n<li>\n<p data-path-to-node=\"17,0,0\"><b data-path-to-node=\"17,0,0\" data-index-in-node=\"0\">F\u00f6retagsjulklappar:<\/b> Inkludera en kakform med m\u00e4rkestryck i julklappskorgar f\u00f6r partners och anst\u00e4llda.<\/p>\n<\/li>\n<li>\n<p data-path-to-node=\"17,1,0\"><b data-path-to-node=\"17,1,0\" data-index-in-node=\"0\">Catering f\u00f6r evenemang:<\/b> Servera kakor formade som din nya produkt p\u00e5 lanseringsfester eller m\u00e4ssor.<\/p>\n<\/li>\n<li>\n<p data-path-to-node=\"17,2,0\"><b data-path-to-node=\"17,2,0\" data-index-in-node=\"0\">Varuf\u00f6rs\u00e4ljning:<\/b> En unik och prisv\u00e4rd produkt f\u00f6r matlagningsskolor, bagerier eller familjev\u00e4nliga varum\u00e4rken att s\u00e4lja eller ge bort.<\/p>\n<\/li>\n<\/ul>","protected":false},"excerpt":{"rendered":"<ul>\n<li>\n<p data-path-to-node=\"9,0,0\"><b data-path-to-node=\"9,0,0\" data-index-in-node=\"0\">Anpassad formmodellering:<\/b> Vi f\u00f6rvandlar din 2D-logotyp eller maskot till en fullt fungerande 3D-kaksform.<\/p>\n<\/li>\n<li>\n<p data-path-to-node=\"9,1,0\"><b data-path-to-node=\"9,1,0\" data-index-in-node=\"0\">Livsmedelss\u00e4ker och milj\u00f6v\u00e4nlig:<\/b> Tillverkad av PLA-plast, ett biologiskt nedbrytbart material som utvinns ur f\u00f6rnybara resurser.<\/p>\n<\/li>\n<li>\n<p data-path-to-node=\"9,2,0\"><b data-path-to-node=\"9,2,0\" data-index-in-node=\"0\">Precisionssk\u00e4rning:<\/b> H\u00f6guppl\u00f6st 3D-utskrift (70\u2013200 mikron) skapar skarpa kanter f\u00f6r rena snitt, \u00e4ven med invecklade m\u00f6nster.<\/p>\n<\/li>\n<li>\n<p data-path-to-node=\"9,3,0\"><b data-path-to-node=\"9,3,0\" data-index-in-node=\"0\">S\u00e4songsbetonad varum\u00e4rkesbyggande:<\/b> Den ultimata interaktiva f\u00f6retagspresenten som lyfter fram ert varum\u00e4rke vid julbordet.<\/p>\n<\/li>\n<\/ul>","protected":false},"featured_media":6235,"comment_status":"closed","ping_status":"closed","template":"","meta":[],"product_brand":[],"product_cat":[122],"product_tag":[],"class_list":{"0":"post-6234","1":"product","2":"type-product","3":"status-publish","4":"has-post-thumbnail","6":"product_cat-promotional-accessories","8":"first","9":"instock","10":"shipping-taxable","11":"purchasable","12":"product-type-simple"},"_links":{"self":[{"href":"https:\/\/displayproducts.eu\/sv\/wp-json\/wp\/v2\/product\/6234","targetHints":{"allow":["GET"]}}],"collection":[{"href":"https:\/\/displayproducts.eu\/sv\/wp-json\/wp\/v2\/product"}],"about":[{"href":"https:\/\/displayproducts.eu\/sv\/wp-json\/wp\/v2\/types\/product"}],"replies":[{"embeddable":true,"href":"https:\/\/displayproducts.eu\/sv\/wp-json\/wp\/v2\/comments?post=6234"}],"wp:featuredmedia":[{"embeddable":true,"href":"https:\/\/displayproducts.eu\/sv\/wp-json\/wp\/v2\/media\/6235"}],"wp:attachment":[{"href":"https:\/\/displayproducts.eu\/sv\/wp-json\/wp\/v2\/media?parent=6234"}],"wp:term":[{"taxonomy":"product_brand","embeddable":true,"href":"https:\/\/displayproducts.eu\/sv\/wp-json\/wp\/v2\/product_brand?post=6234"},{"taxonomy":"product_cat","embeddable":true,"href":"https:\/\/displayproducts.eu\/sv\/wp-json\/wp\/v2\/product_cat?post=6234"},{"taxonomy":"product_tag","embeddable":true,"href":"https:\/\/displayproducts.eu\/sv\/wp-json\/wp\/v2\/product_tag?post=6234"}],"curies":[{"name":"wp","href":"https:\/\/api.w.org\/{rel}","templated":true}]}}