{"id":6232,"date":"2025-12-20T18:21:12","date_gmt":"2025-12-20T15:21:12","guid":{"rendered":"https:\/\/wristbandfactory.eu\/?post_type=product&#038;p=6232"},"modified":"2026-04-01T21:52:03","modified_gmt":"2026-04-01T18:52:03","slug":"custom-printed-beer-coasters-drink-mats-absorbent-pulpboard","status":"publish","type":"product","link":"https:\/\/displayproducts.eu\/sv\/p\/custom-printed-beer-coasters-drink-mats-absorbent-pulpboard\/","title":{"rendered":"\u00d6lunderl\u00e4gg med tryck"},"content":{"rendered":"<p data-path-to-node=\"10\">F\u00f6rvandla varje bord till en skylt med v\u00e5r <b data-path-to-node=\"10\" data-index-in-node=\"68\">Anpassade tryckta \u00f6lunderl\u00e4gg<\/b>. Mer \u00e4n bara ett praktiskt verktyg f\u00f6r att skydda m\u00f6bler fr\u00e5n spill och kondens, \u00e4r dessa underl\u00e4gg ett kraftfullt och h\u00f6gfrekvent marknadsf\u00f6ringsmedium. Oavsett om du driver ett bryggeri, en bar eller \u00e4r v\u00e4rd f\u00f6r ett storskaligt f\u00f6retagsevenemang, l\u00e4gger specialanpassade underl\u00e4gg bokstavligen ditt varum\u00e4rke i publikens h\u00e4nder.<\/p>\n<p data-path-to-node=\"11\">Vi uppmuntrar dig att <b data-path-to-node=\"11\" data-index-in-node=\"20\">anv\u00e4nd din fantasi<\/b>. Eftersom dessa underl\u00e4gg \u00e4r tryckta i fullf\u00e4rg \u00e4r du inte begr\u00e4nsad till en enkel logotyp. Anv\u00e4nd dubbelsidig utskrift f\u00f6r att anordna t\u00e4vlingar, dela cocktailrecept eller visa QR-koder som driver digitalt engagemang.<\/p>\n<h2 data-path-to-node=\"12\">Viktiga funktioner<\/h2>\n<ul data-path-to-node=\"13\">\n<li>\n<p data-path-to-node=\"13,0,0\"><b data-path-to-node=\"13,0,0\" data-index-in-node=\"0\">\u00d6verl\u00e4gsen absorptionsf\u00f6rm\u00e5ga:<\/b> Tillverkad av specialiserad underl\u00e4ggsplatta (pulpboard) utformad f\u00f6r att h\u00e5lla fukt utan att s\u00f6nderfalla, vilket h\u00e5ller ytorna torra.<\/p>\n<\/li>\n<li>\n<p data-path-to-node=\"13,1,0\"><b data-path-to-node=\"13,1,0\" data-index-in-node=\"0\">Dubbelsidig varum\u00e4rkesbyggande:<\/b> Maximera ditt budskap genom att trycka olika designer p\u00e5 fram- och baksidan \u2013 perfekt f\u00f6r korsreklam eller &quot;\u00f6verraskningsbudskap&quot;.<\/p>\n<\/li>\n<li>\n<p data-path-to-node=\"13,2,0\"><b data-path-to-node=\"13,2,0\" data-index-in-node=\"0\">Formvariation:<\/b> Finns i klassisk <b data-path-to-node=\"13,2,0\" data-index-in-node=\"36\">Runda<\/b> eller <b data-path-to-node=\"13,2,0\" data-index-in-node=\"45\">Fyrkant<\/b> format med rundade h\u00f6rn som passar din estetik.<\/p>\n<\/li>\n<li>\n<p data-path-to-node=\"13,3,0\"><b data-path-to-node=\"13,3,0\" data-index-in-node=\"0\">Utskrift i fotokvalitet:<\/b> V\u00e5r offsettryckprocess garanterar livfulla f\u00e4rger och skarpa detaljer, vilket g\u00f6r att din design sticker ut.<\/p>\n<\/li>\n<\/ul>\n<h2 data-path-to-node=\"14\">Specifikationer<\/h2>\n<ul data-path-to-node=\"15\">\n<li>\n<p data-path-to-node=\"15,0,0\"><b data-path-to-node=\"15,0,0\" data-index-in-node=\"0\">Material:<\/b> H\u00f6gdensitetsabsorberande massapapp (\u00f6lmatta).<\/p>\n<\/li>\n<li>\n<p data-path-to-node=\"15,1,0\"><b data-path-to-node=\"15,1,0\" data-index-in-node=\"0\">Standardformer:<\/b><\/p>\n<ul data-path-to-node=\"15,1,1\">\n<li>\n<p data-path-to-node=\"15,1,1,0,0\">Rund (\u00d8 107 mm eller \u00d8 93 mm).<\/p>\n<\/li>\n<li>\n<p data-path-to-node=\"15,1,1,1,0\">Kvadratisk (93 \u00d7 93 mm eller 107 \u00d7 107 mm) med rundade h\u00f6rn.<\/p>\n<\/li>\n<\/ul>\n<\/li>\n<li>\n<p data-path-to-node=\"15,2,0\"><b data-path-to-node=\"15,2,0\" data-index-in-node=\"0\">Tjockleksalternativ:<\/b> Standard 1,2 mm, premium 1,6 mm eller kraftig 2,0 mm.<\/p>\n<\/li>\n<li>\n<p data-path-to-node=\"15,3,0\"><b data-path-to-node=\"15,3,0\" data-index-in-node=\"0\">Utskrift:<\/b> Fullf\u00e4rgsoffset (CMYK) p\u00e5 b\u00e5da sidor.<\/p>\n<\/li>\n<\/ul>\n<h2 data-path-to-node=\"16\">Anv\u00e4ndningsfall<\/h2>\n<ul data-path-to-node=\"17\">\n<li>\n<p data-path-to-node=\"17,0,0\"><b data-path-to-node=\"17,0,0\" data-index-in-node=\"0\">Bryggerier och barer:<\/b> Viktigt f\u00f6r servering av fat\u00f6l samtidigt som det st\u00e4rker varum\u00e4rkesidentiteten.<\/p>\n<\/li>\n<li>\n<p data-path-to-node=\"17,1,0\"><b data-path-to-node=\"17,1,0\" data-index-in-node=\"0\">Br\u00f6llop och fester:<\/b> Personliga underl\u00e4gg ger en unik touch till bordsdukningen och fungerar som minnesm\u00e4rken.<\/p>\n<\/li>\n<li>\n<p data-path-to-node=\"17,2,0\"><b data-path-to-node=\"17,2,0\" data-index-in-node=\"0\">Gerillamarknadsf\u00f6ring:<\/b> Distribuera dem p\u00e5 partnerplatser f\u00f6r att marknadsf\u00f6ra en applansering, festival eller taxitj\u00e4nst.<\/p>\n<\/li>\n<\/ul>","protected":false},"excerpt":{"rendered":"<ul>\n<li>\n<p data-path-to-node=\"9,0,0\"><b data-path-to-node=\"9,0,0\" data-index-in-node=\"0\">Mycket absorberande:<\/b> Tillverkad av premiumkartong som effektivt absorberar kondens och skyddar bord och m\u00f6bler.<\/p>\n<\/li>\n<li>\n<p data-path-to-node=\"9,1,0\"><b data-path-to-node=\"9,1,0\" data-index-in-node=\"0\">Maximal exponering:<\/b> Placerad direkt framf\u00f6r kunden, vilket s\u00e4kerst\u00e4ller att ditt varum\u00e4rke syns med varje klunk.<\/p>\n<\/li>\n<li>\n<p data-path-to-node=\"9,2,0\"><b data-path-to-node=\"9,2,0\" data-index-in-node=\"0\">Kreativ marknadsf\u00f6ring:<\/b> Perfekt f\u00f6r QR-koder, fr\u00e5gesporter eller samlarserier f\u00f6r att engagera kunder interaktivt.<\/p>\n<\/li>\n<li>\n<p data-path-to-node=\"9,3,0\"><b data-path-to-node=\"9,3,0\" data-index-in-node=\"0\">Kostnadseffektiv:<\/b> Ett prisv\u00e4rt marknadsf\u00f6ringsverktyg f\u00f6r stora volymer som ger h\u00f6g avkastning p\u00e5 investeringen.<\/p>\n<\/li>\n<\/ul>","protected":false},"featured_media":6233,"comment_status":"closed","ping_status":"closed","template":"","meta":[],"product_brand":[],"product_cat":[119],"product_tag":[],"class_list":{"0":"post-6232","1":"product","2":"type-product","3":"status-publish","4":"has-post-thumbnail","6":"product_cat-drinkware-accessories","8":"first","9":"instock","10":"shipping-taxable","11":"purchasable","12":"product-type-simple"},"_links":{"self":[{"href":"https:\/\/displayproducts.eu\/sv\/wp-json\/wp\/v2\/product\/6232","targetHints":{"allow":["GET"]}}],"collection":[{"href":"https:\/\/displayproducts.eu\/sv\/wp-json\/wp\/v2\/product"}],"about":[{"href":"https:\/\/displayproducts.eu\/sv\/wp-json\/wp\/v2\/types\/product"}],"replies":[{"embeddable":true,"href":"https:\/\/displayproducts.eu\/sv\/wp-json\/wp\/v2\/comments?post=6232"}],"wp:featuredmedia":[{"embeddable":true,"href":"https:\/\/displayproducts.eu\/sv\/wp-json\/wp\/v2\/media\/6233"}],"wp:attachment":[{"href":"https:\/\/displayproducts.eu\/sv\/wp-json\/wp\/v2\/media?parent=6232"}],"wp:term":[{"taxonomy":"product_brand","embeddable":true,"href":"https:\/\/displayproducts.eu\/sv\/wp-json\/wp\/v2\/product_brand?post=6232"},{"taxonomy":"product_cat","embeddable":true,"href":"https:\/\/displayproducts.eu\/sv\/wp-json\/wp\/v2\/product_cat?post=6232"},{"taxonomy":"product_tag","embeddable":true,"href":"https:\/\/displayproducts.eu\/sv\/wp-json\/wp\/v2\/product_tag?post=6232"}],"curies":[{"name":"wp","href":"https:\/\/api.w.org\/{rel}","templated":true}]}}