{"id":6230,"date":"2025-12-20T18:14:23","date_gmt":"2025-12-20T15:14:23","guid":{"rendered":"https:\/\/wristbandfactory.eu\/?post_type=product&#038;p=6230"},"modified":"2026-04-01T21:52:34","modified_gmt":"2026-04-01T18:52:34","slug":"custom-printed-door-hangers-do-not-disturb-signs-pvc-pp-cardboard","status":"publish","type":"product","link":"https:\/\/displayproducts.eu\/sv\/p\/custom-printed-door-hangers-do-not-disturb-signs-pvc-pp-cardboard\/","title":{"rendered":"D\u00f6rrh\u00e4ngare med tryck"},"content":{"rendered":"<p data-path-to-node=\"10\">Effektivisera kommunikationen och f\u00f6rb\u00e4ttra varum\u00e4rket med v\u00e5r <b data-path-to-node=\"10\" data-index-in-node=\"80\">D\u00f6rrh\u00e4ngare med tryck<\/b>. Oavsett om du beh\u00f6ver funktionella &quot;St\u00f6r ej&quot;-skyltar f\u00f6r en hotellkedja eller i\u00f6gonfallande marknadsf\u00f6ringsverktyg f\u00f6r en gerillakampanj, \u00e4r v\u00e5ra d\u00f6rrh\u00e4ngare utformade f\u00f6r att f\u00f6rmedla ditt budskap tydligt och professionellt.<\/p>\n<p data-path-to-node=\"11\">Vi erbjuder ett utbud av material som passar dina specifika h\u00e5llbarhetsbehov. <b data-path-to-node=\"11\" data-index-in-node=\"74\">PVC och polypropen (PP)<\/b> alternativen \u00e4r rivbest\u00e4ndiga och vattent\u00e4ta, vilket g\u00f6r dem idealiska f\u00f6r daglig anv\u00e4ndning i hotell- och restaurangmilj\u00f6er. F\u00f6r kortsiktiga kampanjer eller direktreklamkampanjer \u00e4r v\u00e5ra h\u00f6gkvalitativa <b data-path-to-node=\"11\" data-index-in-node=\"283\">Kartong<\/b> alternativen erbjuder ett premiumutseende till ett kostnadseffektivt pris.<\/p>\n<h2 data-path-to-node=\"12\">Viktiga funktioner<\/h2>\n<ul data-path-to-node=\"13\">\n<li>\n<p data-path-to-node=\"13,0,0\"><b data-path-to-node=\"13,0,0\" data-index-in-node=\"0\">Materialflexibilitet:<\/b><\/p>\n<ul data-path-to-node=\"13,0,1\">\n<li>\n<p data-path-to-node=\"13,0,1,0,0\"><b data-path-to-node=\"13,0,1,0,0\" data-index-in-node=\"0\">PVC\/PP:<\/b> Vattent\u00e4t, robust och l\u00e4tt att reng\u00f6ra. Perfekt f\u00f6r l\u00e5ngvarig inomhus- och utomhusbruk.<\/p>\n<\/li>\n<li>\n<p data-path-to-node=\"13,0,1,1,0\"><b data-path-to-node=\"13,0,1,1,0\" data-index-in-node=\"0\">Kartong:<\/b> H\u00e5llbar och l\u00e4tt. Perfekt f\u00f6r eng\u00e5ngsevenemang eller massdistribution.<\/p>\n<\/li>\n<\/ul>\n<\/li>\n<li>\n<p data-path-to-node=\"13,1,0\"><b data-path-to-node=\"13,1,0\" data-index-in-node=\"0\">Visuell excellens:<\/b> Vi anv\u00e4nder h\u00f6guppl\u00f6st <b data-path-to-node=\"13,1,0\" data-index-in-node=\"42\">Offset<\/b> eller <b data-path-to-node=\"13,1,0\" data-index-in-node=\"52\">Screentryck<\/b> f\u00f6r att s\u00e4kerst\u00e4lla att din logotyp och text \u00e4r skarpa, f\u00e4rgglada och blekningsbest\u00e4ndiga.<\/p>\n<\/li>\n<li>\n<p data-path-to-node=\"13,2,0\"><b data-path-to-node=\"13,2,0\" data-index-in-node=\"0\">Anpassade former:<\/b> Vi erbjuder rektangul\u00e4ra standardformer med krok, men vi kan \u00e4ven stansa ut galgarna i specialformer som matchar ert varum\u00e4rke.<\/p>\n<\/li>\n<li>\n<p data-path-to-node=\"13,3,0\"><b data-path-to-node=\"13,3,0\" data-index-in-node=\"0\">Dubbelmeddelanden:<\/b> Anv\u00e4nd b\u00e5da sidor av taggen f\u00f6r att f\u00f6rmedla mer information eller erbjuda dubbel funktionalitet.<\/p>\n<\/li>\n<\/ul>\n<h2 data-path-to-node=\"14\">Specifikationer<\/h2>\n<ul data-path-to-node=\"15\">\n<li>\n<p data-path-to-node=\"15,0,0\"><b data-path-to-node=\"15,0,0\" data-index-in-node=\"0\">Material:<\/b> Stel PVC, flexibel PP (polypropen) eller belagd kartong.<\/p>\n<\/li>\n<li>\n<p data-path-to-node=\"15,1,0\"><b data-path-to-node=\"15,1,0\" data-index-in-node=\"0\">Tryckteknik:<\/b> Fullf\u00e4rgsoffset (CMYK) eller screentryck (spotf\u00e4rger).<\/p>\n<\/li>\n<li>\n<p data-path-to-node=\"15,2,0\"><b data-path-to-node=\"15,2,0\" data-index-in-node=\"0\">Utskriftst\u00e4ckning:<\/b> Enkelsidig eller dubbelsidig.<\/p>\n<\/li>\n<li>\n<p data-path-to-node=\"15,3,0\"><b data-path-to-node=\"15,3,0\" data-index-in-node=\"0\">Tjocklek:<\/b> Anpassningsbar baserat p\u00e5 materialval (t.ex. 300 g kartong, 500 mikron PVC).<\/p>\n<\/li>\n<li>\n<p data-path-to-node=\"15,4,0\"><b data-path-to-node=\"15,4,0\" data-index-in-node=\"0\">Fasts\u00e4ttning:<\/b> Standardkrok f\u00f6r d\u00f6rrhandtag.<\/p>\n<\/li>\n<\/ul>\n<h2 data-path-to-node=\"16\">Anv\u00e4ndningsfall<\/h2>\n<ul data-path-to-node=\"17\">\n<li>\n<p data-path-to-node=\"17,0,0\"><b data-path-to-node=\"17,0,0\" data-index-in-node=\"0\">Hotell- och restaurangbranschen:<\/b> Viktigt f\u00f6r hotell, resorter och kryssningsfartyg (\u201cSt\u00f6r ej\u201d, \u201cFrukostmeny\u201d, \u201cRumsservice\u201d).<\/p>\n<\/li>\n<li>\n<p data-path-to-node=\"17,1,0\"><b data-path-to-node=\"17,1,0\" data-index-in-node=\"0\">F\u00f6retagskontor:<\/b> Anv\u00e4ndbart f\u00f6r m\u00f6tesrum (&quot;M\u00f6te p\u00e5g\u00e5r&quot;) eller st\u00e4dscheman.<\/p>\n<\/li>\n<li>\n<p data-path-to-node=\"17,2,0\"><b data-path-to-node=\"17,2,0\" data-index-in-node=\"0\">Fastigheter och marknadsf\u00f6ring:<\/b> \u201cMeddelanden om \u201dJust s\u00e5ld\u201c eller \u201d\u00d6ppet hus\u201d l\u00e4mnade p\u00e5 grannskapets d\u00f6rrhandtag.<\/p>\n<\/li>\n<\/ul>\n<p data-path-to-node=\"18\">","protected":false},"excerpt":{"rendered":"<ul>\n<li>\n<p data-path-to-node=\"9,0,0\"><b data-path-to-node=\"9,0,0\" data-index-in-node=\"0\">M\u00e5ngsidigt materialval:<\/b> V\u00e4lj robust PVC eller polypropen (PP) f\u00f6r l\u00e5ngvarig \u00e5teranv\u00e4ndning p\u00e5 hotell, eller kostnadseffektiv kartong f\u00f6r marknadsf\u00f6ringskampanjer.<\/p>\n<\/li>\n<li>\n<p data-path-to-node=\"9,1,0\"><b data-path-to-node=\"9,1,0\" data-index-in-node=\"0\">H\u00f6gpresterande utskrift:<\/b> Finns med livfullt offsettryck eller screentryck i fullf\u00e4rg f\u00f6r att s\u00e4kerst\u00e4lla att ditt budskap syns p\u00e5 avst\u00e5nd.<\/p>\n<\/li>\n<li>\n<p data-path-to-node=\"9,2,0\"><b data-path-to-node=\"9,2,0\" data-index-in-node=\"0\">Dubbelsidig kommunikation:<\/b> Maximera nyttan genom att skriva ut olika meddelanden p\u00e5 varje sida (t.ex. \u201cSt\u00f6r ej\u201d \/ \u201cVar god st\u00e4da rummet\u201d).<\/p>\n<\/li>\n<li>\n<p data-path-to-node=\"9,3,0\"><b data-path-to-node=\"9,3,0\" data-index-in-node=\"0\">Universell passform:<\/b> Utformad f\u00f6r att passa vanliga d\u00f6rrhandtag p\u00e5 hotell, konferenscenter och f\u00f6retagskontor.<\/p>\n<\/li>\n<\/ul>","protected":false},"featured_media":6280,"comment_status":"closed","ping_status":"closed","template":"","meta":[],"product_brand":[],"product_cat":[132],"product_tag":[],"class_list":{"0":"post-6230","1":"product","2":"type-product","3":"status-publish","4":"has-post-thumbnail","6":"product_cat-hotel-spa-amenities","8":"first","9":"instock","10":"shipping-taxable","11":"product-type-simple"},"_links":{"self":[{"href":"https:\/\/displayproducts.eu\/sv\/wp-json\/wp\/v2\/product\/6230","targetHints":{"allow":["GET"]}}],"collection":[{"href":"https:\/\/displayproducts.eu\/sv\/wp-json\/wp\/v2\/product"}],"about":[{"href":"https:\/\/displayproducts.eu\/sv\/wp-json\/wp\/v2\/types\/product"}],"replies":[{"embeddable":true,"href":"https:\/\/displayproducts.eu\/sv\/wp-json\/wp\/v2\/comments?post=6230"}],"wp:featuredmedia":[{"embeddable":true,"href":"https:\/\/displayproducts.eu\/sv\/wp-json\/wp\/v2\/media\/6280"}],"wp:attachment":[{"href":"https:\/\/displayproducts.eu\/sv\/wp-json\/wp\/v2\/media?parent=6230"}],"wp:term":[{"taxonomy":"product_brand","embeddable":true,"href":"https:\/\/displayproducts.eu\/sv\/wp-json\/wp\/v2\/product_brand?post=6230"},{"taxonomy":"product_cat","embeddable":true,"href":"https:\/\/displayproducts.eu\/sv\/wp-json\/wp\/v2\/product_cat?post=6230"},{"taxonomy":"product_tag","embeddable":true,"href":"https:\/\/displayproducts.eu\/sv\/wp-json\/wp\/v2\/product_tag?post=6230"}],"curies":[{"name":"wp","href":"https:\/\/api.w.org\/{rel}","templated":true}]}}