{"id":6228,"date":"2025-12-20T18:09:00","date_gmt":"2025-12-20T15:09:00","guid":{"rendered":"https:\/\/wristbandfactory.eu\/?post_type=product&#038;p=6228"},"modified":"2026-04-01T21:52:34","modified_gmt":"2026-04-01T18:52:34","slug":"custom-printed-rulers-3d-lenticular-rulers-pvc-pp-pet","status":"publish","type":"product","link":"https:\/\/displayproducts.eu\/sv\/p\/custom-printed-rulers-3d-lenticular-rulers-pvc-pp-pet\/","title":{"rendered":"Linjaler med tryck (PVC &amp; 3D)"},"content":{"rendered":"<p data-path-to-node=\"10\">S\u00e4kra en permanent plats p\u00e5 din klients skrivbord med v\u00e5r <b data-path-to-node=\"10\" data-index-in-node=\"80\">Anpassade tryckta linjaler<\/b>. Till skillnad fr\u00e5n eng\u00e5ngsflygblad \u00e4r en linjal med m\u00e4rkesprofil ett praktiskt verktyg som erbjuder l\u00e5ngsiktigt v\u00e4rde och daglig synlighet p\u00e5 kontor, skolor och industrimilj\u00f6er.<\/p>\n<p data-path-to-node=\"11\">Vi erbjuder ett brett utbud av material som passar dina kampanjm\u00e5l. V\u00e4lj v\u00e5rt <b data-path-to-node=\"11\" data-index-in-node=\"75\">Standard PVC<\/b> f\u00f6r ett klassiskt utseende, <b data-path-to-node=\"11\" data-index-in-node=\"108\">Milj\u00f6v\u00e4nlig polypropen (PP)<\/b> f\u00f6r h\u00e5llbart varum\u00e4rke, eller v\u00e5r banbrytande <b data-path-to-node=\"11\" data-index-in-node=\"186\">3D-linsformade linjaler<\/b> f\u00f6r maximal effekt. Den linsformade tekniken skapar engagerande visuella effekter som animation, djup eller bildv\u00e4ndning, vilket g\u00f6r den idealisk f\u00f6r kampanjer inom l\u00e4kemedels- och livsmedelsindustrin.<\/p>\n<h2 data-path-to-node=\"12\">Viktiga funktioner<\/h2>\n<ul data-path-to-node=\"13\">\n<li>\n<p data-path-to-node=\"13,0,0\"><b data-path-to-node=\"13,0,0\" data-index-in-node=\"0\">H\u00f6guppl\u00f6st varum\u00e4rkesbyggande:<\/b> Oavsett om du v\u00e4ljer digitaltryck f\u00f6r komplexa bilder eller screentryck f\u00f6r solida spotf\u00e4rger, garanterar vi skarpa och livfulla resultat.<\/p>\n<\/li>\n<li>\n<p data-path-to-node=\"13,1,0\"><b data-path-to-node=\"13,1,0\" data-index-in-node=\"0\">Anpassade dimensioner:<\/b> Vi erbjuder inte bara standardstorlekar; vi kan tillverka linjaler i allt fr\u00e5n kompakta 15 cm-versioner upp till stora 68 cm-format.<\/p>\n<\/li>\n<li>\n<p data-path-to-node=\"13,2,0\"><b data-path-to-node=\"13,2,0\" data-index-in-node=\"0\">Milj\u00f6v\u00e4nliga alternativ:<\/b> F\u00f6r gr\u00f6na kampanjer erbjuder vi biologiskt nedbrytbara och \u00e5tervinningsbara polypropen (PP)-material.<\/p>\n<\/li>\n<li>\n<p data-path-to-node=\"13,3,0\"><b data-path-to-node=\"13,3,0\" data-index-in-node=\"0\">Avancerade 3D-effekter:<\/b> Linsformad utskrift m\u00f6jligg\u00f6r effekterna &quot;Flip&quot; (bildbyte), &quot;Motion&quot; (videoliknande r\u00f6relse) eller &quot;3D-djup&quot;, vilket f\u00f6rvandlar en enkel linjal till en interaktiv upplevelse.<\/p>\n<\/li>\n<\/ul>\n<h2 data-path-to-node=\"14\">Specifikationer<\/h2>\n<table data-path-to-node=\"15\">\n<thead>\n<tr>\n<td><strong>S\u00e4rdrag<\/strong><\/td>\n<td><strong>PVC-linjaler<\/strong><\/td>\n<td><strong>PP (polypropylen) linjaler<\/strong><\/td>\n<td><strong>3D-linsformade linjaler<\/strong><\/td>\n<\/tr>\n<\/thead>\n<tbody>\n<tr>\n<td><span data-path-to-node=\"15,1,0,0\"><b data-path-to-node=\"15,1,0,0\" data-index-in-node=\"0\">Material<\/b><\/span><\/td>\n<td><span data-path-to-node=\"15,1,1,0\">Halvstyv vit PVC<\/span><\/td>\n<td><span data-path-to-node=\"15,1,2,0\">Flexibel milj\u00f6v\u00e4nlig PP<\/span><\/td>\n<td><span data-path-to-node=\"15,1,3,0\">Lentikul\u00e4r PET<\/span><\/td>\n<\/tr>\n<tr>\n<td><span data-path-to-node=\"15,2,0,0\"><b data-path-to-node=\"15,2,0,0\" data-index-in-node=\"0\">Tjocklek<\/b><\/span><\/td>\n<td><span data-path-to-node=\"15,2,1,0\">300, 500 eller 700 mikron<\/span><\/td>\n<td><span data-path-to-node=\"15,2,2,0\">500 eller 800 mikron<\/span><\/td>\n<td><span data-path-to-node=\"15,2,3,0\">500 mikron<\/span><\/td>\n<\/tr>\n<tr>\n<td><span data-path-to-node=\"15,3,0,0\"><b data-path-to-node=\"15,3,0,0\" data-index-in-node=\"0\">Utskriftsmetod<\/b><\/span><\/td>\n<td><span data-path-to-node=\"15,3,1,0\">Digitalt eller screentryck<\/span><\/td>\n<td><span data-path-to-node=\"15,3,2,0\">Digitalt eller screentryck<\/span><\/td>\n<td><span data-path-to-node=\"15,3,3,0\">Offset\/Sk\u00e4rm (3D-effekter)<\/span><\/td>\n<\/tr>\n<tr>\n<td><span data-path-to-node=\"15,4,0,0\"><b data-path-to-node=\"15,4,0,0\" data-index-in-node=\"0\">Sidor<\/b><\/span><\/td>\n<td><span data-path-to-node=\"15,4,1,0\">1- eller 2-sidig<\/span><\/td>\n<td><span data-path-to-node=\"15,4,2,0\">1- eller 2-sidig<\/span><\/td>\n<td><span data-path-to-node=\"15,4,3,0\">Fram (3D) + Bak (Statisk)<\/span><\/td>\n<\/tr>\n<tr>\n<td><span data-path-to-node=\"15,5,0,0\"><b data-path-to-node=\"15,5,0,0\" data-index-in-node=\"0\">L\u00e4ngdintervall<\/b><\/span><\/td>\n<td><span data-path-to-node=\"15,5,1,0\">15 cm \u2013 68 cm<\/span><\/td>\n<td><span data-path-to-node=\"15,5,2,0\">15 cm \u2013 68 cm<\/span><\/td>\n<td><span data-path-to-node=\"15,5,3,0\">Standardstorlekar<\/span><\/td>\n<\/tr>\n<\/tbody>\n<\/table>\n<h2 data-path-to-node=\"16\">Anv\u00e4ndningsfall<\/h2>\n<ul data-path-to-node=\"17\">\n<li>\n<p data-path-to-node=\"17,0,0\"><b data-path-to-node=\"17,0,0\" data-index-in-node=\"0\">Utbildningskampanjer:<\/b> Viktiga utdelat material f\u00f6r skolor, universitet och utbildningscenter.<\/p>\n<\/li>\n<li>\n<p data-path-to-node=\"17,1,0\"><b data-path-to-node=\"17,1,0\" data-index-in-node=\"0\">L\u00e4kemedelsmarknadsf\u00f6ring:<\/b> Anv\u00e4nd 3D-lintikul\u00e4ra effekter f\u00f6r att visa &quot;f\u00f6re och efter&quot;-resultat eller animationer av verkningsmekanismer.<\/p>\n<\/li>\n<li>\n<p data-path-to-node=\"17,2,0\"><b data-path-to-node=\"17,2,0\" data-index-in-node=\"0\">Bygg och teknik:<\/b> Ett n\u00f6dv\u00e4ndigt verktyg f\u00f6r arkitekter och ingenj\u00f6rer som \u00e4ven fungerar som ett premiumvisitkort.<\/p>\n<\/li>\n<\/ul>","protected":false},"excerpt":{"rendered":"<ul>\n<li>\n<p data-path-to-node=\"9,0,0\"><b data-path-to-node=\"9,0,0\" data-index-in-node=\"0\">M\u00e5ngsidiga materialalternativ:<\/b> V\u00e4lj mellan halvstyv PVC, milj\u00f6v\u00e4nlig polypropylen (PP) eller specialiserad linsformad PET.<\/p>\n<\/li>\n<li>\n<p data-path-to-node=\"9,1,0\"><b data-path-to-node=\"9,1,0\" data-index-in-node=\"0\">3D visuella effekter:<\/b> V\u00e5ra linsformade PET-linjaler erbjuder fantastiska r\u00f6relse-, zoom- och morphing-effekter f\u00f6r att f\u00e5nga uppm\u00e4rksamheten.<\/p>\n<\/li>\n<li>\n<p data-path-to-node=\"9,2,0\"><b data-path-to-node=\"9,2,0\" data-index-in-node=\"0\">Fullst\u00e4ndig anpassning:<\/b> Finns med h\u00f6guppl\u00f6st digitaltryck eller screentryck p\u00e5 hela ytan (1 eller 2 sidor).<\/p>\n<\/li>\n<li>\n<p data-path-to-node=\"9,3,0\"><b data-path-to-node=\"9,3,0\" data-index-in-node=\"0\">Praktisk varum\u00e4rkessynlighet:<\/b> Ett funktionellt skrivbordsverktyg som s\u00e4kerst\u00e4ller att ditt varum\u00e4rke syns framf\u00f6r kunden dagligen.<\/p>\n<\/li>\n<\/ul>","protected":false},"featured_media":6229,"comment_status":"closed","ping_status":"closed","template":"","meta":[],"product_brand":[],"product_cat":[122],"product_tag":[],"class_list":{"0":"post-6228","1":"product","2":"type-product","3":"status-publish","4":"has-post-thumbnail","6":"product_cat-promotional-accessories","8":"first","9":"instock","10":"shipping-taxable","11":"product-type-simple"},"_links":{"self":[{"href":"https:\/\/displayproducts.eu\/sv\/wp-json\/wp\/v2\/product\/6228","targetHints":{"allow":["GET"]}}],"collection":[{"href":"https:\/\/displayproducts.eu\/sv\/wp-json\/wp\/v2\/product"}],"about":[{"href":"https:\/\/displayproducts.eu\/sv\/wp-json\/wp\/v2\/types\/product"}],"replies":[{"embeddable":true,"href":"https:\/\/displayproducts.eu\/sv\/wp-json\/wp\/v2\/comments?post=6228"}],"wp:featuredmedia":[{"embeddable":true,"href":"https:\/\/displayproducts.eu\/sv\/wp-json\/wp\/v2\/media\/6229"}],"wp:attachment":[{"href":"https:\/\/displayproducts.eu\/sv\/wp-json\/wp\/v2\/media?parent=6228"}],"wp:term":[{"taxonomy":"product_brand","embeddable":true,"href":"https:\/\/displayproducts.eu\/sv\/wp-json\/wp\/v2\/product_brand?post=6228"},{"taxonomy":"product_cat","embeddable":true,"href":"https:\/\/displayproducts.eu\/sv\/wp-json\/wp\/v2\/product_cat?post=6228"},{"taxonomy":"product_tag","embeddable":true,"href":"https:\/\/displayproducts.eu\/sv\/wp-json\/wp\/v2\/product_tag?post=6228"}],"curies":[{"name":"wp","href":"https:\/\/api.w.org\/{rel}","templated":true}]}}