{"id":6226,"date":"2025-12-20T18:04:19","date_gmt":"2025-12-20T15:04:19","guid":{"rendered":"https:\/\/wristbandfactory.eu\/?post_type=product&#038;p=6226"},"modified":"2026-04-01T21:52:03","modified_gmt":"2026-04-01T18:52:03","slug":"custom-fsc-certified-pencils-with-eraser-360-full-color-print","status":"publish","type":"product","link":"https:\/\/displayproducts.eu\/sv\/p\/custom-fsc-certified-pencils-with-eraser-360-full-color-print\/","title":{"rendered":"Blyertspennor med tryck (FSC\u00ae-certifierade)"},"content":{"rendered":"<p data-path-to-node=\"10\">Visa upp ditt milj\u00f6engagemang utan att kompromissa med designen med v\u00e5r <b data-path-to-node=\"10\" data-index-in-node=\"109\">Anpassade FSC\u00ae-certifierade pennor<\/b>. Dessa \u00e4r inte bara skrivredskap; de \u00e4r ett uttryck f\u00f6r h\u00e5llbara varum\u00e4rkesv\u00e4rderingar. Genom att v\u00e4lja FSC\u00ae-certifierat tr\u00e4 st\u00f6der du ansvarsfullt skogsbruk v\u00e4rlden \u00f6ver.<\/p>\n<p data-path-to-node=\"11\">Det som skiljer den h\u00e4r pennan fr\u00e5n m\u00e4ngden \u00e4r <b data-path-to-node=\"11\" data-index-in-node=\"35\">360\u00b0 fullf\u00e4rgsanpassning<\/b>. Vi trycker inte bara en liten logotyp p\u00e5 sidan; vi lindar in hela pennhylsan i din unika design. Oavsett om det \u00e4r ett komplext m\u00f6nster, en fotografisk bild eller dina f\u00f6retagsf\u00e4rger, blir resultatet ett s\u00f6ml\u00f6st och i\u00f6gonfallande marknadsf\u00f6ringsverktyg.<\/p>\n<h2 data-path-to-node=\"12\">Viktiga funktioner<\/h2>\n<ul data-path-to-node=\"13\">\n<li>\n<p data-path-to-node=\"13,0,0\"><b data-path-to-node=\"13,0,0\" data-index-in-node=\"0\">Milj\u00f6v\u00e4nligt val:<\/b> Tillverkad av naturligt tr\u00e4 fr\u00e5n certifierade h\u00e5llbara k\u00e4llor, vilket g\u00f6r den till en skuldfri reklamprodukt.<\/p>\n<\/li>\n<li>\n<p data-path-to-node=\"13,1,0\"><b data-path-to-node=\"13,1,0\" data-index-in-node=\"0\">Gr\u00e4nsl\u00f6s design:<\/b> 360\u00b0-trycktekniken m\u00f6jligg\u00f6r kant-till-kant-varum\u00e4rkesbyggande i CMYK, perfekt f\u00f6r invecklad grafik och dj\u00e4rva budskap.<\/p>\n<\/li>\n<li>\n<p data-path-to-node=\"13,2,0\"><b data-path-to-node=\"13,2,0\" data-index-in-node=\"0\">Funktionellt och snyggt:<\/b> Utrustad med ett praktiskt suddgummi som h\u00e5lls p\u00e5 plats av ett elegant <b data-path-to-node=\"13,2,0\" data-index-in-node=\"80\">metallhylsa<\/b>, som kombinerar anv\u00e4ndbarhet med ett polerat utseende.<\/p>\n<\/li>\n<li>\n<p data-path-to-node=\"13,3,0\"><b data-path-to-node=\"13,3,0\" data-index-in-node=\"0\">H\u00f6g nytta:<\/b> Pennor \u00e4r ett av de mest beh\u00e5llna reklamartiklarna, vilket s\u00e4kerst\u00e4ller att ditt varum\u00e4rke stannar i kundens hand i m\u00e5nader.<\/p>\n<\/li>\n<\/ul>\n<h2 data-path-to-node=\"14\">Specifikationer<\/h2>\n<ul data-path-to-node=\"15\">\n<li>\n<p data-path-to-node=\"15,0,0\"><b data-path-to-node=\"15,0,0\" data-index-in-node=\"0\">Material:<\/b> Naturtr\u00e4 (FSC\u00ae-certifierat).<\/p>\n<\/li>\n<li>\n<p data-path-to-node=\"15,1,0\"><b data-path-to-node=\"15,1,0\" data-index-in-node=\"0\">Utskriftsmetod:<\/b> 360\u00b0 digital omslag i fullf\u00e4rg.<\/p>\n<\/li>\n<li>\n<p data-path-to-node=\"15,2,0\"><b data-path-to-node=\"15,2,0\" data-index-in-node=\"0\">Komponenter:<\/b> Grafitstift, suddgummi, metallhylsa.<\/p>\n<\/li>\n<li>\n<p data-path-to-node=\"15,3,0\"><b data-path-to-node=\"15,3,0\" data-index-in-node=\"0\">Form:<\/b> Standardrund eller sexkantig (beroende p\u00e5 lager).<\/p>\n<\/li>\n<li>\n<p data-path-to-node=\"15,4,0\"><b data-path-to-node=\"15,4,0\" data-index-in-node=\"0\">Certifieringar:<\/b> FSC\u00ae (Forest Stewardship Council).<\/p>\n<\/li>\n<\/ul>\n<h2 data-path-to-node=\"16\">Anv\u00e4ndningsfall<\/h2>\n<ul data-path-to-node=\"17\">\n<li>\n<p data-path-to-node=\"17,0,0\"><b data-path-to-node=\"17,0,0\" data-index-in-node=\"0\">Utbildningsevenemang:<\/b> Perfekt f\u00f6r skolor, universitet och utbildningscenter.<\/p>\n<\/li>\n<li>\n<p data-path-to-node=\"17,1,0\"><b data-path-to-node=\"17,1,0\" data-index-in-node=\"0\">M\u00e4ssor:<\/b> En l\u00e4tt och milj\u00f6v\u00e4nlig giveaway som deltagarna faktiskt anv\u00e4nder.<\/p>\n<\/li>\n<li>\n<p data-path-to-node=\"17,2,0\"><b data-path-to-node=\"17,2,0\" data-index-in-node=\"0\">Kontorsmaterial:<\/b> Varum\u00e4rkesbygg ditt eget kontorsmaterial f\u00f6r att f\u00f6rst\u00e4rka f\u00f6retagets identitet internt och i kundm\u00f6ten.<\/p>\n<\/li>\n<\/ul>","protected":false},"excerpt":{"rendered":"<ul>\n<li>\n<p data-path-to-node=\"9,0,0\"><b data-path-to-node=\"9,0,0\" data-index-in-node=\"0\">Certifierad h\u00e5llbar:<\/b> Tillverkad av 100% naturligt tr\u00e4 fr\u00e5n ansvarsfullt f\u00f6rvaltade skogar (FSC\u00ae-certifierad).<\/p>\n<\/li>\n<li>\n<p data-path-to-node=\"9,1,0\"><b data-path-to-node=\"9,1,0\" data-index-in-node=\"0\">360\u00b0 Fullst\u00e4ndig varum\u00e4rkesbyggande:<\/b> Till skillnad fr\u00e5n vanligt tampongtryck t\u00e4cker din design hela pipan med ett livfullt digitalt tryck i fullf\u00e4rg.<\/p>\n<\/li>\n<li>\n<p data-path-to-node=\"9,2,0\"><b data-path-to-node=\"9,2,0\" data-index-in-node=\"0\">Premiumfinish:<\/b> Har ett h\u00f6gkvalitativt suddgummi s\u00e4krat med en h\u00e5llbar metallhylsa (detalj).<\/p>\n<\/li>\n<li>\n<p data-path-to-node=\"9,3,0\"><b data-path-to-node=\"9,3,0\" data-index-in-node=\"0\">M\u00e5ngsidig marknadsf\u00f6ring:<\/b> Den perfekta prisv\u00e4rda och synliga giveawayen f\u00f6r m\u00e4ssor, skolor och kontor.<\/p>\n<\/li>\n<\/ul>","protected":false},"featured_media":6227,"comment_status":"closed","ping_status":"closed","template":"","meta":[],"product_brand":[],"product_cat":[122],"product_tag":[],"class_list":{"0":"post-6226","1":"product","2":"type-product","3":"status-publish","4":"has-post-thumbnail","6":"product_cat-promotional-accessories","8":"first","9":"instock","10":"shipping-taxable","11":"product-type-simple"},"_links":{"self":[{"href":"https:\/\/displayproducts.eu\/sv\/wp-json\/wp\/v2\/product\/6226","targetHints":{"allow":["GET"]}}],"collection":[{"href":"https:\/\/displayproducts.eu\/sv\/wp-json\/wp\/v2\/product"}],"about":[{"href":"https:\/\/displayproducts.eu\/sv\/wp-json\/wp\/v2\/types\/product"}],"replies":[{"embeddable":true,"href":"https:\/\/displayproducts.eu\/sv\/wp-json\/wp\/v2\/comments?post=6226"}],"wp:featuredmedia":[{"embeddable":true,"href":"https:\/\/displayproducts.eu\/sv\/wp-json\/wp\/v2\/media\/6227"}],"wp:attachment":[{"href":"https:\/\/displayproducts.eu\/sv\/wp-json\/wp\/v2\/media?parent=6226"}],"wp:term":[{"taxonomy":"product_brand","embeddable":true,"href":"https:\/\/displayproducts.eu\/sv\/wp-json\/wp\/v2\/product_brand?post=6226"},{"taxonomy":"product_cat","embeddable":true,"href":"https:\/\/displayproducts.eu\/sv\/wp-json\/wp\/v2\/product_cat?post=6226"},{"taxonomy":"product_tag","embeddable":true,"href":"https:\/\/displayproducts.eu\/sv\/wp-json\/wp\/v2\/product_tag?post=6226"}],"curies":[{"name":"wp","href":"https:\/\/api.w.org\/{rel}","templated":true}]}}