{"id":6224,"date":"2025-12-20T18:00:02","date_gmt":"2025-12-20T15:00:02","guid":{"rendered":"https:\/\/wristbandfactory.eu\/?post_type=product&#038;p=6224"},"modified":"2026-04-01T21:52:34","modified_gmt":"2026-04-01T18:52:34","slug":"custom-foldable-glasses-cases-pu-leather-metal-core","status":"publish","type":"product","link":"https:\/\/displayproducts.eu\/sv\/p\/custom-foldable-glasses-cases-pu-leather-metal-core\/","title":{"rendered":"Vikbara glas\u00f6gonfodral med tryck"},"content":{"rendered":"<p data-path-to-node=\"10\">Uppgradera dina m\u00e4rkesaccessoarer med v\u00e5ra <b data-path-to-node=\"10\" data-index-in-node=\"67\">Anpassade vikbara glas\u00f6gonfodral<\/b>. Detta fodral \u00e4r utformat f\u00f6r modern bekv\u00e4mlighet och l\u00f6ser problemet med skrymmande f\u00f6rvaring av glas\u00f6gon. N\u00e4r glas\u00f6gonen anv\u00e4nds f\u00e4lls fodralet ihop helt platt och passar enkelt ner i en jackficka eller en smal v\u00e4ska.<\/p>\n<p data-path-to-node=\"11\">Perfekt f\u00f6r optiker, sommarkampanjer och f\u00f6retagsresepresenter, detta fodral kombinerar h\u00e5llbarhet med exklusiv estetik. K\u00e4rnan \u00e4r tillverkad av l\u00e4tta metallplattor f\u00f6r strukturell integritet, t\u00e4ckt av sl\u00e4tt PU-l\u00e4der f\u00f6r en premiumk\u00e4nsla och fodrad med mjukt tyg f\u00f6r att skydda linser fr\u00e5n repor.<\/p>\n<h2 data-path-to-node=\"12\">Viktiga funktioner<\/h2>\n<ul data-path-to-node=\"13\">\n<li>\n<p data-path-to-node=\"13,0,0\"><b data-path-to-node=\"13,0,0\" data-index-in-node=\"0\">Maximal varum\u00e4rkesyta:<\/b> Till skillnad fr\u00e5n vanliga fodral som \u00e4r begr\u00e4nsade till en liten logotyp, m\u00f6jligg\u00f6r den h\u00e4r modellen <b data-path-to-node=\"13,0,0\" data-index-in-node=\"92\">digitaltryck med CMYK-tryck p\u00e5 hela ytan<\/b> p\u00e5 hela utsidan.<\/p>\n<\/li>\n<li>\n<p data-path-to-node=\"13,1,0\"><b data-path-to-node=\"13,1,0\" data-index-in-node=\"0\">Lyxig inredningsdetalj:<\/b> L\u00e4gg till en touch av elegans med silver eller guld <b data-path-to-node=\"13,1,0\" data-index-in-node=\"70\">varmst\u00e4mplad logotyp<\/b> (5 \u00d7 2 cm) p\u00e5 insidan av fodret.<\/p>\n<\/li>\n<li>\n<p data-path-to-node=\"13,2,0\"><b data-path-to-node=\"13,2,0\" data-index-in-node=\"0\">Universell passform:<\/b> N\u00e4r den \u00f6ppnas passar den triangul\u00e4ra formen de flesta vanliga l\u00e4sglas\u00f6gon och solglas\u00f6gon.<\/p>\n<\/li>\n<li>\n<p data-path-to-node=\"13,3,0\"><b data-path-to-node=\"13,3,0\" data-index-in-node=\"0\">Strukturell styrka:<\/b> Metallpl\u00e5tskonstruktionen s\u00e4kerst\u00e4ller att fodralet, trots att det \u00e4r vikbart, \u00e4r stadigt och skyddande n\u00e4r det \u00e4r utf\u00e4llt.<\/p>\n<\/li>\n<\/ul>\n<h2 data-path-to-node=\"14\">Specifikationer<\/h2>\n<ul data-path-to-node=\"15\">\n<li>\n<p data-path-to-node=\"15,0,0\"><b data-path-to-node=\"15,0,0\" data-index-in-node=\"0\">Material:<\/b> L\u00e4tt metallk\u00e4rna, PU-l\u00e4der p\u00e5 utsidan, mjukt tygfoder.<\/p>\n<\/li>\n<li>\n<p data-path-to-node=\"15,1,0\"><b data-path-to-node=\"15,1,0\" data-index-in-node=\"0\">M\u00e5tt (st\u00e4ngd):<\/b> 16 \u00d7 6,5 \u00d7 1,0 cm.<\/p>\n<\/li>\n<li>\n<p data-path-to-node=\"15,2,0\"><b data-path-to-node=\"15,2,0\" data-index-in-node=\"0\">M\u00e5tt (\u00f6ppen):<\/b> 16 \u00d7 6,5 \u00d7 6,5 cm.<\/p>\n<\/li>\n<li>\n<p data-path-to-node=\"15,3,0\"><b data-path-to-node=\"15,3,0\" data-index-in-node=\"0\">St\u00e4ngningstyp:<\/b> Dold magnetremsa.<\/p>\n<\/li>\n<li>\n<p data-path-to-node=\"15,4,0\"><b data-path-to-node=\"15,4,0\" data-index-in-node=\"0\">Varum\u00e4rkesalternativ:<\/b><\/p>\n<ul data-path-to-node=\"15,4,1\">\n<li>\n<p data-path-to-node=\"15,4,1,0,0\">Utsida: Tryck i fullf\u00e4rg (CMYK).<\/p>\n<\/li>\n<li>\n<p data-path-to-node=\"15,4,1,1,0\">Insida: Varmpr\u00e4gling (guld- eller silverfolie).<\/p>\n<\/li>\n<\/ul>\n<\/li>\n<li>\n<p data-path-to-node=\"15,5,0\"><b data-path-to-node=\"15,5,0\" data-index-in-node=\"0\">F\u00f6rpackning:<\/b> Individuell polyp\u00e5se (standard).<\/p>\n<ul data-path-to-node=\"15,5,1\">\n<li>\n<p data-path-to-node=\"15,5,1,0,0\"><i data-path-to-node=\"15,5,1,0,0\" data-index-in-node=\"0\">Frivillig:<\/i> Specialtryckt kartonginsatskort (15 \u00d7 6 cm).<\/p>\n<\/li>\n<\/ul>\n<\/li>\n<\/ul>\n<h2 data-path-to-node=\"16\">Anv\u00e4ndningsfall<\/h2>\n<ul data-path-to-node=\"17\">\n<li>\n<p data-path-to-node=\"17,0,0\"><b data-path-to-node=\"17,0,0\" data-index-in-node=\"0\">Optiker:<\/b> En v\u00e4rdefull present vid f\u00e5 offert av glas\u00f6gon.<\/p>\n<\/li>\n<li>\n<p data-path-to-node=\"17,1,0\"><b data-path-to-node=\"17,1,0\" data-index-in-node=\"0\">Resor och turism:<\/b> Perfekt f\u00f6r resebyr\u00e5er eller flygbolag som ett platsbesparande resetillbeh\u00f6r.<\/p>\n<\/li>\n<li>\n<p data-path-to-node=\"17,2,0\"><b data-path-to-node=\"17,2,0\" data-index-in-node=\"0\">Sommarerbjudanden:<\/b> Den perfekta f\u00f6ljeslagaren f\u00f6r kampanjer med m\u00e4rkessolglas\u00f6gon.<\/p>\n<\/li>\n<\/ul>","protected":false},"excerpt":{"rendered":"<ul>\n<li>\n<p data-path-to-node=\"9,0,0\"><b data-path-to-node=\"9,0,0\" data-index-in-node=\"0\">Smart hopf\u00e4llbar design:<\/b> Viks ihop platt till endast 1,0 cm tjocklek n\u00e4r den inte anv\u00e4nds, vilket sparar v\u00e4rdefullt utrymme i fickan eller v\u00e4skan.<\/p>\n<\/li>\n<li>\n<p data-path-to-node=\"9,1,0\"><b data-path-to-node=\"9,1,0\" data-index-in-node=\"0\">Fullst\u00e4ndig anpassning:<\/b> Hela den yttre PU-ytan kan tryckas i fullf\u00e4rg, medan insidan har en lyxig varmst\u00e4mplad logotyp.<\/p>\n<\/li>\n<li>\n<p data-path-to-node=\"9,2,0\"><b data-path-to-node=\"9,2,0\" data-index-in-node=\"0\">Premiummaterial:<\/b> Tillverkad med starka l\u00e4ttmetallplattor, t\u00e4ckt med PU-l\u00e4der och fodrad med mjukt tyg f\u00f6r att f\u00f6rhindra repor.<\/p>\n<\/li>\n<li>\n<p data-path-to-node=\"9,3,0\"><b data-path-to-node=\"9,3,0\" data-index-in-node=\"0\">Magnetisk st\u00e4ngning:<\/b> S\u00e4kert och l\u00e4ttanv\u00e4nt magnetiskt lock h\u00e5ller glas\u00f6gonen s\u00e4kra.<\/p>\n<\/li>\n<\/ul>","protected":false},"featured_media":6225,"comment_status":"closed","ping_status":"closed","template":"","meta":[],"product_brand":[],"product_cat":[121],"product_tag":[],"class_list":{"0":"post-6224","1":"product","2":"type-product","3":"status-publish","4":"has-post-thumbnail","6":"product_cat-promotional-merchandise","8":"first","9":"instock","10":"shipping-taxable","11":"product-type-simple"},"_links":{"self":[{"href":"https:\/\/displayproducts.eu\/sv\/wp-json\/wp\/v2\/product\/6224","targetHints":{"allow":["GET"]}}],"collection":[{"href":"https:\/\/displayproducts.eu\/sv\/wp-json\/wp\/v2\/product"}],"about":[{"href":"https:\/\/displayproducts.eu\/sv\/wp-json\/wp\/v2\/types\/product"}],"replies":[{"embeddable":true,"href":"https:\/\/displayproducts.eu\/sv\/wp-json\/wp\/v2\/comments?post=6224"}],"wp:featuredmedia":[{"embeddable":true,"href":"https:\/\/displayproducts.eu\/sv\/wp-json\/wp\/v2\/media\/6225"}],"wp:attachment":[{"href":"https:\/\/displayproducts.eu\/sv\/wp-json\/wp\/v2\/media?parent=6224"}],"wp:term":[{"taxonomy":"product_brand","embeddable":true,"href":"https:\/\/displayproducts.eu\/sv\/wp-json\/wp\/v2\/product_brand?post=6224"},{"taxonomy":"product_cat","embeddable":true,"href":"https:\/\/displayproducts.eu\/sv\/wp-json\/wp\/v2\/product_cat?post=6224"},{"taxonomy":"product_tag","embeddable":true,"href":"https:\/\/displayproducts.eu\/sv\/wp-json\/wp\/v2\/product_tag?post=6224"}],"curies":[{"name":"wp","href":"https:\/\/api.w.org\/{rel}","templated":true}]}}