{"id":6222,"date":"2025-12-20T17:56:31","date_gmt":"2025-12-20T14:56:31","guid":{"rendered":"https:\/\/wristbandfactory.eu\/?post_type=product&#038;p=6222"},"modified":"2026-04-01T21:52:03","modified_gmt":"2026-04-01T18:52:03","slug":"custom-3d-snow-globes-with-bespoke-interior-logo","status":"publish","type":"product","link":"https:\/\/displayproducts.eu\/sv\/p\/custom-3d-snow-globes-with-bespoke-interior-logo\/","title":{"rendered":"Sn\u00f6glober med egen design (3D)"},"content":{"rendered":"<p data-path-to-node=\"10\">F\u00e5nga magin under h\u00f6gtiderna eller frys ett \u00f6gonblick i tiden med v\u00e5r <b data-path-to-node=\"10\" data-index-in-node=\"95\">Anpassade 3D-sn\u00f6glober<\/b>. Till skillnad fr\u00e5n vanliga reklamartiklar har dessa glober en helt anpassad 3D-skulptur inuti \u2013 oavsett om det \u00e4r en miniatyrkopia av din produkt, din f\u00f6retagsmaskot eller en specifik arkitektonisk scen.<\/p>\n<p data-path-to-node=\"11\">Tillverkade av slitstarkt, l\u00f6sningsmedelsfritt polyesterharts \u00e4r dessa glober h\u00f6gkvalitativa samlarobjekt. Det flytande glittret ger en fascinerande effekt som drar uppm\u00e4rksamhet till ditt varum\u00e4rke. Med alternativ f\u00f6r b\u00e5de inv\u00e4ndig skulptur och utv\u00e4ndig basvarum\u00e4rkesprofilering \u00e4r detta den ultimata premiumg\u00e5van f\u00f6r f\u00f6retagspartners och s\u00e4songsbetonade kampanjer.<\/p>\n<h2 data-path-to-node=\"12\">Viktiga funktioner<\/h2>\n<ul data-path-to-node=\"13\">\n<li>\n<p data-path-to-node=\"13,0,0\"><b data-path-to-node=\"13,0,0\" data-index-in-node=\"0\">Helt anpassad 3D-modellering:<\/b> Interi\u00f6ren \u00e4r inte en platt insats utan en gjuten hartsfigur skapad specifikt f\u00f6r ditt projekt.<\/p>\n<\/li>\n<li>\n<p data-path-to-node=\"13,1,0\"><b data-path-to-node=\"13,1,0\" data-index-in-node=\"0\">Konstn\u00e4rlig finish:<\/b> 3D-elementen kan l\u00e4mnas i en elegant, helvit f\u00e4rg eller noggrant handm\u00e5las f\u00f6r att matcha era varum\u00e4rkesf\u00e4rger.<\/p>\n<\/li>\n<li>\n<p data-path-to-node=\"13,2,0\"><b data-path-to-node=\"13,2,0\" data-index-in-node=\"0\">M\u00e4rkesbas:<\/b> Basen (finns i vitt eller svart) har funktioner <b data-path-to-node=\"13,2,0\" data-index-in-node=\"62\">relieftryck<\/b>, l\u00e4gga till en 3D-textur p\u00e5 din logotyp eller text p\u00e5 utsidan.<\/p>\n<\/li>\n<li>\n<p data-path-to-node=\"13,3,0\"><b data-path-to-node=\"13,3,0\" data-index-in-node=\"0\">F\u00f6rpackning f\u00f6r detaljhandeln:<\/b> Ingen extra inslagning beh\u00f6vs. Varje jordglob levereras i en f\u00e4rgtryckt kartong med s\u00e4ker stoppning, redo f\u00f6r distribution.<\/p>\n<\/li>\n<\/ul>\n<h2 data-path-to-node=\"14\">Specifikationer<\/h2>\n<ul data-path-to-node=\"15\">\n<li>\n<p data-path-to-node=\"15,0,0\"><b data-path-to-node=\"15,0,0\" data-index-in-node=\"0\">Globmaterial:<\/b> Glas\/klar plast med figurer av polyesterharts (l\u00f6sningsmedelsfria).<\/p>\n<\/li>\n<li>\n<p data-path-to-node=\"15,1,0\"><b data-path-to-node=\"15,1,0\" data-index-in-node=\"0\">Basmaterial:<\/b> Slitstark komposit.<\/p>\n<\/li>\n<li>\n<p data-path-to-node=\"15,2,0\"><b data-path-to-node=\"15,2,0\" data-index-in-node=\"0\">Fyllning:<\/b> Flytande med glittrande glitter\/paljetter.<\/p>\n<\/li>\n<li>\n<p data-path-to-node=\"15,3,0\"><b data-path-to-node=\"15,3,0\" data-index-in-node=\"0\">Tillg\u00e4ngliga storlekar:<\/b><\/p>\n<ul data-path-to-node=\"15,3,1\">\n<li>\n<p data-path-to-node=\"15,3,1,0,0\"><b data-path-to-node=\"15,3,1,0,0\" data-index-in-node=\"0\">\u00d8 8 cm Glob:<\/b> Bas 7,5 \u00d7 7,5 \u00d7 2,5 cm | L\u00e5da 11 \u00d7 13 \u00d7 11 cm.<\/p>\n<\/li>\n<li>\n<p data-path-to-node=\"15,3,1,1,0\"><b data-path-to-node=\"15,3,1,1,0\" data-index-in-node=\"0\">\u00d8 10 cm Glob:<\/b> Bas 9 \u00d7 9 \u00d7 3 cm | L\u00e5da 13,7 \u00d7 15,7 \u00d7 13,7 cm.<\/p>\n<\/li>\n<\/ul>\n<\/li>\n<li>\n<p data-path-to-node=\"15,4,0\"><b data-path-to-node=\"15,4,0\" data-index-in-node=\"0\">Anpassning:<\/b> 3D-gjuten interi\u00f6r + basrelieftryck + specialanpassad l\u00e5da.<\/p>\n<\/li>\n<\/ul>\n<h2 data-path-to-node=\"16\">Anv\u00e4ndningsfall<\/h2>\n<ul data-path-to-node=\"17\">\n<li>\n<p data-path-to-node=\"17,0,0\"><b data-path-to-node=\"17,0,0\" data-index-in-node=\"0\">Julklappar:<\/b> Den ultimata julklappen f\u00f6r b\u00e5de kunder och anst\u00e4llda.<\/p>\n<\/li>\n<li>\n<p data-path-to-node=\"17,1,0\"><b data-path-to-node=\"17,1,0\" data-index-in-node=\"0\">Turism och souvenirer:<\/b> Anpassade scener av landm\u00e4rken f\u00f6r museer, hotell och kommunfullm\u00e4ktige.<\/p>\n<\/li>\n<li>\n<p data-path-to-node=\"17,2,0\"><b data-path-to-node=\"17,2,0\" data-index-in-node=\"0\">Produktlanseringar:<\/b> Skapa en miniatyrversion av en ny bil, byggnad eller produkt som flyter i &quot;sn\u00f6&quot;.\u201c<\/p>\n<\/li>\n<\/ul>","protected":false},"excerpt":{"rendered":"<ul>\n<li>\n<p data-path-to-node=\"9,0,0\"><b data-path-to-node=\"9,0,0\" data-index-in-node=\"0\">Skr\u00e4ddarsydd 3D-inredning:<\/b> Vi modellerar din logotyp, produkt eller maskot till en detaljerad 3D-skulptur inuti en jordglob.<\/p>\n<\/li>\n<li>\n<p data-path-to-node=\"9,1,0\"><b data-path-to-node=\"9,1,0\" data-index-in-node=\"0\">Handm\u00e5lad eller monokrom:<\/b> V\u00e4lj mellan en klassisk helvit skulptur eller livfulla handm\u00e5lade detaljer.<\/p>\n<\/li>\n<li>\n<p data-path-to-node=\"9,2,0\"><b data-path-to-node=\"9,2,0\" data-index-in-node=\"0\">Premiumbas:<\/b> Stabil bas finns i svart eller vitt, anpassningsbar med taktilt relieftryck.<\/p>\n<\/li>\n<li>\n<p data-path-to-node=\"9,3,0\"><b data-path-to-node=\"9,3,0\" data-index-in-node=\"0\">Komplett presentl\u00f6sning:<\/b> Levereras i en specialtryckt fullf\u00e4rgsl\u00e5da med skyddande polystyreninl\u00e4gg.<\/p>\n<\/li>\n<\/ul>","protected":false},"featured_media":6223,"comment_status":"closed","ping_status":"closed","template":"","meta":[],"product_brand":[],"product_cat":[121],"product_tag":[],"class_list":{"0":"post-6222","1":"product","2":"type-product","3":"status-publish","4":"has-post-thumbnail","6":"product_cat-promotional-merchandise","8":"first","9":"instock","10":"shipping-taxable","11":"product-type-simple"},"_links":{"self":[{"href":"https:\/\/displayproducts.eu\/sv\/wp-json\/wp\/v2\/product\/6222","targetHints":{"allow":["GET"]}}],"collection":[{"href":"https:\/\/displayproducts.eu\/sv\/wp-json\/wp\/v2\/product"}],"about":[{"href":"https:\/\/displayproducts.eu\/sv\/wp-json\/wp\/v2\/types\/product"}],"replies":[{"embeddable":true,"href":"https:\/\/displayproducts.eu\/sv\/wp-json\/wp\/v2\/comments?post=6222"}],"wp:featuredmedia":[{"embeddable":true,"href":"https:\/\/displayproducts.eu\/sv\/wp-json\/wp\/v2\/media\/6223"}],"wp:attachment":[{"href":"https:\/\/displayproducts.eu\/sv\/wp-json\/wp\/v2\/media?parent=6222"}],"wp:term":[{"taxonomy":"product_brand","embeddable":true,"href":"https:\/\/displayproducts.eu\/sv\/wp-json\/wp\/v2\/product_brand?post=6222"},{"taxonomy":"product_cat","embeddable":true,"href":"https:\/\/displayproducts.eu\/sv\/wp-json\/wp\/v2\/product_cat?post=6222"},{"taxonomy":"product_tag","embeddable":true,"href":"https:\/\/displayproducts.eu\/sv\/wp-json\/wp\/v2\/product_tag?post=6222"}],"curies":[{"name":"wp","href":"https:\/\/api.w.org\/{rel}","templated":true}]}}