{"id":6217,"date":"2025-12-20T17:51:24","date_gmt":"2025-12-20T14:51:24","guid":{"rendered":"https:\/\/wristbandfactory.eu\/?post_type=product&#038;p=6217"},"modified":"2026-04-01T21:52:03","modified_gmt":"2026-04-01T18:52:03","slug":"custom-printed-bottle-openers-with-3d-domed-logo","status":"publish","type":"product","link":"https:\/\/displayproducts.eu\/sv\/p\/custom-printed-bottle-openers-with-3d-domed-logo\/","title":{"rendered":"Kapsyl\u00f6ppnare med tryck (doming)"},"content":{"rendered":"<p data-path-to-node=\"10\">Se till att ditt varum\u00e4rke \u00e4r en del av firandet med v\u00e5r <b data-path-to-node=\"10\" data-index-in-node=\"79\">Anpassade tryckta flasf\u00e5 offertpnare<\/b>. Praktiska, h\u00e5llbara och i\u00f6gonfallande, dessa \u00f6ppnare \u00e4r utformade f\u00f6r att anv\u00e4ndas upprepade g\u00e5nger, vilket ger din logotyp l\u00e5ngsiktig synlighet. Till skillnad fr\u00e5n vanliga platta tryck har v\u00e5ra \u00f6ppnare en <b data-path-to-node=\"10\" data-index-in-node=\"288\">3D-kupolklisterm\u00e4rke (epoxi)<\/b>, vilket ger din design en h\u00f6gblank och f\u00f6rstorande effekt samtidigt som det skyddar den mot repor och blekning.<\/p>\n<p data-path-to-node=\"11\">Vi erbjuder tre specifika modeller f\u00f6r att passa olika marknadsf\u00f6ringsbehov, fr\u00e5n fickv\u00e4nliga nyckelringar till professionella barverktyg.<\/p>\n<h2 data-path-to-node=\"12\">Viktiga funktioner<\/h2>\n<ul data-path-to-node=\"13\">\n<li>\n<p data-path-to-node=\"13,0,0\"><b data-path-to-node=\"13,0,0\" data-index-in-node=\"0\">Livfull anpassning:<\/b> Vi anv\u00e4nder digital CMYK-tryck f\u00f6r att reproducera din logotyp, dina foton eller \u00f6vertoningar med perfekt noggrannhet innan vi f\u00f6rseglar dem under en skyddande hartskupol.<\/p>\n<\/li>\n<li>\n<p data-path-to-node=\"13,1,0\"><b data-path-to-node=\"13,1,0\" data-index-in-node=\"0\">Premiumfinish:<\/b> Epoxibel\u00e4ggningen ger produkten en &quot;juvelliknande&quot; kvalitet som k\u00e4nns len vid ber\u00f6ring och h\u00f6jer det upplevda v\u00e4rdet.<\/p>\n<\/li>\n<li>\n<p data-path-to-node=\"13,2,0\"><b data-path-to-node=\"13,2,0\" data-index-in-node=\"0\">Kraftiga material:<\/b> Tillverkad av f\u00f6rnicklat st\u00e5l och robusta metalllegeringar f\u00f6r att s\u00e4kerst\u00e4lla att de \u00f6ppnar flaskorna enkelt utan att b\u00f6jas.<\/p>\n<\/li>\n<li>\n<p data-path-to-node=\"13,3,0\"><b data-path-to-node=\"13,3,0\" data-index-in-node=\"0\">M\u00e5ngsidig anv\u00e4ndbarhet:<\/b> Perfekt f\u00f6r bryggeriprodukter, festivalutlottningar eller som ett praktiskt verktyg som f\u00e4sts vid en nyckelknippa.<\/p>\n<\/li>\n<\/ul>\n<h2 data-path-to-node=\"14\">Specifikationer<\/h2>\n<table data-path-to-node=\"15\">\n<thead>\n<tr>\n<td><strong>Modelltyp<\/strong><\/td>\n<td><strong>M\u00e5tt<\/strong><\/td>\n<td><strong>Material<\/strong><\/td>\n<td><strong>Varum\u00e4rkesomr\u00e5de<\/strong><\/td>\n<\/tr>\n<\/thead>\n<tbody>\n<tr>\n<td><span data-path-to-node=\"15,1,0,0\"><b data-path-to-node=\"15,1,0,0\" data-index-in-node=\"0\">M\u00e4rkes\u00f6ppnare<\/b><\/span><\/td>\n<td><span data-path-to-node=\"15,1,1,0\">\u00d8 56 mm<\/span><\/td>\n<td><span data-path-to-node=\"15,1,2,0\">Metall + Plastbaksida<\/span><\/td>\n<td><span data-path-to-node=\"15,1,3,0\">Helt\u00e4ckande ansikte (rund)<\/span><\/td>\n<\/tr>\n<tr>\n<td><span data-path-to-node=\"15,2,0,0\"><b data-path-to-node=\"15,2,0,0\" data-index-in-node=\"0\">Flaskform<\/b><\/span><\/td>\n<td><span data-path-to-node=\"15,2,1,0\">35 \u00d7 137 mm<\/span><\/td>\n<td><span data-path-to-node=\"15,2,2,0\">Nickelpl\u00e4terat st\u00e5l<\/span><\/td>\n<td><span data-path-to-node=\"15,2,3,0\">Anpassad kupolform<\/span><\/td>\n<\/tr>\n<tr>\n<td><span data-path-to-node=\"15,3,0,0\"><b data-path-to-node=\"15,3,0,0\" data-index-in-node=\"0\">P\u00e4ronnyckelring<\/b><\/span><\/td>\n<td><span data-path-to-node=\"15,3,1,0\">Standard nyckelringsstorlek<\/span><\/td>\n<td><span data-path-to-node=\"15,3,2,0\">Metall (nickelfinish)<\/span><\/td>\n<td><span data-path-to-node=\"15,3,3,0\">\u00d8 20 mm kupol<\/span><\/td>\n<\/tr>\n<\/tbody>\n<\/table>\n<h2 data-path-to-node=\"16\">Anv\u00e4ndningsfall<\/h2>\n<ul data-path-to-node=\"17\">\n<li>\n<p data-path-to-node=\"17,0,0\"><b data-path-to-node=\"17,0,0\" data-index-in-node=\"0\">Dryckesindustrin:<\/b> Viktiga varor f\u00f6r hantverksbryggerier, ciderhus och dryckesdistribut\u00f6rer.<\/p>\n<\/li>\n<li>\n<p data-path-to-node=\"17,1,0\"><b data-path-to-node=\"17,1,0\" data-index-in-node=\"0\">Festivaler och evenemang:<\/b> En popul\u00e4r souvenir till musikfestivaler och matm\u00e4ssor som bes\u00f6karna beh\u00e5ller.<\/p>\n<\/li>\n<li>\n<p data-path-to-node=\"17,2,0\"><b data-path-to-node=\"17,2,0\" data-index-in-node=\"0\">G\u00e4stfrihet:<\/b> M\u00e4rkesverktyg f\u00f6r bartenders och serveringspersonal p\u00e5 pubar, klubbar och restauranger.<\/p>\n<\/li>\n<\/ul>","protected":false},"excerpt":{"rendered":"<ul>\n<li>\n<p data-path-to-node=\"9,0,0\"><b data-path-to-node=\"9,0,0\" data-index-in-node=\"0\">Tre distinkta stilar:<\/b> V\u00e4lj mellan den klassiska knappm\u00e4rkesstilen, den kraftiga flaskformen eller den b\u00e4rbara p\u00e4ronformade nyckelringen.<\/p>\n<\/li>\n<li>\n<p data-path-to-node=\"9,1,0\"><b data-path-to-node=\"9,1,0\" data-index-in-node=\"0\">3D-hartsfinish:<\/b> Din logotyp trycks i CMYK-f\u00e4rg och skyddas av en kristallklar epoxikupol f\u00f6r ett f\u00f6rstklassigt och glansigt utseende.<\/p>\n<\/li>\n<li>\n<p data-path-to-node=\"9,2,0\"><b data-path-to-node=\"9,2,0\" data-index-in-node=\"0\">H\u00e5llbar konstruktion:<\/b> Tillverkad av f\u00f6rnicklad st\u00e5l eller solid metall f\u00f6r l\u00e5ngvarig prestanda.<\/p>\n<\/li>\n<li>\n<p data-path-to-node=\"9,3,0\"><b data-path-to-node=\"9,3,0\" data-index-in-node=\"0\">Praktisk marknadsf\u00f6ring:<\/b> En anv\u00e4ndbar produkt som s\u00e4kerst\u00e4ller att ditt varum\u00e4rke syns p\u00e5 fester, evenemang och i hemmen.<\/p>\n<\/li>\n<\/ul>","protected":false},"featured_media":6218,"comment_status":"closed","ping_status":"closed","template":"","meta":[],"product_brand":[],"product_cat":[119,121],"product_tag":[],"class_list":{"0":"post-6217","1":"product","2":"type-product","3":"status-publish","4":"has-post-thumbnail","6":"product_cat-drinkware-accessories","7":"product_cat-promotional-merchandise","9":"first","10":"instock","11":"shipping-taxable","12":"product-type-simple"},"_links":{"self":[{"href":"https:\/\/displayproducts.eu\/sv\/wp-json\/wp\/v2\/product\/6217","targetHints":{"allow":["GET"]}}],"collection":[{"href":"https:\/\/displayproducts.eu\/sv\/wp-json\/wp\/v2\/product"}],"about":[{"href":"https:\/\/displayproducts.eu\/sv\/wp-json\/wp\/v2\/types\/product"}],"replies":[{"embeddable":true,"href":"https:\/\/displayproducts.eu\/sv\/wp-json\/wp\/v2\/comments?post=6217"}],"wp:featuredmedia":[{"embeddable":true,"href":"https:\/\/displayproducts.eu\/sv\/wp-json\/wp\/v2\/media\/6218"}],"wp:attachment":[{"href":"https:\/\/displayproducts.eu\/sv\/wp-json\/wp\/v2\/media?parent=6217"}],"wp:term":[{"taxonomy":"product_brand","embeddable":true,"href":"https:\/\/displayproducts.eu\/sv\/wp-json\/wp\/v2\/product_brand?post=6217"},{"taxonomy":"product_cat","embeddable":true,"href":"https:\/\/displayproducts.eu\/sv\/wp-json\/wp\/v2\/product_cat?post=6217"},{"taxonomy":"product_tag","embeddable":true,"href":"https:\/\/displayproducts.eu\/sv\/wp-json\/wp\/v2\/product_tag?post=6217"}],"curies":[{"name":"wp","href":"https:\/\/api.w.org\/{rel}","templated":true}]}}