{"id":6212,"date":"2025-12-20T17:41:19","date_gmt":"2025-12-20T14:41:19","guid":{"rendered":"https:\/\/wristbandfactory.eu\/?post_type=product&#038;p=6212"},"modified":"2026-04-01T21:52:03","modified_gmt":"2026-04-01T18:52:03","slug":"custom-metal-lapel-pins-with-3d-domed-logo-epoxy","status":"publish","type":"product","link":"https:\/\/displayproducts.eu\/sv\/p\/custom-metal-lapel-pins-with-3d-domed-logo-epoxy\/","title":{"rendered":"Metallpins med 3D-dekal (doming)"},"content":{"rendered":"<p data-path-to-node=\"10\">Skapa ett best\u00e5ende intryck med v\u00e5r <b data-path-to-node=\"10\" data-index-in-node=\"62\">Anpassade metalln\u00e5lar med 3D-kupolklisterm\u00e4rken<\/b>. Dessa n\u00e5lar erbjuder den perfekta balansen mellan den h\u00f6ga vikten hos en metallbas och den moderna m\u00e5ngsidigheten hos digitaltryck. De \u00e4r den perfekta l\u00f6sningen f\u00f6r varum\u00e4rken med komplexa logotyper, gradienter eller fotografiska element som vanliga emaljn\u00e5lar inte kan replikera.<\/p>\n<p data-path-to-node=\"11\">Varje n\u00e5l best\u00e5r av en specialformad metallbas med ett h\u00f6guppl\u00f6st sj\u00e4lvh\u00e4ftande tryck. Detta inkapslas sedan i ett klart, slitstarkt polyuretanharts (doming), vilket skapar en sofistikerad 3D-linseffekt som f\u00f6rst\u00e4rker f\u00e4rgerna och skyddar designen fr\u00e5n slitage och blekning.<\/p>\n<h2 data-path-to-node=\"12\">Viktiga funktioner<\/h2>\n<ul data-path-to-node=\"13\">\n<li>\n<p data-path-to-node=\"13,0,0\"><b data-path-to-node=\"13,0,0\" data-index-in-node=\"0\">Obegr\u00e4nsad designpotential:<\/b> Till skillnad fr\u00e5n stansade n\u00e5lar st\u00f6der v\u00e5r domingprocess CMYK-tryck i fullf\u00e4rg, vilket inneb\u00e4r inga begr\u00e4nsningar f\u00f6r gradienter eller fina detaljer.<\/p>\n<\/li>\n<li>\n<p data-path-to-node=\"13,1,0\"><b data-path-to-node=\"13,1,0\" data-index-in-node=\"0\">Skyddande yta:<\/b> Hartskupolen g\u00f6r n\u00e5len rept\u00e5lig, UV-stabil och tillr\u00e4ckligt h\u00e5llbar f\u00f6r dagligt bruk.<\/p>\n<\/li>\n<li>\n<p data-path-to-node=\"13,2,0\"><b data-path-to-node=\"13,2,0\" data-index-in-node=\"0\">Professionell presentation:<\/b> Kombinationen av polerad metall och glansig harts skapar ett h\u00f6gt upplevt v\u00e4rde, l\u00e4mpligt f\u00f6r f\u00f6retagskl\u00e4der.<\/p>\n<\/li>\n<li>\n<p data-path-to-node=\"13,3,0\"><b data-path-to-node=\"13,3,0\" data-index-in-node=\"0\">S\u00e4ker fasts\u00e4ttning:<\/b> Levereras som standard med en anv\u00e4ndarv\u00e4nlig fj\u00e4rilskoppling f\u00f6r att f\u00f6rhindra rotation och oavsiktlig f\u00f6rlust.<\/p>\n<\/li>\n<\/ul>\n<h2 data-path-to-node=\"14\">Specifikationer<\/h2>\n<ul data-path-to-node=\"15\">\n<li>\n<p data-path-to-node=\"15,0,0\"><b data-path-to-node=\"15,0,0\" data-index-in-node=\"0\">Material:<\/b> Metalllegeringsbas + kupol av polyuretanharts.<\/p>\n<\/li>\n<li>\n<p data-path-to-node=\"15,1,0\"><b data-path-to-node=\"15,1,0\" data-index-in-node=\"0\">Utskrift:<\/b> Digital fullf\u00e4rg (CMYK).<\/p>\n<\/li>\n<li>\n<p data-path-to-node=\"15,2,0\"><b data-path-to-node=\"15,2,0\" data-index-in-node=\"0\">Form:<\/b> Helt anpassningsbar (formklippt).<\/p>\n<\/li>\n<li>\n<p data-path-to-node=\"15,3,0\"><b data-path-to-node=\"15,3,0\" data-index-in-node=\"0\">Standardf\u00e4ste:<\/b> Fj\u00e4rilskoppling (Fj\u00e4rilsn\u00e5l).<\/p>\n<\/li>\n<li>\n<p data-path-to-node=\"15,4,0\"><b data-path-to-node=\"15,4,0\" data-index-in-node=\"0\">Valfri bilaga:<\/b> Neodymmagnet (kl\u00e4ds\u00e4ker, icke-piercing).<\/p>\n<\/li>\n<li>\n<p data-path-to-node=\"15,5,0\"><b data-path-to-node=\"15,5,0\" data-index-in-node=\"0\">F\u00f6rpackningsalternativ:<\/b><\/p>\n<ul data-path-to-node=\"15,5,1\">\n<li>\n<p data-path-to-node=\"15,5,1,0,0\">Bulk (Standard).<\/p>\n<\/li>\n<li>\n<p data-path-to-node=\"15,5,1,1,0\">Individuell polyp\u00e5se med tryckt baksideskort.<\/p>\n<\/li>\n<li>\n<p data-path-to-node=\"15,5,1,2,0\">Premium smyckeskrin (f\u00f6r utm\u00e4rkelser\/g\u00e5vor).<\/p>\n<\/li>\n<\/ul>\n<\/li>\n<\/ul>\n<h2 data-path-to-node=\"16\">Anv\u00e4ndningsfall<\/h2>\n<ul data-path-to-node=\"17\">\n<li>\n<p data-path-to-node=\"17,0,0\"><b data-path-to-node=\"17,0,0\" data-index-in-node=\"0\">F\u00f6retagsidentitet:<\/b> En del av den dagliga uniformen f\u00f6r bankkass\u00f6rer, hotellpersonal och flygbolagsbes\u00e4ttningar.<\/p>\n<\/li>\n<li>\n<p data-path-to-node=\"17,1,0\"><b data-path-to-node=\"17,1,0\" data-index-in-node=\"0\">Reklamkampanjer:<\/b> H\u00f6gkvalitativa giveaways f\u00f6r produktlanseringar och m\u00e4ssor.<\/p>\n<\/li>\n<li>\n<p data-path-to-node=\"17,2,0\"><b data-path-to-node=\"17,2,0\" data-index-in-node=\"0\">Erk\u00e4nnande och utm\u00e4rkelser:<\/b> N\u00e5lar eller prestationsm\u00e4rken f\u00f6r anst\u00e4llda och volont\u00e4rer.<\/p>\n<\/li>\n<\/ul>","protected":false},"excerpt":{"rendered":"<ul>\n<li>\n<p data-path-to-node=\"9,0,0\"><b data-path-to-node=\"9,0,0\" data-index-in-node=\"0\">Anpassad form:<\/b> Metallbasen \u00e4r utformad f\u00f6r att matcha den specifika konturen av din logotyp eller design.<\/p>\n<\/li>\n<li>\n<p data-path-to-node=\"9,1,0\"><b data-path-to-node=\"9,1,0\" data-index-in-node=\"0\">Utskrift i fotokvalitet:<\/b> CMYK digitaltryck m\u00f6jligg\u00f6r gradienter, foton och komplexa detaljer som \u00e4r om\u00f6jliga med emaljn\u00e5lar.<\/p>\n<\/li>\n<li>\n<p data-path-to-node=\"9,2,0\"><b data-path-to-node=\"9,2,0\" data-index-in-node=\"0\">3D-hartskupol:<\/b> En kristallklar epoxibel\u00e4ggning ger en exklusiv &quot;bubbel&quot;-effekt och skyddar mot repor.<\/p>\n<\/li>\n<li>\n<p data-path-to-node=\"9,3,0\"><b data-path-to-node=\"9,3,0\" data-index-in-node=\"0\">M\u00e5ngsidiga tillbeh\u00f6r:<\/b> Finns med standard fj\u00e4rilsv\u00e4ska eller en kl\u00e4dv\u00e4nlig magnetisk baksida.<\/p>\n<\/li>\n<\/ul>","protected":false},"featured_media":6216,"comment_status":"closed","ping_status":"closed","template":"","meta":[],"product_brand":[],"product_cat":[121],"product_tag":[],"class_list":{"0":"post-6212","1":"product","2":"type-product","3":"status-publish","4":"has-post-thumbnail","6":"product_cat-promotional-merchandise","8":"first","9":"instock","10":"shipping-taxable","11":"product-type-simple"},"_links":{"self":[{"href":"https:\/\/displayproducts.eu\/sv\/wp-json\/wp\/v2\/product\/6212","targetHints":{"allow":["GET"]}}],"collection":[{"href":"https:\/\/displayproducts.eu\/sv\/wp-json\/wp\/v2\/product"}],"about":[{"href":"https:\/\/displayproducts.eu\/sv\/wp-json\/wp\/v2\/types\/product"}],"replies":[{"embeddable":true,"href":"https:\/\/displayproducts.eu\/sv\/wp-json\/wp\/v2\/comments?post=6212"}],"wp:featuredmedia":[{"embeddable":true,"href":"https:\/\/displayproducts.eu\/sv\/wp-json\/wp\/v2\/media\/6216"}],"wp:attachment":[{"href":"https:\/\/displayproducts.eu\/sv\/wp-json\/wp\/v2\/media?parent=6212"}],"wp:term":[{"taxonomy":"product_brand","embeddable":true,"href":"https:\/\/displayproducts.eu\/sv\/wp-json\/wp\/v2\/product_brand?post=6212"},{"taxonomy":"product_cat","embeddable":true,"href":"https:\/\/displayproducts.eu\/sv\/wp-json\/wp\/v2\/product_cat?post=6212"},{"taxonomy":"product_tag","embeddable":true,"href":"https:\/\/displayproducts.eu\/sv\/wp-json\/wp\/v2\/product_tag?post=6212"}],"curies":[{"name":"wp","href":"https:\/\/api.w.org\/{rel}","templated":true}]}}