{"id":6207,"date":"2025-12-20T17:34:30","date_gmt":"2025-12-20T14:34:30","guid":{"rendered":"https:\/\/wristbandfactory.eu\/?post_type=product&#038;p=6207"},"modified":"2026-04-01T21:52:03","modified_gmt":"2026-04-01T18:52:03","slug":"custom-faux-leather-keychains-with-3d-domed-logo","status":"publish","type":"product","link":"https:\/\/displayproducts.eu\/sv\/p\/custom-faux-leather-keychains-with-3d-domed-logo\/","title":{"rendered":"Nyckelringar i konstl\u00e4der med 3D-dekal"},"content":{"rendered":"<p data-path-to-node=\"10\">Lyft ditt varum\u00e4rke med v\u00e5r <b data-path-to-node=\"10\" data-index-in-node=\"53\">Anpassade nyckelringar i konstl\u00e4der<\/b>, med en f\u00f6rstklassig 3D-kupad finish. Dessa nyckelringar erbjuder det eleganta utseendet av l\u00e4der i kombination med modern digital tryckteknik, vilket g\u00f6r dem till ett idealiskt val f\u00f6r f\u00f6retag som s\u00f6ker en sofistikerad reklamg\u00e5va utan den h\u00f6ga kostnaden f\u00f6r gravyr i \u00e4kta l\u00e4der.<\/p>\n<p data-path-to-node=\"11\">Mittpunkten i denna nyckelring \u00e4r <b data-path-to-node=\"11\" data-index-in-node=\"40\">3D-kupolklisterm\u00e4rke<\/b> (\u00e4ven k\u00e4nd som en resinetikett). Vi trycker din logotyp i livfulla CMYK-f\u00e4rger och t\u00e4cker den med ett kristallklart lager av polyuretanharts. Detta ger inte bara en f\u00f6rstorande &quot;3D&quot;-effekt till din design utan ger ocks\u00e5 ett h\u00e5llbart skydd mot repor och UV-blekning.<\/p>\n<h2 data-path-to-node=\"12\">Viktiga funktioner<\/h2>\n<ul data-path-to-node=\"13\">\n<li>\n<p data-path-to-node=\"13,0,0\"><b data-path-to-node=\"13,0,0\" data-index-in-node=\"0\">Enkel- eller dubbelsidig:<\/b> V\u00e4lj v\u00e5rt enkelsidiga alternativ f\u00f6r en elegant och enkel look, eller maximera exponeringen med den dubbelsidiga modellen med logotyp p\u00e5 b\u00e5de fram- och baksidan.<\/p>\n<\/li>\n<li>\n<p data-path-to-node=\"13,1,0\"><b data-path-to-node=\"13,1,0\" data-index-in-node=\"0\">Fullf\u00e4rgsprecision:<\/b> Till skillnad fr\u00e5n pr\u00e4gling f\u00e5ngar v\u00e5r digitala tryckprocess gradienter och komplexa logotypf\u00e4rger perfekt.<\/p>\n<\/li>\n<li>\n<p data-path-to-node=\"13,2,0\"><b data-path-to-node=\"13,2,0\" data-index-in-node=\"0\">Taktil upplevelse:<\/b> Kombinationen av mjukt konstl\u00e4der och den sl\u00e4ta, upph\u00f6jda hartskupolen skapar en h\u00f6gkvalitativ k\u00e4nsla i handen.<\/p>\n<\/li>\n<li>\n<p data-path-to-node=\"13,3,0\"><b data-path-to-node=\"13,3,0\" data-index-in-node=\"0\">L\u00e5ngvarig:<\/b> Hartsbel\u00e4ggningen s\u00e4kerst\u00e4ller att ditt varum\u00e4rkesbudskap f\u00f6rblir tydligt och intakt, \u00e4ven vid daglig anv\u00e4ndning p\u00e5 en nyckelring.<\/p>\n<\/li>\n<\/ul>\n<h2 data-path-to-node=\"14\">Specifikationer<\/h2>\n<ul data-path-to-node=\"15\">\n<li>\n<p data-path-to-node=\"15,0,0\"><b data-path-to-node=\"15,0,0\" data-index-in-node=\"0\">Material:<\/b> Konstl\u00e4der (PU) med polyuretanhartsetikett<\/p>\n<\/li>\n<li>\n<p data-path-to-node=\"15,1,0\"><b data-path-to-node=\"15,1,0\" data-index-in-node=\"0\">Utskriftsmetod:<\/b> CMYK digitaltryck under resinkupol<\/p>\n<\/li>\n<li>\n<p data-path-to-node=\"15,2,0\"><b data-path-to-node=\"15,2,0\" data-index-in-node=\"0\">M\u00e5tt f\u00f6r dubbelsidig modell:<\/b><\/p>\n<ul data-path-to-node=\"15,2,1\">\n<li>\n<p data-path-to-node=\"15,2,1,0,0\">Klisterm\u00e4rkesstorlek: 19 \u00d7 21 mm<\/p>\n<\/li>\n<\/ul>\n<\/li>\n<li>\n<p data-path-to-node=\"15,3,0\"><b data-path-to-node=\"15,3,0\" data-index-in-node=\"0\">Enkelsidig modell Standardformer:<\/b><\/p>\n<ul data-path-to-node=\"15,3,1\">\n<li>\n<p data-path-to-node=\"15,3,1,0,0\">Rund (diameter): 20 mm, 27 mm<\/p>\n<\/li>\n<li>\n<p data-path-to-node=\"15,3,1,1,0\">Kvadratisk\/Rektangul\u00e4r: 27 \u00d7 27 mm, 16 \u00d7 45 mm<\/p>\n<\/li>\n<\/ul>\n<\/li>\n<\/ul>\n<h2 data-path-to-node=\"16\">Anv\u00e4ndningsfall<\/h2>\n<ul data-path-to-node=\"17\">\n<li>\n<p data-path-to-node=\"17,0,0\"><b data-path-to-node=\"17,0,0\" data-index-in-node=\"0\">Bilindustrin:<\/b> Perfekta presenter f\u00f6r bilhandlare, biltv\u00e4ttar och uthyrningsfirmor.<\/p>\n<\/li>\n<li>\n<p data-path-to-node=\"17,1,0\"><b data-path-to-node=\"17,1,0\" data-index-in-node=\"0\">Fastighet:<\/b> En klassisk, h\u00e5llbar present till nya hus\u00e4gare vid \u00f6verl\u00e4mnandet av nycklarna.<\/p>\n<\/li>\n<li>\n<p data-path-to-node=\"17,2,0\"><b data-path-to-node=\"17,2,0\" data-index-in-node=\"0\">F\u00f6retagsvarum\u00e4rke:<\/b> Professionella varor f\u00f6r f\u00f6rs\u00e4kringsbolag, banker och kontorsmaterialf\u00f6retag.<\/p>\n<\/li>\n<\/ul>\n<p data-path-to-node=\"18\">","protected":false},"excerpt":{"rendered":"<ul data-path-to-node=\"9\">\n<li>\n<p data-path-to-node=\"9,0,0\"><b data-path-to-node=\"9,0,0\" data-index-in-node=\"0\">Premiumutseende:<\/b> H\u00f6gkvalitativt konstl\u00e4der i kombination med en glansig 3D-hartsetikett skapar ett sofistikerat utseende.<\/p>\n<\/li>\n<li>\n<p data-path-to-node=\"9,1,0\"><b data-path-to-node=\"9,1,0\" data-index-in-node=\"0\">Livfull varum\u00e4rkesbyggande:<\/b> Digital CMYK-utskrift m\u00f6jligg\u00f6r logotyper i fullf\u00e4rg, skyddade av en rept\u00e5lig hartskupol.<\/p>\n<\/li>\n<li>\n<p data-path-to-node=\"9,2,0\"><b data-path-to-node=\"9,2,0\" data-index-in-node=\"0\">M\u00e5ngsidiga alternativ:<\/b> V\u00e4lj mellan enkelsidig eller dubbelsidig personalisering f\u00f6r att passa dina marknadsf\u00f6ringsbehov.<\/p>\n<\/li>\n<li>\n<p data-path-to-node=\"9,3,0\"><b data-path-to-node=\"9,3,0\" data-index-in-node=\"0\">H\u00e5llbar finish:<\/b> Epoxihartsskiktet skyddar logotypen mot slitage, blekning och vattenskador.<\/p>\n<\/li>\n<\/ul>","protected":false},"featured_media":6209,"comment_status":"closed","ping_status":"closed","template":"","meta":[],"product_brand":[],"product_cat":[94],"product_tag":[],"class_list":{"0":"post-6207","1":"product","2":"type-product","3":"status-publish","4":"has-post-thumbnail","6":"product_cat-keychains","8":"first","9":"instock","10":"shipping-taxable","11":"product-type-simple"},"_links":{"self":[{"href":"https:\/\/displayproducts.eu\/sv\/wp-json\/wp\/v2\/product\/6207","targetHints":{"allow":["GET"]}}],"collection":[{"href":"https:\/\/displayproducts.eu\/sv\/wp-json\/wp\/v2\/product"}],"about":[{"href":"https:\/\/displayproducts.eu\/sv\/wp-json\/wp\/v2\/types\/product"}],"replies":[{"embeddable":true,"href":"https:\/\/displayproducts.eu\/sv\/wp-json\/wp\/v2\/comments?post=6207"}],"wp:featuredmedia":[{"embeddable":true,"href":"https:\/\/displayproducts.eu\/sv\/wp-json\/wp\/v2\/media\/6209"}],"wp:attachment":[{"href":"https:\/\/displayproducts.eu\/sv\/wp-json\/wp\/v2\/media?parent=6207"}],"wp:term":[{"taxonomy":"product_brand","embeddable":true,"href":"https:\/\/displayproducts.eu\/sv\/wp-json\/wp\/v2\/product_brand?post=6207"},{"taxonomy":"product_cat","embeddable":true,"href":"https:\/\/displayproducts.eu\/sv\/wp-json\/wp\/v2\/product_cat?post=6207"},{"taxonomy":"product_tag","embeddable":true,"href":"https:\/\/displayproducts.eu\/sv\/wp-json\/wp\/v2\/product_tag?post=6207"}],"curies":[{"name":"wp","href":"https:\/\/api.w.org\/{rel}","templated":true}]}}