{"id":6204,"date":"2025-12-20T17:26:54","date_gmt":"2025-12-20T14:26:54","guid":{"rendered":"https:\/\/wristbandfactory.eu\/?post_type=product&#038;p=6204"},"modified":"2026-04-01T21:52:34","modified_gmt":"2026-04-01T18:52:34","slug":"custom-printed-decorative-pillows-microfiber","status":"publish","type":"product","link":"https:\/\/displayproducts.eu\/sv\/p\/custom-printed-decorative-pillows-microfiber\/","title":{"rendered":"Kuddar med tryck"},"content":{"rendered":"<p data-path-to-node=\"10\">F\u00f6rvandla vilket utrymme som helst till en varum\u00e4rkesm\u00f6jlighet med v\u00e5r <b data-path-to-node=\"10\" data-index-in-node=\"82\">Anpassade tryckta dekorativa kuddar<\/b>. Oavsett om de riktar sig till resentusiaster, f\u00f6rb\u00e4ttrar komforten vid utomhusevenemang eller ger en varum\u00e4rkesprestandan till hotellobbyer och restauranger, s\u00e4kerst\u00e4ller dessa kuddar att ditt budskap syns och m\u00e4rks.<\/p>\n<p data-path-to-node=\"11\">Tillverkade av h\u00f6gkvalitativ mjuk mikrofiber ger dessa kuddar en lyxig k\u00e4nsla som kunderna uppskattar. Den sl\u00e4ta ytan \u00e4r perfekt f\u00f6r <b data-path-to-node=\"11\" data-index-in-node=\"142\">fotorealistisk sublimeringstryck<\/b>, vilket m\u00f6jligg\u00f6r intrikata designer, produktfoton och livfulla logotyper som sp\u00e4nner \u00f6ver hela kudden.<\/p>\n<h2 data-path-to-node=\"12\">Viktiga funktioner<\/h2>\n<ul data-path-to-node=\"13\">\n<li>\n<p data-path-to-node=\"13,0,0\"><b data-path-to-node=\"13,0,0\" data-index-in-node=\"0\">Maximal varum\u00e4rkessynlighet:<\/b> Till skillnad fr\u00e5n sm\u00e5 f\u00f6rem\u00e5l erbjuder kuddar en stor yta. Att anv\u00e4nda b\u00e5da sidorna m\u00f6jligg\u00f6r kreativ marknadsf\u00f6ring \u2013 till exempel en livsstilsbild p\u00e5 framsidan och din f\u00f6retagslogotyp p\u00e5 baksidan.<\/p>\n<\/li>\n<li>\n<p data-path-to-node=\"13,1,0\"><b data-path-to-node=\"13,1,0\" data-index-in-node=\"0\">\u00d6verl\u00e4gsen komfort:<\/b> Mikrofibertyget p\u00e5 200 g\/m\u00b2 \u00e4r mjukt vid ber\u00f6ring, vilket g\u00f6r det till ett funktionellt f\u00f6rem\u00e5l som mottagarna faktiskt vill anv\u00e4nda i sina hem eller kontor.<\/p>\n<\/li>\n<li>\n<p data-path-to-node=\"13,2,0\"><b data-path-to-node=\"13,2,0\" data-index-in-node=\"0\">H\u00e5llbar och livfull:<\/b> 100% polyesterkonstruktion s\u00e4kerst\u00e4ller att kudden beh\u00e5ller sin form och att trycket f\u00f6rblir livfullt \u00e4ven efter anv\u00e4ndning.<\/p>\n<\/li>\n<li>\n<p data-path-to-node=\"13,3,0\"><b data-path-to-node=\"13,3,0\" data-index-in-node=\"0\">Klar f\u00f6r evenemang:<\/b> Ett utm\u00e4rkt s\u00e4tt att marknadsf\u00f6ra loungeomr\u00e5den p\u00e5 m\u00e4ssor, festivaler eller VIP-h\u00f6rnor i barer och klubbar.<\/p>\n<\/li>\n<\/ul>\n<h2 data-path-to-node=\"14\">Specifikationer<\/h2>\n<ul data-path-to-node=\"15\">\n<li>\n<p data-path-to-node=\"15,0,0\"><b data-path-to-node=\"15,0,0\" data-index-in-node=\"0\">Material:<\/b> 100% Polyestermikrofiber<\/p>\n<\/li>\n<li>\n<p data-path-to-node=\"15,1,0\"><b data-path-to-node=\"15,1,0\" data-index-in-node=\"0\">Tygvikt:<\/b> 200 g\/m\u00b2<\/p>\n<\/li>\n<li>\n<p data-path-to-node=\"15,2,0\"><b data-path-to-node=\"15,2,0\" data-index-in-node=\"0\">Tryckteknik:<\/b> Sublimering i fullf\u00e4rg (fotorealistisk)<\/p>\n<\/li>\n<li>\n<p data-path-to-node=\"15,3,0\"><b data-path-to-node=\"15,3,0\" data-index-in-node=\"0\">Tillg\u00e4ngliga storlekar:<\/b><\/p>\n<ul data-path-to-node=\"15,3,1\">\n<li>\n<p data-path-to-node=\"15,3,1,0,0\"><b data-path-to-node=\"15,3,1,0,0\" data-index-in-node=\"0\">30 \u00d7 30 cm<\/b><\/p>\n<\/li>\n<li>\n<p data-path-to-node=\"15,3,1,1,0\"><b data-path-to-node=\"15,3,1,1,0\" data-index-in-node=\"0\">40 \u00d7 40 cm<\/b><\/p>\n<\/li>\n<\/ul>\n<\/li>\n<\/ul>\n<h2 data-path-to-node=\"16\">Anv\u00e4ndningsfall<\/h2>\n<ul>\n<li>\n<p data-path-to-node=\"6,0,0\"><b data-path-to-node=\"6,0,0\" data-index-in-node=\"0\">Evenemang och kampanjer:<\/b> Perfekt f\u00f6r varum\u00e4rkesprofilering av utomhusserveringar, VIP-lounger p\u00e5 festivaler och chill-out-zoner p\u00e5 m\u00e4ssor.<\/p>\n<\/li>\n<li>\n<p data-path-to-node=\"6,1,0\"><b data-path-to-node=\"6,1,0\" data-index-in-node=\"0\">G\u00e4stfrihet och inredning:<\/b> Ger en personlig touch till hotellobbyer, spa-v\u00e4ntrum, restauranger och barer.<\/p>\n<\/li>\n<li>\n<p data-path-to-node=\"6,2,0\"><b data-path-to-node=\"6,2,0\" data-index-in-node=\"0\">F\u00f6retagsg\u00e5vor:<\/b> En exklusiv, mjuk present till partners och anst\u00e4llda som passar perfekt in i en hemmakontorsmilj\u00f6.<\/p>\n<\/li>\n<\/ul>","protected":false},"excerpt":{"rendered":"<ul>\n<li>\n<p data-path-to-node=\"9,0,0\"><b data-path-to-node=\"9,0,0\" data-index-in-node=\"0\">Fotorealistisk varum\u00e4rkesbyggande:<\/b> HD-utskrift \u00f6ver hela ytan f\u00f6r skarpa logotyper och livfulla bilder.<\/p>\n<\/li>\n<li>\n<p data-path-to-node=\"9,1,0\"><b data-path-to-node=\"9,1,0\" data-index-in-node=\"0\">Premiummaterial:<\/b> Tillverkad av 100% polyestermikrofiber (200 g\/m\u00b2) med en lyxig, mjuk textur.<\/p>\n<\/li>\n<li>\n<p data-path-to-node=\"9,2,0\"><b data-path-to-node=\"9,2,0\" data-index-in-node=\"0\">Dubbelsidig design:<\/b> Tryck en produktbild p\u00e5 ena sidan och din logotyp p\u00e5 den andra f\u00f6r maximal effekt.<\/p>\n<\/li>\n<li>\n<p data-path-to-node=\"9,3,0\"><b data-path-to-node=\"9,3,0\" data-index-in-node=\"0\">M\u00e5ngsidig anv\u00e4ndning:<\/b> Perfekt f\u00f6r resekampanjer, hotell, restauranger och utomhusevenemang.<\/p>\n<\/li>\n<\/ul>","protected":false},"featured_media":6206,"comment_status":"closed","ping_status":"closed","template":"","meta":[],"product_brand":[],"product_cat":[129,68],"product_tag":[],"class_list":{"0":"post-6204","1":"product","2":"type-product","3":"status-publish","4":"has-post-thumbnail","6":"product_cat-leisure-lifestyle","7":"product_cat-event-supplies","9":"first","10":"instock","11":"shipping-taxable","12":"product-type-simple"},"_links":{"self":[{"href":"https:\/\/displayproducts.eu\/sv\/wp-json\/wp\/v2\/product\/6204","targetHints":{"allow":["GET"]}}],"collection":[{"href":"https:\/\/displayproducts.eu\/sv\/wp-json\/wp\/v2\/product"}],"about":[{"href":"https:\/\/displayproducts.eu\/sv\/wp-json\/wp\/v2\/types\/product"}],"replies":[{"embeddable":true,"href":"https:\/\/displayproducts.eu\/sv\/wp-json\/wp\/v2\/comments?post=6204"}],"wp:featuredmedia":[{"embeddable":true,"href":"https:\/\/displayproducts.eu\/sv\/wp-json\/wp\/v2\/media\/6206"}],"wp:attachment":[{"href":"https:\/\/displayproducts.eu\/sv\/wp-json\/wp\/v2\/media?parent=6204"}],"wp:term":[{"taxonomy":"product_brand","embeddable":true,"href":"https:\/\/displayproducts.eu\/sv\/wp-json\/wp\/v2\/product_brand?post=6204"},{"taxonomy":"product_cat","embeddable":true,"href":"https:\/\/displayproducts.eu\/sv\/wp-json\/wp\/v2\/product_cat?post=6204"},{"taxonomy":"product_tag","embeddable":true,"href":"https:\/\/displayproducts.eu\/sv\/wp-json\/wp\/v2\/product_tag?post=6204"}],"curies":[{"name":"wp","href":"https:\/\/api.w.org\/{rel}","templated":true}]}}