{"id":6201,"date":"2025-12-20T17:18:10","date_gmt":"2025-12-20T14:18:10","guid":{"rendered":"https:\/\/wristbandfactory.eu\/?post_type=product&#038;p=6201"},"modified":"2026-04-01T21:52:03","modified_gmt":"2026-04-01T18:52:03","slug":"custom-fan-scarves-sports-supporters-scarves-knitted-or-printed","status":"publish","type":"product","link":"https:\/\/displayproducts.eu\/sv\/p\/custom-fan-scarves-sports-supporters-scarves-knitted-or-printed\/","title":{"rendered":"Supporterskarfs med tryck"},"content":{"rendered":"<p data-path-to-node=\"10\">St\u00e4rk teamets enighet och maximera varum\u00e4rkessynligheten med v\u00e5r <b data-path-to-node=\"10\" data-index-in-node=\"86\">Anpassade fl\u00e4kthalsdukar<\/b>. Oavsett om det g\u00e4ller en professionell fotbollsklubb, ett lokalt idrottslag eller ett f\u00f6retagsevenemang, \u00e4r dessa halsdukar det ultimata cheerleading-tillbeh\u00f6ret. Vi erbjuder m\u00e5ngsidiga tillverkningsalternativ f\u00f6r att matcha dina specifika designbehov, fr\u00e5n traditionell v\u00e4rme till HD-grafik.<\/p>\n<p data-path-to-node=\"11\">V\u00e5rt sortiment omfattar tre specialmodeller f\u00f6r att s\u00e4kerst\u00e4lla att din logotyp ser b\u00e4st ut, oavsett om den \u00e4r v\u00e4vd direkt i tyget eller tryckt med fotorealistisk precision.<\/p>\n<h2 data-path-to-node=\"12\">Viktiga funktioner<\/h2>\n<ul data-path-to-node=\"13\">\n<li>\n<p data-path-to-node=\"13,0,0\"><b data-path-to-node=\"13,0,0\" data-index-in-node=\"0\">Klassisk stickad halsduk:<\/b> Det traditionella valet. Har en dubbelsidig design som m\u00f6jligg\u00f6r olika logotyper p\u00e5 varje sida. Tillverkad av mjuk 100% akryl f\u00f6r v\u00e4rme och h\u00e5llbarhet.<\/p>\n<\/li>\n<li>\n<p data-path-to-node=\"13,1,0\"><b data-path-to-node=\"13,1,0\" data-index-in-node=\"0\">Unik bildhalsduk (tryckt):<\/b> Utformad f\u00f6r komplex grafik. Anv\u00e4nder en spegelbildseffekt p\u00e5 en sida f\u00f6r att uppn\u00e5 skarpa, detaljerade utskrifter som stickning inte kan matcha.<\/p>\n<\/li>\n<li>\n<p data-path-to-node=\"13,2,0\"><b data-path-to-node=\"13,2,0\" data-index-in-node=\"0\">Stickad halsduk med emblem:<\/b> Ett exklusivt premiumalternativ. Kombinerar den klassiska stickade basen med ett detaljerat emblem f\u00f6r en exklusiv look.<\/p>\n<\/li>\n<\/ul>\n<h2 data-path-to-node=\"14\">Specifikationer<\/h2>\n<table data-path-to-node=\"15\">\n<thead>\n<tr>\n<td><strong>Modelltyp<\/strong><\/td>\n<td><strong>M\u00e5tt<\/strong><\/td>\n<td><strong>Materialsammans\u00e4ttning<\/strong><\/td>\n<td><strong>Viktig egenskap<\/strong><\/td>\n<\/tr>\n<\/thead>\n<tbody>\n<tr>\n<td><span data-path-to-node=\"15,1,0,0\"><b data-path-to-node=\"15,1,0,0\" data-index-in-node=\"0\">Stickad halsduk<\/b><\/span><\/td>\n<td><span data-path-to-node=\"15,1,1,0\">18 \u00d7 140 cm<\/span><\/td>\n<td><span data-path-to-node=\"15,1,2,0\">100% Akryl<\/span><\/td>\n<td><span data-path-to-node=\"15,1,3,0\">Dubbelsidig, klassisk v\u00e4rme<\/span><\/td>\n<\/tr>\n<tr>\n<td><span data-path-to-node=\"15,2,0,0\"><b data-path-to-node=\"15,2,0,0\" data-index-in-node=\"0\">Bild Halsduk<\/b><\/span><\/td>\n<td><span data-path-to-node=\"15,2,1,0\">20 \u00d7 130 cm<\/span><\/td>\n<td><span data-path-to-node=\"15,2,2,0\">80% Akryl, 20% Polyester<\/span><\/td>\n<td><span data-path-to-node=\"15,2,3,0\">H\u00f6gdetaljtryck, spegeleffekt<\/span><\/td>\n<\/tr>\n<tr>\n<td><span data-path-to-node=\"15,3,0,0\"><b data-path-to-node=\"15,3,0,0\" data-index-in-node=\"0\">Emblemhalsduk<\/b><\/span><\/td>\n<td><span data-path-to-node=\"15,3,1,0\">19 \u00d7 130 cm<\/span><\/td>\n<td><span data-path-to-node=\"15,3,2,0\">100% Akryl<\/span><\/td>\n<td><span data-path-to-node=\"15,3,3,0\">Premium broderad lapp<\/span><\/td>\n<\/tr>\n<\/tbody>\n<\/table>\n<h2 data-path-to-node=\"16\">Anv\u00e4ndningsfall<\/h2>\n<ul data-path-to-node=\"17\">\n<li>\n<p data-path-to-node=\"17,0,0\"><b data-path-to-node=\"17,0,0\" data-index-in-node=\"0\">Sportvaruhandel:<\/b> Viktig int\u00e4ktsgenerator f\u00f6r fanshopar f\u00f6r fotbolls-, hockey- och basketklubbar.<\/p>\n<\/li>\n<li>\n<p data-path-to-node=\"17,1,0\"><b data-path-to-node=\"17,1,0\" data-index-in-node=\"0\">Sponsring av evenemang:<\/b> H\u00f6g synlighet f\u00f6r varum\u00e4rkesbyggande p\u00e5 stadioner och vid stora sportevenemang.<\/p>\n<\/li>\n<li>\n<p data-path-to-node=\"17,2,0\"><b data-path-to-node=\"17,2,0\" data-index-in-node=\"0\">F\u00f6retagsg\u00e5vor:<\/b> Varma och praktiska presenter f\u00f6r vinterevenemang eller teambuildingaktiviteter utomhus.<\/p>\n<\/li>\n<\/ul>","protected":false},"excerpt":{"rendered":"<ul>\n<li>\n<p data-path-to-node=\"9,0,0\"><b data-path-to-node=\"9,0,0\" data-index-in-node=\"0\">Tre distinkta stilar:<\/b> V\u00e4lj mellan klassisk stickad (jacquard), HD-bildtryckt eller exklusiva emblemmodeller.<\/p>\n<\/li>\n<li>\n<p data-path-to-node=\"9,1,0\"><b data-path-to-node=\"9,1,0\" data-index-in-node=\"0\">H\u00f6gkvalitativa material:<\/b> Tillverkad av varm 100% akryl eller en detaljerad polyakrylblandning f\u00f6r skarpare utskrifter.<\/p>\n<\/li>\n<li>\n<p data-path-to-node=\"9,2,0\"><b data-path-to-node=\"9,2,0\" data-index-in-node=\"0\">Dubbelsidig varum\u00e4rkesbyggande:<\/b> Stickade modeller m\u00f6jligg\u00f6r olika anpassade designer p\u00e5 fram- och baksidan.<\/p>\n<\/li>\n<li>\n<p data-path-to-node=\"9,3,0\"><b data-path-to-node=\"9,3,0\" data-index-in-node=\"0\">Ultimat fan-merchandise:<\/b> Standardtillbeh\u00f6ret f\u00f6r fotbollsklubbar, sportlag och reklamevenemang.<\/p>\n<\/li>\n<\/ul>","protected":false},"featured_media":6202,"comment_status":"closed","ping_status":"closed","template":"","meta":[],"product_brand":[],"product_cat":[123],"product_tag":[],"class_list":{"0":"post-6201","1":"product","2":"type-product","3":"status-publish","4":"has-post-thumbnail","6":"product_cat-fan-cheering-items","8":"first","9":"instock","10":"shipping-taxable","11":"product-type-simple"},"_links":{"self":[{"href":"https:\/\/displayproducts.eu\/sv\/wp-json\/wp\/v2\/product\/6201","targetHints":{"allow":["GET"]}}],"collection":[{"href":"https:\/\/displayproducts.eu\/sv\/wp-json\/wp\/v2\/product"}],"about":[{"href":"https:\/\/displayproducts.eu\/sv\/wp-json\/wp\/v2\/types\/product"}],"replies":[{"embeddable":true,"href":"https:\/\/displayproducts.eu\/sv\/wp-json\/wp\/v2\/comments?post=6201"}],"wp:featuredmedia":[{"embeddable":true,"href":"https:\/\/displayproducts.eu\/sv\/wp-json\/wp\/v2\/media\/6202"}],"wp:attachment":[{"href":"https:\/\/displayproducts.eu\/sv\/wp-json\/wp\/v2\/media?parent=6201"}],"wp:term":[{"taxonomy":"product_brand","embeddable":true,"href":"https:\/\/displayproducts.eu\/sv\/wp-json\/wp\/v2\/product_brand?post=6201"},{"taxonomy":"product_cat","embeddable":true,"href":"https:\/\/displayproducts.eu\/sv\/wp-json\/wp\/v2\/product_cat?post=6201"},{"taxonomy":"product_tag","embeddable":true,"href":"https:\/\/displayproducts.eu\/sv\/wp-json\/wp\/v2\/product_tag?post=6201"}],"curies":[{"name":"wp","href":"https:\/\/api.w.org\/{rel}","templated":true}]}}