{"id":6196,"date":"2025-12-20T17:11:39","date_gmt":"2025-12-20T14:11:39","guid":{"rendered":"https:\/\/wristbandfactory.eu\/?post_type=product&#038;p=6196"},"modified":"2026-04-01T21:52:03","modified_gmt":"2026-04-01T18:52:03","slug":"custom-printed-beeswax-food-wraps-bags-gots-certified-cotton","status":"publish","type":"product","link":"https:\/\/displayproducts.eu\/sv\/p\/custom-printed-beeswax-food-wraps-bags-gots-certified-cotton\/","title":{"rendered":"Bivaxdukar med tryck"},"content":{"rendered":"<p data-path-to-node=\"12\">H\u00f6j ert f\u00f6retags sociala ansvar med v\u00e5r <b data-path-to-node=\"12\" data-index-in-node=\"79\">Anpassade tryckta matomslag av bivax<\/b>. Som ett h\u00e5llbart alternativ till eng\u00e5ngsplast erbjuder dessa omslag ett innovativt och milj\u00f6v\u00e4nligt s\u00e4tt att h\u00e5lla mat f\u00e4rsk. Perfekt f\u00f6r milj\u00f6medvetna varum\u00e4rken, f\u00f6rvandlar dessa k\u00f6ksprodukter vardagsmat till kraftfulla reklamuttryck.<\/p>\n<p data-path-to-node=\"13\">Tillverkade av h\u00f6gkvalitativa 100% naturmaterial, anv\u00e4nder v\u00e5ra wraps v\u00e4rmen fr\u00e5n dina h\u00e4nder f\u00f6r att forma sig runt frukt, gr\u00f6nsaker, sm\u00f6rg\u00e5sar eller sk\u00e5lar, vilket skapar en andningsbar f\u00f6rsegling som h\u00e5ller maten f\u00e4rsk l\u00e4ngre.<\/p>\n<h2 data-path-to-node=\"14\">Viktiga funktioner<\/h2>\n<ul data-path-to-node=\"15\">\n<li>\n<p data-path-to-node=\"15,0,0\"><b data-path-to-node=\"15,0,0\" data-index-in-node=\"0\">Noll avfallsl\u00f6sning:<\/b> Helt biologiskt nedbrytbar och komposterbar, och ers\u00e4tter eng\u00e5ngsplast och folie.<\/p>\n<\/li>\n<li>\n<p data-path-to-node=\"15,1,0\"><b data-path-to-node=\"15,1,0\" data-index-in-node=\"0\">Certifierad kvalitet:<\/b> Vi anv\u00e4nder endast GOTS-certifierad tryckbar bomull, vilket s\u00e4kerst\u00e4ller att tyget \u00e4r ekologiskt och etiskt producerat.<\/p>\n<\/li>\n<li>\n<p data-path-to-node=\"15,2,0\"><b data-path-to-node=\"15,2,0\" data-index-in-node=\"0\">Naturligt bevarande:<\/b> Den unika blandningen av bivax, jojobaolja och tallharts ger naturliga antibakteriella egenskaper.<\/p>\n<\/li>\n<li>\n<p data-path-to-node=\"15,3,0\"><b data-path-to-node=\"15,3,0\" data-index-in-node=\"0\">M\u00e5ngsidig varum\u00e4rkesbyggande:<\/b> Din logotyp eller ditt anpassade m\u00f6nster kan tryckas direkt p\u00e5 tyget, vilket ger daglig varum\u00e4rkessynlighet i hem och kontor.<\/p>\n<\/li>\n<li>\n<p data-path-to-node=\"15,4,0\"><b data-path-to-node=\"15,4,0\" data-index-in-node=\"0\">L\u00e5ngvarig:<\/b> Med enkel sk\u00f6tsel (tv\u00e4tt i ljummet vatten) \u00e4r dessa sjal utformade f\u00f6r upprepad anv\u00e4ndning, vilket ger h\u00f6g avkastning p\u00e5 investeringen f\u00f6r reklambudgetar.<\/p>\n<\/li>\n<\/ul>\n<h2 data-path-to-node=\"16\">Specifikationer<\/h2>\n<ul data-path-to-node=\"17\">\n<li>\n<p data-path-to-node=\"17,0,0\"><b data-path-to-node=\"17,0,0\" data-index-in-node=\"0\">Materialsammans\u00e4ttning:<\/b> GOTS bomull, bivax (livsmedelsgodk\u00e4nt), jojobaolja, tallharts.<\/p>\n<\/li>\n<li>\n<p data-path-to-node=\"17,1,0\"><b data-path-to-node=\"17,1,0\" data-index-in-node=\"0\">Standardarkstorlekar:<\/b><\/p>\n<ul data-path-to-node=\"17,1,1\">\n<li>\n<p data-path-to-node=\"17,1,1,0,0\"><b data-path-to-node=\"17,1,1,0,0\" data-index-in-node=\"0\">Liten (18\u00d718 cm):<\/b> F\u00f6r snacks, sk\u00e4r frukt eller t\u00e4ck sm\u00e5 burkar.<\/p>\n<\/li>\n<li>\n<p data-path-to-node=\"17,1,1,1,0\"><b data-path-to-node=\"17,1,1,1,0\" data-index-in-node=\"0\">Mellan (25\u00d725 cm):<\/b> Perfekt f\u00f6r ost, sm\u00f6rg\u00e5sar eller medelstora sk\u00e5lar.<\/p>\n<\/li>\n<li>\n<p data-path-to-node=\"17,1,1,2,0\"><b data-path-to-node=\"17,1,1,2,0\" data-index-in-node=\"0\">Stor (36\u00d736 cm):<\/b> T\u00e4cker stora sk\u00e5lar, br\u00f6d eller meloner.<\/p>\n<\/li>\n<\/ul>\n<\/li>\n<li>\n<p data-path-to-node=\"17,2,0\"><b data-path-to-node=\"17,2,0\" data-index-in-node=\"0\">V\u00e4skstorlekar:<\/b><\/p>\n<ul data-path-to-node=\"17,2,1\">\n<li>\n<p data-path-to-node=\"17,2,1,0,0\"><b data-path-to-node=\"17,2,1,0,0\" data-index-in-node=\"0\">Mellanstor v\u00e4ska (16\u00d723 cm):<\/b> Perfekt f\u00f6r snacks och sm\u00f6rg\u00e5sar p\u00e5 spr\u00e5ng.<\/p>\n<\/li>\n<li>\n<p data-path-to-node=\"17,2,1,1,0\"><b data-path-to-node=\"17,2,1,1,0\" data-index-in-node=\"0\">Stor v\u00e4ska (23\u00d732 cm):<\/b> L\u00e4mplig f\u00f6r bageriprodukter, f\u00e4rska gr\u00f6nsaker eller st\u00f6rre produkter.<\/p>\n<\/li>\n<\/ul>\n<\/li>\n<li>\n<p data-path-to-node=\"17,3,0\"><b data-path-to-node=\"17,3,0\" data-index-in-node=\"0\">Anpassning:<\/b> Helyttryck eller logotypplacering tillg\u00e4ngligt.<\/p>\n<\/li>\n<\/ul>\n<h2 data-path-to-node=\"18\">Anv\u00e4ndningsfall<\/h2>\n<ul data-path-to-node=\"19\">\n<li>\n<p data-path-to-node=\"19,0,0\"><b data-path-to-node=\"19,0,0\" data-index-in-node=\"0\">F\u00f6retagsg\u00e5vor:<\/b> En omt\u00e4nksam, h\u00e5llbar present till anst\u00e4llda och kunder som \u00e4r i linje med gr\u00f6na initiativ.<\/p>\n<\/li>\n<li>\n<p data-path-to-node=\"19,1,0\"><b data-path-to-node=\"19,1,0\" data-index-in-node=\"0\">Evenemangsprodukter:<\/b> Prisv\u00e4rda presenter till matfestivaler, h\u00e5llbarhetskonferenser och m\u00e4ssor.<\/p>\n<\/li>\n<li>\n<p data-path-to-node=\"19,2,0\"><b data-path-to-node=\"19,2,0\" data-index-in-node=\"0\">Detaljhandel och \u00e5terf\u00f6rs\u00e4ljning:<\/b> Perfekt f\u00f6r ekologiska matbutiker, noll-avfallsbutiker och museibutiker.<\/p>\n<\/li>\n<\/ul>","protected":false},"excerpt":{"rendered":"<ul>\n<li>\n<p data-path-to-node=\"11,0,0\"><b data-path-to-node=\"11,0,0\" data-index-in-node=\"0\">100% Naturliga material:<\/b> Tillverkad av GOTS-certifierad bomull, rent bivax, jojobaolja och tallharts.<\/p>\n<\/li>\n<li>\n<p data-path-to-node=\"11,1,0\"><b data-path-to-node=\"11,1,0\" data-index-in-node=\"0\">Milj\u00f6v\u00e4nlig varum\u00e4rkesprofilering:<\/b> Ett h\u00e5llbart, biologiskt nedbrytbart alternativ till plastfolie och aluminiumfolie.<\/p>\n<\/li>\n<li>\n<p data-path-to-node=\"11,2,0\"><b data-path-to-node=\"11,2,0\" data-index-in-node=\"0\">Anpassningsbar:<\/b> Finns i olika arkstorlekar och p\u00e5sformat med alternativ f\u00f6r logotyptryck i fullf\u00e4rg.<\/p>\n<\/li>\n<li>\n<p data-path-to-node=\"11,3,0\"><b data-path-to-node=\"11,3,0\" data-index-in-node=\"0\">\u00c5teranv\u00e4ndbar och tv\u00e4ttbar:<\/b> Slitstark design som formas med handv\u00e4rme och h\u00e5ller f\u00f6r upprepad anv\u00e4ndning.<\/p>\n<\/li>\n<\/ul>","protected":false},"featured_media":6198,"comment_status":"closed","ping_status":"closed","template":"","meta":[],"product_brand":[],"product_cat":[121],"product_tag":[],"class_list":{"0":"post-6196","1":"product","2":"type-product","3":"status-publish","4":"has-post-thumbnail","6":"product_cat-promotional-merchandise","8":"first","9":"instock","10":"shipping-taxable","11":"purchasable","12":"product-type-simple"},"_links":{"self":[{"href":"https:\/\/displayproducts.eu\/sv\/wp-json\/wp\/v2\/product\/6196","targetHints":{"allow":["GET"]}}],"collection":[{"href":"https:\/\/displayproducts.eu\/sv\/wp-json\/wp\/v2\/product"}],"about":[{"href":"https:\/\/displayproducts.eu\/sv\/wp-json\/wp\/v2\/types\/product"}],"replies":[{"embeddable":true,"href":"https:\/\/displayproducts.eu\/sv\/wp-json\/wp\/v2\/comments?post=6196"}],"wp:featuredmedia":[{"embeddable":true,"href":"https:\/\/displayproducts.eu\/sv\/wp-json\/wp\/v2\/media\/6198"}],"wp:attachment":[{"href":"https:\/\/displayproducts.eu\/sv\/wp-json\/wp\/v2\/media?parent=6196"}],"wp:term":[{"taxonomy":"product_brand","embeddable":true,"href":"https:\/\/displayproducts.eu\/sv\/wp-json\/wp\/v2\/product_brand?post=6196"},{"taxonomy":"product_cat","embeddable":true,"href":"https:\/\/displayproducts.eu\/sv\/wp-json\/wp\/v2\/product_cat?post=6196"},{"taxonomy":"product_tag","embeddable":true,"href":"https:\/\/displayproducts.eu\/sv\/wp-json\/wp\/v2\/product_tag?post=6196"}],"curies":[{"name":"wp","href":"https:\/\/api.w.org\/{rel}","templated":true}]}}