{"id":6193,"date":"2025-12-20T16:56:00","date_gmt":"2025-12-20T13:56:00","guid":{"rendered":"https:\/\/wristbandfactory.eu\/?post_type=product&#038;p=6193"},"modified":"2026-04-01T21:52:34","modified_gmt":"2026-04-01T18:52:34","slug":"plantable-id-cards-with-linden-seeds-personalized","status":"publish","type":"product","link":"https:\/\/displayproducts.eu\/sv\/p\/plantable-id-cards-with-linden-seeds-personalized\/","title":{"rendered":"Planterbara namnbrickor"},"content":{"rendered":"<p data-path-to-node=\"12\">F\u00f6rvandla din evenemangsackreditering till ett gr\u00f6nt uttalande med v\u00e5r <b data-path-to-node=\"12\" data-index-in-node=\"92\">Planterbara ID-kort med lindfr\u00f6n<\/b>. Till skillnad fr\u00e5n vanliga plast- eller pappersm\u00e4rken har dessa innovativa kort en unik eko-twist: en liten, biologiskt nedbrytbar MDF-beh\u00e5llare f\u00e4st p\u00e5 framsidan, som inneh\u00e5ller ett riktigt lindtr\u00e4d (<i data-path-to-node=\"12\" data-index-in-node=\"310\">Tilia<\/i>) fr\u00f6n.<\/p>\n<p data-path-to-node=\"13\">Tillverkade av h\u00f6gkvalitativt impregnerat papper \u00e4r dessa kort utformade f\u00f6r att motst\u00e5 slitage fr\u00e5n flerdagarskonferenser eller festivaler samtidigt som de f\u00f6rblir helt biologiskt nedbrytbara. Efter evenemanget kan deltagarna plantera hela kortet i en tr\u00e4dg\u00e5rd eller park, d\u00e4r fr\u00f6na gror och v\u00e4xer till tr\u00e4d \u2013 vilket l\u00e4mnar ett best\u00e5ende, positivt ekologiskt arv l\u00e5ngt efter att ditt evenemang \u00e4r slut.<\/p>\n<h2 data-path-to-node=\"14\">Viktiga funktioner<\/h2>\n<ul data-path-to-node=\"15\">\n<li>\n<p data-path-to-node=\"15,0,0\"><b data-path-to-node=\"15,0,0\" data-index-in-node=\"0\">Variabel datautskrift (VDP):<\/b> Vi kan trycka individuella deltagarnamn, QR-koder eller platsnummer direkt p\u00e5 varje kort, vilket g\u00f6r varje skylt unik och redo f\u00f6r distribution.<\/p>\n<\/li>\n<li>\n<p data-path-to-node=\"15,1,0\"><b data-path-to-node=\"15,1,0\" data-index-in-node=\"0\">Innovativ fr\u00f6beh\u00e5llare:<\/b> Fr\u00f6na f\u00f6rvaras i en dekorativ MDF-kapsel p\u00e5 kortets framsida, vilket skapar ett omedelbart visuellt samtals\u00e4mne om h\u00e5llbarhet.<\/p>\n<\/li>\n<li>\n<p data-path-to-node=\"15,2,0\"><b data-path-to-node=\"15,2,0\" data-index-in-node=\"0\">Varum\u00e4rkesbyggande i fullf\u00e4rg:<\/b> H\u00f6guppl\u00f6st CMYK-tryck finns tillg\u00e4ngligt p\u00e5 b\u00e5de framsidan (4+0) och baksidan (4+4) f\u00f6r att tydligt visa upp ditt evenemangs varum\u00e4rke.<\/p>\n<\/li>\n<li>\n<p data-path-to-node=\"15,3,0\"><b data-path-to-node=\"15,3,0\" data-index-in-node=\"0\">Utbildningsv\u00e4rde:<\/b> Tydliga planteringsinstruktioner finns tryckta p\u00e5 baksidan och v\u00e4gleder anv\u00e4ndaren i hur man f\u00f6rvandlar sitt ID-kort till ett tr\u00e4d.<\/p>\n<\/li>\n<\/ul>\n<h2 data-path-to-node=\"16\">Specifikationer<\/h2>\n<ul data-path-to-node=\"17\">\n<li>\n<p data-path-to-node=\"17,0,0\"><b data-path-to-node=\"17,0,0\" data-index-in-node=\"0\">M\u00e5tt:<\/b> 60 mm x 90 mm.<\/p>\n<\/li>\n<li>\n<p data-path-to-node=\"17,1,0\"><b data-path-to-node=\"17,1,0\" data-index-in-node=\"0\">Material:<\/b> Impregnerat papper (biologiskt nedbrytbart) + MDF-fr\u00f6beh\u00e5llare.<\/p>\n<\/li>\n<li>\n<p data-path-to-node=\"17,2,0\"><b data-path-to-node=\"17,2,0\" data-index-in-node=\"0\">Fr\u00f6typ:<\/b> Linden (<i data-path-to-node=\"17,2,0\" data-index-in-node=\"24\">Tilia<\/i>).<\/p>\n<\/li>\n<li>\n<p data-path-to-node=\"17,3,0\"><b data-path-to-node=\"17,3,0\" data-index-in-node=\"0\">Orientering:<\/b> Vertikala eller horisontella alternativ tillg\u00e4ngliga.<\/p>\n<\/li>\n<li>\n<p data-path-to-node=\"17,4,0\"><b data-path-to-node=\"17,4,0\" data-index-in-node=\"0\">Utskrift:<\/b> Digital CMYK (kompatibel med variabel data).<\/p>\n<\/li>\n<li>\n<p data-path-to-node=\"17,5,0\"><b data-path-to-node=\"17,5,0\" data-index-in-node=\"0\">Produktionstid:<\/b> Cirka 2 veckor efter godk\u00e4nnande.<\/p>\n<\/li>\n<li>\n<p data-path-to-node=\"17,6,0\"><b data-path-to-node=\"17,6,0\" data-index-in-node=\"0\">Minsta orderkvantitet:<\/b> 100 enheter.<\/p>\n<\/li>\n<\/ul>\n<h2 data-path-to-node=\"18\">Anv\u00e4ndningsfall<\/h2>\n<ul data-path-to-node=\"19\">\n<li>\n<p data-path-to-node=\"19,0,0\"><b data-path-to-node=\"19,0,0\" data-index-in-node=\"0\">H\u00e5llbara konferenser:<\/b> Den ultimata &quot;gr\u00f6na&quot; m\u00e4rket f\u00f6r milj\u00f6toppm\u00f6ten och klimatforum.<\/p>\n<\/li>\n<li>\n<p data-path-to-node=\"19,1,0\"><b data-path-to-node=\"19,1,0\" data-index-in-node=\"0\">F\u00f6retags-CSR-evenemang:<\/b> Visa ditt f\u00f6retags engagemang f\u00f6r milj\u00f6n med m\u00e4rken som ger tillbaka till naturen.<\/p>\n<\/li>\n<li>\n<p data-path-to-node=\"19,2,0\"><b data-path-to-node=\"19,2,0\" data-index-in-node=\"0\">Naturfestivaler:<\/b> Perfekt f\u00f6r utomhusevenemang d\u00e4r plastavfall strikt minimeras.<\/p>\n<\/li>\n<li>\n<p data-path-to-node=\"19,3,0\"><b data-path-to-node=\"19,3,0\" data-index-in-node=\"0\">VIP-inbjudningar:<\/b> Kan \u00e4ven anv\u00e4ndas som exklusiva, planteringsbara inbjudningar till exklusiva galor.<\/p>\n<\/li>\n<\/ul>","protected":false},"excerpt":{"rendered":"<ul data-path-to-node=\"11\">\n<li>\n<p data-path-to-node=\"11,0,0\"><b data-path-to-node=\"11,0,0\" data-index-in-node=\"0\">Eko-funktion:<\/b> Impregnerad papperskartong med en synlig MDF-beh\u00e5llare som inneh\u00e5ller riktiga lindfr\u00f6n.<\/p>\n<\/li>\n<li>\n<p data-path-to-node=\"11,1,0\"><b data-path-to-node=\"11,1,0\" data-index-in-node=\"0\">Personalisering:<\/b> St\u00f6der variabel datautskrift (VDP) \u2013 skriv ut individuella deltagarnamn, koder eller titlar p\u00e5 varje kort.<\/p>\n<\/li>\n<li>\n<p data-path-to-node=\"11,2,0\"><b data-path-to-node=\"11,2,0\" data-index-in-node=\"0\">Design:<\/b> CMYK-tryck i fullf\u00e4rg (enkel- eller dubbelsidigt) med planteringsinstruktioner p\u00e5 baksidan.<\/p>\n<\/li>\n<li>\n<p data-path-to-node=\"11,3,0\"><b data-path-to-node=\"11,3,0\" data-index-in-node=\"0\">Formatera:<\/b> Standardstorlek 60 x 90 mm, tillg\u00e4nglig i vertikal eller horisontell orientering.<\/p>\n<\/li>\n<\/ul>","protected":false},"featured_media":6293,"comment_status":"closed","ping_status":"closed","template":"","meta":[],"product_brand":[],"product_cat":[90,91],"product_tag":[],"class_list":{"0":"post-6193","1":"product","2":"type-product","3":"status-publish","4":"has-post-thumbnail","6":"product_cat-laminated-cards","7":"product_cat-badge-holders","9":"first","10":"instock","11":"shipping-taxable","12":"purchasable","13":"product-type-simple"},"_links":{"self":[{"href":"https:\/\/displayproducts.eu\/sv\/wp-json\/wp\/v2\/product\/6193","targetHints":{"allow":["GET"]}}],"collection":[{"href":"https:\/\/displayproducts.eu\/sv\/wp-json\/wp\/v2\/product"}],"about":[{"href":"https:\/\/displayproducts.eu\/sv\/wp-json\/wp\/v2\/types\/product"}],"replies":[{"embeddable":true,"href":"https:\/\/displayproducts.eu\/sv\/wp-json\/wp\/v2\/comments?post=6193"}],"wp:featuredmedia":[{"embeddable":true,"href":"https:\/\/displayproducts.eu\/sv\/wp-json\/wp\/v2\/media\/6293"}],"wp:attachment":[{"href":"https:\/\/displayproducts.eu\/sv\/wp-json\/wp\/v2\/media?parent=6193"}],"wp:term":[{"taxonomy":"product_brand","embeddable":true,"href":"https:\/\/displayproducts.eu\/sv\/wp-json\/wp\/v2\/product_brand?post=6193"},{"taxonomy":"product_cat","embeddable":true,"href":"https:\/\/displayproducts.eu\/sv\/wp-json\/wp\/v2\/product_cat?post=6193"},{"taxonomy":"product_tag","embeddable":true,"href":"https:\/\/displayproducts.eu\/sv\/wp-json\/wp\/v2\/product_tag?post=6193"}],"curies":[{"name":"wp","href":"https:\/\/api.w.org\/{rel}","templated":true}]}}