{"id":6191,"date":"2025-12-20T16:49:13","date_gmt":"2025-12-20T13:49:13","guid":{"rendered":"https:\/\/wristbandfactory.eu\/?post_type=product&#038;p=6191"},"modified":"2026-04-01T21:52:34","modified_gmt":"2026-04-01T18:52:34","slug":"custom-wooden-id-cards-event-badges-eco-plywood","status":"publish","type":"product","link":"https:\/\/displayproducts.eu\/sv\/p\/custom-wooden-id-cards-event-badges-eco-plywood\/","title":{"rendered":"Namnbrickor i tr\u00e4"},"content":{"rendered":"<p data-path-to-node=\"12\">Stick ut med v\u00e5r <b data-path-to-node=\"12\" data-index-in-node=\"44\">Anpassade tr\u00e4-ID-kort<\/b>, ett sofistikerat och h\u00e5llbart alternativ till traditionella PVC-m\u00e4rken. Tillverkade av h\u00f6gkvalitativ 3 mm plywood, erbjuder dessa kort en naturlig, professionell estetik som perfekt \u00f6verensst\u00e4mmer med milj\u00f6medvetna varum\u00e4rkesv\u00e4rderingar.<\/p>\n<p data-path-to-node=\"13\">Perfekt f\u00f6r konferenser, VIP-evenemang och f\u00f6retagsidentifiering, varje kort har en distinkt tr\u00e4\u00e5dring vilket g\u00f6r varje f\u00f6rem\u00e5l unikt. Korten \u00e4r l\u00e4tta men \u00e4nd\u00e5 tillr\u00e4ckligt h\u00e5llbara f\u00f6r flerdagarsevenemang.<\/p>\n<p data-path-to-node=\"14\"><b data-path-to-node=\"14\" data-index-in-node=\"0\">Utskrift och efterbehandling:<\/b> Vi erbjuder f\u00e4rgstarkt tryck i fullf\u00e4rg f\u00f6r att visa din logotyp, deltagarnas namn eller QR-koder.<\/p>\n<ul data-path-to-node=\"15\">\n<li>\n<p data-path-to-node=\"15,0,0\"><b data-path-to-node=\"15,0,0\" data-index-in-node=\"0\">Standardfinish:<\/b> Korten levereras som standard lackerade p\u00e5 ena sidan f\u00f6r att skydda ytan och trycket.<\/p>\n<\/li>\n<li>\n<p data-path-to-node=\"15,1,0\"><b data-path-to-node=\"15,1,0\" data-index-in-node=\"0\">Dubbelsidigt alternativ:<\/b> F\u00f6r dubbelsidig utskrift rekommenderar vi starkt att man lackar den andra sidan f\u00f6r att f\u00f6rhindra f\u00e4rgblekning och slitage (finns som uppgradering).<\/p>\n<\/li>\n<\/ul>\n<h2 data-path-to-node=\"16\">Viktiga funktioner<\/h2>\n<ul data-path-to-node=\"17\">\n<li>\n<p data-path-to-node=\"17,0,0\"><b data-path-to-node=\"17,0,0\" data-index-in-node=\"0\">Naturlig estetik:<\/b> Den varma tr\u00e4strukturen ger ett f\u00f6rstklassigt utseende och en k\u00e4nsla som plast inte kan matcha.<\/p>\n<\/li>\n<li>\n<p data-path-to-node=\"17,1,0\"><b data-path-to-node=\"17,1,0\" data-index-in-node=\"0\">Fullst\u00e4ndig anpassning:<\/b> St\u00f6der digitaltryck i fullf\u00e4rg p\u00e5 en eller b\u00e5da sidor.<\/p>\n<\/li>\n<li>\n<p data-path-to-node=\"17,2,0\"><b data-path-to-node=\"17,2,0\" data-index-in-node=\"0\">Varaktighet:<\/b> Behandlad med en skyddande lack f\u00f6r att motst\u00e5 fukt och dagligt slitage.<\/p>\n<\/li>\n<li>\n<p data-path-to-node=\"17,3,0\"><b data-path-to-node=\"17,3,0\" data-index-in-node=\"0\">Universell passform:<\/b> Inkluderar ett f\u00f6rborrat h\u00e5l (standardstorlek) f\u00f6r enkel fasts\u00e4ttning p\u00e5 valfri lanyard eller kl\u00e4mma.<\/p>\n<\/li>\n<li>\n<p data-path-to-node=\"17,4,0\"><b data-path-to-node=\"17,4,0\" data-index-in-node=\"0\">H\u00e5llbart val:<\/b> Tillverkad av f\u00f6rnybara tr\u00e4k\u00e4llor, vilket minskar ditt evenemangs plastavtryck.<\/p>\n<\/li>\n<\/ul>\n<h2 data-path-to-node=\"18\">Specifikationer<\/h2>\n<ul data-path-to-node=\"19\">\n<li>\n<p data-path-to-node=\"19,0,0\"><b data-path-to-node=\"19,0,0\" data-index-in-node=\"0\">M\u00e5tt:<\/b> 100 mm x 50 mm x 3 mm.<\/p>\n<\/li>\n<li>\n<p data-path-to-node=\"19,1,0\"><b data-path-to-node=\"19,1,0\" data-index-in-node=\"0\">Material:<\/b> Naturlig plywood.<\/p>\n<\/li>\n<li>\n<p data-path-to-node=\"19,2,0\"><b data-path-to-node=\"19,2,0\" data-index-in-node=\"0\">Vikt:<\/b> Ultral\u00e4tt f\u00f6r bekv\u00e4m anv\u00e4ndning.<\/p>\n<\/li>\n<li>\n<p data-path-to-node=\"19,3,0\"><b data-path-to-node=\"19,3,0\" data-index-in-node=\"0\">H\u00e5lslagare:<\/b> Centrerat topph\u00e5l (rund eller avl\u00e5ng vanligtvis standard).<\/p>\n<\/li>\n<li>\n<p data-path-to-node=\"19,4,0\"><b data-path-to-node=\"19,4,0\" data-index-in-node=\"0\">Minsta orderkvantitet:<\/b> 100 enheter.<\/p>\n<\/li>\n<\/ul>\n<h2 data-path-to-node=\"20\">Anv\u00e4ndningsfall<\/h2>\n<ul data-path-to-node=\"21\">\n<li>\n<p data-path-to-node=\"21,0,0\"><b data-path-to-node=\"21,0,0\" data-index-in-node=\"0\">Gr\u00f6na konferenser:<\/b> Det ultimata tillbeh\u00f6ret f\u00f6r h\u00e5llbarhetsfokuserade toppm\u00f6ten.<\/p>\n<\/li>\n<li>\n<p data-path-to-node=\"21,1,0\"><b data-path-to-node=\"21,1,0\" data-index-in-node=\"0\">VIP-pass:<\/b> Exklusiva backstage- eller specialg\u00e4stpass med en h\u00f6gkvalitativ k\u00e4nsla.<\/p>\n<\/li>\n<li>\n<p data-path-to-node=\"21,2,0\"><b data-path-to-node=\"21,2,0\" data-index-in-node=\"0\">Personal-ID:<\/b> H\u00e5llbar och snygg daglig identifiering f\u00f6r milj\u00f6v\u00e4nliga f\u00f6retag.<\/p>\n<\/li>\n<li>\n<p data-path-to-node=\"21,3,0\"><b data-path-to-node=\"21,3,0\" data-index-in-node=\"0\">F\u00f6retagsg\u00e5vor:<\/b> Kan anv\u00e4ndas som bagageetiketter eller minnesm\u00e4rken.<\/p>\n<\/li>\n<\/ul>","protected":false},"excerpt":{"rendered":"<ul>\n<li>\n<p data-path-to-node=\"11,0,0\"><b data-path-to-node=\"11,0,0\" data-index-in-node=\"0\">Material:<\/b> 3 mm h\u00f6gkvalitativ plywood (naturlig yta).<\/p>\n<\/li>\n<li>\n<p data-path-to-node=\"11,1,0\"><b data-path-to-node=\"11,1,0\" data-index-in-node=\"0\">M\u00e5tt:<\/b> 10 cm x 5 cm (L\u00e4tt och h\u00e5llbar).<\/p>\n<\/li>\n<li>\n<p data-path-to-node=\"11,2,0\"><b data-path-to-node=\"11,2,0\" data-index-in-node=\"0\">Skydd:<\/b> Standardlackering p\u00e5 ena sidan f\u00f6r h\u00e5llbarhet (dubbelsidigt valfritt).<\/p>\n<\/li>\n<li>\n<p data-path-to-node=\"11,3,0\"><b data-path-to-node=\"11,3,0\" data-index-in-node=\"0\">Fasts\u00e4ttning:<\/b> F\u00f6rborrat h\u00e5l kompatibelt med alla standardlinor.<\/p>\n<\/li>\n<li>\n<p data-path-to-node=\"11,4,0\"><b data-path-to-node=\"11,4,0\" data-index-in-node=\"0\">Milj\u00f6v\u00e4nlig:<\/b> Ett biologiskt nedbrytbart, plastfritt alternativ f\u00f6r gr\u00f6na evenemang.<\/p>\n<\/li>\n<\/ul>","protected":false},"featured_media":6192,"comment_status":"closed","ping_status":"closed","template":"","meta":[],"product_brand":[],"product_cat":[91],"product_tag":[],"class_list":{"0":"post-6191","1":"product","2":"type-product","3":"status-publish","4":"has-post-thumbnail","6":"product_cat-badge-holders","8":"first","9":"instock","10":"shipping-taxable","11":"purchasable","12":"product-type-simple"},"_links":{"self":[{"href":"https:\/\/displayproducts.eu\/sv\/wp-json\/wp\/v2\/product\/6191","targetHints":{"allow":["GET"]}}],"collection":[{"href":"https:\/\/displayproducts.eu\/sv\/wp-json\/wp\/v2\/product"}],"about":[{"href":"https:\/\/displayproducts.eu\/sv\/wp-json\/wp\/v2\/types\/product"}],"replies":[{"embeddable":true,"href":"https:\/\/displayproducts.eu\/sv\/wp-json\/wp\/v2\/comments?post=6191"}],"wp:featuredmedia":[{"embeddable":true,"href":"https:\/\/displayproducts.eu\/sv\/wp-json\/wp\/v2\/media\/6192"}],"wp:attachment":[{"href":"https:\/\/displayproducts.eu\/sv\/wp-json\/wp\/v2\/media?parent=6191"}],"wp:term":[{"taxonomy":"product_brand","embeddable":true,"href":"https:\/\/displayproducts.eu\/sv\/wp-json\/wp\/v2\/product_brand?post=6191"},{"taxonomy":"product_cat","embeddable":true,"href":"https:\/\/displayproducts.eu\/sv\/wp-json\/wp\/v2\/product_cat?post=6191"},{"taxonomy":"product_tag","embeddable":true,"href":"https:\/\/displayproducts.eu\/sv\/wp-json\/wp\/v2\/product_tag?post=6191"}],"curies":[{"name":"wp","href":"https:\/\/api.w.org\/{rel}","templated":true}]}}