{"id":6179,"date":"2025-12-20T16:26:50","date_gmt":"2025-12-20T13:26:50","guid":{"rendered":"https:\/\/wristbandfactory.eu\/?post_type=product&#038;p=6179"},"modified":"2026-04-01T21:52:03","modified_gmt":"2026-04-01T18:52:03","slug":"custom-branded-plant-growing-kits-green-gifts","status":"publish","type":"product","link":"https:\/\/displayproducts.eu\/sv\/p\/custom-branded-plant-growing-kits-green-gifts\/","title":{"rendered":"Odlingsset med tryck"},"content":{"rendered":"<p data-path-to-node=\"12\">Ta med naturen in i kontoret eller hemmet med v\u00e5rt m\u00e5ngsidiga sortiment av <b data-path-to-node=\"12\" data-index-in-node=\"90\">Anpassade m\u00e4rkesbyggda v\u00e4xtodlingskit<\/b>. Dessa &quot;gr\u00f6na g\u00e5vor&quot; \u00e4r den perfekta reklamprodukten f\u00f6r f\u00f6retag som vill betona h\u00e5llbarhet, v\u00e4lbefinnande och tillv\u00e4xt. Oavsett om det g\u00e4ller kampanjer f\u00f6r Jordens dag, g\u00e5vor f\u00f6r att uppskatta anst\u00e4llda eller milj\u00f6medvetna evenemang, l\u00e4mnar en levande v\u00e4xt ett best\u00e5ende intryck.<\/p>\n<p data-path-to-node=\"13\">Vi erbjuder ett brett utbud av format som passar alla budgetar och stilar. Fr\u00e5n premiumset i keramik som ser fantastiska ut p\u00e5 f\u00f6nsterbr\u00e4dan till kompakta Bio-PET-kit f\u00f6r massdistribution, varje set levereras redo att odlas med jord och fr\u00f6n.<\/p>\n<h2 data-path-to-node=\"14\">Tillg\u00e4ngliga konfigurationer<\/h2>\n<p data-path-to-node=\"15\">Du kan mixa och matcha eller v\u00e4lja specifika stilar fr\u00e5n v\u00e5r kollektion:<\/p>\n<ul data-path-to-node=\"16\">\n<li>\n<p data-path-to-node=\"16,0,0\"><b data-path-to-node=\"16,0,0\" data-index-in-node=\"0\">Keramiska krukset:<\/b> Finns som standardset med 3 st eller som ett imponerande set med 2 st. Premiumutseende, perfekt f\u00f6r presenter till chefer.<\/p>\n<\/li>\n<li>\n<p data-path-to-node=\"16,1,0\"><b data-path-to-node=\"16,1,0\" data-index-in-node=\"0\">EcoCup- och Bio-PET-kit:<\/b> L\u00e4tta, h\u00e5llbara beh\u00e5llare tillverkade av \u00e5tervunnet material eller bioplast. Perfekt f\u00f6r utskick och evenemang.<\/p>\n<\/li>\n<li>\n<p data-path-to-node=\"16,2,0\"><b data-path-to-node=\"16,2,0\" data-index-in-node=\"0\">Anti-smog fr\u00f6n:<\/b> Speciella fr\u00f6blandningar utformade f\u00f6r att rena luften, f\u00f6rpackade i milj\u00f6v\u00e4nliga beh\u00e5llare.<\/p>\n<\/li>\n<li>\n<p data-path-to-node=\"16,3,0\"><b data-path-to-node=\"16,3,0\" data-index-in-node=\"0\">Buketter av flaskor:<\/b> Ett unikt \u201cBlomma i en flaska\u201d-koncept (enkelpack eller 3-pack) \u2013 en minimalistisk, modern tolkning av blomsterpresenter.<\/p>\n<\/li>\n<li>\n<p data-path-to-node=\"16,4,0\"><b data-path-to-node=\"16,4,0\" data-index-in-node=\"0\">Mini- och dubbla kit:<\/b> Kompakta enskilda kit eller &quot;Tv\u00e5-i-ett&quot;-l\u00e5dor f\u00f6r variation.<\/p>\n<\/li>\n<\/ul>\n<h2 data-path-to-node=\"17\">Viktiga funktioner<\/h2>\n<ul data-path-to-node=\"18\">\n<li>\n<p data-path-to-node=\"18,0,0\"><b data-path-to-node=\"18,0,0\" data-index-in-node=\"0\">Klar att v\u00e4xa:<\/b> Alla kit inneh\u00e5ller komprimerade jordtabletter och h\u00f6gkvalitativa fr\u00f6n (\u00f6rter, blommor eller tr\u00e4d).<\/p>\n<\/li>\n<li>\n<p data-path-to-node=\"18,1,0\"><b data-path-to-node=\"18,1,0\" data-index-in-node=\"0\">Varum\u00e4rkesomr\u00e5de:<\/b> Stor yta p\u00e5 krukor, koppar eller f\u00f6rpackningar f\u00f6r din logotyp och ditt budskap.<\/p>\n<\/li>\n<li>\n<p data-path-to-node=\"18,2,0\"><b data-path-to-node=\"18,2,0\" data-index-in-node=\"0\">H\u00e5llbart budskap:<\/b> Kopplar ditt varum\u00e4rke med milj\u00f6omsorg och positiv tillv\u00e4xt.<\/p>\n<\/li>\n<li>\n<p data-path-to-node=\"18,3,0\"><b data-path-to-node=\"18,3,0\" data-index-in-node=\"0\">L\u00e5ngvarig exponering:<\/b> Till skillnad fr\u00e5n en flygblad st\u00e5r en v\u00e4xt p\u00e5 ett skrivbord i m\u00e5nader eller \u00e5r och h\u00e5ller ditt varum\u00e4rke synligt.<\/p>\n<\/li>\n<\/ul>\n<h2 data-path-to-node=\"19\">Specifikationer<\/h2>\n<ul data-path-to-node=\"20\">\n<li>\n<p data-path-to-node=\"20,0,0\"><b data-path-to-node=\"20,0,0\" data-index-in-node=\"0\">Materialalternativ:<\/b> Keramik, Bio-PET-plast, \u00c5tervunnet papper\/kartong, Glas (flaskor).<\/p>\n<\/li>\n<li>\n<p data-path-to-node=\"20,1,0\"><b data-path-to-node=\"20,1,0\" data-index-in-node=\"0\">Fr\u00f6alternativ:<\/b> Basilika, mynta, persilja, solros, f\u00f6rg\u00e4tmigej, anti-smog-mix och mer.<\/p>\n<\/li>\n<li>\n<p data-path-to-node=\"20,2,0\"><b data-path-to-node=\"20,2,0\" data-index-in-node=\"0\">Utskrift:<\/b> Tampongtryck (p\u00e5 h\u00e5rda ytor) eller digital etikett\/hylsa (p\u00e5 f\u00f6rpackningen).<\/p>\n<\/li>\n<li>\n<p data-path-to-node=\"20,3,0\"><b data-path-to-node=\"20,3,0\" data-index-in-node=\"0\">Minsta orderkvantitet:<\/b> 50 enheter (varierar beroende p\u00e5 modell).<\/p>\n<\/li>\n<\/ul>","protected":false},"excerpt":{"rendered":"<ul data-path-to-node=\"11\">\n<li>\n<p data-path-to-node=\"11,0,0\"><b data-path-to-node=\"11,0,0\" data-index-in-node=\"0\">M\u00e4ngd:<\/b> Finns i formaten keramik (3-pack\/XXL), Bio-PET, EcoCup eller glasflaska.<\/p>\n<\/li>\n<li>\n<p data-path-to-node=\"11,1,0\"><b data-path-to-node=\"11,1,0\" data-index-in-node=\"0\">Komplett kit:<\/b> Inneh\u00e5ller allt som beh\u00f6vs f\u00f6r odling: kruka\/beh\u00e5llare, jordpellets och fr\u00f6n.<\/p>\n<\/li>\n<li>\n<p data-path-to-node=\"11,2,0\"><b data-path-to-node=\"11,2,0\" data-index-in-node=\"0\">Milj\u00f6v\u00e4nlig:<\/b> H\u00e5llbara material som \u00e5tervunnen plast, keramik och anti-smog v\u00e4xtblandningar.<\/p>\n<\/li>\n<li>\n<p data-path-to-node=\"11,3,0\"><b data-path-to-node=\"11,3,0\" data-index-in-node=\"0\">Anpassning:<\/b> Tampontryck eller fullf\u00e4rgsm\u00e4rkning p\u00e5 beh\u00e5llaren eller f\u00f6rpackningen.<\/p>\n<\/li>\n<\/ul>","protected":false},"featured_media":6295,"comment_status":"closed","ping_status":"closed","template":"","meta":[],"product_brand":[],"product_cat":[121],"product_tag":[],"class_list":{"0":"post-6179","1":"product","2":"type-product","3":"status-publish","4":"has-post-thumbnail","6":"product_cat-promotional-merchandise","8":"first","9":"instock","10":"shipping-taxable","11":"purchasable","12":"product-type-simple"},"_links":{"self":[{"href":"https:\/\/displayproducts.eu\/sv\/wp-json\/wp\/v2\/product\/6179","targetHints":{"allow":["GET"]}}],"collection":[{"href":"https:\/\/displayproducts.eu\/sv\/wp-json\/wp\/v2\/product"}],"about":[{"href":"https:\/\/displayproducts.eu\/sv\/wp-json\/wp\/v2\/types\/product"}],"replies":[{"embeddable":true,"href":"https:\/\/displayproducts.eu\/sv\/wp-json\/wp\/v2\/comments?post=6179"}],"wp:featuredmedia":[{"embeddable":true,"href":"https:\/\/displayproducts.eu\/sv\/wp-json\/wp\/v2\/media\/6295"}],"wp:attachment":[{"href":"https:\/\/displayproducts.eu\/sv\/wp-json\/wp\/v2\/media?parent=6179"}],"wp:term":[{"taxonomy":"product_brand","embeddable":true,"href":"https:\/\/displayproducts.eu\/sv\/wp-json\/wp\/v2\/product_brand?post=6179"},{"taxonomy":"product_cat","embeddable":true,"href":"https:\/\/displayproducts.eu\/sv\/wp-json\/wp\/v2\/product_cat?post=6179"},{"taxonomy":"product_tag","embeddable":true,"href":"https:\/\/displayproducts.eu\/sv\/wp-json\/wp\/v2\/product_tag?post=6179"}],"curies":[{"name":"wp","href":"https:\/\/api.w.org\/{rel}","templated":true}]}}