{"id":6171,"date":"2025-12-19T22:38:05","date_gmt":"2025-12-19T19:38:05","guid":{"rendered":"https:\/\/wristbandfactory.eu\/?post_type=product&#038;p=6171"},"modified":"2026-04-01T21:52:34","modified_gmt":"2026-04-01T18:52:34","slug":"custom-handheld-led-mini-fans-battery-operated","status":"publish","type":"product","link":"https:\/\/displayproducts.eu\/sv\/p\/custom-handheld-led-mini-fans-battery-operated\/","title":{"rendered":"Handh\u00e5llna LED-fl\u00e4ktar"},"content":{"rendered":"<div style=\"width: 480px;\" class=\"wp-video\"><video class=\"wp-video-shortcode\" id=\"video-6171-1\" width=\"480\" height=\"834\" preload=\"metadata\" controls=\"controls\"><source type=\"video\/mp4\" src=\"https:\/\/displayproducts.eu\/wp-content\/uploads\/2025\/12\/wedding-fan.mp4?_=1\" \/><a href=\"https:\/\/displayproducts.eu\/wp-content\/uploads\/2025\/12\/wedding-fan.mp4\">https:\/\/displayproducts.eu\/wp-content\/uploads\/2025\/12\/wedding-fan.mp4<\/a><\/video><\/div>\n<p data-path-to-node=\"10\">F\u00f6rvandla vilket dansgolv eller kv\u00e4llsevenemang som helst till ett str\u00e5lande spektakel med v\u00e5ra specialdesignade handh\u00e5llna LED-fl\u00e4ktar. Dessa \u00e4r inte bara kylande tillbeh\u00f6r; de \u00e4r effektfulla visuella rekvisita som g\u00e4sterna \u00e4lskar att anv\u00e4nda f\u00f6r foton och sociala medier. S\u00e4rskilt popul\u00e4ra f\u00f6r br\u00f6llops-&quot;efterfester&quot; och musikfestivaler, kombinerar dessa fl\u00e4ktar den traditionella elegansen hos en hopf\u00e4llbar fl\u00e4kt med modern LED-teknik.<\/p>\n<p data-path-to-node=\"11\">De finns i olika tygf\u00e4rger (inklusive klassiskt vitt f\u00f6r br\u00f6llop) och LED-f\u00e4rger, och kan m\u00e4rkas f\u00f6r att s\u00f6ml\u00f6st matcha ditt evenemangstema. Oavsett om de anv\u00e4nds f\u00f6r en stor fest eller en intim br\u00f6llopsmottagning, s\u00e4kerst\u00e4ller dessa fl\u00e4ktar att ditt varum\u00e4rke eller budskap lyser starkt i m\u00f6rkret.<\/p>\n<h2 data-path-to-node=\"12\">Viktiga funktioner<\/h2>\n<ul data-path-to-node=\"13\">\n<li>\n<p data-path-to-node=\"13,0,0\"><b data-path-to-node=\"13,0,0\" data-index-in-node=\"0\">Atmosf\u00e4rsskapare:<\/b> Skapar en omedelbar &quot;wow&quot;-effekt n\u00e4r ljuset sl\u00e4cks.<\/p>\n<\/li>\n<li>\n<p data-path-to-node=\"13,1,0\"><b data-path-to-node=\"13,1,0\" data-index-in-node=\"0\">Stort varum\u00e4rkesomr\u00e5de:<\/b> Tygytan erbjuder gott om plats f\u00f6r att trycka logotyper, hashtaggar eller br\u00f6llopsdatum.<\/p>\n<\/li>\n<li>\n<p data-path-to-node=\"13,2,0\"><b data-path-to-node=\"13,2,0\" data-index-in-node=\"0\">Anv\u00e4ndarv\u00e4nlig:<\/b> Enkel man\u00f6vrering med en knapptryckning f\u00f6r att v\u00e4xla mellan blinkande l\u00e4gen.<\/p>\n<\/li>\n<li>\n<p data-path-to-node=\"13,3,0\"><b data-path-to-node=\"13,3,0\" data-index-in-node=\"0\">H\u00e5llbar konstruktion:<\/b> Tillverkad med robusta plastribbor och ljusdiffuserande tyg f\u00f6r att t\u00e5la energisk anv\u00e4ndning.<\/p>\n<\/li>\n<\/ul>\n<h2 data-path-to-node=\"14\">Specifikationer<\/h2>\n<ul data-path-to-node=\"15\">\n<li>\n<p data-path-to-node=\"15,0,0\"><b data-path-to-node=\"15,0,0\" data-index-in-node=\"0\">Material:<\/b> Plastribbor + Ljusabsorberande nylon\/polyestertyg.<\/p>\n<\/li>\n<li>\n<p data-path-to-node=\"15,1,0\"><b data-path-to-node=\"15,1,0\" data-index-in-node=\"0\">Storlek:<\/b> Ca 27 cm (hopf\u00e4lld) \/ 48\u201350 cm (\u00f6ppen bredd).<\/p>\n<\/li>\n<li>\n<p data-path-to-node=\"15,2,0\"><b data-path-to-node=\"15,2,0\" data-index-in-node=\"0\">LED-f\u00e4rger:<\/b> Vit, bl\u00e5, r\u00f6d, gr\u00f6n, rosa, RGB (flerf\u00e4rgad).<\/p>\n<\/li>\n<li>\n<p data-path-to-node=\"15,3,0\"><b data-path-to-node=\"15,3,0\" data-index-in-node=\"0\">Batterier:<\/b> Ing\u00e5r och \u00e4r utbytbar (vanligtvis CR2032 eller liknande).<\/p>\n<\/li>\n<li>\n<p data-path-to-node=\"15,4,0\"><b data-path-to-node=\"15,4,0\" data-index-in-node=\"0\">Utskriftsmetod:<\/b> Silkscreentryck p\u00e5 tyg eller handtag.<\/p>\n<\/li>\n<\/ul>\n<h2 data-path-to-node=\"16\">Anv\u00e4ndningsfall<\/h2>\n<ul data-path-to-node=\"17\">\n<li>\n<p data-path-to-node=\"17,0,0\"><b data-path-to-node=\"17,0,0\" data-index-in-node=\"0\">Br\u00f6llop:<\/b> Den ultimata festfavoriten f\u00f6r det sena dansgolvet (s\u00e4rskilt vita fans).<\/p>\n<\/li>\n<li>\n<p data-path-to-node=\"17,1,0\"><b data-path-to-node=\"17,1,0\" data-index-in-node=\"0\">Musikfestivaler och ravefester:<\/b> Mycket efterfr\u00e5gad vara bland deltagarna.<\/p>\n<\/li>\n<li>\n<p data-path-to-node=\"17,2,0\"><b data-path-to-node=\"17,2,0\" data-index-in-node=\"0\">Nattklubbar:<\/b> M\u00e4rkesrekvisita f\u00f6r VIP-bord eller temakv\u00e4llar.<\/p>\n<\/li>\n<li>\n<p data-path-to-node=\"17,3,0\"><b data-path-to-node=\"17,3,0\" data-index-in-node=\"0\">F\u00f6retagsfester:<\/b> Roliga isbrytarpresenter som lyser upp lokalen.<\/p>\n<\/li>\n<\/ul>","protected":false},"excerpt":{"rendered":"<ul>\n<li>\n<p data-path-to-node=\"9,0,0\"><b data-path-to-node=\"9,0,0\" data-index-in-node=\"0\">Dubbel funktion:<\/b> H\u00e5ller g\u00e4sterna svala samtidigt som den skapar en fantastisk ljusshow.<\/p>\n<\/li>\n<li>\n<p data-path-to-node=\"9,1,0\"><b data-path-to-node=\"9,1,0\" data-index-in-node=\"0\">Anpassningsbar:<\/b> Tryck din logotyp eller evenemangsdatum p\u00e5 tyget eller handtaget.<\/p>\n<\/li>\n<li>\n<p data-path-to-node=\"9,2,0\"><b data-path-to-node=\"9,2,0\" data-index-in-node=\"0\">Belysningsl\u00e4gen:<\/b> Flera inst\u00e4llningar (snabb blinkning, l\u00e5ngsam blinkning, fast sken).<\/p>\n<\/li>\n<li>\n<p data-path-to-node=\"9,3,0\"><b data-path-to-node=\"9,3,0\" data-index-in-node=\"0\">Batteridriven:<\/b> L\u00e5nglivade och utbytbara batterier ing\u00e5r.<\/p>\n<\/li>\n<\/ul>","protected":false},"featured_media":6172,"comment_status":"closed","ping_status":"closed","template":"","meta":[],"product_brand":[],"product_cat":[76,123],"product_tag":[],"class_list":{"0":"post-6171","1":"product","2":"type-product","3":"status-publish","4":"has-post-thumbnail","6":"product_cat-glow-led-products","7":"product_cat-fan-cheering-items","9":"first","10":"instock","11":"shipping-taxable","12":"purchasable","13":"product-type-simple"},"_links":{"self":[{"href":"https:\/\/displayproducts.eu\/sv\/wp-json\/wp\/v2\/product\/6171","targetHints":{"allow":["GET"]}}],"collection":[{"href":"https:\/\/displayproducts.eu\/sv\/wp-json\/wp\/v2\/product"}],"about":[{"href":"https:\/\/displayproducts.eu\/sv\/wp-json\/wp\/v2\/types\/product"}],"replies":[{"embeddable":true,"href":"https:\/\/displayproducts.eu\/sv\/wp-json\/wp\/v2\/comments?post=6171"}],"wp:featuredmedia":[{"embeddable":true,"href":"https:\/\/displayproducts.eu\/sv\/wp-json\/wp\/v2\/media\/6172"}],"wp:attachment":[{"href":"https:\/\/displayproducts.eu\/sv\/wp-json\/wp\/v2\/media?parent=6171"}],"wp:term":[{"taxonomy":"product_brand","embeddable":true,"href":"https:\/\/displayproducts.eu\/sv\/wp-json\/wp\/v2\/product_brand?post=6171"},{"taxonomy":"product_cat","embeddable":true,"href":"https:\/\/displayproducts.eu\/sv\/wp-json\/wp\/v2\/product_cat?post=6171"},{"taxonomy":"product_tag","embeddable":true,"href":"https:\/\/displayproducts.eu\/sv\/wp-json\/wp\/v2\/product_tag?post=6171"}],"curies":[{"name":"wp","href":"https:\/\/api.w.org\/{rel}","templated":true}]}}