{"id":6165,"date":"2025-12-19T22:29:34","date_gmt":"2025-12-19T19:29:34","guid":{"rendered":"https:\/\/wristbandfactory.eu\/?post_type=product&#038;p=6165"},"modified":"2026-04-01T21:52:34","modified_gmt":"2026-04-01T18:52:34","slug":"custom-luggage-tags-bamboo-waterproof-paper-shaped","status":"publish","type":"product","link":"https:\/\/displayproducts.eu\/sv\/p\/custom-luggage-tags-bamboo-waterproof-paper-shaped\/","title":{"rendered":"Bagagebrickor med tryck"},"content":{"rendered":"<p data-path-to-node=\"9\">Resor skapar intryck, och v\u00e5rt utbud av anpassade bagageetiketter s\u00e4kerst\u00e4ller att ditt varum\u00e4rke syns vart dina kunder \u00e4n g\u00f6r. Denna produktlinje \u00e4r utformad f\u00f6r h\u00e5llbarhet och synlighet och erbjuder flexibilitet f\u00f6r att matcha din marknadsf\u00f6ringsbudget och stil \u2013 oavsett om du beh\u00f6ver ett kostnadseffektivt massutdelningspaket eller en milj\u00f6v\u00e4nlig premiumpresent.<\/p>\n<p data-path-to-node=\"10\"><b data-path-to-node=\"10\" data-index-in-node=\"0\">V\u00e4lj din stil:<\/b><\/p>\n<ol start=\"1\" data-path-to-node=\"11\">\n<li>\n<p data-path-to-node=\"11,0,0\"><b data-path-to-node=\"11,0,0\" data-index-in-node=\"0\">Etiketter av syntetiskt papper (vatten- och rivs\u00e4kra):<\/b> L\u00e5t dig inte luras av ordet \u201cpapper\u201d. Detta avancerade syntetiska material \u00e4r helt vattent\u00e4tt och rivbest\u00e4ndigt, vilket g\u00f6r det perfekt f\u00f6r tuffa resor.<\/p>\n<ul data-path-to-node=\"11,0,1\">\n<li>\n<p data-path-to-node=\"11,0,1,0,0\"><b data-path-to-node=\"11,0,1,0,0\" data-index-in-node=\"0\">Standardform:<\/b> Maximal varum\u00e4rkesyta f\u00f6r logotyper och kontaktinformation.<\/p>\n<\/li>\n<li>\n<p data-path-to-node=\"11,0,1,1,0\"><b data-path-to-node=\"11,0,1,1,0\" data-index-in-node=\"0\">Flygplansform:<\/b> En rolig, stansad flygdesign, perfekt f\u00f6r turistbyr\u00e5er och flygbolag.<\/p>\n<\/li>\n<li>\n<p data-path-to-node=\"11,0,1,2,0\"><i data-path-to-node=\"11,0,1,2,0\" data-index-in-node=\"0\">Inkluderar tryck i fullf\u00e4rg p\u00e5 framsidan.<\/i><\/p>\n<\/li>\n<\/ul>\n<\/li>\n<li>\n<p data-path-to-node=\"11,1,0\"><b data-path-to-node=\"11,1,0\" data-index-in-node=\"0\">Bambuetiketter (Eko-Premium):<\/b> F\u00f6r en h\u00e5llbar och exklusiv look, v\u00e4lj v\u00e5ra etiketter i naturlig bambu. Styva och distinkta, de sticker ut p\u00e5 karusellen.<\/p>\n<ul data-path-to-node=\"11,1,1\">\n<li>\n<p data-path-to-node=\"11,1,1,0,0\"><i data-path-to-node=\"11,1,1,0,0\" data-index-in-node=\"0\">Inkluderar plastrem och sp\u00e4nne f\u00f6r s\u00e4ker fasts\u00e4ttning.<\/i><\/p>\n<\/li>\n<\/ul>\n<\/li>\n<\/ol>\n<h2 data-path-to-node=\"12\">Viktiga funktioner<\/h2>\n<ul data-path-to-node=\"13\">\n<li>\n<p data-path-to-node=\"13,0,0\"><b data-path-to-node=\"13,0,0\" data-index-in-node=\"0\">M\u00e5ngsidighet:<\/b> En produktlista, flera l\u00f6sningar. Blanda och matcha f\u00f6r olika kundsegment (t.ex. papper f\u00f6r ekonomiklasspassagerare, bambu f\u00f6r VIP-g\u00e4ster).<\/p>\n<\/li>\n<li>\n<p data-path-to-node=\"13,1,0\"><b data-path-to-node=\"13,1,0\" data-index-in-node=\"0\">Extrem h\u00e5llbarhet:<\/b> Det syntetiska pappret t\u00e5l regn, fukt och tuff bagagehantering utan att riva s\u00f6nder.<\/p>\n<\/li>\n<li>\n<p data-path-to-node=\"13,2,0\"><b data-path-to-node=\"13,2,0\" data-index-in-node=\"0\">Milj\u00f6medvetet:<\/b> Bambu erbjuder ett f\u00f6rnybart materialalternativ f\u00f6r gr\u00f6na marknadsf\u00f6ringskampanjer.<\/p>\n<\/li>\n<li>\n<p data-path-to-node=\"13,3,0\"><b data-path-to-node=\"13,3,0\" data-index-in-node=\"0\">H\u00f6g synlighet:<\/b> Stora tryckytor s\u00e4kerst\u00e4ller att din logotyp syns p\u00e5 flygplatser v\u00e4rlden \u00f6ver.<\/p>\n<\/li>\n<\/ul>\n<h2 data-path-to-node=\"14\">Specifikationer<\/h2>\n<ul data-path-to-node=\"15\">\n<li>\n<p data-path-to-node=\"15,0,0\"><b data-path-to-node=\"15,0,0\" data-index-in-node=\"0\">Material:<\/b> Syntetiskt papper (polypropenblandning) ELLER naturlig bambu.<\/p>\n<\/li>\n<li>\n<p data-path-to-node=\"15,1,0\"><b data-path-to-node=\"15,1,0\" data-index-in-node=\"0\">Egenskaper f\u00f6r pappersetikett:<\/b> Vattent\u00e5lig, rivs\u00e4ker, flexibel.<\/p>\n<\/li>\n<li>\n<p data-path-to-node=\"15,2,0\"><b data-path-to-node=\"15,2,0\" data-index-in-node=\"0\">Egenskaper f\u00f6r bambu-tagg:<\/b> Stel, naturlig \u00e5dringsfinish.<\/p>\n<\/li>\n<li>\n<p data-path-to-node=\"15,3,0\"><b data-path-to-node=\"15,3,0\" data-index-in-node=\"0\">Former:<\/b> Rektangul\u00e4r (ca 85x54 mm) eller stansad i flygplan.<\/p>\n<\/li>\n<li>\n<p data-path-to-node=\"15,4,0\"><b data-path-to-node=\"15,4,0\" data-index-in-node=\"0\">Fasts\u00e4ttning:<\/b> Plastrem med sp\u00e4nne (bambu) eller \u00f6glemekanism.<\/p>\n<\/li>\n<li>\n<p data-path-to-node=\"15,5,0\"><b data-path-to-node=\"15,5,0\" data-index-in-node=\"0\">MOQ:<\/b> 250 st (f\u00f6r pappersmodeller).<\/p>\n<\/li>\n<\/ul>\n<h2 data-path-to-node=\"16\">Anv\u00e4ndningsfall<\/h2>\n<ul data-path-to-node=\"17\">\n<li>\n<p data-path-to-node=\"17,0,0\"><b data-path-to-node=\"17,0,0\" data-index-in-node=\"0\">Researrang\u00f6rer:<\/b> Inkludera en m\u00e4rkt etikett med resedokumentfack.<\/p>\n<\/li>\n<li>\n<p data-path-to-node=\"17,1,0\"><b data-path-to-node=\"17,1,0\" data-index-in-node=\"0\">F\u00f6retagsresor:<\/b> Identifiera enkelt teambagage under gruppresor.<\/p>\n<\/li>\n<li>\n<p data-path-to-node=\"17,2,0\"><b data-path-to-node=\"17,2,0\" data-index-in-node=\"0\">Hotell:<\/b> En minnesv\u00e4rd present till g\u00e4sterna vid beg\u00e4r offert.<\/p>\n<\/li>\n<li>\n<p data-path-to-node=\"17,3,0\"><b data-path-to-node=\"17,3,0\" data-index-in-node=\"0\">Logistik:<\/b> H\u00e5llbar m\u00e4rkning f\u00f6r gods och icke-standardfrakt.<\/p>\n<\/li>\n<\/ul>","protected":false},"excerpt":{"rendered":"<ul>\n<li>\n<p data-path-to-node=\"8,0,0\"><b data-path-to-node=\"8,0,0\" data-index-in-node=\"0\">Materialval:<\/b> V\u00e4lj mellan styvt bambupapper eller flexibelt, rivfast papper.<\/p>\n<\/li>\n<li>\n<p data-path-to-node=\"8,1,0\"><b data-path-to-node=\"8,1,0\" data-index-in-node=\"0\">Former:<\/b> Finns i standard rektangul\u00e4ra eller tematiska flygplansformer.<\/p>\n<\/li>\n<li>\n<p data-path-to-node=\"8,2,0\"><b data-path-to-node=\"8,2,0\" data-index-in-node=\"0\">Varaktighet:<\/b> Vattent\u00e5lig och byggd f\u00f6r att t\u00e5la globala resor.<\/p>\n<\/li>\n<li>\n<p data-path-to-node=\"8,3,0\"><b data-path-to-node=\"8,3,0\" data-index-in-node=\"0\">Varum\u00e4rkesbyggande:<\/b> Fullf\u00e4rgstryck (papper) eller lasergravyr\/-tryck (bambu).<\/p>\n<\/li>\n<\/ul>","protected":false},"featured_media":6304,"comment_status":"closed","ping_status":"closed","template":"","meta":[],"product_brand":[],"product_cat":[129,122],"product_tag":[],"class_list":{"0":"post-6165","1":"product","2":"type-product","3":"status-publish","4":"has-post-thumbnail","6":"product_cat-leisure-lifestyle","7":"product_cat-promotional-accessories","9":"first","10":"instock","11":"shipping-taxable","12":"purchasable","13":"product-type-simple"},"_links":{"self":[{"href":"https:\/\/displayproducts.eu\/sv\/wp-json\/wp\/v2\/product\/6165","targetHints":{"allow":["GET"]}}],"collection":[{"href":"https:\/\/displayproducts.eu\/sv\/wp-json\/wp\/v2\/product"}],"about":[{"href":"https:\/\/displayproducts.eu\/sv\/wp-json\/wp\/v2\/types\/product"}],"replies":[{"embeddable":true,"href":"https:\/\/displayproducts.eu\/sv\/wp-json\/wp\/v2\/comments?post=6165"}],"wp:featuredmedia":[{"embeddable":true,"href":"https:\/\/displayproducts.eu\/sv\/wp-json\/wp\/v2\/media\/6304"}],"wp:attachment":[{"href":"https:\/\/displayproducts.eu\/sv\/wp-json\/wp\/v2\/media?parent=6165"}],"wp:term":[{"taxonomy":"product_brand","embeddable":true,"href":"https:\/\/displayproducts.eu\/sv\/wp-json\/wp\/v2\/product_brand?post=6165"},{"taxonomy":"product_cat","embeddable":true,"href":"https:\/\/displayproducts.eu\/sv\/wp-json\/wp\/v2\/product_cat?post=6165"},{"taxonomy":"product_tag","embeddable":true,"href":"https:\/\/displayproducts.eu\/sv\/wp-json\/wp\/v2\/product_tag?post=6165"}],"curies":[{"name":"wp","href":"https:\/\/api.w.org\/{rel}","templated":true}]}}