{"id":6162,"date":"2025-12-19T22:20:32","date_gmt":"2025-12-19T19:20:32","guid":{"rendered":"https:\/\/wristbandfactory.eu\/?post_type=product&#038;p=6162"},"modified":"2026-04-01T21:52:34","modified_gmt":"2026-04-01T18:52:34","slug":"colored-eva-earplugs-in-transparent-case-with-carrying-chain","status":"publish","type":"product","link":"https:\/\/displayproducts.eu\/sv\/p\/colored-eva-earplugs-in-transparent-case-with-carrying-chain\/","title":{"rendered":"F\u00e4rgglada \u00f6ronproppar i EVA med fodral och kedja"},"content":{"rendered":"<p data-path-to-node=\"10\">Skydda dina deltagares h\u00f6rsel med stil med v\u00e5ra f\u00e4rgglada EVA-\u00f6ronproppar. Dessa \u00f6ronproppar \u00e4r utformade f\u00f6r l\u00e4ngre anv\u00e4ndning och tillverkade av mjukt etylenvinylacetat (EVA) som formar sig bekv\u00e4mt i h\u00f6rselg\u00e5ngen. Varje par levereras i ett slitstarkt, transparent individuellt fodral utrustat med en praktisk b\u00e4rkedja, vilket g\u00f6r dem otryckta att f\u00e4sta p\u00e5 nyckelringar, nyckelband eller dragkedjor. En viktig sak f\u00f6r festivaler, byggarbetsplatser och resor.<\/p>\n<h2 data-path-to-node=\"11\">Viktiga funktioner<\/h2>\n<ul data-path-to-node=\"12\">\n<li>\n<p data-path-to-node=\"12,0,0\"><b data-path-to-node=\"12,0,0\" data-index-in-node=\"0\">B\u00e4rbar design:<\/b> Den medf\u00f6ljande kedjan s\u00e4kerst\u00e4ller att \u00f6ronpropparna alltid \u00e4r inom r\u00e4ckh\u00e5ll och skyddade fr\u00e5n smuts n\u00e4r de inte anv\u00e4nds.<\/p>\n<\/li>\n<li>\n<p data-path-to-node=\"12,1,0\"><b data-path-to-node=\"12,1,0\" data-index-in-node=\"0\">Komfortpassform:<\/b> Mjukt EVA-skummaterial expanderar f\u00f6rsiktigt f\u00f6r en s\u00e4ker passform utan att orsaka tryck.<\/p>\n<\/li>\n<li>\n<p data-path-to-node=\"12,2,0\"><b data-path-to-node=\"12,2,0\" data-index-in-node=\"0\">H\u00f6g synlighet:<\/b> Finns i ljusa, livfulla f\u00e4rger som sticker ut.<\/p>\n<\/li>\n<li>\n<p data-path-to-node=\"12,3,0\"><b data-path-to-node=\"12,3,0\" data-index-in-node=\"0\">H\u00e5llbart fodral:<\/b> Den genomskinliga plastl\u00e5dan erbjuder utm\u00e4rkt varum\u00e4rkesskydd och potential.<\/p>\n<\/li>\n<\/ul>\n<h2 data-path-to-node=\"13\">Specifikationer<\/h2>\n<ul data-path-to-node=\"14\">\n<li>\n<p data-path-to-node=\"14,0,0\"><b data-path-to-node=\"14,0,0\" data-index-in-node=\"0\">Material:<\/b> Mjukt EVA-skum (etylenvinylacetat).<\/p>\n<\/li>\n<li>\n<p data-path-to-node=\"14,1,0\"><b data-path-to-node=\"14,1,0\" data-index-in-node=\"0\">Fodralmaterial:<\/b> Genomskinlig plast.<\/p>\n<\/li>\n<li>\n<p data-path-to-node=\"14,2,0\"><b data-path-to-node=\"14,2,0\" data-index-in-node=\"0\">Fasts\u00e4ttning:<\/b> Metallp\u00e4rlkedja \/ b\u00e4rkedja.<\/p>\n<\/li>\n<li>\n<p data-path-to-node=\"14,3,0\"><b data-path-to-node=\"14,3,0\" data-index-in-node=\"0\">F\u00e4rger:<\/b> Blandade ljusa f\u00e4rger.<\/p>\n<\/li>\n<li>\n<p data-path-to-node=\"14,4,0\"><b data-path-to-node=\"14,4,0\" data-index-in-node=\"0\">\u00c5teranv\u00e4ndbarhet:<\/b> \u00c5teranv\u00e4ndbar och tv\u00e4ttbar.<\/p>\n<\/li>\n<\/ul>\n<h2 data-path-to-node=\"15\">Anv\u00e4ndningsfall<\/h2>\n<ul data-path-to-node=\"16\">\n<li>\n<p data-path-to-node=\"16,0,0\"><b data-path-to-node=\"16,0,0\" data-index-in-node=\"0\">Musikfestivaler och konserter:<\/b> Viktigt h\u00f6rselskydd f\u00f6r bullriga milj\u00f6er.<\/p>\n<\/li>\n<li>\n<p data-path-to-node=\"16,1,0\"><b data-path-to-node=\"16,1,0\" data-index-in-node=\"0\">Resor och flyg:<\/b> Minskar buller i kup\u00e9n f\u00f6r en lugn resa.<\/p>\n<\/li>\n<li>\n<p data-path-to-node=\"16,2,0\"><b data-path-to-node=\"16,2,0\" data-index-in-node=\"0\">Bygg och industri:<\/b> Grundl\u00e4ggande s\u00e4kerhetsutrustning f\u00f6r bes\u00f6kare eller l\u00e4tta omr\u00e5den.<\/p>\n<\/li>\n<li>\n<p data-path-to-node=\"16,3,0\"><b data-path-to-node=\"16,3,0\" data-index-in-node=\"0\">Kampanjkampanjer:<\/b> Utm\u00e4rkt present till varum\u00e4rket f\u00f6r evenemang med fokus p\u00e5 h\u00e4lsa och s\u00e4kerhet.<\/p>\n<\/li>\n<\/ul>","protected":false},"excerpt":{"rendered":"<ul>\n<li>\n<p data-path-to-node=\"9,0,0\">Tillverkad av mjukt, bekv\u00e4mt EVA-material.<\/p>\n<\/li>\n<li>\n<p data-path-to-node=\"9,1,0\">Inkluderar genomskinligt fodral med b\u00e4rkedja.<\/p>\n<\/li>\n<li>\n<p data-path-to-node=\"9,2,0\">Ljusa f\u00e4rger med h\u00f6g synlighet.<\/p>\n<\/li>\n<li>\n<p data-path-to-node=\"9,3,0\">\u00c5teranv\u00e4ndbar och l\u00e4tt att reng\u00f6ra.<\/p>\n<\/li>\n<\/ul>","protected":false},"featured_media":6163,"comment_status":"closed","ping_status":"closed","template":"","meta":[],"product_brand":[],"product_cat":[68,121],"product_tag":[],"class_list":{"0":"post-6162","1":"product","2":"type-product","3":"status-publish","4":"has-post-thumbnail","6":"product_cat-event-supplies","7":"product_cat-promotional-merchandise","9":"first","10":"instock","11":"shipping-taxable","12":"purchasable","13":"product-type-simple"},"_links":{"self":[{"href":"https:\/\/displayproducts.eu\/sv\/wp-json\/wp\/v2\/product\/6162","targetHints":{"allow":["GET"]}}],"collection":[{"href":"https:\/\/displayproducts.eu\/sv\/wp-json\/wp\/v2\/product"}],"about":[{"href":"https:\/\/displayproducts.eu\/sv\/wp-json\/wp\/v2\/types\/product"}],"replies":[{"embeddable":true,"href":"https:\/\/displayproducts.eu\/sv\/wp-json\/wp\/v2\/comments?post=6162"}],"wp:featuredmedia":[{"embeddable":true,"href":"https:\/\/displayproducts.eu\/sv\/wp-json\/wp\/v2\/media\/6163"}],"wp:attachment":[{"href":"https:\/\/displayproducts.eu\/sv\/wp-json\/wp\/v2\/media?parent=6162"}],"wp:term":[{"taxonomy":"product_brand","embeddable":true,"href":"https:\/\/displayproducts.eu\/sv\/wp-json\/wp\/v2\/product_brand?post=6162"},{"taxonomy":"product_cat","embeddable":true,"href":"https:\/\/displayproducts.eu\/sv\/wp-json\/wp\/v2\/product_cat?post=6162"},{"taxonomy":"product_tag","embeddable":true,"href":"https:\/\/displayproducts.eu\/sv\/wp-json\/wp\/v2\/product_tag?post=6162"}],"curies":[{"name":"wp","href":"https:\/\/api.w.org\/{rel}","templated":true}]}}