{"id":6159,"date":"2025-12-19T16:35:18","date_gmt":"2025-12-19T13:35:18","guid":{"rendered":"https:\/\/wristbandfactory.eu\/?post_type=product&#038;p=6159"},"modified":"2026-04-01T21:52:34","modified_gmt":"2026-04-01T18:52:34","slug":"custom-printed-seamless-arm-sleeves-uv-protection","status":"publish","type":"product","link":"https:\/\/displayproducts.eu\/sv\/p\/custom-printed-seamless-arm-sleeves-uv-protection\/","title":{"rendered":"Tryckta arm\u00f6verdrag med UV-skydd"},"content":{"rendered":"<p data-path-to-node=\"11\">Maximera ditt varum\u00e4rkes synlighet vid utomhusevenemang och sportt\u00e4vlingar med v\u00e5ra specialtryckta s\u00f6ml\u00f6sa \u00e4rmar. Dessa m\u00e5ngsidiga tillbeh\u00f6r \u00e4r viktiga f\u00f6r l\u00f6pare, cyklister och utomhuspersonal, och erbjuder en stor, r\u00f6rlig duk f\u00f6r din logotyp eller konstverk.<\/p>\n<p data-path-to-node=\"12\">Till skillnad fr\u00e5n vanliga screentryckta \u00e4rmar anv\u00e4nder v\u00e5ra \u00e4rmar sublimeringsteknik. Det inneb\u00e4r att designen appliceras i tygfibrerna, vilket s\u00e4kerst\u00e4ller att trycket aldrig spricker, flagnar eller bleknar, samtidigt som tygets andningsf\u00f6rm\u00e5ga och elasticitet bibeh\u00e5lls.<\/p>\n<h2 data-path-to-node=\"13\">Viktiga funktioner<\/h2>\n<ul data-path-to-node=\"14\">\n<li>\n<p data-path-to-node=\"14,0,0\"><b data-path-to-node=\"14,0,0\" data-index-in-node=\"0\">S\u00f6ml\u00f6s konstruktion:<\/b> Den r\u00f6rformade stickade designen eliminerar sidos\u00f6mmar, vilket f\u00f6rhindrar skav och irritation vid l\u00e5ngvarigt bruk.<\/p>\n<\/li>\n<li>\n<p data-path-to-node=\"14,1,0\"><b data-path-to-node=\"14,1,0\" data-index-in-node=\"0\"><span class=\"citation-32\">Sol- och hudskydd:<\/span><\/b><span class=\"citation-32 citation-end-32\"> Ger en effektiv barri\u00e4r mot skadliga UV-str\u00e5lar och skyddar huden mot br\u00e4nnskador eller repor p\u00e5 gr\u00e4smattan.<\/span><\/p>\n<div class=\"source-inline-chip-container ng-star-inserted\"><\/div>\n<\/li>\n<li>\n<p data-path-to-node=\"14,2,0\"><b data-path-to-node=\"14,2,0\" data-index-in-node=\"0\">Elastisk passform:<\/b> Blandningen av polyester och elastan s\u00e4kerst\u00e4ller att \u00e4rmarna sitter s\u00e4kert p\u00e5 plats utan att begr\u00e4nsa r\u00f6relsefriheten.<\/p>\n<\/li>\n<li>\n<p data-path-to-node=\"14,3,0\"><b data-path-to-node=\"14,3,0\" data-index-in-node=\"0\">Livlig anpassning:<\/b> Helyttryck m\u00f6jligg\u00f6r perfekt reproduktion av komplexa gradienter, foton och varum\u00e4rkesf\u00e4rger.<\/p>\n<\/li>\n<\/ul>\n<h2 data-path-to-node=\"15\">Specifikationer<\/h2>\n<ul data-path-to-node=\"16\">\n<li>\n<p data-path-to-node=\"16,0,0\"><b data-path-to-node=\"16,0,0\" data-index-in-node=\"0\">Material:<\/b> 160 g\/m\u00b2 tekniskt tyg (95% polyester \/ 5% elastan).<\/p>\n<\/li>\n<li>\n<p data-path-to-node=\"16,1,0\"><b data-path-to-node=\"16,1,0\" data-index-in-node=\"0\">Tryckteknik:<\/b> Fullf\u00e4rgssublimering.<\/p>\n<\/li>\n<li>\n<p data-path-to-node=\"16,2,0\"><b data-path-to-node=\"16,2,0\" data-index-in-node=\"0\">F\u00f6rpackning:<\/b> S\u00e4ljs som ett par (1 st = 2 \u00e4rmar).<\/p>\n<\/li>\n<li>\n<p data-path-to-node=\"16,3,0\"><b data-path-to-node=\"16,3,0\" data-index-in-node=\"0\">M\u00e5tt (Medium):<\/b> 7 cm (handled) x 8 cm (\u00f6verarm) x 37 cm (l\u00e4ngd).<\/p>\n<\/li>\n<li>\n<p data-path-to-node=\"16,4,0\"><b data-path-to-node=\"16,4,0\" data-index-in-node=\"0\">M\u00e5tt (stor):<\/b> 9 cm (handled) x 11 cm (\u00f6verarm) x 44 cm (l\u00e4ngd).<\/p>\n<\/li>\n<\/ul>\n<h2 data-path-to-node=\"17\">Anv\u00e4ndningsfall<\/h2>\n<ul data-path-to-node=\"18\">\n<li>\n<p data-path-to-node=\"18,0,0\"><b data-path-to-node=\"18,0,0\" data-index-in-node=\"0\">Maratonlopp och cykelevenemang:<\/b> Viktig utrustning f\u00f6r deltagarna i goodiebags.<\/p>\n<\/li>\n<li>\n<p data-path-to-node=\"18,1,0\"><b data-path-to-node=\"18,1,0\" data-index-in-node=\"0\">Laguniformer:<\/b> Enhetligt utseende f\u00f6r basket-, volleyboll- eller e-sportlag.<\/p>\n<\/li>\n<li>\n<p data-path-to-node=\"18,2,0\"><b data-path-to-node=\"18,2,0\" data-index-in-node=\"0\">Utomhusarbetskraft:<\/b> Skydd f\u00f6r personal som arbetar i direkt solljus (landskapsarkitektur, evenemangss\u00e4kerhet).<\/p>\n<\/li>\n<li>\n<p data-path-to-node=\"18,3,0\"><b data-path-to-node=\"18,3,0\" data-index-in-node=\"0\">Varuf\u00f6rs\u00e4ljning:<\/b> H\u00f6gmarginalvara f\u00f6r gym- eller klubbbutiker.<\/p>\n<\/li>\n<\/ul>","protected":false},"excerpt":{"rendered":"<ul>\n<li>\n<p data-path-to-node=\"10,0,0\"><b data-path-to-node=\"10,0,0\" data-index-in-node=\"0\">S\u00f6ml\u00f6s komfort:<\/b> Inga irriterande s\u00f6mmar, vilket garanterar maximal komfort under fysiska aktiviteter.<\/p>\n<\/li>\n<li>\n<p data-path-to-node=\"10,1,0\"><b data-path-to-node=\"10,1,0\" data-index-in-node=\"0\">Varum\u00e4rkesbyggande i fullf\u00e4rg:<\/b> Kant-till-kant-sublimeringstryck ger obegr\u00e4nsade designm\u00f6jligheter.<\/p>\n<\/li>\n<li>\n<p data-path-to-node=\"10,2,0\"><b data-path-to-node=\"10,2,0\" data-index-in-node=\"0\"><span class=\"citation-33\">UV- och repskydd:<\/span><\/b><span class=\"citation-33 citation-end-33\"> Skyddar armarna mot solexponering och mindre skavs\u00e5r.<\/span><\/p>\n<\/li>\n<li>\n<p data-path-to-node=\"10,3,0\"><b data-path-to-node=\"10,3,0\" data-index-in-node=\"0\">S\u00e4ljs som ett par:<\/b> En enhet inkluderar b\u00e5de en v\u00e4nster och en h\u00f6ger \u00e4rm.<\/p>\n<\/li>\n<\/ul>","protected":false},"featured_media":6160,"comment_status":"closed","ping_status":"closed","template":"","meta":[],"product_brand":[],"product_cat":[118],"product_tag":[],"class_list":{"0":"post-6159","1":"product","2":"type-product","3":"status-publish","4":"has-post-thumbnail","6":"product_cat-sports-fitness","8":"first","9":"instock","10":"shipping-taxable","11":"purchasable","12":"product-type-simple"},"_links":{"self":[{"href":"https:\/\/displayproducts.eu\/sv\/wp-json\/wp\/v2\/product\/6159","targetHints":{"allow":["GET"]}}],"collection":[{"href":"https:\/\/displayproducts.eu\/sv\/wp-json\/wp\/v2\/product"}],"about":[{"href":"https:\/\/displayproducts.eu\/sv\/wp-json\/wp\/v2\/types\/product"}],"replies":[{"embeddable":true,"href":"https:\/\/displayproducts.eu\/sv\/wp-json\/wp\/v2\/comments?post=6159"}],"wp:featuredmedia":[{"embeddable":true,"href":"https:\/\/displayproducts.eu\/sv\/wp-json\/wp\/v2\/media\/6160"}],"wp:attachment":[{"href":"https:\/\/displayproducts.eu\/sv\/wp-json\/wp\/v2\/media?parent=6159"}],"wp:term":[{"taxonomy":"product_brand","embeddable":true,"href":"https:\/\/displayproducts.eu\/sv\/wp-json\/wp\/v2\/product_brand?post=6159"},{"taxonomy":"product_cat","embeddable":true,"href":"https:\/\/displayproducts.eu\/sv\/wp-json\/wp\/v2\/product_cat?post=6159"},{"taxonomy":"product_tag","embeddable":true,"href":"https:\/\/displayproducts.eu\/sv\/wp-json\/wp\/v2\/product_tag?post=6159"}],"curies":[{"name":"wp","href":"https:\/\/api.w.org\/{rel}","templated":true}]}}