{"id":6155,"date":"2025-12-19T16:20:46","date_gmt":"2025-12-19T13:20:46","guid":{"rendered":"https:\/\/wristbandfactory.eu\/?post_type=product&#038;p=6155"},"modified":"2026-04-01T21:52:03","modified_gmt":"2026-04-01T18:52:03","slug":"custom-beach-slippers-with-logo-sand-imprint-sole","status":"publish","type":"product","link":"https:\/\/displayproducts.eu\/sv\/p\/custom-beach-slippers-with-logo-sand-imprint-sole\/","title":{"rendered":"Strandtofflor med egen logotyp och sandavtryck"},"content":{"rendered":"<p data-path-to-node=\"12\">F\u00f6rh\u00f6j dina sommarmarknadsf\u00f6ringskampanjer eller hotellbekv\u00e4mligheter med v\u00e5ra helt anpassningsbara strandtofflor. Dessa flip-flops \u00e4r designade f\u00f6r maximal varum\u00e4rkessynlighet och erbjuder en unik vandrande skylteffekt. Oavsett om det \u00e4r f\u00f6r ett f\u00f6retagsevenemang, en spa-present eller en sommarfestival, erbjuder vi fullst\u00e4ndig f\u00e4rgmatchning f\u00f6r att strikt anpassa sig till din varum\u00e4rkesidentitet.<\/p>\n<p data-path-to-node=\"13\">Till skillnad fr\u00e5n vanliga profilskor erbjuder v\u00e5ra tofflor innovativa tekniker f\u00f6r varum\u00e4rkesm\u00e4rkning i undersulan som g\u00f6r varje steg till ett intryck.<\/p>\n<h2 data-path-to-node=\"14\">Viktiga funktioner<\/h2>\n<ul data-path-to-node=\"15\">\n<li>\n<p data-path-to-node=\"15,0,0\"><b data-path-to-node=\"15,0,0\" data-index-in-node=\"0\">Pantone f\u00e4rgmatchning:<\/b> Vi kan matcha sulans och remmarnas f\u00e4rger efter era specifika PMS-koder utan extra uppl\u00e4ggningsavgifter.<\/p>\n<\/li>\n<li>\n<p data-path-to-node=\"15,1,0\"><b data-path-to-node=\"15,1,0\" data-index-in-node=\"0\">Stansat &quot;sandtryck&quot;:<\/b> Sulan \u00e4r utskuren ca 5 mm djup. N\u00e4r man g\u00e5r p\u00e5 mjuk sand l\u00e4mnar toffeln ett tydligt avtryck av din logotyp eller ditt budskap.<\/p>\n<\/li>\n<li>\n<p data-path-to-node=\"15,2,0\"><b data-path-to-node=\"15,2,0\" data-index-in-node=\"0\">Pr\u00e4gling av bottensula:<\/b> F\u00f6r finare detaljer kan vi pr\u00e4gla din logotyp ca 2 mm i undersulan (utm\u00e4rkt f\u00f6r invecklade m\u00f6nster).<\/p>\n<\/li>\n<li>\n<p data-path-to-node=\"15,3,0\"><b data-path-to-node=\"15,3,0\" data-index-in-node=\"0\">Helhetsintryck:<\/b> Traditionellt screentryck finns tillg\u00e4ngligt p\u00e5 b\u00e5de h\u00e4len p\u00e5 sulan och remmarna f\u00f6r att logotypen ska synas tydligt.<\/p>\n<\/li>\n<\/ul>\n<h2 data-path-to-node=\"16\">Specifikationer<\/h2>\n<ul data-path-to-node=\"17\">\n<li>\n<p data-path-to-node=\"17,0,0\"><b data-path-to-node=\"17,0,0\" data-index-in-node=\"0\">Material:<\/b> Slitstark och bekv\u00e4m PE\/PVC-gummiblandning (anpassade material finns tillg\u00e4ngliga p\u00e5 beg\u00e4ran).<\/p>\n<\/li>\n<li>\n<p data-path-to-node=\"17,1,0\"><b data-path-to-node=\"17,1,0\" data-index-in-node=\"0\">Sultjocklek:<\/b> Standardtjocklek optimerad f\u00f6r komfort och effektiv stansning.<\/p>\n<\/li>\n<li>\n<p data-path-to-node=\"17,2,0\"><b data-path-to-node=\"17,2,0\" data-index-in-node=\"0\">Storlekar:<\/b> Finns i en rad standardstorlekar f\u00f6r EU (unisex, herr, dam, barn).<\/p>\n<\/li>\n<li>\n<p data-path-to-node=\"17,3,0\"><b data-path-to-node=\"17,3,0\" data-index-in-node=\"0\">Anpassningsmetoder:<\/b> Screentryck, pr\u00e4gling (nederst), stansning (nederst).<\/p>\n<\/li>\n<li>\n<p data-path-to-node=\"17,4,0\"><b data-path-to-node=\"17,4,0\" data-index-in-node=\"0\">Minsta best\u00e4llning:<\/b> V\u00e4nligen verifiera aktuell MOQ med v\u00e5rt s\u00e4ljteam.<\/p>\n<\/li>\n<\/ul>\n<h2 data-path-to-node=\"18\">Anv\u00e4ndningsfall<\/h2>\n<ul data-path-to-node=\"19\">\n<li>\n<p data-path-to-node=\"19,0,0\"><b data-path-to-node=\"19,0,0\" data-index-in-node=\"0\">Sommarfestivaler och evenemang:<\/b> H\u00f6gkvalitativa varor som deltagarna kommer att anv\u00e4nda hela s\u00e4songen.<\/p>\n<\/li>\n<li>\n<p data-path-to-node=\"19,1,0\"><b data-path-to-node=\"19,1,0\" data-index-in-node=\"0\">Hotell och spa:<\/b> Premiumm\u00e4rkesprodukter f\u00f6r g\u00e4stpooler och h\u00e4lsocenter.<\/p>\n<\/li>\n<li>\n<p data-path-to-node=\"19,2,0\"><b data-path-to-node=\"19,2,0\" data-index-in-node=\"0\">F\u00f6retagsg\u00e5vor:<\/b> Perfekt f\u00f6r teambuilding-retreats eller &quot;sommarstartpaket&quot;.<\/p>\n<\/li>\n<li>\n<p data-path-to-node=\"19,3,0\"><b data-path-to-node=\"19,3,0\" data-index-in-node=\"0\">Resebyr\u00e5er:<\/b> Bra reklam f\u00f6r strandsemesterpaket.<\/p>\n<\/li>\n<\/ul>","protected":false},"excerpt":{"rendered":"<ul>\n<li>\n<p data-path-to-node=\"11,0,0\"><b data-path-to-node=\"11,0,0\" data-index-in-node=\"0\">Pantone-matchning:<\/b> Anpassade f\u00e4rger f\u00f6r b\u00e5de sula och rem utan extra kostnad.<\/p>\n<\/li>\n<li>\n<p data-path-to-node=\"11,1,0\"><b data-path-to-node=\"11,1,0\" data-index-in-node=\"0\">Flera varum\u00e4rkesplatser:<\/b> Tryck p\u00e5 remmen, \u00f6versulan eller undersulan.<\/p>\n<\/li>\n<li>\n<p data-path-to-node=\"11,2,0\"><b data-path-to-node=\"11,2,0\" data-index-in-node=\"0\">Sandavtryckseffekt:<\/b> Valfri stansad sula l\u00e4mnar ditt logotypavtryck i sanden.<\/p>\n<\/li>\n<li>\n<p data-path-to-node=\"11,3,0\"><b data-path-to-node=\"11,3,0\" data-index-in-node=\"0\">Premiumanpassning:<\/b> V\u00e4lj mellan detaljerad pr\u00e4gling eller slagt\u00e5liga stansade sulor.<\/p>\n<\/li>\n<\/ul>","protected":false},"featured_media":6158,"comment_status":"closed","ping_status":"closed","template":"","meta":[],"product_brand":[],"product_cat":[129],"product_tag":[],"class_list":{"0":"post-6155","1":"product","2":"type-product","3":"status-publish","4":"has-post-thumbnail","6":"product_cat-leisure-lifestyle","8":"first","9":"instock","10":"shipping-taxable","11":"purchasable","12":"product-type-simple"},"_links":{"self":[{"href":"https:\/\/displayproducts.eu\/sv\/wp-json\/wp\/v2\/product\/6155","targetHints":{"allow":["GET"]}}],"collection":[{"href":"https:\/\/displayproducts.eu\/sv\/wp-json\/wp\/v2\/product"}],"about":[{"href":"https:\/\/displayproducts.eu\/sv\/wp-json\/wp\/v2\/types\/product"}],"replies":[{"embeddable":true,"href":"https:\/\/displayproducts.eu\/sv\/wp-json\/wp\/v2\/comments?post=6155"}],"wp:featuredmedia":[{"embeddable":true,"href":"https:\/\/displayproducts.eu\/sv\/wp-json\/wp\/v2\/media\/6158"}],"wp:attachment":[{"href":"https:\/\/displayproducts.eu\/sv\/wp-json\/wp\/v2\/media?parent=6155"}],"wp:term":[{"taxonomy":"product_brand","embeddable":true,"href":"https:\/\/displayproducts.eu\/sv\/wp-json\/wp\/v2\/product_brand?post=6155"},{"taxonomy":"product_cat","embeddable":true,"href":"https:\/\/displayproducts.eu\/sv\/wp-json\/wp\/v2\/product_cat?post=6155"},{"taxonomy":"product_tag","embeddable":true,"href":"https:\/\/displayproducts.eu\/sv\/wp-json\/wp\/v2\/product_tag?post=6155"}],"curies":[{"name":"wp","href":"https:\/\/api.w.org\/{rel}","templated":true}]}}