{"id":6150,"date":"2025-12-19T16:10:08","date_gmt":"2025-12-19T13:10:08","guid":{"rendered":"https:\/\/wristbandfactory.eu\/?post_type=product&#038;p=6150"},"modified":"2026-04-01T21:52:34","modified_gmt":"2026-04-01T18:52:34","slug":"custom-printed-hand-fans-bamboo-wood-plastic","status":"publish","type":"product","link":"https:\/\/displayproducts.eu\/sv\/p\/custom-printed-hand-fans-bamboo-wood-plastic\/","title":{"rendered":"Solfj\u00e4drar med tryck (Bambu, Tr\u00e4 och Plast)"},"content":{"rendered":"<p data-path-to-node=\"10\">Bek\u00e4mpa v\u00e4rmen och visa upp ditt varum\u00e4rke med v\u00e5rt m\u00e5ngsidiga utbud av <b data-path-to-node=\"10\" data-index-in-node=\"90\">Anpassade tryckta handfl\u00e4ktar<\/b>. En &quot;sval bris&quot; \u00e4r den b\u00e4sta g\u00e5van du kan ge din m\u00e5lgrupp under sommarfestivaler, utomhuskonferenser eller br\u00f6llop. Till skillnad fr\u00e5n en flygblad som sl\u00e4ngs bort \u00e4r en handfl\u00e4kt ett funktionellt tillbeh\u00f6r som deltagarna kommer att h\u00e5lla i och anv\u00e4nda upprepade g\u00e5nger, s\u00e5 att din logotyp h\u00e5lls i \u00f6gonh\u00f6jd.<\/p>\n<p data-path-to-node=\"11\">Vi erbjuder fyra distinkta stilar som matchar ditt varum\u00e4rkes estetik \u2013 fr\u00e5n milj\u00f6v\u00e4nlig bambu och tr\u00e4 f\u00f6r ett exklusivt naturligt utseende, till f\u00e4rgglada plastalternativ f\u00f6r stora volymer av kampanjer.<\/p>\n<h3 data-path-to-node=\"12\">Tillg\u00e4ngliga modeller<\/h3>\n<p><strong>1. Klassikern (Plast och Tyg)<\/strong><\/p>\n<p>H\u00e5llbar och f\u00e4rgglad.<\/p>\n<ul data-path-to-node=\"14\">\n<li>\n<p data-path-to-node=\"14,0,0\"><b data-path-to-node=\"14,0,0\" data-index-in-node=\"0\">Revben:<\/b> Plast (12 ribbor + 2 \u00e4ndstycken). \u00c4ndstycken finns i flera f\u00e4rger och kan tryckas.<\/p>\n<\/li>\n<li>\n<p data-path-to-node=\"14,1,0\"><b data-path-to-node=\"14,1,0\" data-index-in-node=\"0\">Ark:<\/b> Vitt 210T polyestertyg.<\/p>\n<\/li>\n<li>\n<p data-path-to-node=\"14,2,0\"><b data-path-to-node=\"14,2,0\" data-index-in-node=\"0\">Skriva ut:<\/b> Helf\u00e4rg p\u00e5 ena sidan.<\/p>\n<\/li>\n<\/ul>\n<p><strong>2. Den naturliga premiumkvaliteten (tr\u00e4 och tyg)<\/strong><\/p>\n<p>Elegant och robust.<\/p>\n<ul data-path-to-node=\"16\">\n<li>\n<p data-path-to-node=\"16,0,0\"><b data-path-to-node=\"16,0,0\" data-index-in-node=\"0\">Revben:<\/b> Naturtr\u00e4 (14 ribbor + 2 gavlar). Gavlarna kan tryckas med er logotyp.<\/p>\n<\/li>\n<li>\n<p data-path-to-node=\"16,1,0\"><b data-path-to-node=\"16,1,0\" data-index-in-node=\"0\">Ark:<\/b> Vitt 210T polyestertyg.<\/p>\n<\/li>\n<li>\n<p data-path-to-node=\"16,2,0\"><b data-path-to-node=\"16,2,0\" data-index-in-node=\"0\">Skriva ut:<\/b> Helf\u00e4rg p\u00e5 ena sidan.<\/p>\n<\/li>\n<\/ul>\n<p><strong>3. Eco Traditional (Bambu och Papper)<\/strong><\/p>\n<p>L\u00e4tt med en klassisk pappersk\u00e4nsla.<\/p>\n<ul data-path-to-node=\"18\">\n<li>\n<p data-path-to-node=\"18,0,0\"><b data-path-to-node=\"18,0,0\" data-index-in-node=\"0\">Revben:<\/b> Bambu (18 ribbor + 2 \u00e4ndstycken). \u00c4ndstycken kan tryckas.<\/p>\n<\/li>\n<li>\n<p data-path-to-node=\"18,1,0\"><b data-path-to-node=\"18,1,0\" data-index-in-node=\"0\">Ark:<\/b> Vitt 80gsm papper.<\/p>\n<\/li>\n<li>\n<p data-path-to-node=\"18,2,0\"><b data-path-to-node=\"18,2,0\" data-index-in-node=\"0\">Skriva ut:<\/b> Helf\u00e4rg p\u00e5 en eller tv\u00e5 sidor.<\/p>\n<\/li>\n<\/ul>\n<p><strong>4. Kampanjbudgeten (plast och papper)<\/strong><\/p>\n<p>Kostnadseffektivt f\u00f6r stora folkmassor.<\/p>\n<ul data-path-to-node=\"20\">\n<li>\n<p data-path-to-node=\"20,0,0\"><b data-path-to-node=\"20,0,0\" data-index-in-node=\"0\">Revben:<\/b> Vit plast. (Gavstycken kan inte tryckas; anpassad f\u00e4rgmatchning finns tillg\u00e4nglig f\u00f6r h\u00f6ga MOQ-best\u00e4llningar).<\/p>\n<\/li>\n<li>\n<p data-path-to-node=\"20,1,0\"><b data-path-to-node=\"20,1,0\" data-index-in-node=\"0\">Ark:<\/b> Vitt 80gsm papper.<\/p>\n<\/li>\n<li>\n<p data-path-to-node=\"20,2,0\"><b data-path-to-node=\"20,2,0\" data-index-in-node=\"0\">Skriva ut:<\/b> Helf\u00e4rg p\u00e5 ena sidan.<\/p>\n<\/li>\n<\/ul>\n<h2 data-path-to-node=\"21\">Viktiga funktioner<\/h2>\n<ul data-path-to-node=\"22\">\n<li>\n<p data-path-to-node=\"22,0,0\"><b data-path-to-node=\"22,0,0\" data-index-in-node=\"0\">Stor varum\u00e4rkesyta:<\/b> Fj\u00e4derarket ger en bred, b\u00f6jd duk f\u00f6r din grafik, slogan eller kampanjgrafik.<\/p>\n<\/li>\n<li>\n<p data-path-to-node=\"22,1,0\"><b data-path-to-node=\"22,1,0\" data-index-in-node=\"0\">Anpassningsbara revben:<\/b> Beroende p\u00e5 modell, l\u00e4gg till extra logotyper p\u00e5 de styva \u00e4ndstyckena (ribben) f\u00f6r subtil detaljerad varum\u00e4rkesbyggande.<\/p>\n<\/li>\n<li>\n<p data-path-to-node=\"22,2,0\"><b data-path-to-node=\"22,2,0\" data-index-in-node=\"0\">Kompakt och b\u00e4rbar:<\/b> F\u00e4lls snabbt ihop f\u00f6r att f\u00e5 plats i handv\u00e4skor eller fickor.<\/p>\n<\/li>\n<\/ul>\n<h2 data-path-to-node=\"23\">Specifikationer<\/h2>\n<table data-path-to-node=\"24\">\n<thead>\n<tr>\n<td><strong>S\u00e4rdrag<\/strong><\/td>\n<td><strong>Plast + Tyg<\/strong><\/td>\n<td><strong>Tr\u00e4 + Tyg<\/strong><\/td>\n<td><strong>Bambu + Papper<\/strong><\/td>\n<td><strong>Plast + Papper<\/strong><\/td>\n<\/tr>\n<\/thead>\n<tbody>\n<tr>\n<td><span data-path-to-node=\"24,1,0,0\"><b data-path-to-node=\"24,1,0,0\" data-index-in-node=\"0\">Ribbmaterial<\/b><\/span><\/td>\n<td><span data-path-to-node=\"24,1,1,0\">Plast<\/span><\/td>\n<td><span data-path-to-node=\"24,1,2,0\">Tr\u00e4<\/span><\/td>\n<td><span data-path-to-node=\"24,1,3,0\">Bambu<\/span><\/td>\n<td><span data-path-to-node=\"24,1,4,0\">Plast (vit)<\/span><\/td>\n<\/tr>\n<tr>\n<td><span data-path-to-node=\"24,2,0,0\"><b data-path-to-node=\"24,2,0,0\" data-index-in-node=\"0\">Pl\u00e5tmaterial<\/b><\/span><\/td>\n<td><span data-path-to-node=\"24,2,1,0\">210T polyester<\/span><\/td>\n<td><span data-path-to-node=\"24,2,2,0\">210T polyester<\/span><\/td>\n<td><span data-path-to-node=\"24,2,3,0\">80 gsm papper<\/span><\/td>\n<td><span data-path-to-node=\"24,2,4,0\">80 gsm papper<\/span><\/td>\n<\/tr>\n<tr>\n<td><span data-path-to-node=\"24,3,0,0\"><b data-path-to-node=\"24,3,0,0\" data-index-in-node=\"0\">Revbensantal<\/b><\/span><\/td>\n<td><span data-path-to-node=\"24,3,1,0\">12 + 2 \u00e4ndstycken<\/span><\/td>\n<td><span data-path-to-node=\"24,3,2,0\">14 + 2 \u00e4ndstycken<\/span><\/td>\n<td><span data-path-to-node=\"24,3,3,0\">18 + 2 \u00e4ndstycken<\/span><\/td>\n<td><span data-path-to-node=\"24,3,4,0\">Standard<\/span><\/td>\n<\/tr>\n<tr>\n<td><span data-path-to-node=\"24,4,0,0\"><b data-path-to-node=\"24,4,0,0\" data-index-in-node=\"0\">M\u00e5tt (\u00f6ppen)<\/b><\/span><\/td>\n<td><span data-path-to-node=\"24,4,1,0\">23 x 42 cm<\/span><\/td>\n<td><span data-path-to-node=\"24,4,2,0\">23 x 42 cm<\/span><\/td>\n<td><span data-path-to-node=\"24,4,3,0\">21 x 38 cm<\/span><\/td>\n<td><span data-path-to-node=\"24,4,4,0\">23 x 42 cm<\/span><\/td>\n<\/tr>\n<tr>\n<td><span data-path-to-node=\"24,5,0,0\"><b data-path-to-node=\"24,5,0,0\" data-index-in-node=\"0\">Utskriftsomr\u00e5de<\/b><\/span><\/td>\n<td><span data-path-to-node=\"24,5,1,0\">1 sida<\/span><\/td>\n<td><span data-path-to-node=\"24,5,2,0\">1 sida<\/span><\/td>\n<td><span data-path-to-node=\"24,5,3,0\">1 eller 2 sidor<\/span><\/td>\n<td><span data-path-to-node=\"24,5,4,0\">1 sida<\/span><\/td>\n<\/tr>\n<tr>\n<td><span data-path-to-node=\"24,6,0,0\"><b data-path-to-node=\"24,6,0,0\" data-index-in-node=\"0\">\u00c4ndstyckestryck<\/b><\/span><\/td>\n<td><span data-path-to-node=\"24,6,1,0\">Ja<\/span><\/td>\n<td><span data-path-to-node=\"24,6,2,0\">Ja<\/span><\/td>\n<td><span data-path-to-node=\"24,6,3,0\">Ja<\/span><\/td>\n<td><span data-path-to-node=\"24,6,4,0\">Inga<\/span><\/td>\n<\/tr>\n<\/tbody>\n<\/table>\n<h2 data-path-to-node=\"25\">Anv\u00e4ndningsfall<\/h2>\n<ul data-path-to-node=\"26\">\n<li>\n<p data-path-to-node=\"26,0,0\"><b data-path-to-node=\"26,0,0\" data-index-in-node=\"0\">Sommarbr\u00f6llop:<\/b> En vacker g\u00e5va f\u00f6r g\u00e4ster under utomhusceremonier.<\/p>\n<\/li>\n<li>\n<p data-path-to-node=\"26,1,0\"><b data-path-to-node=\"26,1,0\" data-index-in-node=\"0\">Musikfestivaler:<\/b> Viktig \u00f6verlevnadsutrustning f\u00f6r dansande folkmassor i v\u00e4rmen.<\/p>\n<\/li>\n<li>\n<p data-path-to-node=\"26,2,0\"><b data-path-to-node=\"26,2,0\" data-index-in-node=\"0\">Politiska kampanjer:<\/b> F\u00f6rem\u00e5l med h\u00f6g synlighet som supportrar viftar med i luften.<\/p>\n<\/li>\n<li>\n<p data-path-to-node=\"26,3,0\"><b data-path-to-node=\"26,3,0\" data-index-in-node=\"0\">Turism och semesterorter:<\/b> Fantastiska v\u00e4lkomstg\u00e5vor f\u00f6r hotell i varma klimat.<\/p>\n<\/li>\n<\/ul>","protected":false},"excerpt":{"rendered":"<ul>\n<li>\n<p data-path-to-node=\"9,0,0\"><b data-path-to-node=\"9,0,0\" data-index-in-node=\"0\">4 materialkombinationer:<\/b> V\u00e4lj mellan Plast\/Tyg, Tr\u00e4\/Tyg, Bambu\/Papper eller Plast\/Papper.<\/p>\n<\/li>\n<li>\n<p data-path-to-node=\"9,1,0\"><b data-path-to-node=\"9,1,0\" data-index-in-node=\"0\">Fullst\u00e4ndig varum\u00e4rkesbyggande:<\/b> H\u00f6gkvalitativt tryck i fullf\u00e4rg p\u00e5 solfj\u00e4derarket (papper eller polyester).<\/p>\n<\/li>\n<li>\n<p data-path-to-node=\"9,2,0\"><b data-path-to-node=\"9,2,0\" data-index-in-node=\"0\">Revbensalternativ:<\/b> Robusta ribbor fr\u00e5n 12 till 18 count beroende p\u00e5 modell.<\/p>\n<\/li>\n<li>\n<p data-path-to-node=\"9,3,0\"><b data-path-to-node=\"9,3,0\" data-index-in-node=\"0\">Sommarens n\u00f6dv\u00e4ndigheter:<\/b> Den perfekta presenten f\u00f6r utomhusbr\u00f6llop, festivaler och sportevenemang.<\/p>\n<\/li>\n<\/ul>","protected":false},"featured_media":6311,"comment_status":"closed","ping_status":"closed","template":"","meta":[],"product_brand":[],"product_cat":[45],"product_tag":[],"class_list":{"0":"post-6150","1":"product","2":"type-product","3":"status-publish","4":"has-post-thumbnail","6":"product_cat-other","8":"first","9":"instock","10":"shipping-taxable","11":"purchasable","12":"product-type-simple"},"_links":{"self":[{"href":"https:\/\/displayproducts.eu\/sv\/wp-json\/wp\/v2\/product\/6150","targetHints":{"allow":["GET"]}}],"collection":[{"href":"https:\/\/displayproducts.eu\/sv\/wp-json\/wp\/v2\/product"}],"about":[{"href":"https:\/\/displayproducts.eu\/sv\/wp-json\/wp\/v2\/types\/product"}],"replies":[{"embeddable":true,"href":"https:\/\/displayproducts.eu\/sv\/wp-json\/wp\/v2\/comments?post=6150"}],"wp:featuredmedia":[{"embeddable":true,"href":"https:\/\/displayproducts.eu\/sv\/wp-json\/wp\/v2\/media\/6311"}],"wp:attachment":[{"href":"https:\/\/displayproducts.eu\/sv\/wp-json\/wp\/v2\/media?parent=6150"}],"wp:term":[{"taxonomy":"product_brand","embeddable":true,"href":"https:\/\/displayproducts.eu\/sv\/wp-json\/wp\/v2\/product_brand?post=6150"},{"taxonomy":"product_cat","embeddable":true,"href":"https:\/\/displayproducts.eu\/sv\/wp-json\/wp\/v2\/product_cat?post=6150"},{"taxonomy":"product_tag","embeddable":true,"href":"https:\/\/displayproducts.eu\/sv\/wp-json\/wp\/v2\/product_tag?post=6150"}],"curies":[{"name":"wp","href":"https:\/\/api.w.org\/{rel}","templated":true}]}}