{"id":6109,"date":"2025-12-18T12:35:53","date_gmt":"2025-12-18T09:35:53","guid":{"rendered":"https:\/\/wristbandfactory.eu\/?post_type=product&#038;p=6109"},"modified":"2026-04-01T21:52:34","modified_gmt":"2026-04-01T18:52:34","slug":"full-color-tyvek-wristbands-cmyk-photo-print","status":"publish","type":"product","link":"https:\/\/displayproducts.eu\/sv\/p\/full-color-tyvek-wristbands-cmyk-photo-print\/","title":{"rendered":"Pappersarmband med f\u00e4rgtryck (CMYK)"},"content":{"rendered":"<p data-path-to-node=\"12\">F\u00f6rb\u00e4ttra ditt evenemangs varum\u00e4rke med v\u00e5r <b data-path-to-node=\"12\" data-index-in-node=\"62\">Tyvek-armband i fullf\u00e4rg<\/b>. Till skillnad fr\u00e5n vanliga 1-f\u00e4rgsalternativ tar denna premiumtryckmetod bort alla designbegr\u00e4nsningar, vilket g\u00f6r att du kan f\u00f6rvandla ett enkelt s\u00e4kerhetspass till ett kraftfullt marknadsf\u00f6ringsverktyg.<\/p>\n<p data-path-to-node=\"13\">Med hj\u00e4lp av avancerad digital CMYK-tryckteknik kan vi reproducera <b data-path-to-node=\"13\" data-index-in-node=\"66\">h\u00f6guppl\u00f6sta foton, mjuka f\u00e4rggradienter och flerf\u00e4rgade sponsorlogotyper<\/b> med exceptionell sk\u00e4rpa. Trycket appliceras kant i kant, vilket ger dig en helt anpassad arbetsyta f\u00f6r att visa upp din varum\u00e4rkesidentitet eller ditt festivaltema.<\/p>\n<h2 data-path-to-node=\"14\">Viktiga funktioner<\/h2>\n<ul data-path-to-node=\"15\">\n<li>\n<p data-path-to-node=\"15,0,0\"><b data-path-to-node=\"15,0,0\" data-index-in-node=\"0\">CMYK-fotokvalitet:<\/b> Skriv ut miljontals f\u00e4rger med precision. Perfekt f\u00f6r komplexa konstverk som kr\u00e4ver skuggning eller fina detaljer.<\/p>\n<\/li>\n<li>\n<p data-path-to-node=\"15,1,0\"><b data-path-to-node=\"15,1,0\" data-index-in-node=\"0\">Maximal varum\u00e4rkesexponering:<\/b> Perfekt f\u00f6r festivaler och f\u00f6retagsevenemang d\u00e4r sponsorlogotyper m\u00e5ste visas i sina originalf\u00e4rger.<\/p>\n<\/li>\n<li>\n<p data-path-to-node=\"15,2,0\"><b data-path-to-node=\"15,2,0\" data-index-in-node=\"0\">S\u00e4kerhetss\u00e4ker s\u00e4kerhet:<\/b> Utrustad med en s\u00e4ker, stansad sj\u00e4lvh\u00e4ftande f\u00f6rslutning som rivs s\u00f6nder vid borttagning f\u00f6r att f\u00f6rhindra att biljetten flyttas.<\/p>\n<\/li>\n<li>\n<p data-path-to-node=\"15,3,0\"><b data-path-to-node=\"15,3,0\" data-index-in-node=\"0\">Sekventiell numrering:<\/b> Varje band har ett unikt serienummer f\u00f6r kapacitetssp\u00e5rning och s\u00e4kerhetsrevision.<\/p>\n<\/li>\n<li>\n<p data-path-to-node=\"15,4,0\"><b data-path-to-node=\"15,4,0\" data-index-in-node=\"0\">\u00c4kta DuPont\u2122 Tyvek\u00ae:<\/b> Vi anv\u00e4nder autentiskt Tyvek\u00ae-material som \u00e4r vattent\u00e4tt, slitstarkt och bekv\u00e4mt f\u00f6r flerdagarsevenemang.<\/p>\n<\/li>\n<li>\n<p data-path-to-node=\"15,5,0\"><b data-path-to-node=\"15,5,0\" data-index-in-node=\"0\">Avrivbar stubb (tillval):<\/b> Kan tillverkas med perforerad stubb, perfekt f\u00f6r dryckeskuponger, kapprumsetiketter eller lotterier.<\/p>\n<\/li>\n<\/ul>\n<h2 data-path-to-node=\"16\">Specifikationer<\/h2>\n<ul data-path-to-node=\"17\">\n<li>\n<p data-path-to-node=\"17,0,0\"><b data-path-to-node=\"17,0,0\" data-index-in-node=\"0\">Material:<\/b> DuPont\u2122 Tyvek\u00ae (\u00e5tervinningsbar h\u00f6gdensitetspolyeten).<\/p>\n<\/li>\n<li>\n<p data-path-to-node=\"17,1,0\"><b data-path-to-node=\"17,1,0\" data-index-in-node=\"0\">Utskriftstyp:<\/b> Digitalt tryck i fullf\u00e4rg (CMYK).<\/p>\n<\/li>\n<li>\n<p data-path-to-node=\"17,2,0\"><b data-path-to-node=\"17,2,0\" data-index-in-node=\"0\">Utskriftsomr\u00e5de:<\/b> Kant till kant (utfall till\u00e5tet).<\/p>\n<\/li>\n<li>\n<p data-path-to-node=\"17,3,0\"><b data-path-to-node=\"17,3,0\" data-index-in-node=\"0\">Storlek:<\/b> Standardbredd 19 mm eller 25 mm.<\/p>\n<\/li>\n<li>\n<p data-path-to-node=\"17,4,0\"><b data-path-to-node=\"17,4,0\" data-index-in-node=\"0\">St\u00e4ngning:<\/b> Eng\u00e5ngsf\u00f6rseglat h\u00e4ft\u00e4mne.<\/p>\n<\/li>\n<li>\n<p data-path-to-node=\"17,5,0\"><b data-path-to-node=\"17,5,0\" data-index-in-node=\"0\">Varaktighet:<\/b> Vattent\u00e5lig, rivs\u00e4ker, l\u00e4mplig i 1\u20135 dagar.<\/p>\n<\/li>\n<\/ul>\n<h2 data-path-to-node=\"18\">Anv\u00e4ndningsfall<\/h2>\n<ul data-path-to-node=\"19\">\n<li>\n<p data-path-to-node=\"19,0,0\"><b data-path-to-node=\"19,0,0\" data-index-in-node=\"0\">Musikfestivaler:<\/b> Livfulla designer som matchar festivalens visuella identitet.<\/p>\n<\/li>\n<li>\n<p data-path-to-node=\"19,1,0\"><b data-path-to-node=\"19,1,0\" data-index-in-node=\"0\">VIP-\u00e5tkomst:<\/b> S\u00e4rskilj VIP-g\u00e4ster med ett exklusivt, f\u00e4rgat utseende j\u00e4mf\u00f6rt med vanliga armband.<\/p>\n<\/li>\n<li>\n<p data-path-to-node=\"19,2,0\"><b data-path-to-node=\"19,2,0\" data-index-in-node=\"0\">Sponsorskap:<\/b> Visa flera sponsorlogotyper tydligt i deras officiella f\u00f6retagsf\u00e4rger.<\/p>\n<\/li>\n<li>\n<p data-path-to-node=\"19,3,0\"><b data-path-to-node=\"19,3,0\" data-index-in-node=\"0\">Marknadsf\u00f6ringskampanjer:<\/b> Anv\u00e4nd QR-koder och effektfulla bilder f\u00f6r att \u00f6ka engagemang.<\/p>\n<\/li>\n<\/ul>","protected":false},"excerpt":{"rendered":"<ul>\n<li>\n<p data-path-to-node=\"11,0,0\"><b data-path-to-node=\"11,0,0\" data-index-in-node=\"0\">Obegr\u00e4nsad kreativitet:<\/b> CMYK-tryck i fullf\u00e4rg m\u00f6jligg\u00f6r foton, \u00f6vertoningar och komplexa sponsorlogotyper.<\/p>\n<\/li>\n<li>\n<p data-path-to-node=\"11,1,0\"><b data-path-to-node=\"11,1,0\" data-index-in-node=\"0\">Kant-till-kant-design:<\/b> Maximera varum\u00e4rkesgenomslag med konstverk som t\u00e4cker hela armbandets l\u00e4ngd.<\/p>\n<\/li>\n<li>\n<p data-path-to-node=\"11,2,0\"><b data-path-to-node=\"11,2,0\" data-index-in-node=\"0\">H\u00f6g uppl\u00f6sning:<\/b> Skarp, fotorealistisk utskriftskvalitet som inte \u00e4r tillg\u00e4nglig med standardscreentryck.<\/p>\n<\/li>\n<li>\n<p data-path-to-node=\"11,3,0\"><b data-path-to-node=\"11,3,0\" data-index-in-node=\"0\">S\u00e4kert och h\u00e5llbart:<\/b> Har sekventiell numrering och \u00e4kta rivt\u00e5ligt DuPont\u2122 Tyvek\u00ae.<\/p>\n<\/li>\n<\/ul>","protected":false},"featured_media":6110,"comment_status":"closed","ping_status":"closed","template":"","meta":[],"product_brand":[],"product_cat":[41],"product_tag":[],"class_list":{"0":"post-6109","1":"product","2":"type-product","3":"status-publish","4":"has-post-thumbnail","6":"product_cat-tyvek","8":"first","9":"instock","10":"shipping-taxable","11":"purchasable","12":"product-type-simple"},"_links":{"self":[{"href":"https:\/\/displayproducts.eu\/sv\/wp-json\/wp\/v2\/product\/6109","targetHints":{"allow":["GET"]}}],"collection":[{"href":"https:\/\/displayproducts.eu\/sv\/wp-json\/wp\/v2\/product"}],"about":[{"href":"https:\/\/displayproducts.eu\/sv\/wp-json\/wp\/v2\/types\/product"}],"replies":[{"embeddable":true,"href":"https:\/\/displayproducts.eu\/sv\/wp-json\/wp\/v2\/comments?post=6109"}],"wp:featuredmedia":[{"embeddable":true,"href":"https:\/\/displayproducts.eu\/sv\/wp-json\/wp\/v2\/media\/6110"}],"wp:attachment":[{"href":"https:\/\/displayproducts.eu\/sv\/wp-json\/wp\/v2\/media?parent=6109"}],"wp:term":[{"taxonomy":"product_brand","embeddable":true,"href":"https:\/\/displayproducts.eu\/sv\/wp-json\/wp\/v2\/product_brand?post=6109"},{"taxonomy":"product_cat","embeddable":true,"href":"https:\/\/displayproducts.eu\/sv\/wp-json\/wp\/v2\/product_cat?post=6109"},{"taxonomy":"product_tag","embeddable":true,"href":"https:\/\/displayproducts.eu\/sv\/wp-json\/wp\/v2\/product_tag?post=6109"}],"curies":[{"name":"wp","href":"https:\/\/api.w.org\/{rel}","templated":true}]}}