{"id":6096,"date":"2025-12-17T16:05:07","date_gmt":"2025-12-17T13:05:07","guid":{"rendered":"https:\/\/wristbandfactory.eu\/?post_type=product&#038;p=6096"},"modified":"2026-04-01T21:52:34","modified_gmt":"2026-04-01T18:52:34","slug":"custom-full-print-boxer-shorts-sublimation","status":"publish","type":"product","link":"https:\/\/displayproducts.eu\/sv\/p\/custom-full-print-boxer-shorts-sublimation\/","title":{"rendered":"Designade boxershorts med eget tryck"},"content":{"rendered":"<p data-path-to-node=\"11\">F\u00f6rvandla ett vardagligt m\u00e5ste till ett dj\u00e4rvt uttalande med v\u00e5r <b>Anpassade boxershorts med tryck<\/b>. Oavsett om det \u00e4r ett sportlag som letar efter en enhetlig dr\u00e4kt (ner till underst\u00e4ll), ett band som s\u00e4ljer unika varor eller ett f\u00f6retag som skapar en rolig och minnesv\u00e4rd present, erbjuder dessa boxershorts o\u00f6vertr\u00e4ffad kreativ frihet.<\/p>\n<p data-path-to-node=\"12\">Till skillnad fr\u00e5n vanliga tryckta underkl\u00e4der d\u00e4r en logotyp v\u00e4rmepressas p\u00e5 ett f\u00e4rdigt plagg, tillverkar vi dessa fr\u00e5n grunden. Vi trycker din design p\u00e5 rullar av h\u00f6gkvalitativt Lycra-tyg innan vi klipper och syr. Det betyder att din design \u2013 oavsett om det \u00e4r ett upprepande logotypm\u00f6nster, ett fotografi eller en specifik m\u00e4rkesf\u00e4rg \u2013 t\u00e4cker <b>100% av produkten<\/b>, inklusive midjebandet.<\/p>\n<h2 data-path-to-node=\"13\">Viktiga funktioner<\/h2>\n<ul data-path-to-node=\"14\">\n<li>\n<p data-path-to-node=\"14,0,0\"><b>Premium Lycra-konstruktion:<\/b> Tillverkad av sl\u00e4t <b>130 g\/m\u00b2 Lycra<\/b>, tyget \u00e4r mjukt mot huden, andas och beh\u00e5ller sin form.<\/p>\n<\/li>\n<li>\n<p data-path-to-node=\"14,1,0\"><b>Livfull sublimering:<\/b> Vi anv\u00e4nder avancerade <b>1400 dpi-utskrift<\/b> teknik. Bl\u00e4cket appliceras i tygfibrerna, vilket s\u00e4kerst\u00e4ller att designen aldrig spricker, flagnar eller bleknar, inte ens efter varierande tv\u00e4tt.<\/p>\n<\/li>\n<li>\n<p data-path-to-node=\"14,2,0\"><b>Teknisk prestanda:<\/b> Tyget \u00e4r vattenavvisande och h\u00e5ller en <b>M1\/B1 brandskyddscertifikat<\/b>, vilket g\u00f6r den s\u00e4ker och h\u00e5llbar.<\/p>\n<\/li>\n<li>\n<p data-path-to-node=\"14,3,0\"><b>Personalisering:<\/b> Perfekt f\u00f6r individuella namn. Du kan best\u00e4lla ett parti d\u00e4r varje par har ett unikt namn tryckt p\u00e5 linningen eller benet.<\/p>\n<\/li>\n<\/ul>\n<h2 data-path-to-node=\"15\">Specifikationer<\/h2>\n<ul data-path-to-node=\"16\">\n<li>\n<p data-path-to-node=\"16,0,0\"><b>Material:<\/b> 130 g\/m\u00b2 Lycra (polyester\/elastanblandning).<\/p>\n<\/li>\n<li>\n<p data-path-to-node=\"16,1,0\"><b>Tryckteknik:<\/b> Fullst\u00e4ndig f\u00e4rgsublimering (CMYK).<\/p>\n<\/li>\n<li>\n<p data-path-to-node=\"16,2,0\"><b>Uppl\u00f6sning:<\/b> 1400 dpi (fotokvalitet).<\/p>\n<\/li>\n<li>\n<p data-path-to-node=\"16,3,0\"><b>S\u00e4kerhet:<\/b> Brandskyddsklass M1\/B1.<\/p>\n<\/li>\n<li>\n<p data-path-to-node=\"16,4,0\"><b>Stilar:<\/b> Herrboxers, damtrosor\/shorts.<\/p>\n<\/li>\n<li>\n<p data-path-to-node=\"16,5,0\"><b>Storlekar:<\/b> XS\u2013XXL.<\/p>\n<\/li>\n<li>\n<p data-path-to-node=\"16,6,0\"><b>MOQ:<\/b> 50 enheter.<\/p>\n<\/li>\n<\/ul>\n<h2 data-path-to-node=\"17\">Anv\u00e4ndningsfall<\/h2>\n<ul data-path-to-node=\"18\">\n<li>\n<p data-path-to-node=\"18,0,0\"><b>Idrottslag:<\/b> Enhetliga underst\u00e4ll f\u00f6r fotbolls-, basket- eller rugbylag.<\/p>\n<\/li>\n<li>\n<p data-path-to-node=\"18,1,0\"><b>Handelsvaror:<\/b> Roliga produkter med h\u00f6g marginal f\u00f6r band, festivaler och influencers.<\/p>\n<\/li>\n<li>\n<p data-path-to-node=\"18,2,0\"><b>Svensexor\/M\u00f6hippor\/Svensexor:<\/b> Roliga personliga presenter med foton eller interna sk\u00e4mt.<\/p>\n<\/li>\n<li>\n<p data-path-to-node=\"18,3,0\"><b>F\u00f6retagsbyte:<\/b> En humoristisk och ov\u00e4ntad present som definitivt drar uppm\u00e4rksamhet.<\/p>\n<\/li>\n<\/ul>","protected":false},"excerpt":{"rendered":"<ul>\n<li>\n<p data-path-to-node=\"10,0,0\"><b>Heltryck:<\/b> 100% anpassningsbar yta (inklusive midjeband) med sublimering.<\/p>\n<\/li>\n<li>\n<p data-path-to-node=\"10,1,0\"><b>Material:<\/b> Sl\u00e4t 130 g\/m\u00b2 Lycra-tyg (vattenavvisande och M1\/B1-flamskyddsmedel).<\/p>\n<\/li>\n<li>\n<p data-path-to-node=\"10,2,0\"><b>Utskriftskvalitet:<\/b> H\u00f6guppl\u00f6st <b>1400 dpi<\/b> f\u00f6r skarpa foton och logotyper.<\/p>\n<\/li>\n<li>\n<p data-path-to-node=\"10,3,0\"><b>Stilar:<\/b> Tillg\u00e4ngliga snitt f\u00f6r b\u00e5de m\u00e4n och kvinnor.<\/p>\n<\/li>\n<\/ul>","protected":false},"featured_media":6097,"comment_status":"closed","ping_status":"closed","template":"","meta":[],"product_brand":[],"product_cat":[118,45],"product_tag":[],"class_list":{"0":"post-6096","1":"product","2":"type-product","3":"status-publish","4":"has-post-thumbnail","6":"product_cat-sports-fitness","7":"product_cat-other","9":"first","10":"instock","11":"shipping-taxable","12":"product-type-simple"},"_links":{"self":[{"href":"https:\/\/displayproducts.eu\/sv\/wp-json\/wp\/v2\/product\/6096","targetHints":{"allow":["GET"]}}],"collection":[{"href":"https:\/\/displayproducts.eu\/sv\/wp-json\/wp\/v2\/product"}],"about":[{"href":"https:\/\/displayproducts.eu\/sv\/wp-json\/wp\/v2\/types\/product"}],"replies":[{"embeddable":true,"href":"https:\/\/displayproducts.eu\/sv\/wp-json\/wp\/v2\/comments?post=6096"}],"wp:featuredmedia":[{"embeddable":true,"href":"https:\/\/displayproducts.eu\/sv\/wp-json\/wp\/v2\/media\/6097"}],"wp:attachment":[{"href":"https:\/\/displayproducts.eu\/sv\/wp-json\/wp\/v2\/media?parent=6096"}],"wp:term":[{"taxonomy":"product_brand","embeddable":true,"href":"https:\/\/displayproducts.eu\/sv\/wp-json\/wp\/v2\/product_brand?post=6096"},{"taxonomy":"product_cat","embeddable":true,"href":"https:\/\/displayproducts.eu\/sv\/wp-json\/wp\/v2\/product_cat?post=6096"},{"taxonomy":"product_tag","embeddable":true,"href":"https:\/\/displayproducts.eu\/sv\/wp-json\/wp\/v2\/product_tag?post=6096"}],"curies":[{"name":"wp","href":"https:\/\/api.w.org\/{rel}","templated":true}]}}