{"id":6077,"date":"2025-12-17T15:18:17","date_gmt":"2025-12-17T12:18:17","guid":{"rendered":"https:\/\/wristbandfactory.eu\/?post_type=product&#038;p=6077"},"modified":"2026-04-01T21:52:03","modified_gmt":"2026-04-01T18:52:03","slug":"custom-high-visibility-reflective-shopping-bags","status":"publish","type":"product","link":"https:\/\/displayproducts.eu\/sv\/p\/custom-high-visibility-reflective-shopping-bags\/","title":{"rendered":"Reflekterande tygkassar med tryck"},"content":{"rendered":"<p data-path-to-node=\"11\">Kombinera praktisk nytta med viktig trafiks\u00e4kerhet med hj\u00e4lp av v\u00e5r <b>Reflekterande tygkassar med tryck<\/b>. Under de m\u00f6rka h\u00f6st- och vinterm\u00e5naderna \u00e4r synlighet avg\u00f6rande. Denna innovativa v\u00e4ska f\u00f6rvandlar en vanlig reklamartikel till en livr\u00e4ddande accessoar, som reflekterar bilstr\u00e5lkastare fr\u00e5n alla vinklar f\u00f6r att s\u00e4kerst\u00e4lla att b\u00e4raren syns.<\/p>\n<p data-path-to-node=\"12\">Perfekt f\u00f6r skolor, trafiks\u00e4kerhetskampanjer och f\u00f6retagsinitiativ som \u201cVar s\u00e4ker\u201d. Denna v\u00e4ska erbjuder en stor yta f\u00f6r din logotyp samtidigt som den ger ett betydande v\u00e4rde f\u00f6r mottagaren. Till skillnad fr\u00e5n sm\u00e5 reflexer som kan d\u00f6ljas \u00e4r en helreflekterande tygv\u00e4ska om\u00f6jlig att missa.<\/p>\n<h2 data-path-to-node=\"13\">Viktiga funktioner<\/h2>\n<ul data-path-to-node=\"14\">\n<li>\n<p data-path-to-node=\"14,0,1\"><span data-path-to-node=\"14,0,1,0\"><b><span class=\"citation-84\">360\u00b0 reflektivitet:<\/span><\/b><span class=\"citation-84\"> V\u00e4skan \u00e4r tillverkad helt av &quot;Higher\/Lower Visibility Reflective&quot;-tyg, vilket f\u00f6rvandlar hela f\u00f6rem\u00e5let till en s\u00e4kerhetssignal.<\/span><\/span><span data-path-to-node=\"14,0,1,2\">.<\/span><\/p>\n<\/li>\n<li>\n<p data-path-to-node=\"14,1,1\"><span data-path-to-node=\"14,1,1,0\"><b><span class=\"citation-83\">Robust konstruktion:<\/span><\/b><span class=\"citation-83\"> Tillverkad av slitstark polyester med en strukturerad bottenkil (8 cm), vilket g\u00f6r att den s\u00e4kert kan f\u00f6rvara matvaror, b\u00f6cker eller evenemangsmaterial<\/span><\/span><span data-path-to-node=\"14,1,1,2\">.<\/span><\/p>\n<\/li>\n<li>\n<p data-path-to-node=\"14,2,1\"><span data-path-to-node=\"14,2,1,0\"><b><span class=\"citation-82\">S\u00e4kerhets\u00f6verensst\u00e4mmelse:<\/span><\/b><span class=\"citation-82\"> Tillverkad enligt h\u00f6ga standarder och genomg\u00e5tt strikta tester f\u00f6r <\/span><b><span class=\"citation-82\">Ftalater<\/span><\/b><span class=\"citation-82\"> och <\/span><b><span class=\"citation-82\">Leda<\/span><\/b><span class=\"citation-82\">, vilket s\u00e4kerst\u00e4ller att materialet \u00e4r giftfritt och s\u00e4kert f\u00f6r alla \u00e5ldrar<\/span><\/span><span data-path-to-node=\"14,2,1,2\">.<\/span><\/p>\n<\/li>\n<li>\n<p data-path-to-node=\"14,3,0\"><b>Anpassad varum\u00e4rkesbyggande:<\/b> Din logotyp trycks direkt p\u00e5 den reflekterande ytan, vilket s\u00e4kerst\u00e4ller att ditt varum\u00e4rke f\u00f6rknippas med s\u00e4kerhet och omsorg.<\/p>\n<\/li>\n<\/ul>\n<h2 data-path-to-node=\"15\">Specifikationer<\/h2>\n<ul data-path-to-node=\"16\">\n<li>\n<p data-path-to-node=\"16,0,1\"><span data-path-to-node=\"16,0,1,0\"><b><span class=\"citation-81\">M\u00e5tt:<\/span><\/b><span class=\"citation-81\"> 38 cm (B) x 42 cm (H) x 8 cm (D)<\/span><\/span><span data-path-to-node=\"16,0,1,2\">.<\/span><\/p>\n<\/li>\n<li>\n<p data-path-to-node=\"16,1,1\"><span data-path-to-node=\"16,1,1,0\"><b><span class=\"citation-80\">Material:<\/span><\/b><span class=\"citation-80\"> Polyester med reflekterande bel\u00e4ggning<\/span><\/span><span data-path-to-node=\"16,1,1,2\">.<\/span><\/p>\n<\/li>\n<li>\n<p data-path-to-node=\"16,2,1\"><span data-path-to-node=\"16,2,1,0\"><b><span class=\"citation-79\">Stil:<\/span><\/b><span class=\"citation-79\"> Handtagsv\u00e4ska \/ tygv\u00e4ska<\/span><\/span><span data-path-to-node=\"16,2,1,2\">.<\/span><\/p>\n<\/li>\n<li>\n<p data-path-to-node=\"16,3,0\"><span data-path-to-node=\"16,3,0,0\"><b>Vikt:<\/b> Ungef\u00e4r. <\/span><span data-path-to-node=\"16,3,0,2\"><span class=\"citation-78\">0,250 kg per enhet<\/span><\/span><span data-path-to-node=\"16,3,0,4\">.<\/span><\/p>\n<\/li>\n<li>\n<p data-path-to-node=\"16,4,1\"><span data-path-to-node=\"16,4,1,0\"><b><span class=\"citation-77\">F\u00f6rpackning:<\/span><\/b><span class=\"citation-77\"> Bulk (100 st\/kartong)<\/span><\/span><span data-path-to-node=\"16,4,1,2\">.<\/span><\/p>\n<\/li>\n<li>\n<p data-path-to-node=\"16,4,1\"><span data-path-to-node=\"16,5,1,0\"><b><span class=\"citation-76\">Efterlevnad:<\/span><\/b><span class=\"citation-76\"> Godk\u00e4nda ftalatertest, blytest och A20-test f\u00f6r non-woven\/PP-standarder<\/span><\/span><\/p>\n<\/li>\n<\/ul>\n<h2 data-path-to-node=\"17\">Anv\u00e4ndningsfall<\/h2>\n<ul data-path-to-node=\"18\">\n<li>\n<p data-path-to-node=\"18,0,0\"><b>Trafiks\u00e4kerhetskampanjer:<\/b> Idealisk distributionsartikel f\u00f6r fotg\u00e4ngare och cyklister under m\u00f6rka m\u00e5nader.<\/p>\n<\/li>\n<li>\n<p data-path-to-node=\"18,1,0\"><b>Skol- och ungdomsgrupper:<\/b> S\u00e4kra skolv\u00e4skor f\u00f6r elever som g\u00e5r hem p\u00e5 eftermiddagen.<\/p>\n<\/li>\n<li>\n<p data-path-to-node=\"18,2,0\"><b>Evenemangsswag:<\/b> En v\u00e4rdefull konferensv\u00e4ska som deltagarna kommer att \u00e5teranv\u00e4nda f\u00f6r sina s\u00e4kerhetsfunktioner.<\/p>\n<\/li>\n<\/ul>","protected":false},"excerpt":{"rendered":"<ul>\n<li data-path-to-node=\"10,0,0\"><b>H\u00f6g synlighet:<\/b> Hela v\u00e4skans yta \u00e4r tillverkad av reflekterande material, vilket garanterar maximal s\u00e4kerhet i svagt ljus.<\/li>\n<li>\n<p data-path-to-node=\"10,0,0\"><span style=\"font-family: -apple-system, BlinkMacSystemFont, 'Segoe UI', Roboto, 'Helvetica Neue', Arial, 'Noto Sans', sans-serif, 'Apple Color Emoji', 'Segoe UI Emoji', 'Segoe UI Symbol', 'Noto Color Emoji';\" data-path-to-node=\"10,1,1,0\"><b><span class=\"citation-87\">Slitstarkt material:<\/span><\/b><span class=\"citation-87\"> Tillverkad av stark polyester med reflekterande bel\u00e4ggning<\/span><\/span><span style=\"font-family: -apple-system, BlinkMacSystemFont, 'Segoe UI', Roboto, 'Helvetica Neue', Arial, 'Noto Sans', sans-serif, 'Apple Color Emoji', 'Segoe UI Emoji', 'Segoe UI Symbol', 'Noto Color Emoji';\" data-path-to-node=\"10,1,1,2\">.<\/span><\/p>\n<\/li>\n<li>\n<p data-path-to-node=\"10,2,1\"><span data-path-to-node=\"10,2,1,0\"><b><span class=\"citation-86\">Certifierad s\u00e4kerhet:<\/span><\/b><span class=\"citation-86\"> Testad f\u00f6r ftalater och bly, vilket g\u00f6r den s\u00e4ker f\u00f6r daglig anv\u00e4ndning<\/span><\/span><span data-path-to-node=\"10,2,1,2\">.<\/span><\/p>\n<\/li>\n<li>\n<p data-path-to-node=\"10,3,1\"><span data-path-to-node=\"10,3,1,0\"><b><span class=\"citation-85\">Praktisk storlek:<\/span><\/b><span class=\"citation-85\"> Medelstor shoppingv\u00e4ska (38 x 42 x 8 cm) med bekv\u00e4ma handtag<\/span><\/span><span data-path-to-node=\"10,3,1,2\">.<\/span><\/p>\n<\/li>\n<\/ul>","protected":false},"featured_media":6329,"comment_status":"closed","ping_status":"closed","template":"","meta":[],"product_brand":[],"product_cat":[131],"product_tag":[],"class_list":{"0":"post-6077","1":"product","2":"type-product","3":"status-publish","4":"has-post-thumbnail","6":"product_cat-custom-bags-totes","8":"first","9":"instock","10":"shipping-taxable","11":"purchasable","12":"product-type-simple"},"_links":{"self":[{"href":"https:\/\/displayproducts.eu\/sv\/wp-json\/wp\/v2\/product\/6077","targetHints":{"allow":["GET"]}}],"collection":[{"href":"https:\/\/displayproducts.eu\/sv\/wp-json\/wp\/v2\/product"}],"about":[{"href":"https:\/\/displayproducts.eu\/sv\/wp-json\/wp\/v2\/types\/product"}],"replies":[{"embeddable":true,"href":"https:\/\/displayproducts.eu\/sv\/wp-json\/wp\/v2\/comments?post=6077"}],"wp:featuredmedia":[{"embeddable":true,"href":"https:\/\/displayproducts.eu\/sv\/wp-json\/wp\/v2\/media\/6329"}],"wp:attachment":[{"href":"https:\/\/displayproducts.eu\/sv\/wp-json\/wp\/v2\/media?parent=6077"}],"wp:term":[{"taxonomy":"product_brand","embeddable":true,"href":"https:\/\/displayproducts.eu\/sv\/wp-json\/wp\/v2\/product_brand?post=6077"},{"taxonomy":"product_cat","embeddable":true,"href":"https:\/\/displayproducts.eu\/sv\/wp-json\/wp\/v2\/product_cat?post=6077"},{"taxonomy":"product_tag","embeddable":true,"href":"https:\/\/displayproducts.eu\/sv\/wp-json\/wp\/v2\/product_tag?post=6077"}],"curies":[{"name":"wp","href":"https:\/\/api.w.org\/{rel}","templated":true}]}}