{"id":6073,"date":"2025-12-17T15:08:59","date_gmt":"2025-12-17T12:08:59","guid":{"rendered":"https:\/\/wristbandfactory.eu\/?post_type=product&#038;p=6073"},"modified":"2026-04-01T21:52:03","modified_gmt":"2026-04-01T18:52:03","slug":"custom-charity-bracelets-with-printed-backing-cards","status":"publish","type":"product","link":"https:\/\/displayproducts.eu\/sv\/p\/custom-charity-bracelets-with-printed-backing-cards\/","title":{"rendered":"V\u00e4lg\u00f6renhetsarmband med tryck"},"content":{"rendered":"<p data-path-to-node=\"8\">F\u00f6rvandla ett enkelt accessoar till en kraftfull r\u00f6relse med v\u00e5ra anpassade v\u00e4lg\u00f6renhetsarmband. Dessa armband \u00e4r speciellt utformade f\u00f6r icke-statliga organisationer och sociala kampanjer och g\u00e5r ut\u00f6ver vanliga reklamartiklar f\u00f6r att bli ett b\u00e4rbart &quot;tack&quot;-meddelande f\u00f6r givare och volont\u00e4rer. Kombinationen av ett bekv\u00e4mt handledsband och en specialformad fokuspunkt g\u00f6r detta till ett h\u00f6gt upplevt v\u00e4rdefullt f\u00f6rem\u00e5l f\u00f6r alla \u00e4dla \u00e4ndam\u00e5l.<\/p>\n<p data-path-to-node=\"9\">Setet inkluderar ett professionellt tryckt bakkort som f\u00f6rvandlar armbandet till ett komplett kommunikationsverktyg. Denna &quot;\u00e5terf\u00f6rs\u00e4ljarklara&quot; metod s\u00e4kerst\u00e4ller att ditt budskap levereras tydligt, oavsett om det distribueras p\u00e5 evenemang, via direktreklam eller p\u00e5 f\u00f6rs\u00e4ljningsst\u00e4llen.<\/p>\n<h2 data-path-to-node=\"10\">Viktiga funktioner<\/h2>\n<ul data-path-to-node=\"11\">\n<li>\n<p data-path-to-node=\"11,0,0\"><b data-path-to-node=\"11,0,0\" data-index-in-node=\"0\">Premium-estetik:<\/b> Till skillnad fr\u00e5n tillf\u00e4lliga festivalarmband anv\u00e4nder dessa armband mjuka material och metalliska accenter f\u00f6r en smyckesliknande k\u00e4nsla.<\/p>\n<\/li>\n<li>\n<p data-path-to-node=\"11,1,1\"><span data-path-to-node=\"11,1,1,0\"><b data-path-to-node=\"11,1,1,0\" data-index-in-node=\"0\"><span class=\"citation-11394\">Skr\u00e4ddarsydda akrylh\u00e4ngen:<\/span><\/b><span class=\"citation-11394\"> Vi anv\u00e4nder precisionslasersk\u00e4rning f\u00f6r att skapa berlocker som matchar er kampanjidentitet, fr\u00e5n bloddroppar till f\u00f6retagslogotyper.<\/span><\/span><span data-path-to-node=\"11,1,1,2\">.<\/span><\/p>\n<\/li>\n<li>\n<p data-path-to-node=\"11,2,0\"><b data-path-to-node=\"11,2,0\" data-index-in-node=\"0\">M\u00e5ngsidig meddelandeduk:<\/b> Baksidan av kartongen i storformat (75 \u00d7 160 mm) \u00e4r tryckt p\u00e5 b\u00e5da sidor i full CMYK-f\u00e4rg, perfekt f\u00f6r utbildningsinneh\u00e5ll.<\/p>\n<\/li>\n<li>\n<p data-path-to-node=\"11,3,0\"><b data-path-to-node=\"11,3,0\" data-index-in-node=\"0\">Universell justerbarhet:<\/b> Ett glidande knutsystem s\u00e4kerst\u00e4ller perfekt passform f\u00f6r alla supportrar, fr\u00e5n barn till vuxna.<\/p>\n<\/li>\n<\/ul>\n<h2 data-path-to-node=\"12\">Specifikationer<\/h2>\n<ul data-path-to-node=\"13\">\n<li>\n<p data-path-to-node=\"13,0,1\"><span data-path-to-node=\"13,0,1,0\"><b data-path-to-node=\"13,0,1,0\" data-index-in-node=\"0\"><span class=\"citation-11393\">Armbandsmaterial:<\/span><\/b><span class=\"citation-11393\"> Mjuk nylon-\/bomullssn\u00f6re med silverf\u00e4rgade p\u00e4rlor<\/span><\/span><span data-path-to-node=\"13,0,1,2\">.<\/span><\/p>\n<\/li>\n<li>\n<p data-path-to-node=\"13,1,0\"><b data-path-to-node=\"13,1,0\" data-index-in-node=\"0\">Berlockmaterial:<\/b> F\u00e4rgad akryl i specialform.<\/p>\n<\/li>\n<li>\n<p data-path-to-node=\"13,2,0\"><b data-path-to-node=\"13,2,0\" data-index-in-node=\"0\">Kortm\u00e5tt:<\/b> 75 mm \u00d7 160 mm (helt anpassningsbar).<\/p>\n<\/li>\n<li>\n<p data-path-to-node=\"13,3,0\"><b data-path-to-node=\"13,3,0\" data-index-in-node=\"0\">Kortutskrift:<\/b> Fullf\u00e4rg (CMYK) p\u00e5 b\u00e5da sidor.<\/p>\n<\/li>\n<li>\n<p data-path-to-node=\"13,4,0\"><b data-path-to-node=\"13,4,0\" data-index-in-node=\"0\">Minsta orderkvantitet (MOQ):<\/b> 500 enheter.<\/p>\n<\/li>\n<\/ul>\n<h2 data-path-to-node=\"14\">Anv\u00e4ndningsfall<\/h2>\n<ul data-path-to-node=\"15\">\n<li>\n<p data-path-to-node=\"15,0,0\"><b data-path-to-node=\"15,0,0\" data-index-in-node=\"0\">H\u00e4lsov\u00e5rdsmedvetenhet:<\/b> Idealisk f\u00f6r blodgivningscentraler, cancerforskningsstiftelser och initiativ f\u00f6r mental h\u00e4lsa.<\/p>\n<\/li>\n<li>\n<p data-path-to-node=\"15,1,0\"><b data-path-to-node=\"15,1,0\" data-index-in-node=\"0\">Insamlingsvaror:<\/b> En h\u00e5llbar och attraktiv artikel f\u00f6r v\u00e4lg\u00f6renhetsorganisationer att s\u00e4lja som ett insamlingsverktyg med h\u00f6g marginal.<\/p>\n<\/li>\n<li>\n<p data-path-to-node=\"15,2,0\"><b data-path-to-node=\"15,2,0\" data-index-in-node=\"0\">F\u00f6retagens CSR:<\/b> Meningsfulla g\u00e5vor f\u00f6r anst\u00e4llda som deltar i samh\u00e4llstj\u00e4nst eller projekt f\u00f6r social p\u00e5verkan.<\/p>\n<\/li>\n<li>\n<p data-path-to-node=\"15,3,1\"><span data-path-to-node=\"15,3,1,0\"><b data-path-to-node=\"15,3,1,0\" data-index-in-node=\"0\"><span class=\"citation-11392\">Minnesv\u00e4rda minnen fr\u00e5n h\u00e4ndelser:<\/span><\/b><span class=\"citation-11392\"> H\u00e5llbara souvenirer f\u00f6r galamiddagar, v\u00e4lg\u00f6renhetslopp eller toppm\u00f6ten f\u00f6r p\u00e5verkansarbete<\/span><\/span><span data-path-to-node=\"15,3,1,2\">.<\/span><\/p>\n<\/li>\n<\/ul>","protected":false},"excerpt":{"rendered":"<ul>\n<li>\n<p data-path-to-node=\"7,0,0\"><b data-path-to-node=\"7,0,0\" data-index-in-node=\"0\">Presentation redo f\u00f6r detaljhandeln:<\/b> Varje armband \u00e4r f\u00f6rmonterat p\u00e5 en 75 \u00d7 160 mm fullf\u00e4rgad bakkartong, vilket ger gott om plats f\u00f6r kampanjber\u00e4ttelser eller QR-koder.<\/p>\n<\/li>\n<li>\n<p data-path-to-node=\"7,1,1\"><span data-path-to-node=\"7,1,1,0\"><b data-path-to-node=\"7,1,1,0\" data-index-in-node=\"0\"><span class=\"citation-11395\">Helt anpassningsbara charmar:<\/span><\/b><span class=\"citation-11395\"> Har ett laserskuret akrylh\u00e4nge som finns i valfri form eller f\u00e4rg, s\u00e5som band eller logotyper f\u00f6r att uppm\u00e4rksamma uppm\u00e4rksamheten<\/span><\/span><span data-path-to-node=\"7,1,1,2\">.<\/span><\/p>\n<\/li>\n<li>\n<p data-path-to-node=\"7,2,0\"><b data-path-to-node=\"7,2,0\" data-index-in-node=\"0\">Smyckesklassad finish:<\/b> Tillverkad med mjuk nylon- eller bomullssn\u00f6re och raffinerade silverf\u00e4rgade p\u00e4rlor, designad f\u00f6r l\u00e5ngvarigt dagligt bruk.<\/p>\n<\/li>\n<li>\n<p data-path-to-node=\"7,3,0\"><b data-path-to-node=\"7,3,0\" data-index-in-node=\"0\">Effektivt B2B-verktyg:<\/b> Idealisk f\u00f6r h\u00e4lso- och sjukv\u00e5rdsorganisationer, icke-statliga organisationer och f\u00f6retagsinitiativ inom CSR med en minsta best\u00e4llning p\u00e5 500 enheter.<\/p>\n<\/li>\n<\/ul>","protected":false},"featured_media":6074,"comment_status":"closed","ping_status":"closed","template":"","meta":[],"product_brand":[],"product_cat":[122,45],"product_tag":[],"class_list":{"0":"post-6073","1":"product","2":"type-product","3":"status-publish","4":"has-post-thumbnail","6":"product_cat-promotional-accessories","7":"product_cat-other","9":"first","10":"instock","11":"shipping-taxable","12":"purchasable","13":"product-type-simple"},"_links":{"self":[{"href":"https:\/\/displayproducts.eu\/sv\/wp-json\/wp\/v2\/product\/6073","targetHints":{"allow":["GET"]}}],"collection":[{"href":"https:\/\/displayproducts.eu\/sv\/wp-json\/wp\/v2\/product"}],"about":[{"href":"https:\/\/displayproducts.eu\/sv\/wp-json\/wp\/v2\/types\/product"}],"replies":[{"embeddable":true,"href":"https:\/\/displayproducts.eu\/sv\/wp-json\/wp\/v2\/comments?post=6073"}],"wp:featuredmedia":[{"embeddable":true,"href":"https:\/\/displayproducts.eu\/sv\/wp-json\/wp\/v2\/media\/6074"}],"wp:attachment":[{"href":"https:\/\/displayproducts.eu\/sv\/wp-json\/wp\/v2\/media?parent=6073"}],"wp:term":[{"taxonomy":"product_brand","embeddable":true,"href":"https:\/\/displayproducts.eu\/sv\/wp-json\/wp\/v2\/product_brand?post=6073"},{"taxonomy":"product_cat","embeddable":true,"href":"https:\/\/displayproducts.eu\/sv\/wp-json\/wp\/v2\/product_cat?post=6073"},{"taxonomy":"product_tag","embeddable":true,"href":"https:\/\/displayproducts.eu\/sv\/wp-json\/wp\/v2\/product_tag?post=6073"}],"curies":[{"name":"wp","href":"https:\/\/api.w.org\/{rel}","templated":true}]}}