{"id":6058,"date":"2025-12-17T14:37:45","date_gmt":"2025-12-17T11:37:45","guid":{"rendered":"https:\/\/wristbandfactory.eu\/?post_type=product&#038;p=6058"},"modified":"2026-04-01T21:52:35","modified_gmt":"2026-04-01T18:52:35","slug":"custom-hotel-slippers-with-logo-premium-standard","status":"publish","type":"product","link":"https:\/\/displayproducts.eu\/sv\/p\/custom-hotel-slippers-with-logo-premium-standard\/","title":{"rendered":"Hotelltofflor med logotyp (Brodyr eller tryck)"},"content":{"rendered":"<p data-path-to-node=\"12\">Ge dina g\u00e4ster omedelbar komfort och elegans med v\u00e5r <b>Anpassade hotelltofflor<\/b>. Oavsett om du driver en lyxig resort, ett boutique-spa eller helt enkelt vill erbjuda m\u00e4rkeskomfort p\u00e5 ett f\u00f6retagskontor, \u00e4r personliga tofflor den ultimata v\u00e4lkomstgesten.<\/p>\n<p data-path-to-node=\"13\">Vi erbjuder en flexibel tillverkningstj\u00e4nst som tillgodoser alla budgetniv\u00e5er. V\u00e4lj <b>Premiummodeller<\/b> (Velour, korallfleece) f\u00f6r en mjuk och \u00e5teranv\u00e4ndbar upplevelse som g\u00e4sterna vill ta med sig hem, eller v\u00e4lja ut. <b>Standard-\/Budgetmodeller<\/b> (Polyesterfrott\u00e9, non-woven) f\u00f6r kostnadseffektiva behov med h\u00f6g volym.<\/p>\n<p data-path-to-node=\"14\">Betrott av ledande estniska hotellvarum\u00e4rken som <b>VSPA, AQVA SPA, GOSPA, Vihula Herrg\u00e5rd och Hotell Antonius<\/b>, v\u00e5ra tofflor kombinerar h\u00e5llbarhet med elegant varum\u00e4rkesprofil.<\/p>\n<h2 data-path-to-node=\"15\">Viktiga funktioner<\/h2>\n<ul data-path-to-node=\"16\">\n<li>\n<p data-path-to-node=\"16,0,0\"><b>Materialvariation:<\/b><\/p>\n<ul data-path-to-node=\"16,0,1\">\n<li>\n<p data-path-to-node=\"16,0,1,0,0\"><i>Lyx:<\/i> Mjuk velour, plyschig korallfleece eller texturerat v\u00e5ffeltyg.<\/p>\n<\/li>\n<li>\n<p data-path-to-node=\"16,0,1,1,0\"><i>Standard:<\/i> Klassisk frott\u00e9 (blandning av polyester\/bomull).<\/p>\n<\/li>\n<li>\n<p data-path-to-node=\"16,0,1,2,0\"><i>Budget:<\/i> Non-woven eller skumalternativ f\u00f6r kortvarig anv\u00e4ndning.<\/p>\n<\/li>\n<\/ul>\n<\/li>\n<li>\n<p data-path-to-node=\"16,1,0\"><b>Fullst\u00e4ndig anpassning:<\/b> Vi erbjuder 100%-anpassning. Matcha toffelns f\u00e4rg med din varum\u00e4rkesidentitet och v\u00e4lj mellan <b>Broderi<\/b> (f\u00f6r ett premium 3D-utseende) eller <b>Transfertryck<\/b> (f\u00f6r detaljerade logotyper).<\/p>\n<\/li>\n<li>\n<p data-path-to-node=\"16,2,0\"><b>S\u00e4kerhet och h\u00e5llbarhet:<\/b> Alla modeller har robusta sulor med utm\u00e4rkt grepp, vilket g\u00f6r dem s\u00e4kra f\u00f6r kaklade badrumsgolv, spa-omr\u00e5den och parkett.<\/p>\n<\/li>\n<li>\n<p data-path-to-node=\"16,3,0\"><b>Direkt fr\u00e5n fabriken:<\/b> Specialproduktion b\u00f6rjar fr\u00e5n <b>5 000 par<\/b>, vilket s\u00e4kerst\u00e4ller b\u00e4sta pris per enhet och fullst\u00e4ndig kontroll \u00f6ver designdetaljer.<\/p>\n<\/li>\n<\/ul>\n<h2 data-path-to-node=\"17\">Specifikationer<\/h2>\n<ul data-path-to-node=\"18\">\n<li>\n<p data-path-to-node=\"18,0,0\"><b>Material:<\/b> Velour, korallfleece, v\u00e5ffel, frott\u00e9, non-woven.<\/p>\n<\/li>\n<li>\n<p data-path-to-node=\"18,1,0\"><b>Enda:<\/b> EVA (halkfri) med variabel tjocklek (3 mm \u2013 6 mm).<\/p>\n<\/li>\n<li>\n<p data-path-to-node=\"18,2,0\"><b>Storlek:<\/b> Universell vuxenstorlek (ca 28\u201329 cm). Anpassade storlekar finns tillg\u00e4ngliga.<\/p>\n<\/li>\n<li>\n<p data-path-to-node=\"18,3,0\"><b>Varum\u00e4rkesbyggande:<\/b> Broderi eller screentryck\/transfertryck.<\/p>\n<\/li>\n<li>\n<p data-path-to-node=\"18,4,0\"><b>F\u00e4rger:<\/b> Anpassad Pantone-matchning tillg\u00e4nglig f\u00f6r tyget.<\/p>\n<\/li>\n<li>\n<p data-path-to-node=\"18,5,0\"><b>MOQ:<\/b> 5000 par (Hel specialproduktion).<\/p>\n<\/li>\n<\/ul>\n<h2 data-path-to-node=\"19\">Anv\u00e4ndningsfall<\/h2>\n<ul data-path-to-node=\"20\">\n<li>\n<p data-path-to-node=\"20,0,0\"><b>Hotell och resorter:<\/b> Bekv\u00e4mligheter p\u00e5 rummet som h\u00f6jer g\u00e4stbetyget.<\/p>\n<\/li>\n<li>\n<p data-path-to-node=\"20,1,0\"><b>Spa- och h\u00e4lsocenter:<\/b> Oumb\u00e4rliga halkfria skor f\u00f6r v\u00e5ta utrymmen.<\/p>\n<\/li>\n<li>\n<p data-path-to-node=\"20,2,0\"><b>F\u00f6retagsg\u00e5vor:<\/b> Premium velourtofflor f\u00f6r hemmakontor eller resekit.<\/p>\n<\/li>\n<li>\n<p data-path-to-node=\"20,3,0\"><b>Medicin och sk\u00f6nhet:<\/b> Hygieniska eng\u00e5ngsalternativ f\u00f6r kliniker.<\/p>\n<\/li>\n<\/ul>","protected":false},"excerpt":{"rendered":"<ul>\n<li>\n<p data-path-to-node=\"11,0,0\"><b>Kvalitetsomr\u00e5de:<\/b> Finns i premiumvelour, korallfleece, v\u00e5ffeltyg eller budgetfrott\u00e9\/skum.<\/p>\n<\/li>\n<li>\n<p data-path-to-node=\"11,1,0\"><b>Anpassning:<\/b> H\u00f6gkvalitativt broderi f\u00f6r lyxigt utseende eller screentryck f\u00f6r kostnadseffektiv varum\u00e4rkesprofilering.<\/p>\n<\/li>\n<li>\n<p data-path-to-node=\"11,2,0\"><b>S\u00e4kerhet f\u00f6rst:<\/b> Slitstarka halkfria sulor l\u00e4mpliga f\u00f6r v\u00e5ta spa-golv och hotellrum.<\/p>\n<\/li>\n<li>\n<p data-path-to-node=\"11,3,0\"><b>Bevisad kvalitet:<\/b> Betrott av ledande etablissemang som VSPA, GOSPA och AQVA Spa.<\/p>\n<\/li>\n<\/ul>","protected":false},"featured_media":6059,"comment_status":"closed","ping_status":"closed","template":"","meta":[],"product_brand":[],"product_cat":[132],"product_tag":[],"class_list":{"0":"post-6058","1":"product","2":"type-product","3":"status-publish","4":"has-post-thumbnail","6":"product_cat-hotel-spa-amenities","8":"first","9":"instock","10":"shipping-taxable","11":"purchasable","12":"product-type-simple"},"_links":{"self":[{"href":"https:\/\/displayproducts.eu\/sv\/wp-json\/wp\/v2\/product\/6058","targetHints":{"allow":["GET"]}}],"collection":[{"href":"https:\/\/displayproducts.eu\/sv\/wp-json\/wp\/v2\/product"}],"about":[{"href":"https:\/\/displayproducts.eu\/sv\/wp-json\/wp\/v2\/types\/product"}],"replies":[{"embeddable":true,"href":"https:\/\/displayproducts.eu\/sv\/wp-json\/wp\/v2\/comments?post=6058"}],"wp:featuredmedia":[{"embeddable":true,"href":"https:\/\/displayproducts.eu\/sv\/wp-json\/wp\/v2\/media\/6059"}],"wp:attachment":[{"href":"https:\/\/displayproducts.eu\/sv\/wp-json\/wp\/v2\/media?parent=6058"}],"wp:term":[{"taxonomy":"product_brand","embeddable":true,"href":"https:\/\/displayproducts.eu\/sv\/wp-json\/wp\/v2\/product_brand?post=6058"},{"taxonomy":"product_cat","embeddable":true,"href":"https:\/\/displayproducts.eu\/sv\/wp-json\/wp\/v2\/product_cat?post=6058"},{"taxonomy":"product_tag","embeddable":true,"href":"https:\/\/displayproducts.eu\/sv\/wp-json\/wp\/v2\/product_tag?post=6058"}],"curies":[{"name":"wp","href":"https:\/\/api.w.org\/{rel}","templated":true}]}}