{"id":6055,"date":"2025-12-17T14:28:12","date_gmt":"2025-12-17T11:28:12","guid":{"rendered":"https:\/\/wristbandfactory.eu\/?post_type=product&#038;p=6055"},"modified":"2026-04-01T21:52:03","modified_gmt":"2026-04-01T18:52:03","slug":"custom-recycled-cotton-tote-bags-dual-handle","status":"publish","type":"product","link":"https:\/\/displayproducts.eu\/sv\/p\/custom-recycled-cotton-tote-bags-dual-handle\/","title":{"rendered":"\u00c5tervunna tygkassar med tryck"},"content":{"rendered":"<p data-path-to-node=\"10\">Kombinera h\u00e5llbarhet med exceptionell nytta med hj\u00e4lp av v\u00e5r <b>Anpassade tygkassar i \u00e5tervunnen bomull<\/b>. Dessa v\u00e4skor \u00e4r designade f\u00f6r varum\u00e4rken som v\u00e4rdes\u00e4tter milj\u00f6ansvar utan att kompromissa med stilen och \u00e4r en betydande uppgradering fr\u00e5n vanliga kampanjv\u00e4skor.<\/p>\n<p data-path-to-node=\"11\">Som visats i v\u00e5rt projekt f\u00f6r <b>Kersti V\u00f5lu utbildningscenter<\/b>, denna v\u00e4ska har ett dubbelt syfte: den fungerar som en p\u00e5litlig vardagsv\u00e4ska och en rymlig strandv\u00e4ska. Genom att v\u00e4lja denna produkt skickar ditt f\u00f6retag ett starkt budskap om avfallsminskning och resurshush\u00e5llning, genom att anv\u00e4nda en blandning av certifierade \u00e5tervunna material.<\/p>\n<h2 data-path-to-node=\"12\">Viktiga funktioner<\/h2>\n<ul data-path-to-node=\"13\">\n<li>\n<p data-path-to-node=\"13,0,0\"><b>Smart system med dubbla handtag:<\/b> Unik design med tv\u00e5 upps\u00e4ttningar handtag. Anv\u00e4nd de korta remmarna f\u00f6r ett snabbt grepp, eller de l\u00e5nga remmarna f\u00f6r att b\u00e4ra den bekv\u00e4mt \u00f6ver axeln n\u00e4r v\u00e4skan \u00e4r tung.<\/p>\n<\/li>\n<li>\n<p data-path-to-node=\"13,1,0\"><b>H\u00e5llbar sammans\u00e4ttning:<\/b> Tillverkad av en blandning av <b>60% \u00c5tervunnen bomull<\/b> och <b>40% \u00c5tervunnen polyester<\/b>, vilket minskar textilavfall samtidigt som det ger en robust, texturerad finish.<\/p>\n<\/li>\n<li>\n<p data-path-to-node=\"13,2,0\"><b>Byggd f\u00f6r att h\u00e5lla:<\/b> Med en tygdensitet p\u00e5 <b>320 g\/m\u00b2<\/b>, den h\u00e4r v\u00e4skan \u00e4r tjock, robust och kan b\u00e4ra tunga laster (matvaror, b\u00f6cker, b\u00e4rbara datorer) utan att tappa formen.<\/p>\n<\/li>\n<li>\n<p data-path-to-node=\"13,3,0\"><b>M\u00e5ngsidig varum\u00e4rkesbyggande:<\/b> Det sl\u00e4ta men tjocka tyget \u00e4r idealiskt f\u00f6r flera trycktekniker. <b>Screentryck<\/b> f\u00f6r dj\u00e4rva, h\u00e5llbara f\u00e4rger, <b>Digital \u00f6verf\u00f6ring<\/b> f\u00f6r komplexa flerf\u00e4rgade logotyper, eller <b>Broderi<\/b> f\u00f6r en h\u00f6gklassig, taktil finish.<\/p>\n<\/li>\n<\/ul>\n<h2 data-path-to-node=\"14\">Specifikationer<\/h2>\n<ul data-path-to-node=\"15\">\n<li>\n<p data-path-to-node=\"15,0,0\"><b>M\u00e5tt:<\/b> 37 cm (B) x 49 cm (H) x 10 cm (D).<\/p>\n<\/li>\n<li>\n<p data-path-to-node=\"15,1,0\"><b>Material:<\/b> 60% \u00c5tervunnen bomull \/ 40% \u00c5tervunnen polyester.<\/p>\n<\/li>\n<li>\n<p data-path-to-node=\"15,2,0\"><b>Vikt:<\/b> 320 g\/m\u00b2 (K\u00e4nsla som en canvas).<\/p>\n<\/li>\n<li>\n<p data-path-to-node=\"15,3,0\"><b>Handtagstyper:<\/b> 2x Kort (Hand), 2x L\u00e5ng (Axel).<\/p>\n<\/li>\n<li>\n<p data-path-to-node=\"15,4,0\"><b>F\u00e4rger:<\/b> Naturlig \/ Ekogr\u00e5 (Basf\u00e4rger skr\u00e4ddarsydda f\u00f6r eko-utseende).<\/p>\n<\/li>\n<li>\n<p data-path-to-node=\"15,5,0\"><b>Utskriftsomr\u00e5de:<\/b> Stort centralt omr\u00e5de fram och bak.<\/p>\n<\/li>\n<\/ul>\n<h2 data-path-to-node=\"16\">Anv\u00e4ndningsfall<\/h2>\n<ul data-path-to-node=\"17\">\n<li>\n<p data-path-to-node=\"17,0,0\"><b>F\u00f6retagsg\u00e5vor:<\/b> En v\u00e4rdefull g\u00e5va f\u00f6r anst\u00e4llda eller partners som \u00e4r i linje med CSR-m\u00e5len (Corporate Social Responsibility).<\/p>\n<\/li>\n<li>\n<p data-path-to-node=\"17,1,0\"><b>Detaljhandel och merchandise:<\/b> En perfekt produkt som \u201cs\u00e4ljs separat\u201d f\u00f6r milj\u00f6medvetna butiker eller tr\u00e4ningscenter.<\/p>\n<\/li>\n<li>\n<p data-path-to-node=\"17,2,0\"><b>Evenemang och konferenser:<\/b> En robust swag-v\u00e4ska som deltagarna faktiskt kommer att beh\u00e5lla och \u00e5teranv\u00e4nda i \u00e5ratal.<\/p>\n<\/li>\n<\/ul>","protected":false},"excerpt":{"rendered":"<ul>\n<li>\n<p data-path-to-node=\"9,0,0\"><b>Ekomaterial:<\/b> Tillverkad av 60% \u00e5tervunnen bomull och 40% \u00e5tervunnen polyester.<\/p>\n<\/li>\n<li>\n<p data-path-to-node=\"9,1,0\"><b>Dubbelhandtagsdesign:<\/b> Har b\u00e5de korta remmar f\u00f6r handb\u00e4rande och l\u00e5nga remmar f\u00f6r axelanv\u00e4ndning.<\/p>\n<\/li>\n<li>\n<p data-path-to-node=\"9,2,0\"><b>Tung belastning:<\/b> Tygdensiteten p\u00e5 320 g\/m\u00b2 garanterar h\u00e5llbarhet f\u00f6r tunga f\u00f6rem\u00e5l.<\/p>\n<\/li>\n<li>\n<p data-path-to-node=\"9,3,0\"><b>Stor kapacitet:<\/b> M\u00e5tten 37 \u00d7 49 \u00d7 10 cm g\u00f6r den till en perfekt strand- eller shoppingv\u00e4ska.<\/p>\n<\/li>\n<\/ul>","protected":false},"featured_media":6056,"comment_status":"closed","ping_status":"closed","template":"","meta":[],"product_brand":[],"product_cat":[131],"product_tag":[],"class_list":{"0":"post-6055","1":"product","2":"type-product","3":"status-publish","4":"has-post-thumbnail","6":"product_cat-custom-bags-totes","8":"first","9":"instock","10":"shipping-taxable","11":"purchasable","12":"product-type-simple"},"_links":{"self":[{"href":"https:\/\/displayproducts.eu\/sv\/wp-json\/wp\/v2\/product\/6055","targetHints":{"allow":["GET"]}}],"collection":[{"href":"https:\/\/displayproducts.eu\/sv\/wp-json\/wp\/v2\/product"}],"about":[{"href":"https:\/\/displayproducts.eu\/sv\/wp-json\/wp\/v2\/types\/product"}],"replies":[{"embeddable":true,"href":"https:\/\/displayproducts.eu\/sv\/wp-json\/wp\/v2\/comments?post=6055"}],"wp:featuredmedia":[{"embeddable":true,"href":"https:\/\/displayproducts.eu\/sv\/wp-json\/wp\/v2\/media\/6056"}],"wp:attachment":[{"href":"https:\/\/displayproducts.eu\/sv\/wp-json\/wp\/v2\/media?parent=6055"}],"wp:term":[{"taxonomy":"product_brand","embeddable":true,"href":"https:\/\/displayproducts.eu\/sv\/wp-json\/wp\/v2\/product_brand?post=6055"},{"taxonomy":"product_cat","embeddable":true,"href":"https:\/\/displayproducts.eu\/sv\/wp-json\/wp\/v2\/product_cat?post=6055"},{"taxonomy":"product_tag","embeddable":true,"href":"https:\/\/displayproducts.eu\/sv\/wp-json\/wp\/v2\/product_tag?post=6055"}],"curies":[{"name":"wp","href":"https:\/\/api.w.org\/{rel}","templated":true}]}}