{"id":5995,"date":"2025-12-16T16:28:57","date_gmt":"2025-12-16T13:28:57","guid":{"rendered":"https:\/\/wristbandfactory.eu\/?post_type=product&#038;p=5995"},"modified":"2026-04-01T21:52:03","modified_gmt":"2026-04-01T18:52:03","slug":"custom-printed-microfiber-cleaning-cloths-screens-glasses","status":"publish","type":"product","link":"https:\/\/displayproducts.eu\/sv\/p\/custom-printed-microfiber-cleaning-cloths-screens-glasses\/","title":{"rendered":"Mikrofiberdukar med tryck"},"content":{"rendered":"<p data-path-to-node=\"9\">Se till att ditt varum\u00e4rke syns varje g\u00e5ng en kund reng\u00f6r sina glas\u00f6gon eller smartphonesk\u00e4rm. <b>Anpassade mikrofiberreng\u00f6ringsdukar<\/b> \u00e4r en mycket praktisk, l\u00e4tt och budgetv\u00e4nlig reklamprodukt. Till skillnad fr\u00e5n pappersn\u00e4sdukar anv\u00e4nds dessa slitstarka dukar upprepade g\u00e5nger, vilket ger l\u00e5ngsiktig varum\u00e4rkesexponering.<\/p>\n<p data-path-to-node=\"10\">Vi erbjuder ett m\u00e5ngsidigt utbud av material och storlekar som passar din budget och dina h\u00e5llbarhetsm\u00e5l, fr\u00e5n kostnadseffektiva presenter till tjocka reng\u00f6ringsdukar av h\u00f6gsta kvalitet tillverkade i Europa.<\/p>\n<h2 data-path-to-node=\"11\">Material- och milj\u00f6alternativ<\/h2>\n<p data-path-to-node=\"12\">V\u00e4lj den tygvikt som passar dina behov:<\/p>\n<ul data-path-to-node=\"13\">\n<li>\n<p data-path-to-node=\"13,0,0\"><b>Standardmikrofiber (170 g\/m\u00b2):<\/b> L\u00e4tt och kostnadseffektiv. Perfekt f\u00f6r storskaliga utskick och utdelning av material till m\u00e4ssor.<\/p>\n<\/li>\n<li>\n<p data-path-to-node=\"13,1,0\"><b>Premiummikrofiber (200 g\/m\u00b2):<\/b> Tjockare, mjukare och mer h\u00e5llbara. K\u00e4nns mer rej\u00e4la i handen \u2013 perfekta f\u00f6r exklusiva f\u00f6retagspresenter.<\/p>\n<\/li>\n<li>\n<p data-path-to-node=\"13,2,0\"><b>Milj\u00f6v\u00e4nlig rPET (170 gsm\/200 gsm):<\/b> Tillverkad av \u00e5tervunna plastflaskor. Ett h\u00e5llbart val som presterar lika bra som vanlig mikrofiber men minskar milj\u00f6p\u00e5verkan.<\/p>\n<\/li>\n<\/ul>\n<h2 data-path-to-node=\"14\">Varum\u00e4rkestekniker<\/h2>\n<ul data-path-to-node=\"15\">\n<li>\n<p data-path-to-node=\"15,0,0\"><b>Sublimering i fullf\u00e4rg:<\/b> Vi trycker ditt h\u00f6guppl\u00f6sta foto, din logotyp eller ditt m\u00f6nster \u00f6ver hela tygets yta (kant till kant).<\/p>\n<\/li>\n<li>\n<p data-path-to-node=\"15,1,0\"><b>Pr\u00e4glad varum\u00e4rkesm\u00e4rkning:<\/b> Din logotyp v\u00e4rmepressas in i tyget, vilket skapar en subtil, permanent textur utan bl\u00e4ck. Ett sofistikerat utseende f\u00f6r 200 g\/m\u00b2 och rPET-tyger.<\/p>\n<\/li>\n<\/ul>\n<h2 data-path-to-node=\"16\">Tillg\u00e4ngliga storlekar<\/h2>\n<p data-path-to-node=\"17\">Vi erbjuder en m\u00e4ngd olika standardstorlekar som passar olika enheter:<\/p>\n<ul data-path-to-node=\"18\">\n<li>\n<p data-path-to-node=\"18,0,0\"><b>Fickstorlek:<\/b> 12\u00d712 cm (Perfekt f\u00f6r glas\u00f6gon)<\/p>\n<\/li>\n<li>\n<p data-path-to-node=\"18,1,0\"><b>Standard:<\/b> 15\u00d715 cm \/ 17\u00d712 cm (Utm\u00e4rkt f\u00f6r telefoner)<\/p>\n<\/li>\n<li>\n<p data-path-to-node=\"18,2,0\"><b>Stor:<\/b> 17\u00d715 cm \/ 17\u00d718 cm (Perfekt f\u00f6r surfplattor och b\u00e4rbara datorer)<\/p>\n<\/li>\n<\/ul>\n<h2 data-path-to-node=\"19\">Specifikationer<\/h2>\n<ul data-path-to-node=\"20\">\n<li>\n<p data-path-to-node=\"20,0,0\"><b>Minsta orderkvantitet (MOQ):<\/b><\/p>\n<ul data-path-to-node=\"20,0,1\">\n<li>\n<p data-path-to-node=\"20,0,1,0,0\">Standardimport: <b>250 st<\/b><\/p>\n<\/li>\n<li>\n<p data-path-to-node=\"20,0,1,1,0\">Tillverkad i EU: <b>100 st<\/b><\/p>\n<\/li>\n<\/ul>\n<\/li>\n<li>\n<p data-path-to-node=\"20,1,0\"><b>F\u00f6rpackning:<\/b> Bulkf\u00f6rpackade eller individuellt i polyp\u00e5sar (valfritt).<\/p>\n<\/li>\n<li>\n<p data-path-to-node=\"20,2,0\"><b>Ursprung:<\/b> Alternativ f\u00f6r asiatisk import (b\u00e4sta pris) eller europeisk produktion (snabbaste leverans).<\/p>\n<\/li>\n<li>\n<p data-path-to-node=\"20,3,0\"><b>Anv\u00e4nda:<\/b> Luddfri, icke-slipande reng\u00f6ring f\u00f6r \u00f6mt\u00e5liga optiska ytor.<\/p>\n<\/li>\n<\/ul>\n<h2 data-path-to-node=\"21\">Anv\u00e4ndningsfall<\/h2>\n<ul data-path-to-node=\"22\">\n<li>\n<p data-path-to-node=\"22,0,0\"><b>Teknik- och IT-f\u00f6retag:<\/b> Oumb\u00e4rligt tillbeh\u00f6r f\u00f6r b\u00e4rbara datorer och bildsk\u00e4rmar.<\/p>\n<\/li>\n<li>\n<p data-path-to-node=\"22,1,0\"><b>Optiker och glas\u00f6gon:<\/b> Den klassiska m\u00e4rkesg\u00e5van som f\u00f6ljer med varje par glas\u00f6gon.<\/p>\n<\/li>\n<li>\n<p data-path-to-node=\"22,2,0\"><b>Direktreklamkampanjer:<\/b> Extremt l\u00e4tta och platta, vilket g\u00f6r dem billiga att skicka globalt.<\/p>\n<\/li>\n<li>\n<p data-path-to-node=\"22,3,0\"><b>Goodiebags f\u00f6r evenemanget:<\/b> En anv\u00e4ndbar sak som deltagarna inte sl\u00e4nger.<\/p>\n<\/li>\n<\/ul>\n<p data-path-to-node=\"23\">","protected":false},"excerpt":{"rendered":"<ul>\n<li>\n<p data-path-to-node=\"8,0,0\"><b>Kristallklar reng\u00f6ring:<\/b> Perfekt f\u00f6r smartphones, surfplattor, b\u00e4rbara datorer och glas\u00f6gon.<\/p>\n<\/li>\n<li>\n<p data-path-to-node=\"8,1,0\"><b>Materialval:<\/b> Standard 170gsm\/200gsm eller milj\u00f6v\u00e4nlig <b>rPET<\/b> (\u00c5tervunna flaskor).<\/p>\n<\/li>\n<li>\n<p data-path-to-node=\"8,2,0\"><b>Utskriftsalternativ:<\/b> Vibrerande <b>Fullf\u00e4rg<\/b> sublimering eller subtil <b>Pr\u00e4glad<\/b> varum\u00e4rkesbyggande.<\/p>\n<\/li>\n<li>\n<p data-path-to-node=\"8,3,0\"><b>Europeisk produktion:<\/b> Snabba leveransalternativ tillg\u00e4ngliga med l\u00e5ga minimumkvoten (fr\u00e5n 100 st).<\/p>\n<\/li>\n<\/ul>","protected":false},"featured_media":6333,"comment_status":"closed","ping_status":"closed","template":"","meta":[],"product_brand":[],"product_cat":[128],"product_tag":[],"class_list":{"0":"post-5995","1":"product","2":"type-product","3":"status-publish","4":"has-post-thumbnail","6":"product_cat-mobile-tech-accessories","8":"first","9":"instock","10":"shipping-taxable","11":"purchasable","12":"product-type-simple"},"_links":{"self":[{"href":"https:\/\/displayproducts.eu\/sv\/wp-json\/wp\/v2\/product\/5995","targetHints":{"allow":["GET"]}}],"collection":[{"href":"https:\/\/displayproducts.eu\/sv\/wp-json\/wp\/v2\/product"}],"about":[{"href":"https:\/\/displayproducts.eu\/sv\/wp-json\/wp\/v2\/types\/product"}],"replies":[{"embeddable":true,"href":"https:\/\/displayproducts.eu\/sv\/wp-json\/wp\/v2\/comments?post=5995"}],"wp:featuredmedia":[{"embeddable":true,"href":"https:\/\/displayproducts.eu\/sv\/wp-json\/wp\/v2\/media\/6333"}],"wp:attachment":[{"href":"https:\/\/displayproducts.eu\/sv\/wp-json\/wp\/v2\/media?parent=5995"}],"wp:term":[{"taxonomy":"product_brand","embeddable":true,"href":"https:\/\/displayproducts.eu\/sv\/wp-json\/wp\/v2\/product_brand?post=5995"},{"taxonomy":"product_cat","embeddable":true,"href":"https:\/\/displayproducts.eu\/sv\/wp-json\/wp\/v2\/product_cat?post=5995"},{"taxonomy":"product_tag","embeddable":true,"href":"https:\/\/displayproducts.eu\/sv\/wp-json\/wp\/v2\/product_tag?post=5995"}],"curies":[{"name":"wp","href":"https:\/\/api.w.org\/{rel}","templated":true}]}}